{"id":2827,"date":"2021-05-10T09:35:32","date_gmt":"2021-05-10T07:35:32","guid":{"rendered":"https:\/\/www.idpoisson.fr\/?page_id=2827"},"modified":"2021-05-10T09:45:45","modified_gmt":"2021-05-10T07:45:45","slug":"initiatives-a-la-memoire-dibni-oumar-mahamat-saleh","status":"publish","type":"page","link":"https:\/\/www.idpoisson.fr\/en\/initiatives-a-la-memoire-dibni-oumar-mahamat-saleh\/","title":{"rendered":"Initiatives \u00e0 la m\u00e9moire d&#8217;Ibni Oumar Mahamat Saleh"},"content":{"rendered":"\n<p>Tchad : parution d&#8217;un ouvrage d\u2019\u00e9nigmes math\u00e9matiques \u00e0 la m\u00e9moire du Pr. Ibni Oumar \u00c0 l\u2019occasion du 13\u00e8me anniversaire de la disparition de cet illustre homme de savoir, Ibni Oumar Mahamat Saleh, et pour lui rendre hommage \u00e0 travers une de ses passions, un de ses fils publie un ouvrage d\u2019\u00e9nigmes math\u00e9matiques.<br data-rich-text-line-break=\"true\" \/><a href=\"https:\/\/www.alwihdainfo.com\/Tchad-parution-d-un-ouvrage-d-enigmes-mathematiques-a-la-memoire-du-Pr-Ibni-Oumar_a100222.html\">https:\/\/www.alwihdainfo.com\/Tchad-parution-d-un-ouvrage-d-enigmes-mathematiques-a-la-memoire-du-Pr-Ibni-Oumar_a100222.html<\/a><\/p>\n<p><a href=\"https:\/\/www.idpoisson.fr\/prix-ibni\/\">Retour accueil<\/a><\/p>\n","protected":false},"excerpt":{"rendered":"<p>Tchad : parution d&#8217;un ouvrage d\u2019\u00e9nigmes math\u00e9matiques \u00e0 la m\u00e9moire du Pr. Ibni Oumar \u00c0 l\u2019occasion du 13\u00e8me anniversaire de &hellip; <a href=\"https:\/\/www.idpoisson.fr\/en\/initiatives-a-la-memoire-dibni-oumar-mahamat-saleh\/\" class=\"more-link\">More <span class=\"screen-reader-text\">Initiatives \u00e0 la m\u00e9moire d&#8217;Ibni Oumar Mahamat Saleh<\/span> <span class=\"meta-nav\">&rarr;<\/span><\/a><\/p>\n","protected":false},"author":1,"featured_media":0,"parent":0,"menu_order":0,"comment_status":"closed","ping_status":"closed","template":"","meta":{"footnotes":""},"class_list":["post-2827","page","type-page","status-publish","hentry"],"_links":{"self":[{"href":"https:\/\/www.idpoisson.fr\/en\/wp-json\/wp\/v2\/pages\/2827","targetHints":{"allow":["GET"]}}],"collection":[{"href":"https:\/\/www.idpoisson.fr\/en\/wp-json\/wp\/v2\/pages"}],"about":[{"href":"https:\/\/www.idpoisson.fr\/en\/wp-json\/wp\/v2\/types\/page"}],"author":[{"embeddable":true,"href":"https:\/\/www.idpoisson.fr\/en\/wp-json\/wp\/v2\/users\/1"}],"replies":[{"embeddable":true,"href":"https:\/\/www.idpoisson.fr\/en\/wp-json\/wp\/v2\/comments?post=2827"}],"version-history":[{"count":2,"href":"https:\/\/www.idpoisson.fr\/en\/wp-json\/wp\/v2\/pages\/2827\/revisions"}],"predecessor-version":[{"id":2835,"href":"https:\/\/www.idpoisson.fr\/en\/wp-json\/wp\/v2\/pages\/2827\/revisions\/2835"}],"wp:attachment":[{"href":"https:\/\/www.idpoisson.fr\/en\/wp-json\/wp\/v2\/media?parent=2827"}],"curies":[{"name":"wp","href":"https:\/\/api.w.org\/{rel}","templated":true}]}}