{"id":2842,"date":"2021-05-26T09:38:24","date_gmt":"2021-05-26T07:38:24","guid":{"rendered":"https:\/\/www.idpoisson.fr\/?page_id=2842"},"modified":"2025-08-23T19:24:56","modified_gmt":"2025-08-23T17:24:56","slug":"irem","status":"publish","type":"page","link":"https:\/\/www.idpoisson.fr\/en\/irem\/","title":{"rendered":"IREM Centre Val de Loire"},"content":{"rendered":"\n<div class=\"wp-block-image\">\n<figure class=\"aligncenter size-large\"><img loading=\"lazy\" decoding=\"async\" class=\"wp-image-2853\" src=\"https:\/\/www.idpoisson.fr\/wp-content\/uploads\/2021\/06\/irem_contour_bleu-1024x574.png\" alt=\"\" width=\"483\" height=\"271\" srcset=\"https:\/\/www.idpoisson.fr\/wp-content\/uploads\/2021\/06\/irem_contour_bleu-1024x574.png 1024w, https:\/\/www.idpoisson.fr\/wp-content\/uploads\/2021\/06\/irem_contour_bleu-300x168.png 300w, https:\/\/www.idpoisson.fr\/wp-content\/uploads\/2021\/06\/irem_contour_bleu-768x430.png 768w, https:\/\/www.idpoisson.fr\/wp-content\/uploads\/2021\/06\/irem_contour_bleu-1536x860.png 1536w, https:\/\/www.idpoisson.fr\/wp-content\/uploads\/2021\/06\/irem_contour_bleu.png 1812w\" sizes=\"auto, (max-width: 483px) 100vw, 483px\" \/><\/figure>\n<\/div>\n<p>\u00a0<\/p>\n\n\n\n<p>L&#8217;IREM (Institut de Recherche sur l&#8217;Enseignement des Math\u00e9matiques) Centre Val de Loire repose sur une convention tripartite entre l&#8217;universit\u00e9 d&#8217;Orl\u00e9ans, l&#8217;universit\u00e9 de Tours et le rectorat d&#8217;Orl\u00e9ans-Tours. Il permet quelques groupes d&#8217;enseignants de travailler avec un enseignant-chercheur autour de th\u00e9matiques vari\u00e9es li\u00e9es \u00e0 l&#8217;enseignement des math\u00e9matiques et de l&#8217;informatique. Pour 2025\/2026, seuls trois groupes sont actifs.<\/p>\n<h4><strong>Les groupes<\/strong><\/h4>\n<ul>\n<li>Groupe Informatique (encadr\u00e9 par Mathieu Liedloff), r\u00e9unions sur Orl\u00e9ans<br \/>\n<p>Ces r\u00e9unions seront l&#8217;occasion d&#8217;\u00e9changes sur les pratiques p\u00e9dagogiques et la science informatique, ainsi que la cr\u00e9ation de contenus p\u00e9dagogiques. Le point d&#8217;orgue des activit\u00e9s du groupe est l&#8217;organisation d&#8217;une journ\u00e9e consacr\u00e9e \u00e0 l&#8217;informatique dans le secondaire (en mai ou juin 2026) avec des expos\u00e9s et ateliers. Le groupe sera constitu\u00e9 d\u2019universitaires et d\u2019enseignants de coll\u00e8ge et lyc\u00e9e. <\/p><\/li>\n<li>Groupe Math\u00e9matiques au cycle 3 (encadr\u00e9 par Vincent Beck), r\u00e9unions sur Tours <br \/>\n<p>Apr\u00e8s la publication d\u2019une premi\u00e8re brochure sur l\u2019algorithmique, le groupe IREM cycle 3 s\u2019attaque \u00e0 la construction d\u2019une progression sur l\u2019enseignement des fractions au cycle 3 du CM1 \u00e0 la sixi\u00e8me bas\u00e9e sur l\u2019id\u00e9e fondamentale \u201cdes ni\u00e8mes, il en faut n pour faire 1\u201d. <\/p><\/li>\n<li>Groupe Malle \u00e0 Maths (encadr\u00e9 par Philippe Grillot), r\u00e9unions sur Orl\u00e9ans\n<p>L&#8217;objectif de ce groupe est de produire des fiches d&#8217;activit\u00e9s \u00e0 destination des \u00e9l\u00e8ves pour le mat\u00e9riel disponible dans la <a href=\"https:\/\/www.centre-sciences.org\/ressources\/la-malle-maths\">Malle \u00e0 Maths<\/a> empruntable aupr\u00e8s de <a href=\"https:\/\/www.centre-sciences.org\/\" \/>Centre Sciences<\/a>.<\/p><\/li>\n<\/ul>\n<h4><strong>Ressources \u00e0 t\u00e9l\u00e9charger<br \/><\/strong><\/h4>\n<p><a href=\"https:\/\/www.idpoisson.fr\/wp-content\/uploads\/2021\/06\/brochure-algorithmique-cycle3.pdf\">Algorithmique au cycle 3 : trois s\u00e9quences d&#8217;enseignement<\/a> &#8211; <a href=\"https:\/\/www.idpoisson.fr\/wp-content\/uploads\/2021\/06\/algorithmique-cycle3.zip\">fichiers modifiables<\/a><\/p>\n<p>Dans le cadre du projet <a href=\"https:\/\/cormecouli.univ-tours.fr\/\">CORM\u00c9COULI<\/a> financ\u00e9 par la r\u00e9gion Centre &#8211; Val de Loire, l&#8217;IREM Centre Val de Loire, conjointement avec les IREM de <a href=\"https:\/\/www-irem.univ-paris13.fr\/site_spip\/\">Paris Nord<\/a>, <a href=\"https:\/\/www.sciences.unilim.fr\/a-decouvrir\/irem-2\/\">Limoges<\/a> et <a href=\"https:\/\/irem.u-bourgogne.fr\/\">Dijon<\/a> et les laboratoires d&#8217;Histoire impliqu\u00e9s dans le projet CORM\u00c9COULI ((<a href=\"https:\/\/cethis.univ-tours.fr\/\">CeTHiS \u2013 Universit\u00e9 de Tours<\/a>), (<a href=\"https:\/\/www.msh-vdl.fr\/equipes\/polen\/\">POLEN \u2013 Universit\u00e9 d\u2019Orl\u00e9ans<\/a>), (<a href=\"https:\/\/iramat.cnrs.fr\/\">IRAMAT \u2013 CNRS \u2013 Universit\u00e9 d\u2019Orl\u00e9ans<\/a>), (<a href=\"https:\/\/www.msh-vdl.fr\/\">MSH \u2014 Universit\u00e9 de Tours \u2014 CNRS<\/a>) et (<a href=\"https:\/\/citeres.univ-tours.fr\/\">CITERES \u2014 Universit\u00e9 de Tours \u2014 CNRS)<\/a>) a con\u00e7u une mallette p\u00e9dagogique \u00e0 destination des classes de cycle 3. La r\u00e9alisation technique de cette mallette a \u00e9t\u00e9 effectu\u00e9e par <a href=\"https:\/\/www.centre-sciences.org\/\">Centre Sciences<\/a>, il est possible de l&#8217;emprunter pour votre classe ou d&#8217;en t\u00e9l\u00e9charger <a href=\"https:\/\/www.centre-sciences.org\/ressources\/cormecouli-corpus-medieval-des-comptabilites-urbaines-ligeriennes\"> une version \u00e9lectronique ici<\/a><\/p>\n\n<Font size=\"5pt\">La mallette p\u00e9dagogique Corm\u00e9couli a re\u00e7u le Prix Jacqueline-Ferrand 2024 de la SMF r\u00e9compensant l\u2019innovation p\u00e9dagogique.<\/Font>\n<br>\n<a href=\"https:\/\/smf.emath.fr\/actualites-smf\/laureats-prix-dalembert-et-prix-jacqueline-ferrand-2024\">Communiqu\u00e9 de presse de la SMF<\/a>\n\n<h4>Rapports d&#8217;activit\u00e9s<\/h4>\n<ul><li><a href=\"https:\/\/www.idpoisson.fr\/beck\/wp-content\/uploads\/sites\/16\/2025\/08\/rapport-activiteIREMCVL-2024-2025.pdf\">2024-2025<\/a><\/li>\n<li><a href=\"https:\/\/www.idpoisson.fr\/wp-content\/uploads\/2024\/08\/rapport-activiteIREMCVL-2023-2024.pdf\">2023-2024<\/a><\/li>\n<li><a href=\"https:\/\/www.idpoisson.fr\/beck\/wp-content\/uploads\/sites\/16\/2023\/09\/rapport-activiteIREMCVL-2022-2023.pdf\">2022-2023<\/a><\/li>\n<li><a href=\"https:\/\/www.idpoisson.fr\/wp-content\/uploads\/2022\/07\/rapport-activiteIREMCVL-2021-2022.pdf\">2021-2022<\/a><\/li>\n<li><a href=\"https:\/\/www.idpoisson.fr\/wp-content\/uploads\/2021\/07\/rapport-activiteIREMCVL-2020-2021.pdf\">2020-2021<\/a><\/li>\n<li><a href=\"https:\/\/www.idpoisson.fr\/wp-content\/uploads\/2021\/06\/rapport-activiteIREMCVL-2019-2020.pdf\">2019-2020<\/a><\/li>\n<li><a href=\"https:\/\/www.idpoisson.fr\/wp-content\/uploads\/2021\/06\/rapport-activiteIREMCVL-2018-2019.pdf\">2018-2019<\/a><\/li>\n<\/ul>\n<h4><strong>Contacts<\/strong><\/h4>\n<p>Pour des renseignements, pour participer \u00e0 un groupe, contactez simultan\u00e9ment Vincent Beck (vincent.beck_at_univ-orleans.fr) et Vincent Pantaloni (vincent.pantaloni_at_ac-orleans-tours.fr) pour les groupes de math\u00e9matiques ou le groupe d&#8217;informatique<!-- et Vincent Beck (vincent.beck_at_univ-orleans.fr) et Anne Fayon (anne.fayon_at_ac-orleans-tours.fr) pour le groupe lyc\u00e9e professionnel -->.<\/p>\n<h5><strong>Licence<\/strong><\/h5>\n<p><a href=\"http:\/\/creativecommons.org\/licenses\/by-nc\/4.0\/\" rel=\"license\"><img decoding=\"async\" style=\"border-width: 0\" src=\"https:\/\/i.creativecommons.org\/l\/by-nc\/4.0\/88x31.png\" alt=\"Licence Creative Commons\" \/><\/a><br \/>Algorithmique au cycle 3 : trois s\u00e9quences d&#8217;enseignement est mis \u00e0 disposition selon les termes de la <a href=\"http:\/\/creativecommons.org\/licenses\/by-nc\/4.0\/\" rel=\"license\">licence Creative Commons Attribution &#8211; Pas d\u2019Utilisation Commerciale 4.0 International<\/a>.<\/p>\n\n\n","protected":false},"excerpt":{"rendered":"<p>\u00a0 L&#8217;IREM (Institut de Recherche sur l&#8217;Enseignement des Math\u00e9matiques) Centre Val de Loire repose sur une convention tripartite entre l&#8217;universit\u00e9 &hellip; <a href=\"https:\/\/www.idpoisson.fr\/en\/irem\/\" class=\"more-link\">More <span class=\"screen-reader-text\">IREM Centre Val de Loire<\/span> <span class=\"meta-nav\">&rarr;<\/span><\/a><\/p>\n","protected":false},"author":28,"featured_media":0,"parent":0,"menu_order":0,"comment_status":"closed","ping_status":"closed","template":"","meta":{"footnotes":""},"class_list":["post-2842","page","type-page","status-publish","hentry"],"_links":{"self":[{"href":"https:\/\/www.idpoisson.fr\/en\/wp-json\/wp\/v2\/pages\/2842","targetHints":{"allow":["GET"]}}],"collection":[{"href":"https:\/\/www.idpoisson.fr\/en\/wp-json\/wp\/v2\/pages"}],"about":[{"href":"https:\/\/www.idpoisson.fr\/en\/wp-json\/wp\/v2\/types\/page"}],"author":[{"embeddable":true,"href":"https:\/\/www.idpoisson.fr\/en\/wp-json\/wp\/v2\/users\/28"}],"replies":[{"embeddable":true,"href":"https:\/\/www.idpoisson.fr\/en\/wp-json\/wp\/v2\/comments?post=2842"}],"version-history":[{"count":62,"href":"https:\/\/www.idpoisson.fr\/en\/wp-json\/wp\/v2\/pages\/2842\/revisions"}],"predecessor-version":[{"id":7879,"href":"https:\/\/www.idpoisson.fr\/en\/wp-json\/wp\/v2\/pages\/2842\/revisions\/7879"}],"wp:attachment":[{"href":"https:\/\/www.idpoisson.fr\/en\/wp-json\/wp\/v2\/media?parent=2842"}],"curies":[{"name":"wp","href":"https:\/\/api.w.org\/{rel}","templated":true}]}}