{"id":2891,"date":"2021-07-06T14:36:05","date_gmt":"2021-07-06T12:36:05","guid":{"rendered":"https:\/\/www.idpoisson.fr\/?page_id=2891"},"modified":"2025-11-27T16:41:26","modified_gmt":"2025-11-27T15:41:26","slug":"agreg-interne","status":"publish","type":"page","link":"https:\/\/www.idpoisson.fr\/en\/agreg-interne\/","title":{"rendered":"Agreg Interne &#8211; Informations"},"content":{"rendered":"\n\n\n<h1 class=\"has-vivid-red-color has-text-color wp-block-heading\">Pr\u00e9paration \u00e0 l&#8217;agr\u00e9gation interne de math\u00e9matiques des universit\u00e9s d&#8217;Orl\u00e9ans et de Tours<\/h1>\n\n\n\n<p>&nbsp;&nbsp;&nbsp; Vous trouverez sur ce site les informations relatives \u00e0 la  pr\u00e9paration au<strong> concours  interne de l&#8217;agr\u00e9gation de math\u00e9matiques <\/strong>offerte \u00e0 l&#8217;Universit\u00e9 d&#8217;Orl\u00e9ans et de Tours. Cette pr\u00e9paration est financ\u00e9e par le rectorat d&#8217;Orl\u00e9ans-Tours.<\/p>\n\n\n\n<h4 class=\"has-luminous-vivid-orange-color has-text-color wp-block-heading\">Renseignements pratiques sur le concours<\/h4>\n\n\n\n<ul>\n<li>Le <a href=\"https:\/\/interne.agreg.org\/\">site officiel du jury de l&#8217;agr\u00e9gation interne&nbsp;<\/a><\/li>\n<li>Le site&nbsp;<a href=\"https:\/\/www.devenirenseignant.gouv.fr\/cid98748\/les-epreuves-de-l-agregation-interne-et-du-caerpa-section-mathematiques.html\">devenir enseignant<\/a> regroupe les informations sur le m\u00e9tier de professeur agr\u00e9g\u00e9 (en particulier le r\u00e9f\u00e9rentiel des comp\u00e9tences professionnelles des m\u00e9tiers du professorat et de l&#8217;\u00e9ducation, la grille salariale, etc.), ainsi que les programmes de chaque concours (voir ci-dessous) et les conditions d&#8217;inscription \u00e0 l&#8217;agr\u00e9gation interne : <a href=\"https:\/\/www.devenirenseignant.gouv.fr\/pid33987\/enseigner-dans-les-classes-preparatoires-agregation.html\">ici<\/a><\/li>\n<li>Le <strong>calendrier des concours<\/strong> est disponible <a href=\"https:\/\/www.devenirenseignant.gouv.fr\/cid98448\/calendrier-des-concours-de-recrutement-d-enseignants-du-second-degre.html\">ici<\/a>&nbsp;<\/li>\n<li>Les <strong>inscriptions aux concours de la session 2022<\/strong> auront lieu&nbsp; du mardi 19 octobre 2021, \u00e0 partir de midi, au mercredi 17 novembre 2021, 17 heures, heure de Paris, sur le<a href=\"https:\/\/ocean.ac-orleans-tours.fr\/inscrinetCE2\/\"> site suivant<\/a>&nbsp; et les r\u00e9sultats seront consultables <a href=\"http:\/\/publinetce2.education.fr\/publinet\/Servlet\/PublinetServlet?_page=ACCUEIL\">ici&nbsp;<\/a><\/li>\n<li>\n<div class=\"\">Les<strong> \u00e9preuves \u00e9crites de la session 2022<\/strong>&nbsp;auront lieu :&nbsp;<\/div>\n<div class=\"\">&#8211; Premi\u00e8re \u00e9preuve : 27 janvier 2022 de 9 heures \u00e0 15 heures.<\/div>\n<div class=\"\">&nbsp;&#8211; Deuxi\u00e8me \u00e9preuve : 28 janvier 2022 de 9 heures \u00e0 15 heures.&nbsp;<\/div>\n<\/li>\n<li>Le <a href=\"https:\/\/media.devenirenseignant.gouv.fr\/file\/agregation_interne\/98\/7\/p2022_agreg_int_math_1399987.pdf\">programme pour la session 2022<\/a>&nbsp; et <a href=\"https:\/\/www.idpoisson.fr\/wp-content\/uploads\/AgregInterne\/ai2021.pdf\">le rapport de jury 2021<\/a><\/li>\n<\/ul>\n\n\n\n<h2>Pr\u00e9paration \u00e0 l&#8217;agr\u00e9gation interne de math\u00e9matiques des universit\u00e9s d&#8217;Orl\u00e9ans et de Tours<\/h2>\n<p>Vous trouverez sur cette page quelques documents utiles pour le d\u00e9but d&#8217;ann\u00e9e.<\/p>\n<p><strong>Pour \u00e9crire \u00e0 tous les coll\u00e8gues de la pr\u00e9paration, vous pouvez utiliser l&#8217;alias suivant : agreg_int_ot@framalistes.org<\/strong><\/p>\n<p>Les <strong>inscriptions aux concours de la session 2022<\/strong> auront lieu du mardi 19 octobre 2021, \u00e0 partir de midi, au mercredi 17 novembre 2021, 17 heures, heure de Paris, sur le<a href=\"https:\/\/ocean.ac-orleans-tours.fr\/inscrinetCE2\/\"> site suivant<\/a> et les r\u00e9sultats seront consultables <a href=\"http:\/\/publinetce2.education.fr\/publinet\/Servlet\/PublinetServlet?_page=ACCUEIL\">ici <\/a><\/p>\n<h4>Documents officiels :<\/h4>\n<ul>\n<li><a href=\"https:\/\/www.idpoisson.fr\/wp-content\/uploads\/AgregInterne\/p2022_agreg_int_math_1399987.pdf\">Le programme<\/a><\/li>\n<li><a href=\"https:\/\/www.idpoisson.fr\/wp-content\/uploads\/AgregInterne\/ListeLecons_AgregInterne.pdf\">La liste des le\u00e7ons <\/a><\/li>\n<li><a href=\"https:\/\/www.idpoisson.fr\/wp-content\/uploads\/AgregInterne\/ai2019.pdf\">Le rapport de jury 2019<\/a><\/li>\n<li><a href=\"https:\/\/www.idpoisson.fr\/wp-content\/uploads\/AgregInterne\/ai2021.pdf\">Le rapport de jury 2021<\/a><\/li>\n<\/ul>\n<h4>Sujets de devoirs et corrig\u00e9s :<\/h4>\n<ul>\n<li>Le <a href=\"https:\/\/www.idpoisson.fr\/wp-content\/uploads\/AgregInterne\/math_a_2021_pt.pdf\">sujet de devoir 1<\/a> : probl\u00e8me 1 de PT 2021 \u00e0 faire pendant l&#8217;\u00e9t\u00e9, <a href=\"https:\/\/www.idpoisson.fr\/wp-content\/uploads\/AgregInterne\/PBete21Alg1.pdf\">son corrig\u00e9 de la partie alg\u00e8bre <\/a> et <a href=\"https:\/\/www.idpoisson.fr\/wp-content\/uploads\/AgregInterne\/Correction_proba_ete1.pdf\">son corrig\u00e9 de la partie probabilit\u00e9s<\/a><\/li>\n<li>Le <a href=\"https:\/\/www.idpoisson.fr\/wp-content\/uploads\/AgregInterne\/math_b_2021_pt.pdf\">sujet de devoir 1bis <\/a>: probl\u00e8me 2 de PT 2021 \u00e0 faire pendant l&#8217;\u00e9t\u00e9<\/li>\n<li>Le <a href=\"https:\/\/www.idpoisson.fr\/wp-content\/uploads\/AgregInterne\/math_c_2021_pt.pdf\">sujet du devoir 2<\/a> : probl\u00e8me 3 de PT 2021 \u00e0 faire pendant l&#8217;\u00e9t\u00e9 et <a href=\"https:\/\/www.idpoisson.fr\/wp-content\/uploads\/AgregInterne\/correctionEteC.pdf\">son corrig\u00e9 <\/a><\/li>\n<li>Le <a href=\"https:\/\/www.idpoihttps:\/\/www.idpoisson.fr\/wp-content\/uploads\/AgregInterne\/18-ep1.pdf\" target=\"_bla\nnk\" rel=\"noopener\">sujet du devoir 3<\/a> \u00e0 rendre pour le mercredi 15 septembre<\/li>\n<li>Le <a href=\"https:\/\/www.idpoisson.fr\/wp-content\/uploads\/AgregInterne\/12-ep2.pdf\" target=\"_blank\" rel=\"noopener\">sujet du devoir 4<\/a> \u00e0 rendre pour le mercredi 29 septembre<\/li>\n<li>Le <a href=\"https:\/\/www.idpoisson.fr\/wp-content\/uploads\/AgregInterne\/13-ep2.pdf\" target=\"_blank\" rel=\"noopener\">sujet du devoir 5<\/a> \u00e0 rendre pour le mercredi 13 octobre<\/li>\n<li>Le <a href=\"https:\/\/www.idpoisson.fr\/wp-content\/uploads\/AgregInterne\/20-ep1.pdf\" target=\"_blank\" rel=\"noopener\">sujet du devoir 6<\/a> \u00e0 rendre pour le lundi 25 octobre<\/li>\n<\/ul>\n\n\n\n<h4 class=\"has-luminous-vivid-orange-color has-text-color wp-block-heading\">Fonctionnement de la pr\u00e9paration<\/h4>\n\n\n\n<p>La pr\u00e9paration est organis\u00e9e <strong>sur  Orl\u00e9ans et Tours<\/strong>, les enseignements dispens\u00e9s en pr\u00e9sentiel \u00e0 Tours sont propos\u00e9s en visioconf\u00e9rence sur Orl\u00e9ans et r\u00e9ciproquement, principalement <strong>le mercredi apr\u00e8s-midi. <\/strong>Diff\u00e9rents enseignements sont accessibles en diff\u00e9r\u00e9 via C\u00e9l\u00e8ne (FOAD) pour ceux qui ne pourraient se d\u00e9placer.&nbsp;<\/p>\n\n\n\n<p>La pr\u00e9paration propose \u00e9galement :<\/p>\n\n\n\n<ul>\n<li><span class=\"s1\">une journ\u00e9e d&#8217;information organis\u00e9e fin juin,<\/span><\/li>\n<li><span class=\"s1\">&nbsp;4 journ\u00e9es organis\u00e9es en alternance sur Orl\u00e9ans et Tours, une d\u00e9but juillet, une fin ao\u00fbt,&nbsp; une le premier lundi des vacances de Toussaint et une le premier lundi des vacances de f\u00e9vrier. Pour ces journ\u00e9es, tous les pr\u00e9parants sont regroup\u00e9s,<\/span><\/li>\n<li><span class=\"s1\">deux s\u00e9ances de pr\u00e9paration aux oraux et \u00e9crits par mercredi. Celles-ci ont lieu \u00e0 Tours et \u00e0 Orl\u00e9ans et sont diffus\u00e9es en direct sur l&#8217;autre site en visio-conf\u00e9rence,<\/span><\/li>\n<li>6 devoirs corrig\u00e9s dans l&#8217;ann\u00e9e <span class=\"s1\">pour pr\u00e9parer les \u00e9preuves \u00e9crites,<\/span><\/li>\n<li><span class=\"s1\">des oraux blancs pour pr\u00e9parer les \u00e9preuves orales,<\/span><\/li>\n<li>des cr\u00e9neaux libres de travail en groupe le mercredi matin.<\/li>\n<\/ul>\n\n\n\n<h5 class=\"has-black-color has-text-color wp-block-heading\">Inscription : <\/h5>\n\n\n\n<p>en plus de l&#8217;inscription au concours, une inscription \u00e0 l&#8217;une des deux universit\u00e9s est obligatoire, et une inscription sur le site GAIA aupr\u00e8s du rectorat est fortement recommand\u00e9e (Cette pr\u00e9paration est inscrite au plan annuel de formation du rectorat). Les frais d&#8217;inscription \u00e0 l&#8217;universit\u00e9, ainsi que la CVEC qui doit \u00eatre acquitt\u00e9e, restent \u00e0 la charge du pr\u00e9parant.<\/p>\n\n\n\n<p>Une pr\u00e9sentation de la pr\u00e9paration est disponible<a href=\"https:\/\/www.idpoisson.fr\/wp-content\/uploads\/AgregInterne\/MaquetteAGInt2021_2022.pdf\" data-wplink-edit=\"true\"> ici.<\/a><\/p>\n\n\n\n<h4 class=\"has-luminous-vivid-orange-color has-text-color wp-block-heading\"><strong>Contacter les responsables  :<\/strong><\/h4>\n\n\n\n<ul class=\"has-black-color has-pale-cyan-blue-background-color has-text-color has-background wp-block-list\"><li> <strong>A Orl\u00e9ans : Magali Ribot,<\/strong> mail : magali.ribot@univ-orleans.fr                  <ul><li>Secr\u00e9tariat : Anne Liger, mail : anne.liger@univ-orleans.fr   <\/li><\/ul><\/li><li><strong>A Tours : Hermine Bierm\u00e9, <\/strong>mail : hermine.bierme@univ-tours.fr<ul><li>Secr\u00e9tariat : Elodie Demoussis,  mail : elodie.demoussis@univ-tours.fr<\/li><\/ul><\/li><\/ul>\n\n\n\n<h4 class=\"has-luminous-vivid-orange-color has-text-color wp-block-heading\">Acc\u00e8s aux universit\u00e9s :<\/h4>\n\n\n\n<table style=\"border-collapse: collapse;width: 100%\">\n<tbody>\n<tr>\n<td style=\"width: 50%\">\n<p><strong>A Orl\u00e9ans : <\/strong>salle 16 du <a href=\"https:\/\/goo.gl\/maps\/nYkzEDh9FvX4ZK8t8\">b\u00e2timent physique<\/a> &#8211; <a href=\"https:\/\/www.idpoisson.fr\/contacts\/\">Comment venir \u00e0 l&#8217;universit\u00e9 ?<\/a><\/p>\n<p><img loading=\"lazy\" decoding=\"async\" class=\"alignnone size-medium wp-image-3397\" src=\"https:\/\/www.idpoisson.fr\/wp-content\/uploads\/AgregInterne\/campus_orleans-300x214.jpg\" alt=\"\" width=\"300\" height=\"214\" srcset=\"https:\/\/www.idpoisson.fr\/wp-content\/uploads\/AgregInterne\/campus_orleans-300x214.jpg 300w, https:\/\/www.idpoisson.fr\/wp-content\/uploads\/AgregInterne\/campus_orleans-1024x730.jpg 1024w, https:\/\/www.idpoisson.fr\/wp-content\/uploads\/AgregInterne\/campus_orleans-768x547.jpg 768w, https:\/\/www.idpoisson.fr\/wp-content\/uploads\/AgregInterne\/campus_orleans-1536x1094.jpg 1536w, https:\/\/www.idpoisson.fr\/wp-content\/uploads\/AgregInterne\/campus_orleans-2048x1459.jpg 2048w\" sizes=\"auto, (max-width: 300px) 100vw, 300px\" \/><\/p>\n<\/td>\n<td style=\"width: 50%\">\n<p><strong>A Tours : <\/strong>salle E2000 du b\u00e2timent E de math\u00e9matique &#8211; <a href=\"https:\/\/www.idpoisson.fr\/contacts\/\">Comment venir \u00e0 l&#8217;universit\u00e9 ?<\/a><\/p>\n<p><img loading=\"lazy\" decoding=\"async\" class=\"alignnone size-medium wp-image-3398\" src=\"https:\/\/www.idpoisson.fr\/wp-content\/uploads\/AgregInterne\/campus_tours-300x186.gif\" alt=\"\" width=\"300\" height=\"186\"><\/p>\n<\/td>\n<\/tr>\n<\/tbody>\n<\/table>\n<p>&nbsp;<\/p>\n\n\n\n<div class=\"wp-block-columns is-layout-flex wp-container-core-columns-is-layout-9d6595d7 wp-block-columns-is-layout-flex\">\n<div class=\"wp-block-column is-layout-flow wp-block-column-is-layout-flow\" style=\"flex-basis:100%\">\n<div class=\"wp-block-columns is-layout-flex wp-container-core-columns-is-layout-9d6595d7 wp-block-columns-is-layout-flex\">\n<div class=\"wp-block-column is-layout-flow wp-block-column-is-layout-flow\" style=\"flex-basis:100%\"><\/div>\n<\/div>\n<\/div>\n<\/div>\n","protected":false},"excerpt":{"rendered":"<p>Pr\u00e9paration \u00e0 l&#8217;agr\u00e9gation interne de math\u00e9matiques des universit\u00e9s d&#8217;Orl\u00e9ans et de Tours &nbsp;&nbsp;&nbsp; Vous trouverez sur ce site les informations &hellip; <a href=\"https:\/\/www.idpoisson.fr\/en\/agreg-interne\/\" class=\"more-link\">More <span class=\"screen-reader-text\">Agreg Interne &#8211; Informations<\/span> <span class=\"meta-nav\">&rarr;<\/span><\/a><\/p>\n","protected":false},"author":12,"featured_media":0,"parent":0,"menu_order":0,"comment_status":"closed","ping_status":"closed","template":"","meta":{"footnotes":""},"class_list":["post-2891","page","type-page","status-publish","hentry"],"_links":{"self":[{"href":"https:\/\/www.idpoisson.fr\/en\/wp-json\/wp\/v2\/pages\/2891","targetHints":{"allow":["GET"]}}],"collection":[{"href":"https:\/\/www.idpoisson.fr\/en\/wp-json\/wp\/v2\/pages"}],"about":[{"href":"https:\/\/www.idpoisson.fr\/en\/wp-json\/wp\/v2\/types\/page"}],"author":[{"embeddable":true,"href":"https:\/\/www.idpoisson.fr\/en\/wp-json\/wp\/v2\/users\/12"}],"replies":[{"embeddable":true,"href":"https:\/\/www.idpoisson.fr\/en\/wp-json\/wp\/v2\/comments?post=2891"}],"version-history":[{"count":58,"href":"https:\/\/www.idpoisson.fr\/en\/wp-json\/wp\/v2\/pages\/2891\/revisions"}],"predecessor-version":[{"id":9237,"href":"https:\/\/www.idpoisson.fr\/en\/wp-json\/wp\/v2\/pages\/2891\/revisions\/9237"}],"wp:attachment":[{"href":"https:\/\/www.idpoisson.fr\/en\/wp-json\/wp\/v2\/media?parent=2891"}],"curies":[{"name":"wp","href":"https:\/\/api.w.org\/{rel}","templated":true}]}}