{"id":30,"date":"2017-06-12T19:21:21","date_gmt":"2017-06-12T17:21:21","guid":{"rendered":"http:\/\/www.idpoisson.fr\/?page_id=30"},"modified":"2024-02-26T14:39:20","modified_gmt":"2024-02-26T13:39:20","slug":"equipe-de-physique-theorique","status":"publish","type":"page","link":"https:\/\/www.idpoisson.fr\/en\/equipe-de-physique-theorique\/","title":{"rendered":"Equipe de Physique Th\u00e9orique"},"content":{"rendered":"<p><img loading=\"lazy\" decoding=\"async\" class=\"alignnone  wp-image-369\" src=\"https:\/\/www.idpoisson.fr\/wp-content\/uploads\/2017\/12\/pht-300x300.png\" alt=\"\" width=\"100\" height=\"100\" srcset=\"https:\/\/www.idpoisson.fr\/wp-content\/uploads\/2017\/12\/pht-300x300.png 300w, https:\/\/www.idpoisson.fr\/wp-content\/uploads\/2017\/12\/pht-150x150.png 150w, https:\/\/www.idpoisson.fr\/wp-content\/uploads\/2017\/12\/pht-768x768.png 768w, https:\/\/www.idpoisson.fr\/wp-content\/uploads\/2017\/12\/pht.png 840w\" sizes=\"auto, (max-width: 100px) 100vw, 100px\" \/><\/p>\n<h2>Th\u00e8mes :<\/h2>\n<h3>Gravitation<\/h3>\n<h5>Approche classique:<\/h5>\n<ul>\n<li>Gravit\u00e9 modifi\u00e9e<\/li>\n<li>Trous noirs et objets compacts (\u00e9toiles \u00e0 neutrons,&#8230;)<\/li>\n<li>Ondes gravitationnelles<\/li>\n<li>\u00a0Relativit\u00e9 num\u00e9rique<\/li>\n<li>Sym\u00e9tries asymptotiques<\/li>\n<\/ul>\n<h5>Approche quantique:<\/h5>\n<ul>\n<li>Dualit\u00e9 d&#8217;holographie, correspondance AdS\/CFT et holographie plate (carrollienne, c\u00e9leste, &#8230;)<\/li>\n<li>Entropie des trous noirs<\/li>\n<li>Th\u00e9ories de spins \u00e9lev\u00e9s<\/li>\n<\/ul>\n<h3><\/h3>\n<h3>Th\u00e9orie des champs<\/h3>\n<h5>Th\u00e9ories de jauge:<\/h5>\n<ul class=\"framed\">\n<li>Chromodynamique quantique<\/li>\n<li>Mod\u00e8le standard des interactions \u00e9lectrofaibles<\/li>\n<li>Loi de transport anormale sans dissipation dan th\u00e9orie de champs et mati\u00e8re condens\u00e9e<\/li>\n<li>Th\u00e9orie de jauge sur r\u00e9seau<\/li>\n<li>Solutions classiques<\/li>\n<\/ul>\n<h5>Th\u00e9ories des champs non relativistes<\/h5>\n<ul>\n<li>Supraconducteurs et superfluides non conventionnels<\/li>\n<li>Plusieurs sym\u00e9tries bris\u00e9es<\/li>\n<li>D\u00e9fauts topologiques<\/li>\n<li>Transitions de phase<\/li>\n<\/ul>\n<h5>Syst\u00e8mes complexes et g\u00e9n\u00e9ralisations<\/h5>\n<ul class=\"framed\">\n<li>Dimensions suppl\u00e9mentaires<\/li>\n<li>Supersym\u00e9trie stochastique<\/li>\n<li>Dynamique chaotique<\/li>\n<li>M\u00e9canique de Nambu<\/li>\n<li>Magn\u00e9tisme et spintronique<\/li>\n<\/ul>\n<h3>Physique math\u00e9matique et quantique<\/h3>\n<h5>\nSyst\u00e8mes int\u00e9grables quantiques<\/h5>\n<ul>\n<li>Chaines de spins, mod\u00e8les de vertex et et mod\u00e8les de boucles<\/li>\n<li>Ansatz de Bethe<\/li>\n<\/ul>\n<h5>Alg\u00e8bre et th\u00e9orie des repr\u00e9sentations<\/h5>\n<ul>\n<li>Alg\u00e8bre de r\u00e9flexion, alg\u00e8bre de courants, groupes quantiques et coid\u00e9aux<\/li>\n<li>Alg\u00e8bre q-Onsager, Askey-Wilson, Temperley-Lieb<\/li>\n<li>Repr\u00e9sentations des alg\u00e8bres chirales et de leurs cat\u00e9gories tensorielles tress\u00e9es<\/li>\n<li>Polyn\u00f4mes orthogonaux multivariables<\/li>\n<\/ul>\n<h5>Interactions avec la th\u00e9orie des champs<\/h5>\n<ul>\n<li>Th\u00e9orie conforme des champs<\/li>\n<li>Equations de Painlev\u00e9 et Heun, blocs conformes et monodromie<\/li>\n<li>Th\u00e9orie quantique des champs topologique et topologie en basses dimensions<\/li>\n<li>Mod\u00e8les sigma non-lineaires<\/li>\n<\/ul>\n<h5>Physique quantique<\/h5>\n<ul>\n<li>Fondements de la physique quantique et th\u00e9orie des champs<\/li>\n<li>Syst\u00e8mes ouverts Markoviens, identit\u00e9 de Jarzinsky quantique, repr\u00e9sentation de Weyl<\/li>\n<li>Syst\u00e8mes quantiques d\u00e9sordonn\u00e9s<\/li>\n<\/ul>\n","protected":false},"excerpt":{"rendered":"<p>Th\u00e8mes : Gravitation Approche classique: Gravit\u00e9 modifi\u00e9e Trous noirs et objets compacts (\u00e9toiles \u00e0 neutrons,&#8230;) Ondes gravitationnelles \u00a0Relativit\u00e9 num\u00e9rique Sym\u00e9tries &hellip; <a href=\"https:\/\/www.idpoisson.fr\/en\/equipe-de-physique-theorique\/\" class=\"more-link\">More <span class=\"screen-reader-text\">Equipe de Physique Th\u00e9orique<\/span> <span class=\"meta-nav\">&rarr;<\/span><\/a><\/p>\n","protected":false},"author":2,"featured_media":0,"parent":0,"menu_order":0,"comment_status":"closed","ping_status":"closed","template":"","meta":{"footnotes":""},"class_list":["post-30","page","type-page","status-publish","hentry"],"_links":{"self":[{"href":"https:\/\/www.idpoisson.fr\/en\/wp-json\/wp\/v2\/pages\/30","targetHints":{"allow":["GET"]}}],"collection":[{"href":"https:\/\/www.idpoisson.fr\/en\/wp-json\/wp\/v2\/pages"}],"about":[{"href":"https:\/\/www.idpoisson.fr\/en\/wp-json\/wp\/v2\/types\/page"}],"author":[{"embeddable":true,"href":"https:\/\/www.idpoisson.fr\/en\/wp-json\/wp\/v2\/users\/2"}],"replies":[{"embeddable":true,"href":"https:\/\/www.idpoisson.fr\/en\/wp-json\/wp\/v2\/comments?post=30"}],"version-history":[{"count":4,"href":"https:\/\/www.idpoisson.fr\/en\/wp-json\/wp\/v2\/pages\/30\/revisions"}],"predecessor-version":[{"id":6021,"href":"https:\/\/www.idpoisson.fr\/en\/wp-json\/wp\/v2\/pages\/30\/revisions\/6021"}],"wp:attachment":[{"href":"https:\/\/www.idpoisson.fr\/en\/wp-json\/wp\/v2\/media?parent=30"}],"curies":[{"name":"wp","href":"https:\/\/api.w.org\/{rel}","templated":true}]}}