{"id":371,"date":"2017-12-20T14:37:58","date_gmt":"2017-12-20T13:37:58","guid":{"rendered":"https:\/\/www.idpoisson.fr\/?page_id=371"},"modified":"2018-04-18T16:18:17","modified_gmt":"2018-04-18T14:18:17","slug":"jam2018","status":"publish","type":"page","link":"https:\/\/www.idpoisson.fr\/en\/jam2018\/","title":{"rendered":"Journ\u00e9e acad\u00e9mique des math\u00e9matiques 2018"},"content":{"rendered":"<p style=\"text-align: center\"><span style=\"font-size: 24pt\"><strong>Journ\u00e9e acad\u00e9mique des math\u00e9matiques 2018<\/strong><\/span><\/p>\n<table style=\"width: 916px\">\n<tbody>\n<tr>\n<td style=\"width: 269px\">\n<p><img loading=\"lazy\" decoding=\"async\" class=\"alignnone size-medium wp-image-789\" src=\"https:\/\/www.idpoisson.fr\/wp-content\/uploads\/2018\/01\/affiche_hirgorome-212x300.png\" alt=\"\" width=\"212\" height=\"300\" srcset=\"https:\/\/www.idpoisson.fr\/wp-content\/uploads\/2018\/01\/affiche_hirgorome-212x300.png 212w, https:\/\/www.idpoisson.fr\/wp-content\/uploads\/2018\/01\/affiche_hirgorome.png 584w\" sizes=\"auto, (max-width: 212px) 100vw, 212px\" \/><\/p>\n<\/td>\n<td style=\"width: 645px\">\n<p>La journ\u00e9e aura lieu le <strong>mercredi 23 mai 2018<\/strong> sur le campus de Grandmont de l&#8217;Universit\u00e9 de Tours.<\/p>\n<p>Au programme, une conf\u00e9rence pl\u00e9ni\u00e8re sur certaines interactions entre math\u00e9matiques et biologie, des expos\u00e9s scientifiques et des ateliers sur l&#8217;enseignement des math\u00e9matiques.<\/p>\n<p>La participation est libre mais l&#8217;inscription est obligatoire. Un repas est pr\u00e9vu au restaurant universitaire du campus au prix de 8 euros (paiement par ch\u00e8que \u00e0 l&#8217;ordre de l&#8217;APMEP le matin).<\/p>\n<p><strong>Venez nombreux !<\/strong><\/p>\n<\/td>\n<\/tr>\n<\/tbody>\n<\/table>\n<hr \/>\n<p style=\"text-align: center\">[<a href=\"#salle\">Lieu des expos\u00e9s<\/a> | <a href=\"#contenu\">Descriptif des expos\u00e9s<\/a> | <a href=\"#venir\">Venir \u00e0 la JAM<\/a>]<\/p>\n<hr \/>\n<h2>Inscription<\/h2>\n<p>Pour vous inscrire \u00e0 la journ\u00e9e et choisir vos ateliers de l&#8217;apr\u00e8s-midi, <a href=\"http:\/\/www.univ-irem.fr\/colloque_inscriptions\/JDM\/index.php\">c&#8217;est ici<\/a>. <br \/>\n N&#8217;oubliez pas de vous inscrire sur Ga\u00efa (l&#8217;identifiant de la journ\u00e9e est 17A0180851).<\/p>\n<h2>Programme<\/h2>\n<table class=\"yellow dir\" style=\"width: 100%\" border=\"1\">\n<tbody>\n<tr class=\"head\">\n<td><strong>Horaire<\/strong><\/td>\n<td><strong>Lieu<\/strong><\/td>\n<td><strong>Activit\u00e9<\/strong><\/td>\n<\/tr>\n<tr>\n<td>09:00<\/td>\n<td>Hall du b\u00e2timent F<\/td>\n<td>Accueil<\/td>\n<\/tr>\n<tr>\n<td>09:30<\/td>\n<td>Amphi F21<\/td>\n<td><strong>Pr\u00e9sentation<\/strong><\/td>\n<\/tr>\n<tr>\n<td>10:00<\/td>\n<td>Amphi F21<\/td>\n<td><strong>Conf\u00e9rence pl\u00e9ni\u00e8re.<\/strong> <a href=\"http:\/\/www.cmap.polytechnique.fr\/~bansaye\/\">Vincent Bansaye<\/a> (\u00c9cole polytechnique)<br \/>\n Quelques probl\u00e8mes de probabilit\u00e9s issus du monde du vivant<\/td>\n<\/tr>\n<tr>\n<td>11:30<\/td>\n<td>Hall du b\u00e2timent F<\/td>\n<td><strong>Exposition<\/strong><\/td>\n<\/tr>\n<tr>\n<td>12:00<\/td>\n<td>Resto U<\/td>\n<td>Repas<\/td>\n<\/tr>\n<tr>\n<td>14:00<\/td>\n<td>Voir plus bas<\/td>\n<td><strong>Ateliers\/Expos\u00e9s<\/strong><\/td>\n<\/tr>\n<tr>\n<td>15:00<\/td>\n<td>Hall du b\u00e2timent F<\/td>\n<td><strong>Pause\/Exposition<\/strong><\/td>\n<\/tr>\n<tr>\n<td>15:45<\/td>\n<td>Voir plus bas<\/td>\n<td><strong>Ateliers\/Expos\u00e9s<\/strong><\/td>\n<\/tr>\n<\/tbody>\n<\/table>\n<p>Fin de la journ\u00e9e \u00e0 16h45.<\/p>\n<h2>Conf\u00e9rence pl\u00e9ni\u00e8re<\/h2>\n<p><a href=\"http:\/\/www.cmap.polytechnique.fr\/~bansaye\/\">Vincent Bansaye<\/a> (\u00c9cole polytechnique)<br \/>\n <strong>Quelques probl\u00e8mes de probabilit\u00e9s issus du monde du vivant<\/strong><br \/>\n Les questions \u00e0 l&#8217;interface entre le monde du vivant et les math\u00e9matiques ont connu un essor tr\u00e8s important ces derni\u00e8res ann\u00e9es, qui a \u00e9t\u00e9 de pair avec les avanc\u00e9es consid\u00e9rables de la biologie et l&#8217;acc\u00e8s \u00e0 une grande quantit\u00e9 de donn\u00e9es souvent difficiles \u00e0 exploiter ou comprendre.<br \/>\n Dans cet expos\u00e9, nous commencerons par \u00e9voquer rapidement quelques grands probl\u00e8mes math\u00e9matiques historiques issus de la dynamique ou de la g\u00e9n\u00e9tique des populations, qui ont stimul\u00e9 les deux disciplines. Puis nous nous focaliserons sur quelques exemples concrets, en particulier pour l&#8217;\u00e9tude de la division des cellules, pour donner une id\u00e9e des difficult\u00e9s en th\u00e9orie des probabilit\u00e9s pos\u00e9es par des questions concr\u00e8tes.<\/p>\n<h2 id=\"salle\">Ateliers et expos\u00e9s de 14h<\/h2>\n<table class=\"yellow dir\" style=\"width: 100%\" border=\"1\">\n<tbody>\n<tr class=\"head\">\n<td><strong>Salle<\/strong><\/td>\n<td><strong>Atelier<\/strong><\/td>\n<\/tr>\n<tr>\n<td>E1000<\/td>\n<td><strong>Je mod\u00e9lise, tu mod\u00e9lises, nous mod\u00e9lisons<\/strong><\/td>\n<\/tr>\n<tr>\n<td>E1010<\/td>\n<td><strong>De Poincar\u00e9 \u00e0 H\u00e9non : un aper\u00e7u de la th\u00e9orie du chaos<\/strong><\/td>\n<\/tr>\n<tr>\n<td>E1020<\/td>\n<td><strong>a\/b+c\/d=(a+c)\/(b+d), et alors ?<\/strong><\/td>\n<\/tr>\n<tr>\n<td>E1030<\/td>\n<td><strong>Des d\u00e9s \u00e0 la ruine&#8230;<\/strong><\/td>\n<\/tr>\n<tr>\n<td>E1040<\/td>\n<td><strong>Algorithmique et programmation avec les calculatrices CASIO<\/strong><\/td>\n<\/tr>\n<tr>\n<td>E1050<\/td>\n<td><strong>Pr\u00e9sentation de s\u00e9ances innovantes r\u00e9alis\u00e9es au cours des TRAAM<\/strong><\/td>\n<\/tr>\n<tr>\n<td>E1060<\/td>\n<td><strong>Python avec NumWorks<\/strong><\/td>\n<\/tr>\n<tr>\n<td>E1070<\/td>\n<td><strong>Statistique et applications<\/strong><\/td>\n<\/tr>\n<tr>\n<td>E1080<\/td>\n<td><strong>Atelier junior coll\u00e8ge<\/strong><\/td>\n<\/tr>\n<tr>\n<td>E1090<\/td>\n<td><strong>Atelier junior lyc\u00e9e<\/strong><\/td>\n<\/tr>\n<tr>\n<td>E1100<\/td>\n<td><strong>Le c\u0153ur est-il une forme ?<\/strong><\/td>\n<\/tr>\n<tr>\n<td>E2010<\/td>\n<td><strong>Des maths en herbe<\/strong><\/td>\n<\/tr>\n<tr>\n<td>E2020<\/td>\n<td><strong>Math\u00e9matiques et son : quelques exemples historiques<\/strong><\/td>\n<\/tr>\n<tr>\n<td>E2030<\/td>\n<td><strong>Comment donner le go\u00fbt des maths comme on donne le go\u00fbt de la p\u00e2tisserie ?<\/strong><\/td>\n<\/tr>\n<tr>\n<td>E2040<\/td>\n<td><strong>Programmation avec les calculatrices Texas Instruments et le v\u00e9hicule robotique Rover<\/strong><\/td>\n<\/tr>\n<\/tbody>\n<\/table>\n<h2>Ateliers et expos\u00e9s de 15h45<\/h2>\n<table class=\"yellow dir\" style=\"width: 100%\" border=\"1\">\n<tbody>\n<tr class=\"head\">\n<td><strong>Salle<\/strong><\/td>\n<td><strong>Atelier<\/strong><\/td>\n<\/tr>\n<tr>\n<td>E1000<\/td>\n<td><strong>Je mod\u00e9lise, tu mod\u00e9lises, nous mod\u00e9lisons&#8230;<\/strong><\/td>\n<\/tr>\n<tr>\n<td>E1010<\/td>\n<td><strong>De Poincar\u00e9 \u00e0 H\u00e9non : un aper\u00e7u de la th\u00e9orie du chaos<\/strong><\/td>\n<\/tr>\n<tr>\n<td>E1020<\/td>\n<td><strong>a\/b+c\/d=(a+c)\/(b+d), et alors ?<\/strong><\/td>\n<\/tr>\n<tr>\n<td>E1030<\/td>\n<td><strong>Des d\u00e9s \u00e0 la ruine&#8230;<\/strong><\/td>\n<\/tr>\n<tr>\n<td>E1040<\/td>\n<td><strong>Algorithmique et programmation avec les calculatrices CASIO<\/strong><\/td>\n<\/tr>\n<tr>\n<td>E1050<\/td>\n<td><strong>Pr\u00e9sentation de s\u00e9ances innovantes r\u00e9alis\u00e9es au cours des TRAAM<\/strong><\/td>\n<\/tr>\n<tr>\n<td>E1060<\/td>\n<td><strong>Python avec NumWorks<\/strong><\/td>\n<\/tr>\n<tr>\n<td>E1070<\/td>\n<td><strong>Statistique et applications<\/strong><\/td>\n<\/tr>\n<tr>\n<td>E1080<\/td>\n<td><strong>Comment et pourquoi utiliser un enseignant-chercheur dans votre \u00e9tablissement ?<\/strong><\/td>\n<\/tr>\n<tr>\n<td>E2040<\/td>\n<td><strong>Programmation avec les calculatrices Texas Instruments et le v\u00e9hicule robotique Rover<\/strong><\/td>\n<\/tr>\n<\/tbody>\n<\/table>\n<h2 id=\"venir\">Pour venir<\/h2>\n<p>La journ\u00e9e se d\u00e9roule dans les b\u00e2timent E et F (voir le <a href=\"http:\/\/sciences.univ-tours.fr\/medias\/fichier\/plan-site-grandmont-a4-20140218_1393241543669-pdf\">plan du campus<\/a>). L&#8217;arr\u00eat de bus s&#8217;appelle &#8220;Fac de Grandmont&#8221;.<\/p>\n<h2 id=\"contenu\">Descriptif des ateliers<\/h2>\n<ul>\n<li><strong>Atelier junior Coll\u00e8ge<\/strong> &#8212; K\u00e9vin GOUSSARD, Audrey AUBIER et Morgan GILOT &#8212; Expos\u00e9<br \/>\n Deux groupes de coll\u00e9giens viendront nous pr\u00e9senter des activit\u00e9s r\u00e9alis\u00e9es durant l&#8217;ann\u00e9e.\u00a0 Un premier groupe vous pr\u00e9sentera le travail men\u00e9 \u00e0 partir de la vid\u00e9o\u00a0<a href=\"https:\/\/www.youtube.com\/watch?v=9zJ04OdKouQ\">ici<\/a>\u00a0et pr\u00e9senteront une exp\u00e9rience similaire de leur cr\u00e9ation. Le second groupe pr\u00e9sentera plusieurs projets r\u00e9alis\u00e9s en vue de l&#8217;\u00e9preuve orale\u00a0du DNB et une une description de la d\u00e9marche de projet mise en oeuvre.<\/li>\n<li><strong>Atelier junior Lyc\u00e9e<\/strong> &#8212; Herv\u00e9 DELANGUE et Mathieu VAIDIE &#8212; Expos\u00e9 <br \/>\n Deux groupes de lyc\u00e9ens viendront nous pr\u00e9senter des activit\u00e9s r\u00e9alis\u00e9es durant l&#8217;ann\u00e9e.\u00a0 Un premier groupe vous pr\u00e9sentera leurs travaux r\u00e9alis\u00e9s durant\u00a0la semaine des Math\u00e9matiques 2018 sur le th\u00e8me\u00a0Math\u00e9matiques &#038; Mouvement. Le second groupe d\u00e9crira comment des \u00e9l\u00e8ves de premi\u00e8re S accompagnent dans leur classe des \u00e9l\u00e8ves de cycle 3 dans la r\u00e9solution de probl\u00e8mes.<\/li>\n<li><strong>Je mod\u00e9lise, tu mod\u00e9lises, nous mod\u00e9lisons\u2026<\/strong> &#8212; groupe acad\u00e9mique de recherche et de production \u00ab\u00a0Mod\u00e9lisation\u00a0\u00bb &#8212; Expos\u00e9<br \/>\nLa \u00ab mod\u00e9lisation \u00bb est souvent le parent pauvre des comp\u00e9tences travaill\u00e9es dans les manuels. Un groupe acad\u00e9mique se propose de pr\u00e9senter des activit\u00e9s cibl\u00e9es et peu chronophages mettant en jeu des t\u00e2ches qui lui sont sp\u00e9cifiques.<\/li>\n<li><strong>Le coeur est-il une forme ?<\/strong> &#8212; Jean TOROMANOFF &#8212; Expos\u00e9 <br \/>\n La notion de forme est \u00e0 la fois tr\u00e8s courante, apparemment simple, et en fait assez difficile \u00e0 pr\u00e9ciser math\u00e9matiquement. Nous verrons qu&#8217;on peut en distinguer quatre d\u00e9finitions diff\u00e9rentes, et en quoi cela &#8220;impacte&#8221; sur l&#8217;enseignement de la g\u00e9om\u00e9trie (&#8220;rectangle&#8221; est-il une forme ?). Le passage par la &#8220;forme&#8221; c\u0153ur permettra de pr\u00e9ciser certaines confusions fr\u00e9quentes.<\/li>\n<li><strong>De Poincar\u00e9 \u00e0 H\u00e9non : un aper\u00e7u de la th\u00e9orie du chaos<\/strong> &#8212; Matthieu ASTORG &#8212; Expos\u00e9 <br \/>\n En 1888, Poincar\u00e9 publie un m\u00e9moire fondateur sur le probl\u00e8me \u00e0 3 corps, qui r\u00e9v\u00e8le l&#8217;existence de ph\u00e9nom\u00e8nes d&#8217;une complexit\u00e9 jusqu&#8217;alors insoup\u00e7onn\u00e9e. Il ouvre alors la voie \u00e0 un nouveau domaine des math\u00e9matiques : l&#8217;\u00e9tude qualitative de syst\u00e8mes chaotiques.\u00a0 Par la suite, de tels comportements chaotiques ont \u00e9t\u00e9 observ\u00e9s dans diff\u00e9rentes disciplines, comme la m\u00e9t\u00e9orologie par exemple. On exposera les grandes id\u00e9es de cette &#8220;th\u00e9orie du chaos&#8221;, ainsi que certains des progr\u00e8s accomplis au cours du XX\u00e8me si\u00e8cle.<\/li>\n<li><strong>a\/b + c\/d =( a+c )\/ (b+d) , et alors ?<\/strong> &#8212; Emmanuel CEPA &#8212; Expos\u00e9 <br \/>\n Liens entre l&#8217;addition des cancres \u00e9voqu\u00e9e dans le titre, les suites de Farey, les cercles de Ford et l&#8217;arbre de Stern-Brocot qui engendre tous les rationnels.<\/li>\n<li><strong>Des d\u00e9s \u00e0 la ruine&#8230;<\/strong> &#8212; Caroline L&#8217;EXCELLENT, Florent MALRIEU et Patricia RAT &#8212; Atelier<br \/>\n Pr\u00e9sentation des activit\u00e9s du groupe IREM Probas\/Stat autour de jeux de d\u00e9s et du probl\u00e8me de la ruine du joueur. Des activit\u00e9s ont \u00e9t\u00e9 exp\u00e9riment\u00e9es en coll\u00e8ge et en lyc\u00e9e, en lien avec l&#8217;algorithmique (Scratch, tableur et Python).<\/li>\n<li><strong>Des maths en herbe<\/strong> &#8212; Caroline ROUGERIE, Philippe GRILLOT et Antoine MARTIN &#8212; Expos\u00e9<br \/>\n En s&#8217;appuyant sur des actions men\u00e9es, comme celles de Maths en Jeans ou le Centre Galois nous ferons partager nos exp\u00e9riences en mati\u00e8re de transmission de savoirs math\u00e9matiques et plus pr\u00e9cis\u00e9ment de la sensibilisation de l&#8217;apprentissage de la recherche en maths. D&#8217;anciens \u00e9l\u00e8ves t\u00e9moigneront de ce que ces dispositifs leur ont apport\u00e9 dans la suite de leurs \u00e9tudes.<\/li>\n<li><strong>Algorithmique et programmation avec les calculatrices CASIO<\/strong> &#8212; Camille GASPARD &#8212; Atelier <br \/>\n Dans cet atelier nous vous proposons de travailler sur l&#8217;algorithmique et la programmation dans le cadre des nouveaux programmes de seconde avec des calculatrices CASIO.<\/li>\n<li><strong>Pr\u00e9sentation de s\u00e9ances innovantes r\u00e9alis\u00e9es au cours des TRAAM (Travaux Acad\u00e9miques Mutualis\u00e9s)<\/strong> &#8212; Yann ADUMEAU &#8212; Expos\u00e9 <br \/>\n Les TRAAM r\u00e9unissent des professeurs issus des cycles lyc\u00e9e\/coll\u00e8ge GT\/Pro, plusieurs disciplines. Le partage d&#8217;exp\u00e9riences permet de cr\u00e9er des s\u00e9ances motivantes pour les \u00e9l\u00e8ves sur des th\u00e8mes concrets.<\/li>\n<li><strong>Comment donner le go\u00fbt des maths comme on donne le go\u00fbt de la p\u00e2tisserie\u00a0?<\/strong> &#8212; Mich\u00e8le GRILLOT &#8212; Atelier<br \/>\n En s\u2019inscrivant \u00e0 cet atelier, le participant s\u2019engage \u00e0 mettre la main \u00e0 la p\u00e2te en apportant un \u00ab\u00a0g\u00e2teau math\u00e9matique\u00a0\u00bb de sa cr\u00e9ation, il sera d\u00e9gust\u00e9 pendant la pause qui suivra (Attention, il n\u2019y a pas de r\u00e9frig\u00e9rateur sur place&#8230;). Lors de l\u2019atelier, chaque participant d\u00e9crira son g\u00e2teau, sa recette et ses motivations. Au-del\u00e0 de la p\u00e2tisserie, l\u2019objectif ici n\u2019est pas de faire (que) des maths mais d\u2019\u00e9changer sur des pratiques qui permettent d\u2019\u00e9veiller la curiosit\u00e9 math\u00e9matique des \u00e9l\u00e8ves, d\u00e9velopper leur app\u00e9tence naturelle et \u00e9changer sur leurs mises en \u0153uvre effectives.<\/li>\n<li><strong>Comment et pourquoi utiliser un enseignant-chercheur dans votre \u00e9tablissement ? <\/strong> &#8212; Lise MALRIEU et Vincent BECK<br \/>\n Cet expos\u00e9 \u00e0 deux voix (celle d&#8217;un coll\u00e8gue du secondaire et celle d&#8217;un enseignant-chercheur) se propose de pr\u00e9senter diff\u00e9rentes modalit\u00e9s d&#8217;intervention d&#8217;un enseignant-chercheur dans un \u00e9tablissement scolaire et les r\u00e9percussions de chacune.<\/li>\n<li><strong>Python avec NumWorks<\/strong> &#8212; Clothilde RELIN &#8212; Atelier <br \/>\n Un atelier sur le langage Python et le fonctionnement de l&#8217;application Python de la calculatrice NumWorks.<\/li>\n<li><strong>Statistique et applications<\/strong> &#8212; Laurent DELSOL &#8212; Atelier<br \/>\n L&#8217;objectif de cet atelier est de se familiariser avec les r\u00e9sultats fondamentaux de la statistique : Loi des Grands Nombres et Th\u00e9or\u00e8mes de La Limite Centrale au travers d&#8217;exp\u00e9rimentations al\u00e9atoires et de simulations. Puis d&#8217;en pr\u00e9senter quelques exemples d&#8217;application au travers de probl\u00e8mes concrets de d\u00e9nombrement d&#8217;individus (combien d&#8217;arbres dans une for\u00eat, de poisson dans un \u00e9tang, d&#8217;aiguilles \u00e0 cheval sur deux lattes de parquet) ou plus g\u00e9n\u00e9raux (sondages pour donn\u00e9es sensibles, &#8230;). A moduler suivant le timing et l&#8217;envie du moment !<\/li>\n<li><strong>Math\u00e9matiques et son : quelques exemples historiques<\/strong> &#8212; \u00c9ric DECREUX &#8212; Atelier <br \/>\n Cet atelier propose de regarder certaines situations de l&#8217;histoire o\u00f9 l&#8217;existence d&#8217;un mod\u00e8le math\u00e9matique a pu se conjuguer \u00e0 des exp\u00e9riences physiques afin de mieux comprendre ce qu&#8217;est le son. Cet atelier peut \u00e9ventuellement servir dans le cadre d&#8217;enseignement comme les TPE, mais il vise surtout \u00e0 se poser des questions sur ce qu&#8217;est un mod\u00e8le math\u00e9matique. Il reprendra en partie le contenu d&#8217;interventions d\u00e9j\u00e0 faites dans des journ\u00e9es de l&#8217;acad\u00e9mie.<\/li>\n<li><strong>Programmation avec les calculatrices Texas Instruments et le v\u00e9hicule robotique Rover<\/strong><\/td>\n<p>&#8212; Ludovic DUCHENNE &#8212; <br \/>\nAtelier sur la programmation avec les calculatrices TI et utilisation du v\u00e9hicule robotique Rover.<\/li>\n<\/ul>\n","protected":false},"excerpt":{"rendered":"<p>Journ\u00e9e acad\u00e9mique des math\u00e9matiques 2018 La journ\u00e9e aura lieu le mercredi 23 mai 2018 sur le campus de Grandmont de &hellip; <a href=\"https:\/\/www.idpoisson.fr\/en\/jam2018\/\" class=\"more-link\">More <span class=\"screen-reader-text\">Journ\u00e9e acad\u00e9mique des math\u00e9matiques 2018<\/span> <span class=\"meta-nav\">&rarr;<\/span><\/a><\/p>\n","protected":false},"author":3,"featured_media":0,"parent":0,"menu_order":0,"comment_status":"closed","ping_status":"closed","template":"page-templates\/no-sidebar-full-width.php","meta":{"footnotes":""},"class_list":["post-371","page","type-page","status-publish","hentry"],"_links":{"self":[{"href":"https:\/\/www.idpoisson.fr\/en\/wp-json\/wp\/v2\/pages\/371","targetHints":{"allow":["GET"]}}],"collection":[{"href":"https:\/\/www.idpoisson.fr\/en\/wp-json\/wp\/v2\/pages"}],"about":[{"href":"https:\/\/www.idpoisson.fr\/en\/wp-json\/wp\/v2\/types\/page"}],"author":[{"embeddable":true,"href":"https:\/\/www.idpoisson.fr\/en\/wp-json\/wp\/v2\/users\/3"}],"replies":[{"embeddable":true,"href":"https:\/\/www.idpoisson.fr\/en\/wp-json\/wp\/v2\/comments?post=371"}],"version-history":[{"count":68,"href":"https:\/\/www.idpoisson.fr\/en\/wp-json\/wp\/v2\/pages\/371\/revisions"}],"predecessor-version":[{"id":1132,"href":"https:\/\/www.idpoisson.fr\/en\/wp-json\/wp\/v2\/pages\/371\/revisions\/1132"}],"wp:attachment":[{"href":"https:\/\/www.idpoisson.fr\/en\/wp-json\/wp\/v2\/media?parent=371"}],"curies":[{"name":"wp","href":"https:\/\/api.w.org\/{rel}","templated":true}]}}