{"id":4163,"date":"2022-06-17T12:04:01","date_gmt":"2022-06-17T10:04:01","guid":{"rendered":"https:\/\/www.idpoisson.fr\/?page_id=4163"},"modified":"2025-09-17T17:42:42","modified_gmt":"2025-09-17T15:42:42","slug":"evenements-accueil","status":"publish","type":"page","link":"https:\/\/www.idpoisson.fr\/en\/evenements-accueil\/","title":{"rendered":"Evenements accueil"},"content":{"rendered":"\n<h3>2020<\/h3>\n\n\n\n<p>Notre coll\u00e8gue Kilian Raschel a obtenu le prix Marc Yor 2020 de la SMF. L\u2019IDP  est tr\u00e8s heureux de cette r\u00e9compense qui salue le travail d\u2019un coll\u00e8gue tr\u00e8s actif au sein du laboratoire mais aussi le dynamisme des \u00e9quipes avec lesquelles il interagit.<\/p>\n\n\n\n<p><a href=\"_wp_link_placeholder\" data-wplink-edit=\"true\">https:\/\/smf.emath.fr\/actualites-smf\/annonce-laureats-prix-yor-2020<\/a><\/p>\n<hr \/>\n\n\n\n\n\n<p>Notre coll\u00e8gue Aline Bonami vient de recevoir le prix Stefan Bergman de l\u2019American Mathematical Society. L\u2019IDP la f\u00e9licite chaleureusement pour ce prix qui r\u00e9compense son travail fondamental sur les projecteurs de Bergman et Szeg\u00f6 ainsi que sur les espaces de fonctions holomorphes associ\u00e9s. Aline Bonami est professeur \u00e0 l\u2019universit\u00e9 d\u2019Orl\u00e9ans depuis 1973, actuellement \u00e9m\u00e9rite \u00e0 l\u2019Institut Denis Poisson. Elle est \u00e0 l\u2019origine de la cr\u00e9ation du laboratoire de math\u00e9matiques de l\u2019universit\u00e9 d\u2019Orl\u00e9ans qui a fusionn\u00e9 avec le laboratoire de Tours pour donner naissance \u00e0 l\u2019IDP. Son influence en analyse harmonique et analyse complexe \u00e0 plusieurs variables est incontestable au niveau international et sa longue implication en Afrique \u2013 Cameroun entre autres- a conduit \u00e0 un grand nombre de th\u00e8ses et de travaux autour de ce sujet.<br \/><a href=\"http:\/\/www.ams.org\/news?news_id=6598\">Annonce sur le site de l\u2019AMS.<\/a><\/p>\n","protected":false},"excerpt":{"rendered":"<p>2020 Notre coll\u00e8gue Kilian Raschel a obtenu le prix Marc Yor 2020 de la SMF. L\u2019IDP est tr\u00e8s heureux de &hellip; <a href=\"https:\/\/www.idpoisson.fr\/en\/evenements-accueil\/\" class=\"more-link\">More <span class=\"screen-reader-text\">Evenements accueil<\/span> <span class=\"meta-nav\">&rarr;<\/span><\/a><\/p>\n","protected":false},"author":1,"featured_media":0,"parent":0,"menu_order":0,"comment_status":"closed","ping_status":"closed","template":"","meta":{"footnotes":""},"class_list":["post-4163","page","type-page","status-publish","hentry"],"_links":{"self":[{"href":"https:\/\/www.idpoisson.fr\/en\/wp-json\/wp\/v2\/pages\/4163","targetHints":{"allow":["GET"]}}],"collection":[{"href":"https:\/\/www.idpoisson.fr\/en\/wp-json\/wp\/v2\/pages"}],"about":[{"href":"https:\/\/www.idpoisson.fr\/en\/wp-json\/wp\/v2\/types\/page"}],"author":[{"embeddable":true,"href":"https:\/\/www.idpoisson.fr\/en\/wp-json\/wp\/v2\/users\/1"}],"replies":[{"embeddable":true,"href":"https:\/\/www.idpoisson.fr\/en\/wp-json\/wp\/v2\/comments?post=4163"}],"version-history":[{"count":6,"href":"https:\/\/www.idpoisson.fr\/en\/wp-json\/wp\/v2\/pages\/4163\/revisions"}],"predecessor-version":[{"id":8966,"href":"https:\/\/www.idpoisson.fr\/en\/wp-json\/wp\/v2\/pages\/4163\/revisions\/8966"}],"wp:attachment":[{"href":"https:\/\/www.idpoisson.fr\/en\/wp-json\/wp\/v2\/media?parent=4163"}],"curies":[{"name":"wp","href":"https:\/\/api.w.org\/{rel}","templated":true}]}}