{"id":5,"date":"2017-06-12T15:33:57","date_gmt":"2017-06-12T13:33:57","guid":{"rendered":"http:\/\/www.idpoisson.fr\/?page_id=4"},"modified":"2026-02-04T16:22:14","modified_gmt":"2026-02-04T15:22:14","slug":"accueil","status":"publish","type":"page","link":"https:\/\/www.idpoisson.fr\/en\/","title":{"rendered":"Welcome"},"content":{"rendered":"<h3><a href=\"https:\/\/www.idpoisson.fr\/recrutements\"><span style=\"color: #ff0000\">Positions in Orl\u00e9ans and Tours in september 2023 <\/span><\/a><\/h3>\n<h3>Welcome to the Institut Denis Poisson&#8217;s website<\/h3>\n<h5>UMR CNRS 7013<\/h5>\n<p>This research unit is dedicated to mathematics and theoretical physics. It is located in Orl\u00e9ans and Tours, France, and gathers about 90 permanent researchers, 30 doctoral candidates, ATER, post-doctoral fellows and around 10 administrative staff. Four thematic teams are present:<\/p>\n<ul>\n<li><a href=\"http:\/\/www.idpoisson.fr\/equipe-de-physique-theorique\/\">Theoretical Physics<\/a><\/li>\n<li><a href=\"http:\/\/www.idpoisson.fr\/equipe-edp-modelisation-simulation\/\">PDE, modeling, simulation<\/a><\/li>\n<li><a href=\"http:\/\/www.idpoisson.fr\/equipe-probabilite-algebre-combinatoire-theorie-ergodique-statistique\/\">Probability, Algebra, Combinatorics, Ergodic Theory, Statistics<\/a><\/li>\n<li><a href=\"http:\/\/www.idpoisson.fr\/equipe-danalyse-et-geometrie\/\">Analysis and Geometry<\/a><\/li>\n<\/ul>\n<h3><\/h3>\n<h3>Events<\/h3>\n    <div class='event'>\n    <div class='event_title'> Conf\u00e9rences<\/div>\n     <br>\n    <b>Journ\u00e9es Relativistes de Tours<\/b><br>\n    du Wednesday 03 June 2026 au Friday 05 June 2026    &nbsp;-&nbsp;\n    Tours &nbsp;- &nbsp; Amphi Bio, Batiment F    &nbsp;<a href='\/agenda-de-lidp?id=16451'>(+ de d\u00e9tails)<\/a>\n    <\/div>\n        <div class='event'>\n    <div class='event_title'> Conf\u00e9rences<\/div>\n    Laetitia Portier (Institut Denis Poisson) <br>\n    <b>Conformal anomalies: theory and applications 2026<\/b><br>\n    du Wednesday 17 June 2026 au Friday 19 June 2026    &nbsp;-&nbsp;\n    Tours &nbsp;- &nbsp; Amphi E030, b\u00e2timent E2, rez-de-chauss\u00e9e    &nbsp;<a href='\/agenda-de-lidp?id=14971'>(+ de d\u00e9tails)<\/a>\n    <\/div>\n        <div class='event'>\n    <div class='event_title'> Conf\u00e9rences<\/div>\n     <br>\n    <b>New trends in holomorphic dynamics in dimension one and higher<\/b><br>\n    du Monday 29 June 2026 au Friday 03 July 2026    &nbsp;-&nbsp;\n    Universit\u00e9 d'Orl\u00e9ans &nbsp;- &nbsp;     &nbsp;<a href='\/agenda-de-lidp?id=15725'>(+ de d\u00e9tails)<\/a>\n    <\/div>\n        <div class='event'>\n    <div class='event_title'> Conf\u00e9rences<\/div>\n     <br>\n    <b>Hecke algebras, representations and combinatorics<\/b><br>\n    du Tuesday 07 July 2026 au Thursday 09 July 2026    &nbsp;-&nbsp;\n    Tours &nbsp;- &nbsp;     &nbsp;<a href='\/agenda-de-lidp?id=15926'>(+ de d\u00e9tails)<\/a>\n    <\/div>\n    \n<h3>Mail Addresses<\/h3>\n<table class=\"yellow dir\" style=\"width: 100%\" border=\"1\">\n<tbody>\n<tr>\n<td>\n<h3>Institut Denis Poisson<\/h3>\n<p>Universit\u00e9 de Tours<br \/>\nFacult\u00e9s des Sciences et Techniques<br \/>\nParc de Grandmont<br \/>\n37200 Tours FRANCE<\/td>\n<td>\n<h3>Institut Denis Poisson<\/h3>\n<p>Universit\u00e9 d&#8217;Orl\u00e9ans<br \/>\nCollegium Sciences et Techniques<br \/>\nB\u00e2timent de math\u00e9matiques<br \/>\nRue de Chartres B.P. 6759<br \/>\n45067 Orl\u00e9ans cedex 2 FRANCE<\/td>\n<\/tr>\n<\/tbody>\n<\/table>\n<h3>A little bit of history<\/h3>\n<p>The Institut Denis Poisson is the heir of the F\u00e9d\u00e9ration Denis Poisson. It is the merger of two research laboratories, the MAPMO in Orl\u00e9ans and the LMPT in Tours\u00a0:<\/p>\n<ul>\n<li>The former Mathematics laboratory MAPMO, for Math\u00e9matiques, Analyse, Probabilit\u00e9s, Mod\u00e9lisation, Orl\u00e9ans, has evolved around mathematical analysis,\u00a0 probablilities and mathematical physics. On it&#8217;s latest years, more emphasis was put on interactions, be they inside or outside mathematics.<\/li>\n<li>The former Mathematics and Theoretical Physics laboratory, LMPT, took it&#8217;s originality from it&#8217;s bisciplinary structure of Mathematics and THeoretical Physics.<\/li>\n<\/ul>\n","protected":false},"excerpt":{"rendered":"<p>Positions in Orl\u00e9ans and Tours in september 2023 Welcome to the Institut Denis Poisson&#8217;s website UMR CNRS 7013 This research &hellip; <a href=\"https:\/\/www.idpoisson.fr\/en\/\" class=\"more-link\">More <span class=\"screen-reader-text\">Welcome<\/span> <span class=\"meta-nav\">&rarr;<\/span><\/a><\/p>\n","protected":false},"author":1,"featured_media":0,"parent":0,"menu_order":0,"comment_status":"closed","ping_status":"closed","template":"","meta":{"footnotes":""},"class_list":["post-5","page","type-page","status-publish","hentry"],"_links":{"self":[{"href":"https:\/\/www.idpoisson.fr\/en\/wp-json\/wp\/v2\/pages\/5","targetHints":{"allow":["GET"]}}],"collection":[{"href":"https:\/\/www.idpoisson.fr\/en\/wp-json\/wp\/v2\/pages"}],"about":[{"href":"https:\/\/www.idpoisson.fr\/en\/wp-json\/wp\/v2\/types\/page"}],"author":[{"embeddable":true,"href":"https:\/\/www.idpoisson.fr\/en\/wp-json\/wp\/v2\/users\/1"}],"replies":[{"embeddable":true,"href":"https:\/\/www.idpoisson.fr\/en\/wp-json\/wp\/v2\/comments?post=5"}],"version-history":[{"count":30,"href":"https:\/\/www.idpoisson.fr\/en\/wp-json\/wp\/v2\/pages\/5\/revisions"}],"predecessor-version":[{"id":9384,"href":"https:\/\/www.idpoisson.fr\/en\/wp-json\/wp\/v2\/pages\/5\/revisions\/9384"}],"wp:attachment":[{"href":"https:\/\/www.idpoisson.fr\/en\/wp-json\/wp\/v2\/media?parent=5"}],"curies":[{"name":"wp","href":"https:\/\/api.w.org\/{rel}","templated":true}]}}