{"id":5208,"date":"2023-05-30T07:57:10","date_gmt":"2023-05-30T05:57:10","guid":{"rendered":"https:\/\/www.idpoisson.fr\/?page_id=5208"},"modified":"2023-06-05T20:08:18","modified_gmt":"2023-06-05T18:08:18","slug":"programme-maathrafic","status":"publish","type":"page","link":"https:\/\/www.idpoisson.fr\/en\/programme-maathrafic\/","title":{"rendered":"Programme Maathrafic"},"content":{"rendered":"\n\n\n<figure class=\"wp-block-table\"><table><tbody><tr><td><strong>MONDAY, June 5<\/strong><\/td><td><\/td><td><\/td><\/tr><tr><td>2:30 PM &#8212; 3:15 PM<\/td><td>Helge HOLDEN<\/td><td><a href=\"https:\/\/utbox.univ-tours.fr\/s\/kAAdYCFEtJNdJTQ\">Mathematical modeling of traffic flow: Discrete vs Continuous<\/a><\/td><\/tr><tr><td>3:25 PM &#8212; 4:10 PM<\/td><td>Charlotte PERRIN<\/td><td><a href=\"https:\/\/utbox.univ-tours.fr\/s\/gG689LjTyKKpFGY\">Hard congestion limit of the&nbsp;p-system in the BV setting<\/a><\/td><\/tr><tr><td>                    coffee break<\/td><td><\/td><td><\/td><\/tr><tr><td>4:45 PM &#8212; 5:15 PM<\/td><td>Abraham SYLLA<\/td><td><a href=\"https:\/\/utbox.univ-tours.fr\/s\/WW2F2gTCfjYLEj6\">A second order model of traffic with organization marker<\/a><\/td><\/tr><tr><td><s>5:20 PM &#8212; 6:05 PM<\/s><\/td><td><s>Giuseppe COCLITE<\/s><\/td><td><a href=\"https:\/\/utbox.univ-tours.fr\/s\/ctosnfGpwoKPMCR\"><s>Nonlocal conservation laws: singular limit and long-time behavior<\/s><\/a><\/td><\/tr><tr><td><\/td><td><\/td><td><\/td><\/tr><tr><td><strong>TUESDAY, June 6<\/strong><\/td><td><\/td><td><\/td><\/tr><tr><td>8:30 AM &#8212; 9:15 AM<\/td><td>Cecile APPERT-ROLLAND<\/td><td><a href=\"https:\/\/utbox.univ-tours.fr\/s\/2nKRkGqTCPTizHn\">High density crowd: Mean-field game model versus experimental data<\/a><\/td><\/tr><tr><td>9:25 AM &#8212; 9:55 AM <\/td><td>Etienne PINSARD<\/td><td><a href=\"https:\/\/utbox.univ-tours.fr\/s\/FWsRAXFbBJy3bFB\">Micro and macro crowd models for evacuation &#8211; coupling and application<\/a><\/td><\/tr><tr><td>10:00 AM &#8212; 10:30 AM<\/td><td>Niklas KOLBE<\/td><td><a href=\"https:\/\/utbox.univ-tours.fr\/s\/g2pFNfb6TW9QPj9\">A central scheme for coupled traffic flow models<\/a><\/td><\/tr><tr><td>                 coffee break<\/td><td><\/td><td><\/td><\/tr><tr><td>11:05 AM &#8212; 11:50 AM<\/td><td>Giovanni DE NUNZIO<\/td><td><a href=\"https:\/\/utbox.univ-tours.fr\/s\/DHgQCzLYXPdZWcf\">Eco-routing and optimal placement of charging infrastructure for electric vehicles: applications of combinatorial optimization on graphs<\/a><\/td><\/tr><tr><td>12 (noon) &#8212; 0:30 PM<\/td><td>Nicola DE NITTI and Giuseppe COCLITE, Th\u00e9o GIRARD and Boris ANDREIANOV,  Ghadir JRADI and Noureddine IGBIDA, Bastien POLIZZI and Julien-Yves ROLLAND, Florian PERU and Carlotta DONADELLO<\/td><td>short oral presentations of posters<\/td><\/tr><tr><td>                lunch break<\/td><td><\/td><td><\/td><\/tr><tr><td>2:00 PM &#8212; 2:45 PM<\/td><td>Aurelien DURET<\/td><td><a href=\"https:\/\/utbox.univ-tours.fr\/s\/pXqQigGQzkFeb2d\">Mod\u00e9lisation des d\u00e9placements routiers : vers une int\u00e9gration des r\u00e9sultats de recherche dans un outil op\u00e9rationnel&nbsp; <em>Neovya Hubsim<\/em><\/a><br>(talk in English, slides in French)<\/td><\/tr><tr><td>2:55 PM &#8212; 3:40 PM<\/td><td>Alexandre CHASSE<\/td><td><a href=\"https:\/\/utbox.univ-tours.fr\/s\/kgS7BMeQwsoL5ct\">Using mobility data to estimate flows per street: an overview of different approaches applied to bicycle mobility<\/a><\/td><\/tr><tr><td>             coffee + posters<\/td><td><\/td><td><\/td><\/tr><tr><td>4:25 PM &#8212; 4:55 PM<\/td><td>Matteo PIU<\/td><td><a href=\"https:\/\/utbox.univ-tours.fr\/s\/jNXGkRQ92ysG77M\">Multi-lane vehicular flow models<\/a><\/td><\/tr><tr><td>5:00 PM &#8212; 5:45 PM<\/td><td>Jean-Luc PAILLAT<\/td><td><a href=\"https:\/\/utbox.univ-tours.fr\/s\/pPaPPq66orfSJFR\">Building evacuation and crowd modeling, from fire safety regulation to evacuation software surveys<\/a><\/td><\/tr><tr><td><\/td><td><\/td><td><\/td><\/tr><tr><td><strong>WEDNESDAY, June 7<\/strong><\/td><td><\/td><td><\/td><\/tr><tr><td>8:30 AM &#8212; 9:15 AM<\/td><td>Maya BRIANI<\/td><td><a href=\"https:\/\/utbox.univ-tours.fr\/s\/4wnZWPCcBJLeC6P\">Estimate traffic emissions through second-order models<\/a><\/td><\/tr><tr><td>9:25 AM &#8212; 9:55 AM<\/td><td>Mickael BESTARD<br><a href=\"https:\/\/greenlight.virtualdata.cloud.math.cnrs.fr\/b\/bor-xdh-4qu\">online talk<\/a> to be confirmed<\/td><td><a href=\"https:\/\/utbox.univ-tours.fr\/s\/8YEe94a6bGNxFdJ\">How to evacuate a roadway in an optimal way?<\/a><\/td><\/tr><tr><td>10:00 AM &#8212; 10:30 AM<\/td><td>Alexandra WUERTH<\/td><td><a href=\"https:\/\/utbox.univ-tours.fr\/s\/iBNwDK58Z7X9aq5\">Combining physics models and Gaussian processes for traffic prediction<\/a><\/td><\/tr><tr><td>                coffee break<\/td><td><\/td><td><\/td><\/tr><tr><td>11:05 AM &#8212; 11:50 AM<\/td><td>Thibault LIARD<\/td><td><a href=\"https:\/\/utbox.univ-tours.fr\/s\/5MT5QwMJQXyfsfs\">Stabilization of conservation laws in the context of G-solutions<\/a><\/td><\/tr><tr><td>     sandwiches\/lunch, <br>     free afternoon<\/td><td><\/td><td><\/td><\/tr><tr><td>6 PM &#8212; 7 PM<\/td><td>Bertrand MAURY (wide audience talk in french, downtown Tours)<\/td><td><a href=\"https:\/\/www.univ-tours.fr\/recherche\/actualite-scientifique\/conference-grand-public-foules-en-equations\">Foules en equations<\/a><\/td><\/tr><tr><td>7:30 PM conference dinner at <a href=\"https:\/\/maps.app.goo.gl\/aZcNfeVzr3pJNQAG6\">Chez Dupont<\/a> (La Guinguette de Tours)<\/td><td><\/td><td><\/td><\/tr><tr><td><\/td><td><\/td><td><\/td><\/tr><tr><td><strong>THURSDAY June 8<\/strong><\/td><td><\/td><td><\/td><\/tr><tr><td>8:45 AM &#8212; 9:30 AM<\/td><td>Rinaldo COLOMBO <a href=\"https:\/\/greenlight.virtualdata.cloud.math.cnrs.fr\/b\/bor-xdh-4qu\">online talk<\/a> or<br>Vincent PERROLLAZ <\/td><td><a href=\"https:\/\/utbox.univ-tours.fr\/s\/5kD48NwrCYJB5Pq\">Inverse Design for Hamilton-Jacobi Equation and Conservation Laws<\/a><\/td><\/tr><tr><td>9:40 AM &#8212; 10:25 AM<\/td><td>Andrea CORLI<\/td><td><a href=\"https:\/\/utbox.univ-tours.fr\/s\/wg5d5aBycjEBYKx\">Hysteresis and string stability in traffic flows<\/a><\/td><\/tr><tr><td>              coffee break<\/td><td><\/td><td><\/td><\/tr><tr><td>11:05 AM &#8212; 11:35 AM <\/td><td>Hamza ENNAJI<\/td><td><a href=\"https:\/\/utbox.univ-tours.fr\/s\/StAPaXmHXeREzy4\">Prediction-correction pedestrian flow via minimum flow problem<\/a><\/td><\/tr><tr><td>11:40 AM &#8212; 12:10 AM<\/td><td>Felisia CHIARELLO<\/td><td><a href=\"https:\/\/utbox.univ-tours.fr\/s\/T93JTsW5xXHQa8z\">On the singular limit problem for a class of first order nonlocal lane-changing traffic flow models<\/a><\/td><\/tr><tr><td>            lunch break<\/td><td><\/td><td><\/td><\/tr><tr><td>1:30 PM &#8212; 2:15 PM<\/td><td>Giuseppe VISCONTI<\/td><td><a href=\"https:\/\/utbox.univ-tours.fr\/s\/4QWS7HsczQEqpoP\">Unstable waves in kinetic models for traffic flow<\/a><\/td><\/tr><tr><td>2:25 PM &#8212; 3:10 PM<\/td><td>Nicolas FORCADEL<\/td><td><a href=\"https:\/\/utbox.univ-tours.fr\/s\/8mPoKRmcrqkFeGi\">Derivation of macroscopic traffic flow models on networks<\/a><\/td><\/tr><tr><td>         closure, coffee <\/td><td><\/td><td><\/td><\/tr><\/tbody><\/table><\/figure>\n","protected":false},"excerpt":{"rendered":"<p>MONDAY, June 5 2:30 PM &#8212; 3:15 PM Helge HOLDEN Mathematical modeling of traffic flow: Discrete vs Continuous 3:25 PM &hellip; <a href=\"https:\/\/www.idpoisson.fr\/en\/programme-maathrafic\/\" class=\"more-link\">More <span class=\"screen-reader-text\">Programme Maathrafic<\/span> <span class=\"meta-nav\">&rarr;<\/span><\/a><\/p>\n","protected":false},"author":98,"featured_media":0,"parent":0,"menu_order":0,"comment_status":"closed","ping_status":"closed","template":"","meta":{"footnotes":""},"class_list":["post-5208","page","type-page","status-publish","hentry"],"_links":{"self":[{"href":"https:\/\/www.idpoisson.fr\/en\/wp-json\/wp\/v2\/pages\/5208","targetHints":{"allow":["GET"]}}],"collection":[{"href":"https:\/\/www.idpoisson.fr\/en\/wp-json\/wp\/v2\/pages"}],"about":[{"href":"https:\/\/www.idpoisson.fr\/en\/wp-json\/wp\/v2\/types\/page"}],"author":[{"embeddable":true,"href":"https:\/\/www.idpoisson.fr\/en\/wp-json\/wp\/v2\/users\/98"}],"replies":[{"embeddable":true,"href":"https:\/\/www.idpoisson.fr\/en\/wp-json\/wp\/v2\/comments?post=5208"}],"version-history":[{"count":38,"href":"https:\/\/www.idpoisson.fr\/en\/wp-json\/wp\/v2\/pages\/5208\/revisions"}],"predecessor-version":[{"id":5300,"href":"https:\/\/www.idpoisson.fr\/en\/wp-json\/wp\/v2\/pages\/5208\/revisions\/5300"}],"wp:attachment":[{"href":"https:\/\/www.idpoisson.fr\/en\/wp-json\/wp\/v2\/media?parent=5208"}],"curies":[{"name":"wp","href":"https:\/\/api.w.org\/{rel}","templated":true}]}}