{"id":595,"date":"2018-01-23T13:56:43","date_gmt":"2018-01-23T12:56:43","guid":{"rendered":"https:\/\/www.idpoisson.fr\/?page_id=595"},"modified":"2018-02-22T16:14:56","modified_gmt":"2018-02-22T15:14:56","slug":"actions-vers-le-secondaire","status":"publish","type":"page","link":"https:\/\/www.idpoisson.fr\/en\/actions-vers-le-secondaire\/","title":{"rendered":"Actions en direction du secondaire et du grand public"},"content":{"rendered":"<ul>\nContact \u00e0 Orl\u00e9ans : <a href=\"mailto:com.math@listes.univ-orleans.fr\">mail de l&#8217;\u00c9quipe Communication<\/a>.<\/p>\n<h3 align=\"center\"><font color=\"#000080\" size=\"5\"><br \/>\nAnn\u00e9e acad\u00e9mique 2017\u20132018<br \/>\n<\/font><\/h3>\n<p><b>Interventions lyc\u00e9es\/coll\u00e8ges<\/b><\/p>\n<table border=\"1\" cellspacing=\"\">\n<tr>\n<td align=\"right\" width=\"75\"> Date <\/td>\n<td valign=\"center\" width=\"500\"> Type d&#8217;intervention <\/td>\n<td valign=\"center\" width=\"200\"> Intervenants <\/td>\n<\/tr>\n<tr>\n<td align=\"right\" width=\"75\" bgcolor=\"#FDFBC8\"> 30\/03\/18 <\/td>\n<td valign=\"center\" width=\"500\" bgcolor=\"#FDFBC8\"> Rencontres Faire-Maths\/Fermat \u00e0 Amillly <\/td>\n<td valign=\"center\" width=\"200\" bgcolor=\"#FDFBC8\"> Philippe Grillot\n\t<\/td>\n<\/tr>\n<tr>\n<td align=\"right\" width=\"75\" bgcolor=\"#FDFBC8\"> 30\/03\/18 <\/td>\n<td valign=\"center\" width=\"500\" bgcolor=\"#FDFBC8\"> Expos\u00e9s Maths et magie UTL  <\/td>\n<td valign=\"center\" width=\"200\" bgcolor=\"#FDFBC8\"> Philippe Grillot\n\t<\/td>\n<\/tr>\n<tr>\n<td align=\"right\" width=\"75\" bgcolor=\"#FDFBC8\"> 29\/03\/18 <\/td>\n<td valign=\"center\" width=\"500\" bgcolor=\"#FDFBC8\"> Accueil classe de 3e coll\u00e8ge Dunois  <\/td>\n<td valign=\"center\" width=\"200\" bgcolor=\"#FDFBC8\"> Philippe Grillot\n\t<\/td>\n<\/tr>\n<tr>\n<td align=\"right\" width=\"75\" bgcolor=\"#FDFBC8\"> 26\/03\/18 <\/td>\n<td valign=\"center\" width=\"500\" bgcolor=\"#FDFBC8\"> Intervention en 1S au lyc\u00e9e Charles P\u00e9guy  <\/td>\n<td valign=\"center\" width=\"200\" bgcolor=\"#FDFBC8\"> Philippe Grillot\n\t<\/td>\n<\/tr>\n<tr>\n<td align=\"right\" width=\"75\" bgcolor=\"#FDFBC8\"> 12 et 16\/03\/18 <\/td>\n<td valign=\"center\" width=\"500\" bgcolor=\"#FDFBC8\"> Expos\u00e9s dans 4 classes du lyc\u00e9e Jean Zay  <\/td>\n<td valign=\"center\" width=\"200\" bgcolor=\"#FDFBC8\"> Philippe Grillot\n\t<\/td>\n<\/tr>\n<tr>\n<td align=\"right\" width=\"75\" bgcolor=\"#FDFBC8\"> 27\/02\/18 <\/td>\n<td valign=\"center\" width=\"500\" bgcolor=\"#FDFBC8\"> Immersion en TD classe de terminale (La Ch\u00e2tre)  <\/td>\n<td valign=\"center\" width=\"200\" bgcolor=\"#FDFBC8\"> Mich\u00e8le Grillot\n\t<\/td>\n<\/tr>\n<tr>\n<td align=\"right\" width=\"75\" bgcolor=\"#FDFBC8\"> 21\/02\/18 <\/td>\n<td valign=\"center\" width=\"500\" bgcolor=\"#FDFBC8\"> Immersion en TD classe de terminale (Giens)  <\/td>\n<td valign=\"center\" width=\"200\" bgcolor=\"#FDFBC8\"> Mich\u00e8le Grillot\n\t<\/td>\n<\/tr>\n<tr>\n<td align=\"right\" width=\"75\" bgcolor=\"#FDFBC8\"> 21\/02\/18 <\/td>\n<td valign=\"center\" width=\"500\" bgcolor=\"#FDFBC8\"> Accueil classe de 4e Giens  <\/td>\n<td valign=\"center\" width=\"200\" bgcolor=\"#FDFBC8\"> Philippe Grillot\n\t<\/td>\n<\/tr>\n<tr>\n<td align=\"right\" width=\"75\" bgcolor=\"#FDFBC8\"> 05\/02\/18 <\/td>\n<td valign=\"center\" width=\"500\" bgcolor=\"#FDFBC8\"> Accueil Terminales Giens  <\/td>\n<td valign=\"center\" width=\"200\" bgcolor=\"#FDFBC8\"> Mich\u00e8le Grillot\n\t<\/td>\n<\/tr>\n<tr>\n<td align=\"right\" width=\"75\" bgcolor=\"#FDFBC8\"> 05\/02\/18 <\/td>\n<td valign=\"center\" width=\"500\" bgcolor=\"#FDFBC8\"> Intervention  au lyc\u00e9e Pothier  <\/td>\n<td valign=\"center\" width=\"200\" bgcolor=\"#FDFBC8\"> Mich\u00e8le Grillot\n\t<\/td>\n<\/tr>\n<tr>\n<td align=\"right\" width=\"75\" bgcolor=\"#FDFBC8\"> 16\/01\/18 <\/td>\n<td valign=\"center\" width=\"500\" bgcolor=\"#FDFBC8\"> Intervention en TS au lyc\u00e9e Charles P\u00e9guy  <\/td>\n<td valign=\"center\" width=\"200\" bgcolor=\"#FDFBC8\"> Philippe Grillot\n\t<\/td>\n<\/tr>\n<tr>\n<td align=\"right\" width=\"75\" bgcolor=\"#C8FDCF\"> 22-26\/01\/18 <\/td>\n<td valign=\"center\" width=\"500\" bgcolor=\"#C8FDCF\"> Accueil d&#8217;un stagiaire de 3\u00e8me  <\/td>\n<td valign=\"center\" width=\"200\" bgcolor=\"#C8FDCF\"> Coordination Laurent Delsol <\/td>\n<\/tr>\n<tr>\n<td align=\"right\" width=\"75\" bgcolor=\"#C8FDCF\"> 22\/12\/17 matin <\/td>\n<td valign=\"center\" width=\"500\" bgcolor=\"#C8FDCF\"> Accueil d&#8217;un groupe de stagiaires de 3\u00e8me (via CNRS) <\/td>\n<td valign=\"center\" width=\"200\" bgcolor=\"#C8FDCF\"> Coordination Nils Berglund <\/td>\n<\/tr>\n<tr>\n<td align=\"right\" width=\"75\" bgcolor=\"#FDFBC8\"> 18 au 22\/12\/17 <\/td>\n<td valign=\"center\" width=\"500\" bgcolor=\"#FDFBC8\"> Animation d&#8217;ateliers<br \/>\n\tau lyc\u00e9e Benjamin Franklin<\/td>\n<td valign=\"center\" width=\"200\" bgcolor=\"#FDFBC8\"> Luc Hillairet, Magali Ribot et Julien Barr\u00e9\n\t<\/td>\n<\/tr>\n<tr>\n<td align=\"right\" width=\"75\" bgcolor=\"#FDFBC8\"> 15\/12\/17 <\/td>\n<td valign=\"center\" width=\"500\" bgcolor=\"#FDFBC8\"> Visite de 4 classes du lyc\u00e9e Benjamin Franklin, cycle &#8220;Benjam sciences&#8221; (Orl\u00e9ans)  <\/td>\n<td valign=\"center\" width=\"200\" bgcolor=\"#FDFBC8\"> Philippe Grillot\n\t<\/td>\n<\/tr>\n<tr>\n<td align=\"right\" width=\"75\" bgcolor=\"#FDFBC8\"> 08\/12\/17 <\/td>\n<td valign=\"center\" width=\"500\" bgcolor=\"#FDFBC8\"> Pr\u00e9sentation des m\u00e9tiers des maths au forum de l&#8217;orientation (Bourges)  <\/td>\n<td valign=\"center\" width=\"200\" bgcolor=\"#FDFBC8\"> Philippe Grillot\n\t<\/td>\n<\/tr>\n<tr>\n<td align=\"right\" width=\"75\" bgcolor=\"#FDFBC8\"> 06\/12\/17 <\/td>\n<td valign=\"center\" width=\"500\" bgcolor=\"#FDFBC8\"> Maths et Magie pour le T\u00e9l\u00e9thon<br \/>\n\t\u00e0 Bourges  <\/td>\n<td valign=\"center\" width=\"200\" bgcolor=\"#FDFBC8\"> Philippe Grillot\n\t<\/td>\n<\/tr>\n<tr>\n<td align=\"right\" width=\"75\" bgcolor=\"#C8FDCF\"> 22-25\/11\/17 <\/td>\n<td valign=\"center\" width=\"500\" bgcolor=\"#C8FDCF\"> Accueil d&#8217;un stagiaire de 3\u00e8me  <\/td>\n<td valign=\"center\" width=\"200\" bgcolor=\"#C8FDCF\"> Coordination Laurent Delsol <\/td>\n<\/tr>\n<tr>\n<td align=\"right\" width=\"75\" bgcolor=\"#FDFBC8\"> 13\/11\/17 <\/td>\n<td valign=\"center\" width=\"500\" bgcolor=\"#FDFBC8\"> Pr\u00e9sentation des m\u00e9tiers de l&#8217;enseignement des maths au lyc\u00e9e Pothier (Orl\u00e9ans)  <\/td>\n<td valign=\"center\" width=\"200\" bgcolor=\"#FDFBC8\"> Mich\u00e8le Grillot\n\t<\/td>\n<\/tr>\n<tr>\n<td align=\"right\" width=\"75\" bgcolor=\"#FDFBC8\"> 12\/10\/17 <\/td>\n<td valign=\"center\" width=\"500\" bgcolor=\"#FDFBC8\"> Conf\u00e9rence &#8220;Congruences au quotidien&#8221; dans le cadre<br \/>\n\t de la F\u00eate de la Science au coll\u00e8ge G\u00e9rard Philipe \u00e0 Aubigny-sur-N\u00e8re  <\/td>\n<td valign=\"center\" width=\"200\" bgcolor=\"#FDFBC8\"> Nathalie Grenon\n\t<\/td>\n<\/tr>\n<tr>\n<td align=\"right\" width=\"75\" bgcolor=\"#FDFBC8\"> 06\/10\/17 <\/td>\n<td valign=\"center\" width=\"500\" bgcolor=\"#FDFBC8\"> Conf\u00e9rence &#8220;Maths et magie un mariage pour le meilleur&#8221; dans le cadre<br \/>\n\t de la F\u00eate de la Science\/Vaucansciences au lyc\u00e9e Vaucanson  <\/td>\n<td valign=\"center\" width=\"200\" bgcolor=\"#FDFBC8\"> Vincent Beck\n\t<\/td>\n<\/tr>\n<tr>\n<td align=\"right\" width=\"75\" bgcolor=\"#FDFBC8\"> 11\/10\/17 <\/td>\n<td valign=\"center\" width=\"500\" bgcolor=\"#FDFBC8\"> Conf\u00e9rence grand public dans le cadre<br \/>\n\t de la F\u00eate de la Science au CNAM (Paris)  <\/td>\n<td valign=\"center\" width=\"200\" bgcolor=\"#FDFBC8\"> Magali Ribot\n\t<\/td>\n<\/tr>\n<\/table>\n<p><b>Forums\/Journ\u00e9es\/Colloques\/Autres<\/b><\/p>\n<table border=\"1\" cellspacing=\"\">\n<tr>\n<td align=\"right\" width=\"75\" bgcolor=\"#C8D2FD\"> 18-30\/6\/18 <\/td>\n<td valign=\"center\" width=\"500\" bgcolor=\"#C8D2FD\"> <a href=\"http:\/\/www.centre-galois.fr\/\">Centre Galois 2018<\/a><\/td>\n<td valign=\"center\" width=\"200\" bgcolor=\"#C8D2FD\"> <\/td>\n<\/tr>\n<tr>\n<td align=\"right\" width=\"75\" bgcolor=\"#C8D2FD\"> 04\/18 <\/td>\n<td valign=\"center\" width=\"500\" bgcolor=\"#C8D2FD\"> Tournoi Francais des jeunes math\u00e9maticiens et math\u00e9maticiennes \u00e0 Tours <a href=\"https:\/\/www.tfjm.org\/\">(site web)<\/a> <\/td>\n<td valign=\"center\" width=\"200\" bgcolor=\"#C8D2FD\"> Vincent Beck<\/td>\n<\/tr>\n<tr>\n<td align=\"right\" width=\"75\" bgcolor=\"#C8D2FD\"> 15-16\/10\/17 <\/td>\n<td valign=\"center\" width=\"500\" bgcolor=\"#C8D2FD\"> F\u00eate de la Science<\/td>\n<td valign=\"center\" width=\"200\" bgcolor=\"#C8D2FD\"> Coordonn\u00e9 par l&#8217;Equipe &#8220;Comm&#8221; <\/td>\n<\/tr>\n<\/table>\n<p><b>Parrainages Maths en Jean (coordinatrice Acad\u00e9mie Orl\u00e9ans-Tours : Mich\u00e8le Grillot)<\/b><\/p>\n<table border=\"1\" cellspacing=\"\">\n<tr>\n<td align=\"right\" width=\"75\" bgcolor=\"#C8FDFC\">  <\/td>\n<td valign=\"center\" width=\"500\" bgcolor=\"#C8FDFC\"> Lyc\u00e9e Le Lik\u00e8s \u00e0  \tQuimper <\/td>\n<td valign=\"center\" width=\"200\" bgcolor=\"#C8FDFC\"> Romain Abraham <\/td>\n<\/tr>\n<tr>\n<td align=\"right\" width=\"75\" bgcolor=\"#C8FDFC\">  <\/td>\n<td valign=\"center\" width=\"500\" bgcolor=\"#C8FDFC\"> Ecole Les Roseaux \u00e0<br \/>\n\tMontargis <\/td>\n<td valign=\"center\" width=\"200\" bgcolor=\"#C8FDFC\"> Philippe Grillot\n\t<\/td>\n<\/tr>\n<tr>\n<td align=\"right\" width=\"75\" bgcolor=\"#C8FDFC\">  <\/td>\n<td valign=\"center\" width=\"500\" bgcolor=\"#C8FDFC\"> Lyc\u00e9e Charles P\u00e9guy\n <\/td>\n<td valign=\"center\" width=\"200\" bgcolor=\"#C8FDFC\"> Philippe Grillot\n\t<\/td>\n<\/tr>\n<tr>\n<td align=\"right\" width=\"75\" bgcolor=\"#C8FDFC\">  <\/td>\n<td valign=\"center\" width=\"500\" bgcolor=\"#C8FDFC\"> Lyc\u00e9e Maurice Genevoix \u00e0<br \/>\n\tIngr\u00e9 <\/td>\n<td valign=\"center\" width=\"200\" bgcolor=\"#C8FDFC\"> Philippe Grillot <\/td>\n<\/tr>\n<tr>\n<td align=\"right\" width=\"75\" bgcolor=\"#C8FDFC\">  <\/td>\n<td valign=\"center\" width=\"500\" bgcolor=\"#C8FDFC\"> Coll\u00e8ge Maurice Genevoix \u00e0<br \/>\n\tLigueil <\/td>\n<td valign=\"center\" width=\"200\" bgcolor=\"#C8FDFC\"> Vincent Beck <\/td>\n<\/tr>\n<tr>\n<td align=\"right\" width=\"75\" bgcolor=\"#C8FDFC\">  <\/td>\n<td valign=\"center\" width=\"500\" bgcolor=\"#C8FDFC\"> Lyc\u00e9e Jean Moulin \u00e0<br \/>\n\tSaint-Amand-Montrond <\/td>\n<td valign=\"center\" width=\"200\" bgcolor=\"#C8FDFC\"> Julien Barr\u00e9 <\/td>\n<\/tr>\n<\/table>\n<p><b>Interventions dans le cadre de la Maison pour la Science<\/b><\/p>\n<table border=\"1\" cellspacing=\"\">\n<tr>\n<td align=\"right\" width=\"75\" bgcolor=\"#FCD3FD\"> 11\/10\/17 <\/td>\n<td valign=\"center\" width=\"500\" bgcolor=\"#FCD3FD\">  Formation pour les enseignants du premier degr\u00e9 (ASTEP) <\/td>\n<td valign=\"center\" width=\"200\" bgcolor=\"#FCD3FD\"> Philippe Grillot <\/td>\n<\/tr>\n<tr>\n<td align=\"right\" width=\"75\" bgcolor=\"#FCD3FD\"> 05-06\/02\/18 <\/td>\n<td valign=\"center\" width=\"500\" bgcolor=\"#FCD3FD\">  Formation -Maths et magie le Challenge (Orl\u00e9ans et Chartres) <\/td>\n<td valign=\"center\" width=\"200\" bgcolor=\"#FCD3FD\"> Philippe Grillot <\/td>\n<\/tr>\n<tr>\n<td align=\"right\" width=\"75\" bgcolor=\"#FCD3FD\"> 12-13\/02\/18 <\/td>\n<td valign=\"center\" width=\"500\" bgcolor=\"#FCD3FD\">  Formation &#8211; Maths et magie le D\u00e9fi (Orl\u00e9ans et Tours) <\/td>\n<td valign=\"center\" width=\"200\" bgcolor=\"#FCD3FD\"> Philippe Grillot <\/td>\n<\/tr>\n<tr>\n<td align=\"right\" width=\"75\" bgcolor=\"#FCD3FD\"> 20-21\/03\/18 <\/td>\n<td valign=\"center\" width=\"500\" bgcolor=\"#FCD3FD\">  Formation &#8211; Exp\u00e9rimentons les Maths (Orl\u00e9ans) <\/td>\n<td valign=\"center\" width=\"200\" bgcolor=\"#FCD3FD\"> Philippe Grillot <\/td>\n<\/tr>\n<tr>\n<td align=\"right\" width=\"75\" bgcolor=\"#FCD3FD\"> 22\/03\/18 <\/td>\n<td valign=\"center\" width=\"500\" bgcolor=\"#FCD3FD\"> Formation Maths en Jeans (Orl\u00e9ans) <\/td>\n<td valign=\"center\" width=\"200\" bgcolor=\"#FCD3FD\"> Mich\u00e8le Grillot et Julien Barr\u00e9<\/td>\n<\/tr>\n<tr>\n<td align=\"right\" width=\"75\" bgcolor=\"#FCD3FD\"> 27-28\/03\/18 <\/td>\n<td valign=\"center\" width=\"500\" bgcolor=\"#FCD3FD\">  Formation &#8211; Exp\u00e9rimentons les Maths (Blois) <\/td>\n<td valign=\"center\" width=\"200\" bgcolor=\"#FCD3FD\"> Philippe Grillot <\/td>\n<\/tr>\n<tr>\n<td align=\"right\" width=\"75\" bgcolor=\"#FCD3FD\"> 15\/05\/18 <\/td>\n<td valign=\"center\" width=\"500\" bgcolor=\"#FCD3FD\">  Formation &#8211; La sym\u00e9trie est partout (Orl\u00e9ans) <\/td>\n<td valign=\"center\" width=\"200\" bgcolor=\"#FCD3FD\"> Philippe Grillot <\/td>\n<\/tr>\n<tr>\n<td align=\"right\" width=\"75\" bgcolor=\"#FCD3FD\"> 14-15\/06\/18 <\/td>\n<td valign=\"center\" width=\"500\" bgcolor=\"#FCD3FD\">  Formation &#8211; Art et science (Bourges) <\/td>\n<td valign=\"center\" width=\"200\" bgcolor=\"#FCD3FD\"> Philippe Grillot <\/td>\n<\/tr>\n<\/table>\n<p><a class=\"link\" href=\"https:\/\/www.idpoisson.fr\/remerciements\/\">Remerciements pour les autres actions<\/a>\n<\/ul>\n","protected":false},"excerpt":{"rendered":"<p>Contact \u00e0 Orl\u00e9ans : mail de l&#8217;\u00c9quipe Communication. Ann\u00e9e acad\u00e9mique 2017\u20132018 Interventions lyc\u00e9es\/coll\u00e8ges Date Type d&#8217;intervention Intervenants 30\/03\/18 Rencontres Faire-Maths\/Fermat &hellip; <a href=\"https:\/\/www.idpoisson.fr\/en\/actions-vers-le-secondaire\/\" class=\"more-link\">More <span class=\"screen-reader-text\">Actions en direction du secondaire et du grand public<\/span> <span class=\"meta-nav\">&rarr;<\/span><\/a><\/p>\n","protected":false},"author":9,"featured_media":0,"parent":0,"menu_order":0,"comment_status":"closed","ping_status":"closed","template":"page-templates\/no-sidebar-full-width.php","meta":{"footnotes":""},"class_list":["post-595","page","type-page","status-publish","hentry"],"_links":{"self":[{"href":"https:\/\/www.idpoisson.fr\/en\/wp-json\/wp\/v2\/pages\/595","targetHints":{"allow":["GET"]}}],"collection":[{"href":"https:\/\/www.idpoisson.fr\/en\/wp-json\/wp\/v2\/pages"}],"about":[{"href":"https:\/\/www.idpoisson.fr\/en\/wp-json\/wp\/v2\/types\/page"}],"author":[{"embeddable":true,"href":"https:\/\/www.idpoisson.fr\/en\/wp-json\/wp\/v2\/users\/9"}],"replies":[{"embeddable":true,"href":"https:\/\/www.idpoisson.fr\/en\/wp-json\/wp\/v2\/comments?post=595"}],"version-history":[{"count":9,"href":"https:\/\/www.idpoisson.fr\/en\/wp-json\/wp\/v2\/pages\/595\/revisions"}],"predecessor-version":[{"id":960,"href":"https:\/\/www.idpoisson.fr\/en\/wp-json\/wp\/v2\/pages\/595\/revisions\/960"}],"wp:attachment":[{"href":"https:\/\/www.idpoisson.fr\/en\/wp-json\/wp\/v2\/media?parent=595"}],"curies":[{"name":"wp","href":"https:\/\/api.w.org\/{rel}","templated":true}]}}