{"id":6992,"date":"2025-02-11T17:33:41","date_gmt":"2025-02-11T16:33:41","guid":{"rendered":"https:\/\/www.idpoisson.fr\/?page_id=6992"},"modified":"2026-02-11T22:26:06","modified_gmt":"2026-02-11T21:26:06","slug":"hommages-et-distinctions","status":"publish","type":"page","link":"https:\/\/www.idpoisson.fr\/en\/hommages-et-distinctions\/","title":{"rendered":"Hommages et Distinctions"},"content":{"rendered":"\n<h3>Hommages<\/h3>\n<p>L&#8217;Institut Denis Poisson souhaite se souvenir de ses anciens membres qui nous ont quitt\u00e9s brutalement.<\/p>\n<ul>\n<li><a href=\"https:\/\/www.idpoisson.fr\/hommage-guilhot\/\">J\u00e9r\u00e9mie Guilhot<\/a> (1980-2025), Ma\u00eetre de Conf\u00e9rence de l&#8217;Universit\u00e9 de Tours<\/li>\n<li><a href=\"https:\/\/smf.emath.fr\/actualites-smf\/deces-de-ahmad-el-soufi\">Ahmad El Soufi<\/a> (1960-2016), Professeur de l&#8217;Universit\u00e9 de Tours<\/li>\n<li><a href=\"https:\/\/www.idpoisson.fr\/presence-babillot\/\">Martine Babillot<\/a> (1959-2003), Professeure de l&#8217;Universit\u00e9 d&#8217;Orl\u00e9ans<\/li>\n<\/ul>\n\n\n\n<h3>Distinctions<\/h3>\n<p>L&#8217;institut Denis Poisson souhaite f\u00e9liciter ses membres pour les distinctions qu&#8217;ils ont pu obtenir.<\/p>\n<p>Th\u00e9o Girard (ancien doctorant de l\u2019IDP) a obtenu le prix de th\u00e8se de la Ville de Tours 2025 pour <a href=\"https:\/\/hal.science\/tel-05275359v1\">sa th\u00e8se<\/a> \u00abDiscontinuit\u00e9s dans les \u00e9quations d\u2019Hamilton-Jacobi-Bellman et dans les lois de conservation scalaires rencontr\u00e9es dans les mod\u00e8les de dynamique pi\u00e9tonni\u00e8re\u00bb.<\/p>\n<p>Notre coll\u00e8gue Kilian Raschel a obtenu le <a href=\"https:\/\/smf.emath.fr\/actualites-smf\/annonce-laureats-prix-yor-2020\" data-wplink-edit=\"true\">prix Marc Yor 2020<\/a> de la SMF. Cette r\u00e9compense salue le travail d\u2019un coll\u00e8gue tr\u00e8s actif au sein du laboratoire mais aussi le dynamisme des \u00e9quipes avec lesquelles il interagit.<\/p>\n<p>Notre coll\u00e8gue Aline Bonami vient de recevoir le <a href=\"https:\/\/www.ams.org\/news?news_id=6598\" data-wplink-edit=\"true\">prix Stefan Bergman 2020<\/a> de l\u2019American Mathematical Society. Ce prix r\u00e9compense son travail fondamental sur les projecteurs de Bergman et Szeg\u00f6 ainsi que sur les espaces de fonctions holomorphes associ\u00e9s. Aline Bonami est professeur \u00e0 l\u2019universit\u00e9 d\u2019Orl\u00e9ans depuis 1973, actuellement \u00e9m\u00e9rite \u00e0 l\u2019Institut Denis Poisson. Elle est \u00e0 l\u2019origine de la cr\u00e9ation du laboratoire de math\u00e9matiques de l\u2019universit\u00e9 d\u2019Orl\u00e9ans qui a fusionn\u00e9 avec le laboratoire de Tours pour donner naissance \u00e0 l\u2019IDP. Son influence en analyse harmonique et analyse complexe \u00e0 plusieurs variables est incontestable au niveau international et sa longue implication en Afrique \u2013 Cameroun entre autres- a conduit \u00e0 un grand nombre de th\u00e8ses et de travaux autour de ce sujet.&nbsp;<\/p>\n","protected":false},"excerpt":{"rendered":"<p>Hommages L&#8217;Institut Denis Poisson souhaite se souvenir de ses anciens membres qui nous ont quitt\u00e9s brutalement. J\u00e9r\u00e9mie Guilhot (1980-2025), Ma\u00eetre &hellip; <a href=\"https:\/\/www.idpoisson.fr\/en\/hommages-et-distinctions\/\" class=\"more-link\">More <span class=\"screen-reader-text\">Hommages et Distinctions<\/span> <span class=\"meta-nav\">&rarr;<\/span><\/a><\/p>\n","protected":false},"author":1,"featured_media":0,"parent":0,"menu_order":0,"comment_status":"closed","ping_status":"closed","template":"page-templates\/no-sidebar-full-width.php","meta":{"footnotes":""},"class_list":["post-6992","page","type-page","status-publish","hentry"],"_links":{"self":[{"href":"https:\/\/www.idpoisson.fr\/en\/wp-json\/wp\/v2\/pages\/6992","targetHints":{"allow":["GET"]}}],"collection":[{"href":"https:\/\/www.idpoisson.fr\/en\/wp-json\/wp\/v2\/pages"}],"about":[{"href":"https:\/\/www.idpoisson.fr\/en\/wp-json\/wp\/v2\/types\/page"}],"author":[{"embeddable":true,"href":"https:\/\/www.idpoisson.fr\/en\/wp-json\/wp\/v2\/users\/1"}],"replies":[{"embeddable":true,"href":"https:\/\/www.idpoisson.fr\/en\/wp-json\/wp\/v2\/comments?post=6992"}],"version-history":[{"count":19,"href":"https:\/\/www.idpoisson.fr\/en\/wp-json\/wp\/v2\/pages\/6992\/revisions"}],"predecessor-version":[{"id":9429,"href":"https:\/\/www.idpoisson.fr\/en\/wp-json\/wp\/v2\/pages\/6992\/revisions\/9429"}],"wp:attachment":[{"href":"https:\/\/www.idpoisson.fr\/en\/wp-json\/wp\/v2\/media?parent=6992"}],"curies":[{"name":"wp","href":"https:\/\/api.w.org\/{rel}","templated":true}]}}