{"id":70,"date":"2017-10-11T15:44:51","date_gmt":"2017-10-11T13:44:51","guid":{"rendered":"http:\/\/www.idpoisson.fr\/?page_id=70"},"modified":"2026-01-29T17:22:28","modified_gmt":"2026-01-29T16:22:28","slug":"collaborations","status":"publish","type":"page","link":"https:\/\/www.idpoisson.fr\/en\/collaborations\/","title":{"rendered":"Collaborations et contrats"},"content":{"rendered":"<h3>European Networks, International Collaborations<\/h3>\n<ul>\n<li>ERC Starting grant <a href=\"http:\/\/www.lmpt.univ-tours.fr\/~raschel\/COMBINEPIC.html\">COMBINEPIC<\/a> (2018-2022). Lead : K. Raschel<\/li>\n<li>PRC (Joint Reseach Project) with China : <a href=\"http:\/\/www.cnrs.fr\/derci\/IMG\/pdf\/cnrs_en_chine27_fr_1.9mo.pdf#page=14\">Mod\u00e9lisation physique avanc\u00e9e pour le d\u00e9veloppement durable urbain: vers l&#8217;\u00e9valuation des m\u00e9canismes de transport des s\u00e9diments dans les syst\u00e8mes d&#8217;\u00e9gout<\/a>. Lead : S. Cordier. Participant : C. Lucas.<\/li>\n<li>PRC (Joint Reseach Project) with Russia. Lead : Mikhail Volkov<\/li>\n<li>LIA (Laboratoire International Associ\u00e9) Formath Vietnam\/Singapour. Lead : Marc Peign\u00e9<\/li>\n<\/ul>\n<h3>National collaborations and projects<\/h3>\n<ul>\n<li>ANR <a href=\"http:\/\/www.agence-nationale-recherche.fr\/projet-anr\/?tx_lwmsuivibilan_pi2%5BCODE%5D=ANR-18-CE40-0027\">SingFlows<\/a> (2019-2022). Lead : D. G\u00e9rard-Varet (univ Paris Diderot). Participant : F. James<\/li>\n<li>ANR <a href=\"http:\/\/www.lmpt.univ-tours.fr\/~gouere\/pppp\/index.html\">PPPP<\/a> (2017-2020). Lead : J.-B. Gou\u00e9r\u00e9<\/li>\n<li>ANR <a href=\"http:\/\/anr-mfg.math.cnrs.fr\/\">MFG<\/a> (2016-2021). Lead : P. Cardaliaguet (Paris Dauphine). Participants : G. Barles, A. Briani, E. Chasseigne, S. Madec, F. Malrieu, V. Perrollaz<\/li>\n<li>ANR <a href=\"http:\/\/wiki-math.univ-mlv.fr\/pdmp\/doku.php\/start\">PIECE<\/a> (2013-2018). Lead : F. Malrieu<\/li>\n<li>ANR <a href=\"http:\/\/www.proba.jussieu.fr\/pageperso\/anr-graal\/\">GRAAL<\/a> (2015-2018). Lead : T. Duquesne (UPMC). Partipants : R. Abraham, P. Andreoletti, P. Debs, J.-B. Gou\u00e9r\u00e9<\/li>\n<li>ANR <a href=\"http:\/\/www.univ-orleans.fr\/mapmo\/dirtacos.pdf\">DIRTACOS<\/a> (2013-2017). Lead : Remy Marmoret (CEA-DIF). Participants : R. Abraham, M. Bergounioux<\/li>\n<li>ANR JCJC <a href=\"http:\/\/www.agence-nationale-recherche.fr\/Projet-ANR-15-CE30-0002\">BactPhys<\/a> &#8220;The physics of multicellular organization in bacteria&#8221; (2015-2017). Lead : F. Peruani (Univ. Nice). Participante: M. Ribot<\/li>\n<li>ANR <a href=\"https:\/\/www.ljll.math.upmc.fr\/kibord\/\">KIBORD<\/a> (2013-2017). Lead: Laurent Desvillettes (univ. Paris Diderot). Participants : C. Di Russo, S. Mancini<\/li>\n<li>Labex <a href=\"http:\/\/www.agence-maths-entreprises.fr\/\"> AMIES<\/a> (Agence Math\u00e9matique en Interaction avec l&#8217;Entreprise et la Soci\u00e9t\u00e9)<\/li>\n<li>ANR JCJC FATOU (2018-2022). Lead : T. Gauthier (UPJV). Participant : M. Astorg<\/li>\n<li>ANR <a href=\"https:\/\/project.inria.fr\/bnpsi\/fr\/\">BNPSI<\/a> (2014-2018). Lead : P. Chainais (Lille). Participants : D. Fall<\/li>\n<\/ul>\n<h3>Local collaborations<\/h3>\n<ul>\n<li>F\u00e9d\u00e9ration <a href=\"http:\/\/cascimodot.fdpoisson.fr\/\">CasSciModOT<\/a><\/li>\n<li>Projet R\u00e9gional &#8220;Recherche d&#8217;Initiative Acad\u00e9mique&#8221; RH\u00c9FLEXES &#8220;Rh\u00e9ologie des Fluides Complexes&#8221; (2019-). Responsable : F. James. Participants : C. Lucas. Partenaires : Universit\u00e9 de Tours (G\u00e9HCO).<\/li>\n<li>Projet R\u00e9gional &#8220;Recherche d&#8217;Initiative Acad\u00e9mique&#8221; THESPEGE (Th\u00e9orie spectrale et g\u00e9om\u00e9trie). Responsables : L. Hillairet et E. Humbert<\/li>\n<li>Projet Region Centre APR-IA OTITE4D &#8220;Outils de Traitement d&#8217;Image en TEp 4D&#8221; (2016-2018), partenaires : LI (Tours) , INSERM (Tours), CIPA (Orl\u00e9ans). Responsable : M. Bergounioux. Participants IDP : R. Abraham, L. Delsol, D. Fall, C. Louchet<\/li>\n<li>Projet INSU-INSMI &#8220;TelluS&#8221; : Transfert multi-particulaire par ruissellement. Responsable : C. Lucas<\/li>\n<li>Projet R\u00e9gion Centre : APR BINS (COEUR) : Croissance, Optimisation, \u00c9conomie, Urbanisation, R\u00e9seau (2014-2018). Responsable : A. Batakis. Partenaires : Universit\u00e9 de Tours (CITERES et MSH), Universit\u00e9 d&#8217;Orl\u00e9ans (LEO)<\/li>\n<li>Projet R\u00e9gional &#8220;Recherche d&#8217;Initiative Acad\u00e9mique&#8221; <a href=\"http:\/\/www.fdpoisson.fr\/madaca\/\">MADACA<\/a> (Marches Al\u00e9atoires et processus de Dunkl : Approches Combinatoires et Alg\u00e9briques). Responsables : J. Guilhot et K. Raschel<\/li>\n<li>R\u00e9seau Th\u00e9matique de Recherche <a href=\"http:\/\/www.rtrimage.fr\/\">Image<\/a> : Responsables M. Bergounioux et R. Jennane (I3MTO). Participants : M. Bergounioux, R. Abraham, L. Delsol, D. Fall, C. Louchet<\/li>\n<\/ul>\n<h3>Industrial collaborations<\/h3>\n<ul>\n<li>Projet PEPS (Projet Exploratoire Premier Soutien) d&#8217;AMIES &#8220;CEREOLE&#8221; (2018-2019). Responsable : T. Haberkorn. Partenaires : Universit\u00e9 d&#8217;Orl\u00e9ans (IDP, PRISME), Ax\u00e9r\u00e9al.<\/li>\n<li>Th\u00e8se CIFRE, de Lucie Bernard (2015-). Directeurs : F. Malrieu (IDP), A. Guyader (LPSM). Entreprise : STMicroelectronics Tours.<\/li>\n<li>Financement PIA &#8220;Calcul Intensif et Simulation Num\u00e9rique&#8221; : PALM, Technologies num\u00e9riques pour les grandes cultures (2015-2018). Porteur : LIMAGRAIN. Partenaires : Ax\u00e9r\u00e9al, Sofiproteol, CybeleTech, Universit\u00e9 d&#8217;Orl\u00e9ans, \u00c9cole Centrale Paris<\/li>\n<\/ul>\n<h3>GdR<\/h3>\n<ul>\n<li>GdR <a href=\"http:\/\/gdr-mamovi.math.cnrs.fr\/spip\/\">MAMOVI<\/a> (MAth\u00e9matiques de la MOd\u00e9lisation du VIvant), cr\u00e9\u00e9 en 2017. Responsables locaux : S. Madec et M. Ribot<\/li>\n<li>GdR <a href=\"http:\/\/gdr-egrin.math.cnrs.fr\/\">EGRIN<\/a> (directeur S. Cordier, puis C. Lucas), g\u00e9r\u00e9 par le MAPMO puis l&#8217;IDP, cr\u00e9ation au 1\/1\/2013.<\/li>\n<li>GdR <a href=\"http:\/\/gdr-geostoch.math.cnrs.fr\/presentation.html\"> GeoSto<\/a> (G\u00e9ometrie stochastique). Participant : J.B. Gouere, cr\u00e9\u00e9 en 2012<\/li>\n<li>GdR <a href=\"http:\/\/tresses.math.cnrs.fr\/index.html\">Tresses<\/a> (cr\u00e9\u00e9 en 2000 et renouvel\u00e9 en 2012). Participant : V. Beck.<\/li>\n<li>GdR <a href=\"http:\/\/ens.math.univ-montp2.fr\/~bonnafe\/GDR\/\">Th\u00e9orie de Lie <\/a> cr\u00e9\u00e9 en 2011, Participant : V. Beck<\/li>\n<li>GdR <a href=\"http:\/\/www.math.univ-montp2.fr\/~benameur\/PresentationGDR.html\">G\u00e9om\u00e9trie Non Commutative<\/a> (2006-), responsable local J. Renault<\/li>\n<li>GdR <a href=\"http:\/\/gdrafhp.math.cnrs.fr\">AFHP<\/a> (Analyse Fonctionnelle, Harmonique et Probabilit\u00e9s) depuis 2000<\/li>\n<li>GdR <a href=\"http:\/\/www.math.sciences.univ-nantes.fr\/dynqua\/?q=accueil\">DynQua<\/a> (Dynamique Quantique, 2009-2020). Coordinateurs : N. Anantharaman, J.M. Bouclet, B. Dou\u00e7ot, F. H\u00e9rau. Participants : N. Berglund, L. Hillairet, S. Tcheremtchansev<\/li>\n<li><span style=\"font-family: georgia,palatino,serif\">GdR <a href=\"http:\/\/gdramf.math.cnrs.fr\/\">3475 &#8211; Analyse Multifractale<\/a><\/span><span style=\"font-family: Bookman Old Style\"><span style=\"font-family: Bookman Old Style\"><span style=\"font-family: georgia,palatino,serif\">\u00a0 Responsable local : A. Batakis. Participants : A. Batakis, G. Havard et M. Zinsmeister<\/span> \u00a0\u00a0\u00a0\u00a0\u00a0\u00a0\u00a0\u00a0\u00a0\u00a0\u00a0\u00a0\u00a0\u00a0\u00a0\u00a0\u00a0\u00a0\u00a0\u00a0\u00a0\u00a0\u00a0 <\/span><\/span><\/li>\n<\/ul>\n<h3>Visiting professors<\/h3>\n<ul>\n<li>Guoxian Chen ( School of Mathematics and Statistics, Wuhan University) en 2018 \u00e0 Orl\u00e9ans<\/li>\n<li><a href=\"http:\/\/people.math.sfu.ca\/~mmishna\/\">Marni Mishna<\/a> du 10\/09\/2018 au 09\/12\/2018 \u00e0 Tours<\/li>\n<\/ul>\n","protected":false},"excerpt":{"rendered":"<p>European Networks, International Collaborations ERC Starting grant COMBINEPIC (2018-2022). Lead : K. Raschel PRC (Joint Reseach Project) with China : &hellip; <a href=\"https:\/\/www.idpoisson.fr\/en\/collaborations\/\" class=\"more-link\">More <span class=\"screen-reader-text\">Collaborations et contrats<\/span> <span class=\"meta-nav\">&rarr;<\/span><\/a><\/p>\n","protected":false},"author":1,"featured_media":0,"parent":0,"menu_order":0,"comment_status":"closed","ping_status":"closed","template":"","meta":{"footnotes":""},"class_list":["post-70","page","type-page","status-publish","hentry"],"_links":{"self":[{"href":"https:\/\/www.idpoisson.fr\/en\/wp-json\/wp\/v2\/pages\/70","targetHints":{"allow":["GET"]}}],"collection":[{"href":"https:\/\/www.idpoisson.fr\/en\/wp-json\/wp\/v2\/pages"}],"about":[{"href":"https:\/\/www.idpoisson.fr\/en\/wp-json\/wp\/v2\/types\/page"}],"author":[{"embeddable":true,"href":"https:\/\/www.idpoisson.fr\/en\/wp-json\/wp\/v2\/users\/1"}],"replies":[{"embeddable":true,"href":"https:\/\/www.idpoisson.fr\/en\/wp-json\/wp\/v2\/comments?post=70"}],"version-history":[{"count":23,"href":"https:\/\/www.idpoisson.fr\/en\/wp-json\/wp\/v2\/pages\/70\/revisions"}],"predecessor-version":[{"id":9374,"href":"https:\/\/www.idpoisson.fr\/en\/wp-json\/wp\/v2\/pages\/70\/revisions\/9374"}],"wp:attachment":[{"href":"https:\/\/www.idpoisson.fr\/en\/wp-json\/wp\/v2\/media?parent=70"}],"curies":[{"name":"wp","href":"https:\/\/api.w.org\/{rel}","templated":true}]}}