{"id":8868,"date":"2025-09-08T18:20:30","date_gmt":"2025-09-08T16:20:30","guid":{"rendered":"https:\/\/www.idpoisson.fr\/?page_id=8868"},"modified":"2025-12-18T16:06:34","modified_gmt":"2025-12-18T15:06:34","slug":"hommage-guilhot","status":"publish","type":"page","link":"https:\/\/www.idpoisson.fr\/en\/hommage-guilhot\/","title":{"rendered":"Hommage Guilhot"},"content":{"rendered":"\n<h2 style=\"text-align: center\">J\u00e9r\u00e9mie Guilhot<\/h2>\n<h4 style=\"text-align: center\">1980-2025<\/h4>\n\n\n<div class=\"wp-block-image\">\n<figure class=\"aligncenter size-large is-resized\"><img loading=\"lazy\" decoding=\"async\" width=\"1004\" height=\"1024\" src=\"https:\/\/www.idpoisson.fr\/wp-content\/uploads\/2025\/09\/j_guilhot-1004x1024.png\" alt=\"\" class=\"wp-image-8928\" style=\"width:483px;height:auto\" srcset=\"https:\/\/www.idpoisson.fr\/wp-content\/uploads\/2025\/09\/j_guilhot-1004x1024.png 1004w, https:\/\/www.idpoisson.fr\/wp-content\/uploads\/2025\/09\/j_guilhot-294x300.png 294w, https:\/\/www.idpoisson.fr\/wp-content\/uploads\/2025\/09\/j_guilhot-768x783.png 768w, https:\/\/www.idpoisson.fr\/wp-content\/uploads\/2025\/09\/j_guilhot-1506x1536.png 1506w, https:\/\/www.idpoisson.fr\/wp-content\/uploads\/2025\/09\/j_guilhot.png 1836w\" sizes=\"auto, (max-width: 1004px) 100vw, 1004px\" \/><\/figure>\n<\/div>\n\n\n<p style=\"text-align: justify\">Nous avons eu l\u2019immense tristesse d&#8217;apprendre le d\u00e9c\u00e8s soudain de notre coll\u00e8gue <a href=\"https:\/\/www.idpoisson.fr\/guilhot\/\">J\u00e9r\u00e9mie Guilhot<\/a> Ma\u00eetre de Conf\u00e9rences \u00e0 l\u2019Institut Denis Poisson Tours le 27 juillet 2025. Ce d\u00e9c\u00e8s est intervenu sur son lieu de vacances suite \u00e0 un probl\u00e8me de sant\u00e9 alors qu\u2019il \u00e9tait parti courir.<\/p>\n<p style=\"text-align: justify\">J\u00e9r\u00e9mie est n\u00e9 en 1980 et a soutenu sa th\u00e8se &#8220;Kazhdan-Lusztig cells in affine Weyl groups with unequal parameters&#8221; en 2008 sous la direction de M. Geck entre Lyon et Aberdeen. Il a ensuite effectu\u00e9 plusieurs contrats post-doctoraux \u00e0 Sydney puis \u00e0 Norwich avant de rejoindre l\u2019Universit\u00e9 de Tours en 2011.<\/p>\n<p style=\"text-align: justify\">Sa th\u00e9matique de recherche \u00e9tait centr\u00e9e sur l\u2019\u00e9tude des groupes de Coxeter, des alg\u00e8bres de Hecke et sur la th\u00e9orie de Kazhdan Lusztig o\u00f9 il a obtenu des r\u00e9sultats tr\u00e8s significatifs. En particulier, il avait r\u00e9cemment prouv\u00e9, en collaboration avec James Parkinson de l\u2019Universit\u00e9 de Sydney, les conjectures P1-P15 de Lusztig pour les alg\u00e8bres de Hecke affines de rang 2 en param\u00e8tres in\u00e9gaux. Un autre aspect important de ses recherches concernait la combinatoire des syst\u00e8mes de racines et ses applications en th\u00e9orie de Lie ou dans l\u2019\u00e9tude de certaines marches al\u00e9atoires.<\/p>\n<p style=\"text-align: justify\">Comme s\u2019en souviendront tr\u00e8s certainement tous ceux qui l\u2019ont rencontr\u00e9, J\u00e9r\u00e9mie avait une personnalit\u00e9 originale et f\u00e9d\u00e9ratrice. En plus de ses grandes qualit\u00e9s scientifiques, ses capacit\u00e9s d\u2019organisation mais aussi sa facilit\u00e9 \u00e0 cr\u00e9er de la convivialit\u00e9 l\u00e0 o\u00f9 il \u00e9tait faisaient de J\u00e9r\u00e9mie un membre pr\u00e9cieux et tr\u00e8s appr\u00e9ci\u00e9 de notre Institut.<\/p>\n<p style=\"text-align: justify\">Sa disparition laisse d\u00e9sempar\u00e9s les nombreux amis qu\u2019il s\u2019\u00e9tait constitu\u00e9 dans notre communaut\u00e9. Son humour, son \u00e9nergie et sa gentillesse vont nous manquer terriblement.<\/p>\n<hr \/>\n<p style=\"text-align: justify\">We learned with great saddness the sudden death of our colleague J\u00e9r\u00e9mie Guilhot, Lecturer at the Denis Poisson Tours Institute on July the 27th 2025. This death occurred at his vacation spot while he was out running.<\/p>\n<p style=\"text-align: justify\">J\u00e9r\u00e9mie was born in 1980 and defended his thesis &#8220;Kazhdan-Lusztig cells in affine Weyl groups with unequal parameters&#8221; in 2008 under the supervision of M. Geck between Lyon and Aberdeen. He then carried out several post-doctoral contracts in Sydney then in Norwich before joining the University of Tours in 2011.<\/p>\n<p style=\"text-align: justify\">His research theme was centered on the study of Coxeter groups, Hecke algebras and on the theory of Kazhdan Lusztig where he obtained very significant results. In particular, he had recently proven, in collaboration with James Parkinson of the University of Sydney, Lusztig&#8217;s P1-P15 conjectures for affine Hecke algebras of rank 2 in unequal parameters. Another important aspect of his research concerned the combinatorics of root systems and its applications in Lie theory or in the study of certain random walks.<\/p>\n<p style=\"text-align: justify\">As everyone who met him will certainly remember, J\u00e9r\u00e9mie had an original and unifying personality. In addition to his great scientific qualities, his organizational skills but also his ability to create conviviality wherever he was made J\u00e9r\u00e9mie a valuable and highly appreciated member of our Institute.<\/p>\n<p style=\"text-align: justify\">His disappearance leaves the many friends he made in our community distraught. We will miss his humor, his energy and his kindness terribly.<\/p>\n<hr \/>\n<p>\u00a0<\/p>\n\n\n\n<p style=\"text-align: justify\">Ci-dessous nous reproduisons l&#8217;hommage rendu \u00e0 J\u00e9r\u00e9mie lors de ses obs\u00e8ques par C\u00e9dric Lecouvey au nom des coll\u00e8gues de toute l&#8217;Institut Denis Poisson.<\/p>\n<h4 style=\"text-align: center\"><b>Pour J\u00e9r\u00e9mie<\/b><\/h4>\n<p style=\"text-align: justify\">Le 27 juillet dernier, J\u00e9r\u00e9mie tu nous a quitt\u00e9s en laissant dans nos vies \u00e0 tous une brisure bien difficile \u00e0 surmonter. Ta personnalit\u00e9 rayonnante et chaleureuse te valait beaucoup d\u2019amis, dans tous les milieux et notamment dans celui des math\u00e9matiques o\u00f9 tu tenais une place \u00e0 part, originale et f\u00e9d\u00e9ratrice. \u00c0 travers le texte qui suit, nous avons essay\u00e9 de te rendre un hommage sinc\u00e8re et simple, qui te ressemble, en esp\u00e9rant que tu aurais trouv\u00e9 son portrait fid\u00e8le.<\/p>\n<p style=\"text-align: justify\">Chacun de tes amis se souvient certainement de sa premi\u00e8re rencontre avec toi. C\u2019est que sans vouloir te mettre en avant, tu parvenais toujours et avec une facilit\u00e9 d\u00e9concertante \u00e0 cr\u00e9er, l\u00e0 o\u00f9 tu \u00e9tais, une atmosph\u00e8re de confiance et de convivialit\u00e9. Cela tenait en grande partie \u00e0 ton humour, ton sens de la l\u00e9g\u00e8ret\u00e9 et \u00e0 ta capacit\u00e9 d\u2019autod\u00e9rision. Tr\u00e8s vite, tu f\u00e9d\u00e9rais un petit noyau de personnes qui r\u00e9pondait \u00e0 tes nombreuses initiatives et propositions d\u2019\u00e9v\u00e9nements qui auraient sans doute \u00e9t\u00e9 jug\u00e9es incongrues sugg\u00e9r\u00e9es par quelqu\u2019un d\u2019autre. On pourrait penser qu\u2019organiser avec succ\u00e8s, pendant des conf\u00e9rences internationales s\u00e9rieuses ou dans son laboratoire de recherche \u00e0 l\u2019universit\u00e9, des tournois de p\u00e9tanque, de foot, des sessions dans des pubs ou des quiz improbables (avec des participants loin d\u2019\u00eatre tous tr\u00e8s extravertis) rel\u00e8ve de l\u2019impossible. C\u2019est pourtant ce que tu parvenais \u00e0 faire. Cela t\u2019amusait beaucoup et t\u2019assurait une reconnaissance ainsi qu\u2019une popularit\u00e9 parmi tes coll\u00e8gues les plus ouverts. Tu ne se souciais pas de ce qu\u2019en pensaient les autres, les plus grincheux, pas plus d\u2019ailleurs que de ton image aupr\u00e8s d\u2019eux.<\/p>\n<p style=\"text-align: justify\">Mais ces anecdotes ne font qu\u2019atteindre la surface de ce tu \u00e9tais. Ton humour et une apparente l\u00e9g\u00e8ret\u00e9 \u00e9taient ta fa\u00e7on \u00e0 toi d\u2019\u00eatre heureux en rendant heureux les autres autour de toi. Tu savais bien que vivre est difficile et que, sans cette fraternit\u00e9 que tu mettais tant d\u2019\u00e9nergie \u00e0 entretenir, nous sommes seuls et d\u00e9sarm\u00e9s. Cette finesse, que tu d\u00e9guisais souvent par pudeur en l\u2019apparence de son contraire, devenait tr\u00e8s visible lorsqu\u2019un de tes amis traversait une p\u00e9riode difficile, par de petites attentions discr\u00e8tes qui montraient ta pr\u00e9occupation et ton attachement.<\/p>\n<p style=\"text-align: justify\">Ton humanit\u00e9 transparaissait aussi dans tes interactions avec les autres \u00e0 travers une profonde bienveillance, m\u00eame parfois un peu bougonne. \u00c0 tous ceux qui, \u00e0 un moment ou un autre, devaient d\u00e9pendre de toi, tu t\u00e9moignais une compr\u00e9hension bien plus guid\u00e9e par leur int\u00e9r\u00eat que par des conceptions trop rigides, un quelconque \u00e9go\u00efsme ou une volont\u00e9 d\u2019impressionner. Tu affichais d\u2019ailleurs r\u00e9solument une grande modestie lorsqu\u2019il s\u2019agissait de tes travaux scientifiques pourtant tr\u00e8s reconnus dans la communaut\u00e9 math\u00e9matique. Ce n\u2019est pas tant que tu en minimisais la port\u00e9e, mais rentrer dans une logique d\u2019auto-promotion et de comp\u00e9tition permanente avec les autres \u00e9tait totalement \u00e9tranger \u00e0 ta nature.<\/p>\n<p style=\"text-align: justify\">En fait ton influence sur la vie scientifique de tes amis et coll\u00e8gues \u00e9tait bien plus consid\u00e9rable que tu ne l\u2019imaginais sans doute. Le climat de simplicit\u00e9 et de confiance que tu savais construire autour de toi aura aid\u00e9 de nombreux jeunes en th\u00e8se ou en post-doc \u00e0 s\u2019ins\u00e9rer dans un milieu scientifique souvent aust\u00e8re. Quant \u00e0 tes amis math\u00e9maticiens, ils te sont redevables au-del\u00e0 de ce que ces mots peuvent exprimer.<\/p>\n<p style=\"text-align: justify\">Avec l\u00e9g\u00e8ret\u00e9 et sans peser sur la vie des autres, tu incarnais au fil des jours les valeurs de d\u00e9cence, de solidarit\u00e9 et du travail bien fait. C\u2019est une grande chance de t\u2019avoir eu pour ami \u00e0 nos c\u00f4t\u00e9s toutes ces ann\u00e9es. M\u00eame si ta disparition brutale nous laisse d\u00e9sempar\u00e9s, tous les souvenirs des bons moments pass\u00e9s avec toi, toutes les valeurs positives que tu auras port\u00e9es, elles demeurent et vivent en nous. Le meilleur hommage sans doute \u00e0 te rendre est de les porter, de les transmettre \u00e0 notre tour avec le courage, la constance, la fid\u00e9lit\u00e9 et la modestie dont tu as su faire preuve.<\/p>\n<hr>\n<p>&nbsp;<\/p>\n\n\n\n<p style=\"text-align: justify\">Ci-dessous nous reproduisons l&#8217;hommage de la <strong>FSU<\/strong> &#8211; Section de Tours<\/p>\n<p style=\"text-align: justify\">En plein milieu de l\u2019e\u0301te\u0301 et des vacances universitaires notre colle\u0300gues Je\u0301re\u0301mie Guilhot, mai\u0302tre de confe\u0301rences de ma the\u0301matiques de 45 ans, est mort brutalement. Il avait rejoint notre universite\u0301 il y a une dizaine d\u2019anne\u0301es, il portait une culture mathe\u0301matique vaste enrichie de se\u0301jours a\u0300 l\u2019e\u0301tranger et une culture \u00ab footballistique \u00bb toute ste\u0301phanoise et savait les partager. Nombreux d\u2019entre nous l\u2019avons aussi croise\u0301, souvent le ve\u0301lo a\u0300 la main, dans les manifestations de ces dernie\u0300res anne\u0301es pour de\u0301fendre les retraites. Il avait tout naturellement trouve\u0301 sa place sur les listes du collectif LUE, dont le SNESUP est un e\u0301le\u0301ment majeur, lors des derni\u00e8res e\u0301lections de 2024 pour les conseils centraux. Il avait e\u0301te\u0301 e\u0301lu a\u0300 la commission recherche. Il manque a\u0300 sa compagne et a\u0300 ses deux jeunes enfants auxquels nous pensons avec e\u0301motion.<\/p>\n<hr>\n<p>&nbsp;<\/p>\n\n\n\n<p>Les coll\u00e8gues de l&#8217;<strong>Universit\u00e9 de Sydney<\/strong> lui rendent aussi hommage sur leur <a href=\"https:\/\/mathematical-research-institute.sydney.edu.au\/vale-jeremie-guilhot\/\">site<\/a>.<\/p>\n","protected":false},"excerpt":{"rendered":"<p>J\u00e9r\u00e9mie Guilhot 1980-2025 Nous avons eu l\u2019immense tristesse d&#8217;apprendre le d\u00e9c\u00e8s soudain de notre coll\u00e8gue J\u00e9r\u00e9mie Guilhot Ma\u00eetre de Conf\u00e9rences &hellip; <a href=\"https:\/\/www.idpoisson.fr\/en\/hommage-guilhot\/\" class=\"more-link\">More <span class=\"screen-reader-text\">Hommage Guilhot<\/span> <span class=\"meta-nav\">&rarr;<\/span><\/a><\/p>\n","protected":false},"author":62,"featured_media":0,"parent":0,"menu_order":0,"comment_status":"closed","ping_status":"closed","template":"","meta":{"footnotes":""},"class_list":["post-8868","page","type-page","status-publish","hentry"],"_links":{"self":[{"href":"https:\/\/www.idpoisson.fr\/en\/wp-json\/wp\/v2\/pages\/8868","targetHints":{"allow":["GET"]}}],"collection":[{"href":"https:\/\/www.idpoisson.fr\/en\/wp-json\/wp\/v2\/pages"}],"about":[{"href":"https:\/\/www.idpoisson.fr\/en\/wp-json\/wp\/v2\/types\/page"}],"author":[{"embeddable":true,"href":"https:\/\/www.idpoisson.fr\/en\/wp-json\/wp\/v2\/users\/62"}],"replies":[{"embeddable":true,"href":"https:\/\/www.idpoisson.fr\/en\/wp-json\/wp\/v2\/comments?post=8868"}],"version-history":[{"count":47,"href":"https:\/\/www.idpoisson.fr\/en\/wp-json\/wp\/v2\/pages\/8868\/revisions"}],"predecessor-version":[{"id":9302,"href":"https:\/\/www.idpoisson.fr\/en\/wp-json\/wp\/v2\/pages\/8868\/revisions\/9302"}],"wp:attachment":[{"href":"https:\/\/www.idpoisson.fr\/en\/wp-json\/wp\/v2\/media?parent=8868"}],"curies":[{"name":"wp","href":"https:\/\/api.w.org\/{rel}","templated":true}]}}