{"id":80,"date":"2021-10-15T11:50:27","date_gmt":"2021-10-15T09:50:27","guid":{"rendered":"https:\/\/www.idpoisson.fr\/feliachi\/en\/?page_id=80"},"modified":"2023-05-18T15:51:06","modified_gmt":"2023-05-18T13:51:06","slug":"teaching","status":"publish","type":"page","link":"https:\/\/www.idpoisson.fr\/feliachi\/teaching\/","title":{"rendered":"Teaching"},"content":{"rendered":"\n<h2 class=\"wp-block-heading\">2020-2021:<\/h2>\n\n\n\n<p>TD de Calculus (L1). CM assur\u00e9 par Julien Barr\u00e9 et Simona Mancini.<br>TD d&#8217;Alg\u00e8bre (L1). CM assur\u00e9 par Jean-Philippe Anker et Nils Berglund.<\/p>\n\n\n\n<h2 class=\"wp-block-heading\">2021-2022:<\/h2>\n\n\n\n<p>Soutien en Calculus (L1). CM assur\u00e9 par Hermann Pfitzner et Simona Mancini.<br>TD de Math\u00e9matiques en L3 Pluridisciplinaire. CM assur\u00e9 par Mich\u00e8le Grillot.<\/p>\n\n\n\n<h2 class=\"wp-block-heading\">2022-2023:<\/h2>\n\n\n\n<p>Cours\/TD de M\u00e9thodes Quantitatives pour l&#8217;Economie (L1). <br>TD de Math\u00e9matiques en L3 Pluridisciplinaire. CM assur\u00e9 par Mich\u00e8le Grillot.<\/p>\n","protected":false},"excerpt":{"rendered":"<p>2020-2021: TD de Calculus (L1). CM assur\u00e9 par Julien Barr\u00e9 et Simona Mancini.TD d&#8217;Alg\u00e8bre (L1). CM assur\u00e9 par Jean-Philippe Anker &hellip; <a href=\"https:\/\/www.idpoisson.fr\/feliachi\/teaching\/\" class=\"more-link\">More <span class=\"screen-reader-text\">Teaching<\/span> <span class=\"meta-nav\">&rarr;<\/span><\/a><\/p>\n","protected":false},"author":112,"featured_media":0,"parent":0,"menu_order":0,"comment_status":"closed","ping_status":"closed","template":"","meta":{"footnotes":""},"folder":[],"class_list":["post-80","page","type-page","status-publish","hentry"],"_links":{"self":[{"href":"https:\/\/www.idpoisson.fr\/feliachi\/wp-json\/wp\/v2\/pages\/80","targetHints":{"allow":["GET"]}}],"collection":[{"href":"https:\/\/www.idpoisson.fr\/feliachi\/wp-json\/wp\/v2\/pages"}],"about":[{"href":"https:\/\/www.idpoisson.fr\/feliachi\/wp-json\/wp\/v2\/types\/page"}],"author":[{"embeddable":true,"href":"https:\/\/www.idpoisson.fr\/feliachi\/wp-json\/wp\/v2\/users\/112"}],"replies":[{"embeddable":true,"href":"https:\/\/www.idpoisson.fr\/feliachi\/wp-json\/wp\/v2\/comments?post=80"}],"version-history":[{"count":3,"href":"https:\/\/www.idpoisson.fr\/feliachi\/wp-json\/wp\/v2\/pages\/80\/revisions"}],"predecessor-version":[{"id":183,"href":"https:\/\/www.idpoisson.fr\/feliachi\/wp-json\/wp\/v2\/pages\/80\/revisions\/183"}],"wp:attachment":[{"href":"https:\/\/www.idpoisson.fr\/feliachi\/wp-json\/wp\/v2\/media?parent=80"}],"wp:term":[{"taxonomy":"folder","embeddable":true,"href":"https:\/\/www.idpoisson.fr\/feliachi\/wp-json\/wp\/v2\/folder?post=80"}],"curies":[{"name":"wp","href":"https:\/\/api.w.org\/{rel}","templated":true}]}}