{"id":2,"date":"2018-02-08T16:06:15","date_gmt":"2018-02-08T15:06:15","guid":{"rendered":"https:\/\/www.idpoisson.fr\/gaveau\/?page_id=2"},"modified":"2021-09-28T11:54:15","modified_gmt":"2021-09-28T09:54:15","slug":"accueil","status":"publish","type":"page","link":"https:\/\/www.idpoisson.fr\/gaveau","title":{"rendered":"Accueil"},"content":{"rendered":"<p>Doctorante en math\u00e9matiques appliqu\u00e9s depuis octobre 2018, ATER \u00e0 l&rsquo;universit\u00e9 d&rsquo;Orl\u00e9ans depuis septembre 2021.<br \/>\n<a href=\"https:\/\/www.idpoisson.fr\">Institut Denis Poisson<\/a> CNRS UMR 7013<br \/>\n<a href=\"http:\/\/www.math.univ-tours.fr\/\">D\u00e9partement de math\u00e9matiques<\/a> de l&rsquo;<a href=\"https:\/\/www.univ-orleans.fr\/fr\">Universit\u00e9 d&rsquo;Orl\u00e9ans<\/a><br \/>\n<a href=\"https:\/\/www.idpoisson.fr\/gaveau\/wp-content\/uploads\/sites\/46\/2020\/10\/CV_maths.pdf\">CV<\/a><\/p>\n<p><strong>Contact<\/strong><br \/>\nBureau : B7<br \/>\nEmail : noemie.gaveau@univ-orleans.fr<\/p>\n<hr \/>\n<h3 id=\"publis\">Th\u00e8mes de recherche<\/h3>\n<ul>\n<li>\u00c9quations de Saint-Venant, probl\u00e8mes en eaux peu profondes<\/li>\n<li>S\u00e9dimentation, force de Coriolis<\/li>\n<li>EDPs hyperboliques et elliptiques<\/li>\n<li>In\u00e9galit\u00e9s d&rsquo;\u00e9nergie<\/li>\n<li>Sch\u00e9mas entropiques<\/li>\n<li>Codage (C++, Python)<\/li>\n<\/ul>\n<hr \/>\n<h3 id=\"publis\">Publications<\/h3>\n<ul>\n<li>en pr\u00e9paration : E. Audusse, V. Dubos, N. Gaveau,Y. Penel, \u00ab\u00a0Comparison of different schemes for the non-linear Shallow Water equations with Coriolis source term\u00a0\u00bb<\/li>\n<li>\u00e0 para\u00eetre : F. Darboux, N. Gaveau, C. Lucas, \u00ab\u00a0Validation of a general-purpose erosion-sedimentation model on a laboratory experiment\u00a0\u00bb, <em>Advances in Hydroinformatics \u2013 SimHydro 2021 \u2013 Models for complex and global water issues: Practices and experimentations<\/em>.<\/li>\n<li>ao\u00fbt 2021 : F. Darboux, F. James, N. Gaveau, A. Nouhou-Bako, C. Lucas \u00ab\u00a0A Unifying Transfer Model for Soil Erosion, River Bedload and Chemical Transport\u00a0\u00bb,<i>Journal of Hydrology X<\/i>, Elsevier, 2021, 12, pp.100082. <span id=\"OBJ_PREFIX_DWT287_com_zimbra_url\" class=\"Object\" role=\"link\"><span id=\"OBJ_PREFIX_DWT312_com_zimbra_url\" class=\"Object\" role=\"link\"><a href=\"https:\/\/dx.doi.org\/10.1016\/j.hydroa.2021.100082\" target=\"_blank\" rel=\"noopener nofollow noreferrer\">\u27e810.1016\/j.hydroa.2021.100082\u27e9<\/a><\/span><\/span>.<\/li>\n<li>f\u00e9vrier 2021 : E. Audusse, V. Dubos, A. Duran, N. Gaveau, Y. Nasseri, Y. Penel, \u00ab\u00a0Numerical approximation of the Shallow Water equations with Coriolis source term\u00a0\u00bb, <i>ESAIM: Proceedings<\/i>, EDP Sciences, 2021, 70, pp.31-44. <span id=\"OBJ_PREFIX_DWT284_com_zimbra_url\" class=\"Object\" role=\"link\"><span id=\"OBJ_PREFIX_DWT309_com_zimbra_url\" class=\"Object\" role=\"link\"><a href=\"https:\/\/hal.archives-ouvertes.fr\/hal-03182659v2\" target=\"_blank\" rel=\"noopener nofollow noreferrer\">\u27e8hal-03182659v2\u27e9<\/a><\/span><\/span><\/li>\n<\/ul>\n<hr \/>\n<h3 id=\"publis\">Expos\u00e9s et posters<\/h3>\n<ul>\n<li>\u00a018\/06\/2021 : <em>Validation of a general-purpose erosion-sedimentation model on a laboratory experiment<\/em>, SimHydro, Nice.<\/li>\n<li>27\/05\/21 : <em>Validation d\u2019un mod\u00e8le polyvalent d\u2019\u00e9rosion-s\u00e9dimentation sur une exp\u00e9rience en laboratoire,<\/em> 8\u00e8me \u00e9cole EGRIN, en ligne<em>.<\/em><\/li>\n<li>10\/03\/2020 : <em>Mathematical study of erosion problems<\/em>, Journ\u00e9e de l\u2019\u00e9cole doctorale MIPTIS (Math\u00e9matiques, Informatique, Physique Th\u00e9orique et Ing\u00e9nierie des Syst\u00e8mes), Blois<em>.<\/em><\/li>\n<li>21\/11\/2019 : <em>Energetical study of a sedimentation model,<\/em> poster, Journ\u00e9es des doctorants, Tours.<\/li>\n<li>22\/08\/2019 : <em>A class of finite volume schemes for the 2D shallow water equations with Coriolis force<\/em>, CEMRACS 2019, Marseille (CIRM). Expos\u00e9 r\u00e9alis\u00e9 avec V. Dubos et Y. Nasseri.<\/li>\n<li>12\/12\/2018 : <em>Un mod\u00e8le de transfert pour la mod\u00e9lisation de l\u2019\u00e9rosion<\/em>, Journ\u00e9es Cascimodot, Orl\u00e9ans, .<\/li>\n<li><em>Mathematical modelisation of shallow water equations<\/em>, journ\u00e9e des doctorants MIPTIS, 10 mars 2020 (Blois)<\/li>\n<\/ul>\n<hr \/>\n<h3 id=\"ens\">Enseignements<\/h3>\n<ul>\n<li>Mod\u00e9lisation math\u00e9matiques, IUT 2A (2021)<\/li>\n<li>Soutien calculus en L1 maths (2021)<\/li>\n<li>TD de champs de Gauss, Polytech 3A (2022)<\/li>\n<li>Remise \u00e0 niveau en EDO, Polytech 2A et 3A (2021-2022)<\/li>\n<li>Stage de pr\u00e9rentr\u00e9e L1 DEG (2021)<\/li>\n<li>TD\/TP d&rsquo;analyse num\u00e9rique en L3 maths (2021)<\/li>\n<li>TP de traitement du signal en M1 math\u00e9matiques (2018, 2020)<\/li>\n<li>TD d&rsquo;analyse en L1 maths (2019- 2022)<\/li>\n<li>TD d&rsquo;alg\u00e8bre en L1 maths (2018- 2022)<\/li>\n<\/ul>\n<hr \/>\n<h3 id=\"ens\">Vulgarisation scientifique<\/h3>\n<ul>\n<li><strong>Escape Game Math\u00e9matiques : <\/strong>\u00ab Le probl\u00e8me complexe d\u2019Anna Leez \u00bb. Cr\u00e9ation du projet avec Maxime Boucher, participation de Philippe Grillot, Magali Ribot, Julien Barr\u00e9, Laurent Delsol et Anne Liger.<\/li>\n<li><strong>Centre Galois<\/strong> (Juin\u00a0 2020, annulation COVID-19) : Intervention \u00ab Hexaflexagones, de jeux en math\u00e9matiques \u00bb. \u00a0<a href=\"https:\/\/www.centre-galois.fr\/info.php\">https:\/\/www.centre-galois.fr\/info.php<\/a><\/li>\n<\/ul>\n","protected":false},"excerpt":{"rendered":"<p>Doctorante en math\u00e9matiques appliqu\u00e9s depuis octobre 2018, ATER \u00e0 l&rsquo;universit\u00e9 d&rsquo;Orl\u00e9ans depuis septembre 2021. Institut Denis Poisson CNRS UMR 7013 &hellip; <a href=\"https:\/\/www.idpoisson.fr\/gaveau\/\" class=\"more-link\">Plus <span class=\"screen-reader-text\">Accueil<\/span> <span class=\"meta-nav\">&rarr;<\/span><\/a><\/p>\n","protected":false},"author":3,"featured_media":0,"parent":0,"menu_order":0,"comment_status":"closed","ping_status":"open","template":"","meta":{"footnotes":""},"folder":[],"class_list":["post-2","page","type-page","status-publish","hentry"],"_links":{"self":[{"href":"https:\/\/www.idpoisson.fr\/gaveau\/wp-json\/wp\/v2\/pages\/2","targetHints":{"allow":["GET"]}}],"collection":[{"href":"https:\/\/www.idpoisson.fr\/gaveau\/wp-json\/wp\/v2\/pages"}],"about":[{"href":"https:\/\/www.idpoisson.fr\/gaveau\/wp-json\/wp\/v2\/types\/page"}],"author":[{"embeddable":true,"href":"https:\/\/www.idpoisson.fr\/gaveau\/wp-json\/wp\/v2\/users\/3"}],"replies":[{"embeddable":true,"href":"https:\/\/www.idpoisson.fr\/gaveau\/wp-json\/wp\/v2\/comments?post=2"}],"version-history":[{"count":5,"href":"https:\/\/www.idpoisson.fr\/gaveau\/wp-json\/wp\/v2\/pages\/2\/revisions"}],"predecessor-version":[{"id":52,"href":"https:\/\/www.idpoisson.fr\/gaveau\/wp-json\/wp\/v2\/pages\/2\/revisions\/52"}],"wp:attachment":[{"href":"https:\/\/www.idpoisson.fr\/gaveau\/wp-json\/wp\/v2\/media?parent=2"}],"wp:term":[{"taxonomy":"folder","embeddable":true,"href":"https:\/\/www.idpoisson.fr\/gaveau\/wp-json\/wp\/v2\/folder?post=2"}],"curies":[{"name":"wp","href":"https:\/\/api.w.org\/{rel}","templated":true}]}}