{"id":2,"date":"2018-02-08T16:06:15","date_gmt":"2018-02-08T15:06:15","guid":{"rendered":"https:\/\/www.idpoisson.fr\/gobet\/?page_id=2"},"modified":"2024-10-24T21:30:04","modified_gmt":"2024-10-24T19:30:04","slug":"accueil","status":"publish","type":"page","link":"https:\/\/www.idpoisson.fr\/gobet","title":{"rendered":""},"content":{"rendered":"<p>I moved to University Clermont Auvergne \/ J&rsquo;ai d\u00e9m\u00e9nag\u00e9 au pays des volcans.<\/p>\n<p><strong><a href=\"https:\/\/gobet.perso.math.cnrs.fr\/\">New webpage<\/a><\/strong><\/p>\n<p>New email address : thomas.gobet [\u00e0 table] uca.fr<\/p>\n\n\n<pre class=\"wp-block-code\"><code><a href=\"https:\/\/clustrmaps.com\/site\/1bz1k\" title=\"Visit tracker\"><img decoding=\"async\" src=\"\/\/www.clustrmaps.com\/map_v2.png?d=mljeVLqua2B69eLuA0eRlNQRJh3coopstVRpr7sK_2U&#038;cl=ffffff\"><\/a><\/code><\/pre>\n","protected":false},"excerpt":{"rendered":"<p>I moved to University Clermont Auvergne \/ J&rsquo;ai d\u00e9m\u00e9nag\u00e9 au pays des volcans. New webpage New email address : thomas.gobet &hellip; <a href=\"https:\/\/www.idpoisson.fr\/gobet\/\" class=\"more-link\">Plus <span class=\"screen-reader-text\"><\/span> <span class=\"meta-nav\">&rarr;<\/span><\/a><\/p>\n","protected":false},"author":3,"featured_media":0,"parent":0,"menu_order":0,"comment_status":"closed","ping_status":"open","template":"","meta":{"footnotes":""},"folder":[],"class_list":["post-2","page","type-page","status-publish","hentry"],"_links":{"self":[{"href":"https:\/\/www.idpoisson.fr\/gobet\/wp-json\/wp\/v2\/pages\/2","targetHints":{"allow":["GET"]}}],"collection":[{"href":"https:\/\/www.idpoisson.fr\/gobet\/wp-json\/wp\/v2\/pages"}],"about":[{"href":"https:\/\/www.idpoisson.fr\/gobet\/wp-json\/wp\/v2\/types\/page"}],"author":[{"embeddable":true,"href":"https:\/\/www.idpoisson.fr\/gobet\/wp-json\/wp\/v2\/users\/3"}],"replies":[{"embeddable":true,"href":"https:\/\/www.idpoisson.fr\/gobet\/wp-json\/wp\/v2\/comments?post=2"}],"version-history":[{"count":102,"href":"https:\/\/www.idpoisson.fr\/gobet\/wp-json\/wp\/v2\/pages\/2\/revisions"}],"predecessor-version":[{"id":210,"href":"https:\/\/www.idpoisson.fr\/gobet\/wp-json\/wp\/v2\/pages\/2\/revisions\/210"}],"wp:attachment":[{"href":"https:\/\/www.idpoisson.fr\/gobet\/wp-json\/wp\/v2\/media?parent=2"}],"wp:term":[{"taxonomy":"folder","embeddable":true,"href":"https:\/\/www.idpoisson.fr\/gobet\/wp-json\/wp\/v2\/folder?post=2"}],"curies":[{"name":"wp","href":"https:\/\/api.w.org\/{rel}","templated":true}]}}