{"id":105,"date":"2022-12-12T19:11:44","date_gmt":"2022-12-12T18:11:44","guid":{"rendered":"https:\/\/www.idpoisson.fr\/grellier\/?page_id=105"},"modified":"2023-07-18T11:31:04","modified_gmt":"2023-07-18T09:31:04","slug":"master-meef-second-degre-parcours-de-mathematiques","status":"publish","type":"page","link":"https:\/\/www.idpoisson.fr\/grellier\/master-meef-second-degre-parcours-de-mathematiques\/","title":{"rendered":"Master MEEF second degr\u00e9 parcours de math\u00e9matiques"},"content":{"rendered":"\n<p><\/p>\n\n\n\n<p><strong>NOUVEAU et IMPORTANT:<\/strong> d\u00e9p\u00f4t de demande de candidature jusqu&rsquo;au 25 ao\u00fbt en dehors de la plateforme \u00ab\u00a0trouver mon master\u00a0\u00bb ici<\/p>\n\n\n\n<pre class=\"wp-block-preformatted\"><a href=\"https:\/\/www.univ-orleans.fr\/fr\/univ\/formation\/candidature-et-inscription\/candidater-sur-ecandidat\">https:\/\/www.univ-orleans.fr\/fr\/univ\/formation\/candidature-et-inscription\/candidater-sur-ecandidat<\/a><\/pre>\n\n\n\n<p>Les \u00e9tudiants inscrits sont invit\u00e9s \u00e0 se connecter \u00e0 l&rsquo;\u00e9quipe TEAMS de leur promotion!<\/p>\n\n\n\n<p><\/p>\n\n\n\n<p><\/p>\n\n\n\n<p class=\"has-medium-font-size\"><em><strong>Le M1 MEEF second degr\u00e9, parcours de math\u00e9matiques<\/strong><\/em><\/p>\n\n\n\n<p>L&rsquo;objectif de la formation en M1 est de vous donner les outils pour devenir un enseignant du secondaire en math\u00e9matiques en vous pr\u00e9parant notamment aux concours de l&rsquo;enseignement et plus particuli\u00e8rement au CAPES. Vous pouvez d\u00e9j\u00e0 vous renseigner sur le concours du CAPES sur le site du jury ici:  <a href=\"https:\/\/capes-math.org\/\" data-type=\"URL\" data-id=\"https:\/\/capes-math.org\/\">capes.math.org<\/a><\/p>\n\n\n\n<h2 class=\"wp-block-heading\"><strong><em>Le M2 MEEF second degr\u00e9, parcours de math\u00e9matiques<\/em><\/strong><\/h2>\n\n\n\n<p>L&rsquo;ann\u00e9e de M2 est un ann\u00e9e <strong>difficile<\/strong> avec <strong>trois<\/strong> objectifs: <\/p>\n\n\n\n<ul class=\"wp-block-list\">\n<li>d\u00e9velopper ses <strong>comp\u00e9tences sur le terrain <\/strong>en \u00e9tant soit contractuel alternant, soit en stage d&rsquo;observation et de pratique accompagn\u00e9e,<\/li>\n<\/ul>\n\n\n\n<ul class=\"wp-block-list\">\n<li>se pr\u00e9parer aux <strong>concours<\/strong> de l&rsquo;enseignement et les r\u00e9ussir!<\/li>\n<\/ul>\n\n\n\n<ul class=\"wp-block-list\">\n<li><strong>valider son master<\/strong> pour devenir enseignant stagiaire l&rsquo;ann\u00e9e suivante!<\/li>\n<\/ul>\n\n\n\n<figure class=\"wp-block-image size-large\"><img decoding=\"async\" src=\"http:\/\/www.wingz.fr\/wp-content\/uploads\/2015\/05\/enfants-nuls-maths1.jpg\" alt=\"\" \/><\/figure>\n","protected":false},"excerpt":{"rendered":"<p>NOUVEAU et IMPORTANT: d\u00e9p\u00f4t de demande de candidature jusqu&rsquo;au 25 ao\u00fbt en dehors de la plateforme \u00ab\u00a0trouver mon master\u00a0\u00bb ici &hellip; <a href=\"https:\/\/www.idpoisson.fr\/grellier\/master-meef-second-degre-parcours-de-mathematiques\/\" class=\"more-link\">Plus <span class=\"screen-reader-text\">Master MEEF second degr\u00e9 parcours de math\u00e9matiques<\/span> <span class=\"meta-nav\">&rarr;<\/span><\/a><\/p>\n","protected":false},"author":26,"featured_media":0,"parent":0,"menu_order":0,"comment_status":"closed","ping_status":"closed","template":"","meta":{"footnotes":""},"folder":[],"class_list":["post-105","page","type-page","status-publish","hentry"],"_links":{"self":[{"href":"https:\/\/www.idpoisson.fr\/grellier\/wp-json\/wp\/v2\/pages\/105","targetHints":{"allow":["GET"]}}],"collection":[{"href":"https:\/\/www.idpoisson.fr\/grellier\/wp-json\/wp\/v2\/pages"}],"about":[{"href":"https:\/\/www.idpoisson.fr\/grellier\/wp-json\/wp\/v2\/types\/page"}],"author":[{"embeddable":true,"href":"https:\/\/www.idpoisson.fr\/grellier\/wp-json\/wp\/v2\/users\/26"}],"replies":[{"embeddable":true,"href":"https:\/\/www.idpoisson.fr\/grellier\/wp-json\/wp\/v2\/comments?post=105"}],"version-history":[{"count":8,"href":"https:\/\/www.idpoisson.fr\/grellier\/wp-json\/wp\/v2\/pages\/105\/revisions"}],"predecessor-version":[{"id":129,"href":"https:\/\/www.idpoisson.fr\/grellier\/wp-json\/wp\/v2\/pages\/105\/revisions\/129"}],"wp:attachment":[{"href":"https:\/\/www.idpoisson.fr\/grellier\/wp-json\/wp\/v2\/media?parent=105"}],"wp:term":[{"taxonomy":"folder","embeddable":true,"href":"https:\/\/www.idpoisson.fr\/grellier\/wp-json\/wp\/v2\/folder?post=105"}],"curies":[{"name":"wp","href":"https:\/\/api.w.org\/{rel}","templated":true}]}}