{"id":2,"date":"2018-02-01T14:26:32","date_gmt":"2018-02-01T13:26:32","guid":{"rendered":"https:\/\/www.idpoisson.fr\/guilhot\/?page_id=2"},"modified":"2022-10-10T17:04:20","modified_gmt":"2022-10-10T15:04:20","slug":"page-d-exemple","status":"publish","type":"page","link":"https:\/\/www.idpoisson.fr\/guilhot","title":{"rendered":"Jeremie Guilhot"},"content":{"rendered":"<p>Lecturer in Institut Denis Poisson, <a href=\"http:\/\/www.univ-tours.fr\">Universit\u00e9 de Tours<\/a><\/p>\n<hr width=\"99%\" \/>\n<table cellpadding=\"4\">\n<tbody>\n<tr align=\"LEFT\" valign=\"TOP\">\n<th>Postal address:<\/th>\n<td>Dr J\u00e9r\u00e9mie Guilhot<br \/>\nInstitut Denis Poisson<br \/>\nUniversit\u00e9 de Tours<br \/>\nFacult\u00e9 des Sciences et Techniques<br \/>\nParc de Grandmont<br \/>\n37200 Tours &#8211; FRANCE<\/td>\n<\/tr>\n<tr align=\"LEFT\">\n<th>Bureau :<\/th>\n<td>Batiment E2, bureau 3130<\/td>\n<\/tr>\n<tr align=\"LEFT\">\n<th>Courriel :<\/th>\n<td><a href=\"mailto:jeremie.guilhot@idpoisson.fr\"><tt>jeremie.guilhot at idpoisson dot fr<\/tt><\/a><\/td>\n<\/tr>\n<tr align=\"LEFT\">\n<th>T\u00e9l\u00e9phone :<\/th>\n<td>+33 2 47 36 72 59 <!-- omit? --><\/td>\n<\/tr>\n<tr align=\"LEFT\">\n<th>FAX:<\/th>\n<td>+33 2 47 36 70 68<\/td>\n<\/tr>\n<\/tbody>\n<\/table>\n<p>Curriculum Vitae, <a href=\"https:\/\/www.idpoisson.fr\/guilhot\/wp-content\/uploads\/sites\/8\/2018\/04\/CV-jeremieguilhot-en.pdf\"> pdf <\/a><\/p>\n<hr \/>\n<h2 style=\"clear: left\">Research Interests<\/h2>\n<ul>\n<li>Coxeter groups<\/li>\n<li>Hecke algebras<\/li>\n<li>Kazhdan-Lusztig cells in affine Weyl groups with unequal parameters<\/li>\n<\/ul>\n<hr \/>\n<h2 style=\"clear: left\">List of publications<\/h2>\n<ul>\n<li>On the determination of Kazhdan-Lusztig cells for affine Weyl groups with unequal parameters,<br \/>\nJ. Algebra, available on <a href=\"https:\/\/arxiv.org\/abs\/math\/0702272\"> arxiv<\/a><\/li>\n<li>On the generalized lowest two-sided cell in affine Weyl groups,<br \/>\nRepresent. Theory, available on <a href=\"https:\/\/arxiv.org\/abs\/math\/0703764\"> arXiv<\/a><\/li>\n<li>Generalized Induction of Kazhdan-Lusztig cells,<br \/>\nAnn. Inst. Fourier, available on <a href=\"https:\/\/arxiv.org\/abs\/0802.1408\"> arXiv <\/a><\/li>\n<li>Kazhdan-Lusztig cells in affine Weyl groups of rank 2,<br \/>\nInt Math Res Notices, available on <a href=\"https:\/\/arxiv.org\/abs\/0901.1711\"> arXiv<\/a><\/li>\n<li>Affine cellularity of affine Hecke algebras of rank 2,<br \/>\nin collaboration with <a href=\"http:\/\/www.uea.ac.uk\/~byr09xgu\/\">V.Miemietz<\/a>, Mathematische Zeitschrift, available on <a href=\"https:\/\/arxiv.org\/abs\/1011.2010\"> arXiv <\/a><\/li>\n<li>Asymptotic lowest two-sided cell,<br \/>\nin collaboration with <a href=\"http:\/\/www.math.univ-montp2.fr\/~bonnafe\/\"> C.Bonnafe <\/a>, preprint available on <a href=\"https:\/\/arxiv.org\/abs\/1103.4025\"> arXiv <\/a><\/li>\n<li>Cellularity of the lowest two-sided ideal of an affine Hecke algebra, Advances in Mathematics, available on <a href=\"https:\/\/arxiv.org\/abs\/1302.5204\"> arXiv <\/a><\/li>\n<li>Ordering Families using Lusztig&rsquo;s symbols in type B: the integer case,<br \/>\nin collaboration with <a href=\"http:\/\/njacon.perso.math.cnrs.fr\/\"> N. Jacon<\/a>, Journal of Algebraic Combinatorics,<br \/>\navailable on <a href=\"https:\/\/arxiv.org\/abs\/1308.3945\"> arXiv <\/a><\/li>\n<li>Isomorphic induced modules and Dynkin diagram automorphisms of semisimple Lie algebras,<br \/>\nin collaboration with <a href=\"http:\/\/www.lmpt.univ-tours.fr\/~lecouvey\/\"> C.Lecouvey<\/a>, Glasgow Math. Journal, available on <a href=\"https:\/\/arxiv.org\/abs\/1312.0470\"> arXiv <\/a><\/li>\n<li>Admissible subsets and Littelmann paths in affine Kazhdan-Lusztig theory,<br \/>\nTransformation Groups, available on <a href=\"https:\/\/arxiv.org\/abs\/1606.05542\"> arxiv <\/a><\/li>\n<li>A proof of Lusztig&rsquo;s conjectures for affine type G_2 for arbitrary parameters,<br \/>\nin collaboration with <a href=\"http:\/\/www.maths.usyd.edu.au\/u\/jamesp\/\"> J. Parkinson<\/a>, Proceedings of the London Mathematical Society, available on <a href=\"https:\/\/arxiv.org\/abs\/1711.06551\"> arXiv <\/a> and the matrices for cell representations <a href=\"https:\/\/www.idpoisson.fr\/guilhot\/wp-content\/uploads\/sites\/8\/2018\/04\/cells-representation-type-affine-G2.pdf\"> pdf <\/a><\/li>\n<li>Balanced representations, the asymptotic Plancherel formula, and Lusztig&rsquo;s conjectures for C_2, in collaboration with <a href=\"http:\/\/www.maths.usyd.edu.au\/u\/jamesp\/\"> J. Parkinson<\/a>, Algebraic Combinatorics, available on <a href=\"https:\/\/arxiv.org\/abs\/1803.11067\"> arXiv <\/a><\/li>\n<\/ul>\n<h2 style=\"clear: left\">Miscellaneous<\/h2>\n<ul>\n<li style=\"list-style-type: none\">\n<ul>\n<li>My PhD thesis, available at <a href=\"http:\/\/tel.archives-ouvertes.fr\/tel-00300796\/fr\/\"> pdf<\/a><\/li>\n<li>Computations in \u00ab\u00a0Generalized induction of Kazhdan-Lusztig cells\u00a0\u00bb, <a href=\"http:\/\/arxiv.org\/abs\/0810.5165\"> pdf <\/a><\/li>\n<li>Project<\/li>\n<\/ul>\n<\/li>\n<\/ul>\n","protected":false},"excerpt":{"rendered":"<p>Lecturer in Institut Denis Poisson, Universit\u00e9 de Tours Postal address: Dr J\u00e9r\u00e9mie Guilhot Institut Denis Poisson Universit\u00e9 de Tours Facult\u00e9 &hellip; <a href=\"https:\/\/www.idpoisson.fr\/guilhot\/\" class=\"more-link\">Plus <span class=\"screen-reader-text\">Jeremie Guilhot<\/span> <span class=\"meta-nav\">&rarr;<\/span><\/a><\/p>\n","protected":false},"author":23,"featured_media":0,"parent":0,"menu_order":0,"comment_status":"closed","ping_status":"open","template":"","meta":{"footnotes":""},"folder":[],"class_list":["post-2","page","type-page","status-publish","hentry"],"_links":{"self":[{"href":"https:\/\/www.idpoisson.fr\/guilhot\/index.php?rest_route=\/wp\/v2\/pages\/2","targetHints":{"allow":["GET"]}}],"collection":[{"href":"https:\/\/www.idpoisson.fr\/guilhot\/index.php?rest_route=\/wp\/v2\/pages"}],"about":[{"href":"https:\/\/www.idpoisson.fr\/guilhot\/index.php?rest_route=\/wp\/v2\/types\/page"}],"author":[{"embeddable":true,"href":"https:\/\/www.idpoisson.fr\/guilhot\/index.php?rest_route=\/wp\/v2\/users\/23"}],"replies":[{"embeddable":true,"href":"https:\/\/www.idpoisson.fr\/guilhot\/index.php?rest_route=%2Fwp%2Fv2%2Fcomments&post=2"}],"version-history":[{"count":64,"href":"https:\/\/www.idpoisson.fr\/guilhot\/index.php?rest_route=\/wp\/v2\/pages\/2\/revisions"}],"predecessor-version":[{"id":99,"href":"https:\/\/www.idpoisson.fr\/guilhot\/index.php?rest_route=\/wp\/v2\/pages\/2\/revisions\/99"}],"wp:attachment":[{"href":"https:\/\/www.idpoisson.fr\/guilhot\/index.php?rest_route=%2Fwp%2Fv2%2Fmedia&parent=2"}],"wp:term":[{"taxonomy":"folder","embeddable":true,"href":"https:\/\/www.idpoisson.fr\/guilhot\/index.php?rest_route=%2Fwp%2Fv2%2Ffolder&post=2"}],"curies":[{"name":"wp","href":"https:\/\/api.w.org\/{rel}","templated":true}]}}