{"id":24,"date":"2018-01-08T18:10:04","date_gmt":"2018-01-08T17:10:04","guid":{"rendered":"https:\/\/www.idpoisson.fr\/haberkorn\/?page_id=24"},"modified":"2025-05-09T09:25:49","modified_gmt":"2025-05-09T07:25:49","slug":"enseignements","status":"publish","type":"page","link":"https:\/\/www.idpoisson.fr\/haberkorn\/en\/enseignements\/","title":{"rendered":"Enseignements"},"content":{"rendered":"<h4>2nd Semestre 2024-2025 :<\/h4>\n<ul>\n<li>CM\/TD\/TP d&#8217;Optimisation, Master 1 de Math\u00e9matiques, parcours MAS.<\/li>\n<li>TD d&#8217;Alg\u00e8bre 2, Licence 1 Math\u00e9matiques.<\/li>\n<li>TD\/TP de M\u00e9thodes Num\u00e9riques, 1\u00e8re ann\u00e9e BUT d&#8217;informatique.<\/li>\n<\/ul>\n<h4>1er Semestre 2024-2025 :<\/h4>\n<ul>\n<li>CM\/TP d&#8217;Introduction au C++, Master 2 de Math\u00e9matiques, parcours MAS.<\/li>\n<li>CM\/TD\/TP d&#8217;Analyse Num\u00e9rique R\u00e9elle, Licence 3 de Math\u00e9matiques.<\/li>\n<\/ul>\n<p>&#8230;..<\/p>\n<h4>2nd Semestre 2018 :<\/h4>\n<ul>\n<li>Introduction au C++, Master 2 de Math\u00e9matiques, parcours SPMA (<a href=\"https:\/\/www.idpoisson.fr\/haberkorn\/wp-content\/uploads\/sites\/2\/2018\/01\/polyC.pdf\">polyC++<\/a>).<\/li>\n<li>Analyse Num\u00e9rique, Licence 3 de Math\u00e9matiques.<\/li>\n<li>Mod\u00e9lisation math\u00e9matiques, 2nd ann\u00e9e IUT d&#8217;informatique.<\/li>\n<\/ul>\n<h4>1er Semestre 2018 :<\/h4>\n<ul>\n<li>Math\u00e9matiques pour la Physique IV, Licence 2 Physique-Chimie.<\/li>\n<li>Outils Num\u00e9riques, Licence 3 MA-MI.<\/li>\n<li>Equations Diff\u00e9rentielles Ordinaires, Licence 3 MA-MI.<\/li>\n<\/ul>\n<h4>2nd Semestre 2017 :<\/h4>\n<ul>\n<li>Introduction au C++, Master 2 de Math\u00e9matiques, parcours SPMA (<a href=\"https:\/\/www.idpoisson.fr\/haberkorn\/wp-content\/uploads\/sites\/2\/2018\/01\/polyC.pdf\">polyC++<\/a>).<\/li>\n<li>Optimisation, Master 1 de Math\u00e9matiques, parcours SPMA.<\/li>\n<li>Mod\u00e9lisation math\u00e9matiques, 2nd ann\u00e9e IUT d&#8217;informatique.<\/li>\n<\/ul>\n<h4>1er Semestre 2017 :<\/h4>\n<ul>\n<li>Math\u00e9matiques pour la Physique IV, Licence 2 Physique-Chimie.<\/li>\n<li>Outils Num\u00e9riques, Licence 3 MA-MI.<\/li>\n<li>Equations Diff\u00e9rentielles Ordinaires, Licence 3 MA-MI.<\/li>\n<li>Alg\u00e8bre 1 (TD), Licence 1 Math\u00e9matiques.<\/li>\n<\/ul>\n<h4>2nd Semestre 2016 :<\/h4>\n<ul>\n<li>Introduction au C++, Master 2 parcours TI et SPMA (<a class=\"link\" href=\"http:\/\/www.univ-orleans.fr\/mapmo\/membres\/haberkorn\/docs\/polyC++.pdf\"> Polycopi\u00e9<\/a>).<\/li>\n<li>Mod\u00e9lisation math\u00e9matiques, 2nd ann\u00e9e IUT d&#8217;informatique.<\/li>\n<\/ul>\n<h4>1er Semestre 2016 :<\/h4>\n<ul>\n<li>Math\u00e9matiques pour la Physique IV, Licence 2 Physique-Chimie.<\/li>\n<li>Outils Num\u00e9riques, Licence 3 MA-MI.<\/li>\n<li>Equations Diff\u00e9rentielles Ordinaires, Licence 3 MA-MI.<\/li>\n<li>Alg\u00e8bre 1 (TD), Licence 1 Math\u00e9matiques.<\/li>\n<\/ul>\n<h4>2nd Semestre 2015 :<\/h4>\n<ul>\n<li>Introduction au C++, Master 2 parcours TI et SPMA.<\/li>\n<li>Mod\u00e9lisation math\u00e9matiques, 2nd ann\u00e9e IUT d&#8217;informatique.<\/li>\n<\/ul>\n<h4>1er Semestre 2015 :<\/h4>\n<ul>\n<li>Contr\u00f4le des EDOs, Master 1 parcours ATI.<\/li>\n<li>Outils Num\u00e9riques, Licence 3 MA-MI.<\/li>\n<li>Equations Diff\u00e9rentielles Ordinaires, Licence 3 MA-MI.<\/li>\n<\/ul>\n<h4>2nd Semestre 2014 :<\/h4>\n<ul>\n<li>Automatique, Master 2 parcours TSI.<\/li>\n<li>Introduction au C++, Master 2 parcours TSI et SPA.<\/li>\n<\/ul>\n<h4>2nd Semestre 2013 :<\/h4>\n<ul>\n<li>Automatique, Master 2 parcours TSI.<\/li>\n<li>Introduction au C++, Master 2 parcours TSI et SPA.<\/li>\n<\/ul>\n<h4>1er Semestre 2013 :<\/h4>\n<ul>\n<li>Contr\u00f4le des EDOs, Master 1 parcours ATI.<\/li>\n<li>Introduction aux M\u00e9thodes Num\u00e9riques, Module Ecole Doctorale Sciences<\/li>\n<\/ul>\n<h4>2nd Semestre 2012 :<\/h4>\n<ul>\n<li>Automatique, Master 2 parcours ATI.<\/li>\n<li>Introduction au C++, Master 2 parcours ATI et SPA.<\/li>\n<\/ul>\n<h4>1er Semestre 2012 :<\/h4>\n<ul>\n<li>Contr\u00f4le des EDOs, Master 1 parcours ATI.<\/li>\n<li>Introduction aux M\u00e9thodes Num\u00e9riques, Module Ecole Doctorale Sciences<\/li>\n<\/ul>\n<h4>2nd Semestre 2011 :<\/h4>\n<ul>\n<li>Automatique, Master 2 parcours Automatique.<\/li>\n<li>Introduction au C++, Master 2 parcours A et SRO.<\/li>\n<\/ul>\n<h4>1er Semestre 2011 :<\/h4>\n<ul>\n<li>Contr\u00f4le des EDOs, Master 1 parcours Automatique.<\/li>\n<\/ul>\n<h4>2nd Semestre 2010 :<\/h4>\n<ul>\n<li>Automatique, Master 2 parcours Automatique.<\/li>\n<li>Introduction au C++, Master 2 parcours A et SRO.<\/li>\n<\/ul>\n<h4>1er Semestre 2010 :<\/h4>\n<ul>\n<li>Calcul Scientifique 2, Licence 2.<\/li>\n<li>Contr\u00f4le des EDOs, Master 1 parcours Automatique.<\/li>\n<\/ul>\n<h4>2nd Semestre 2009 :<\/h4>\n<ul>\n<li>Introduction au C++, Master 2.<\/li>\n<\/ul>\n<h4>1er Semestre 2009 :<\/h4>\n<ul>\n<li>Cours de Cont\u00f4le des EDOs, Master 1 parcours Automatique.<\/li>\n<li>Calcul Scientifique 2, Licence 2<\/li>\n<\/ul>\n<h4>2nd Semestre 2008 :<\/h4>\n<ul>\n<li>Introduction au C++, Master 2.<\/li>\n<li>Cours d&#8217;Automatique, Master 2 parcours Automatique.<\/li>\n<\/ul>\n<h4>Premier semestre 2008 :<\/h4>\n<ul>\n<li>Introduction au C++, Master 2.<\/li>\n<\/ul>\n<h4>Second semestre 2007 :<\/h4>\n<ul>\n<li>Cours d&#8217;Introduction \u00e0 Scilab en Master 2.<\/li>\n<li>Cours d&#8217;<b>Automatique (Contr\u00f4le des EDOs)<\/b> en parall\u00e8le avec <a class=\"link\" href=\"https:\/\/www.ljll.math.upmc.fr\/trelat\/\"> Emmanuel Tr\u00e9lat<\/a> en Master 2, parcours Automatique.<\/li>\n<\/ul>\n","protected":false},"excerpt":{"rendered":"<p>2nd Semestre 2024-2025 : CM\/TD\/TP d&#8217;Optimisation, Master 1 de Math\u00e9matiques, parcours MAS. TD d&#8217;Alg\u00e8bre 2, Licence 1 Math\u00e9matiques. TD\/TP de &hellip; <a href=\"https:\/\/www.idpoisson.fr\/haberkorn\/en\/enseignements\/\" class=\"more-link\">More <span class=\"screen-reader-text\">Enseignements<\/span> <span class=\"meta-nav\">&rarr;<\/span><\/a><\/p>\n","protected":false},"author":2,"featured_media":0,"parent":0,"menu_order":0,"comment_status":"closed","ping_status":"closed","template":"","meta":{"footnotes":""},"folder":[],"class_list":["post-24","page","type-page","status-publish","hentry"],"_links":{"self":[{"href":"https:\/\/www.idpoisson.fr\/haberkorn\/en\/wp-json\/wp\/v2\/pages\/24","targetHints":{"allow":["GET"]}}],"collection":[{"href":"https:\/\/www.idpoisson.fr\/haberkorn\/en\/wp-json\/wp\/v2\/pages"}],"about":[{"href":"https:\/\/www.idpoisson.fr\/haberkorn\/en\/wp-json\/wp\/v2\/types\/page"}],"author":[{"embeddable":true,"href":"https:\/\/www.idpoisson.fr\/haberkorn\/en\/wp-json\/wp\/v2\/users\/2"}],"replies":[{"embeddable":true,"href":"https:\/\/www.idpoisson.fr\/haberkorn\/en\/wp-json\/wp\/v2\/comments?post=24"}],"version-history":[{"count":5,"href":"https:\/\/www.idpoisson.fr\/haberkorn\/en\/wp-json\/wp\/v2\/pages\/24\/revisions"}],"predecessor-version":[{"id":81,"href":"https:\/\/www.idpoisson.fr\/haberkorn\/en\/wp-json\/wp\/v2\/pages\/24\/revisions\/81"}],"wp:attachment":[{"href":"https:\/\/www.idpoisson.fr\/haberkorn\/en\/wp-json\/wp\/v2\/media?parent=24"}],"wp:term":[{"taxonomy":"folder","embeddable":true,"href":"https:\/\/www.idpoisson.fr\/haberkorn\/en\/wp-json\/wp\/v2\/folder?post=24"}],"curies":[{"name":"wp","href":"https:\/\/api.w.org\/{rel}","templated":true}]}}