{"id":12,"date":"2018-01-08T18:03:50","date_gmt":"2018-01-08T17:03:50","guid":{"rendered":"https:\/\/www.idpoisson.fr\/haberkorn\/?page_id=12"},"modified":"2018-01-08T18:03:50","modified_gmt":"2018-01-08T17:03:50","slug":"accueil","status":"publish","type":"page","link":"https:\/\/www.idpoisson.fr\/haberkorn","title":{"rendered":"Accueil"},"content":{"rendered":"<p><img loading=\"lazy\" decoding=\"async\" class=\"size-medium wp-image-17 aligncenter\" src=\"https:\/\/www.idpoisson.fr\/haberkorn\/wp-content\/uploads\/sites\/2\/2018\/01\/ThomasHI-199x300.jpg\" alt=\"\" width=\"199\" height=\"300\" srcset=\"https:\/\/www.idpoisson.fr\/haberkorn\/wp-content\/uploads\/sites\/2\/2018\/01\/ThomasHI-199x300.jpg 199w, https:\/\/www.idpoisson.fr\/haberkorn\/wp-content\/uploads\/sites\/2\/2018\/01\/ThomasHI-680x1024.jpg 680w, https:\/\/www.idpoisson.fr\/haberkorn\/wp-content\/uploads\/sites\/2\/2018\/01\/ThomasHI.jpg 712w\" sizes=\"auto, (max-width: 199px) 100vw, 199px\" \/><\/p>\n<p style=\"text-align: center\"><span class=\"Style\"><b>Ma\u00eetre de Conf\u00e9rences<\/b><br \/>\n<a class=\"link\" href=\"http:\/\/www.univ-orleans.fr\"> Universit\u00e9 d&rsquo;Orl\u00e9ans<\/a>, UFR Sciences<br \/>\n<a class=\"link\" href=\"https:\/\/www.idpoisson.fr\">Institut Denis Poisson<\/a><br \/>\nMath\u00e9matiques, UMR 7349<br \/>\nRoute de Chartres, BP 6759<br \/>\n45067 Orl\u00e9ans Cedex 2, France <\/span><\/p>\n<p>&nbsp;<\/p>\n<p style=\"text-align: center\"><img loading=\"lazy\" decoding=\"async\" class=\"alignnone size-full wp-image-16\" src=\"https:\/\/www.idpoisson.fr\/haberkorn\/wp-content\/uploads\/sites\/2\/2018\/01\/phone.gif\" alt=\"\" width=\"34\" height=\"29\" \/>\u00a0 <span class=\"Style\">(+33) (0)2 38 49 48 91 &#8212;<\/span>\u00a0 <img loading=\"lazy\" decoding=\"async\" class=\"alignnone size-full wp-image-15\" src=\"https:\/\/www.idpoisson.fr\/haberkorn\/wp-content\/uploads\/sites\/2\/2018\/01\/bureau.gif\" alt=\"\" width=\"34\" height=\"33\" \/>\u00a0 <span class=\"Style\">Bureau E15 &#8212;\u00a0 <img loading=\"lazy\" decoding=\"async\" class=\"alignnone  wp-image-14\" src=\"https:\/\/www.idpoisson.fr\/haberkorn\/wp-content\/uploads\/sites\/2\/2018\/01\/mails.gif\" alt=\"\" width=\"32\" height=\"32\" \/>\u00a0 thomas.haberkorn <img loading=\"lazy\" decoding=\"async\" class=\"alignnone size-full wp-image-13\" src=\"https:\/\/www.idpoisson.fr\/haberkorn\/wp-content\/uploads\/sites\/2\/2018\/01\/chez.gif\" alt=\"\" width=\"12\" height=\"12\" \/> univ-orleans.fr<\/span><\/p>\n","protected":false},"excerpt":{"rendered":"<p>Ma\u00eetre de Conf\u00e9rences Universit\u00e9 d&rsquo;Orl\u00e9ans, UFR Sciences Institut Denis Poisson Math\u00e9matiques, UMR 7349 Route de Chartres, BP 6759 45067 Orl\u00e9ans &hellip; <a href=\"https:\/\/www.idpoisson.fr\/haberkorn\/\" class=\"more-link\">Plus <span class=\"screen-reader-text\">Accueil<\/span> <span class=\"meta-nav\">&rarr;<\/span><\/a><\/p>\n","protected":false},"author":2,"featured_media":0,"parent":0,"menu_order":0,"comment_status":"closed","ping_status":"closed","template":"","meta":{"footnotes":""},"folder":[],"class_list":["post-12","page","type-page","status-publish","hentry"],"_links":{"self":[{"href":"https:\/\/www.idpoisson.fr\/haberkorn\/wp-json\/wp\/v2\/pages\/12","targetHints":{"allow":["GET"]}}],"collection":[{"href":"https:\/\/www.idpoisson.fr\/haberkorn\/wp-json\/wp\/v2\/pages"}],"about":[{"href":"https:\/\/www.idpoisson.fr\/haberkorn\/wp-json\/wp\/v2\/types\/page"}],"author":[{"embeddable":true,"href":"https:\/\/www.idpoisson.fr\/haberkorn\/wp-json\/wp\/v2\/users\/2"}],"replies":[{"embeddable":true,"href":"https:\/\/www.idpoisson.fr\/haberkorn\/wp-json\/wp\/v2\/comments?post=12"}],"version-history":[{"count":2,"href":"https:\/\/www.idpoisson.fr\/haberkorn\/wp-json\/wp\/v2\/pages\/12\/revisions"}],"predecessor-version":[{"id":36,"href":"https:\/\/www.idpoisson.fr\/haberkorn\/wp-json\/wp\/v2\/pages\/12\/revisions\/36"}],"wp:attachment":[{"href":"https:\/\/www.idpoisson.fr\/haberkorn\/wp-json\/wp\/v2\/media?parent=12"}],"wp:term":[{"taxonomy":"folder","embeddable":true,"href":"https:\/\/www.idpoisson.fr\/haberkorn\/wp-json\/wp\/v2\/folder?post=12"}],"curies":[{"name":"wp","href":"https:\/\/api.w.org\/{rel}","templated":true}]}}