{"id":101,"date":"2019-02-13T10:29:47","date_gmt":"2019-02-13T09:29:47","guid":{"rendered":"https:\/\/www.idpoisson.fr\/hillairet\/?page_id=101"},"modified":"2019-02-13T10:36:18","modified_gmt":"2019-02-13T09:36:18","slug":"publis-gerasic","status":"publish","type":"page","link":"https:\/\/www.idpoisson.fr\/hillairet\/en\/publis-gerasic\/","title":{"rendered":"publis-Gerasic"},"content":{"rendered":"\n<ol class=\"wp-block-list\"><li> L. Abatangelo, V. Felli, <strong>L. Hillairet,<\/strong> C. L\u00e9na.Spectral stability under removal of small capacity sets and applications to Aharonov\u2013Bohm operators,&nbsp;<em>J. Spectr. Theory<\/em>, \u00e0 para\u00eetre, 2018. <\/li><li> P. Albin, D. Sher, <strong>F. Rochon.<\/strong> Analytic torsion and R-torsion of Witt representations on manifolds with cusps,  <em>Duke Math. J.,<\/em> 167(10)&nbsp;:1883&#8211;1950, 2018. <\/li><li> P. Albin, D. Sher, <strong>F. Rochon. <\/strong>Resolvent, heat kernel and torsion under degeneration to fibred cusps, <em>Mem. Amer. Math. Soc.<\/em>, \u00e0 para\u00eetre, 2018. <\/li><li> <strong>N. Anantharaman, M. L\u00e9autaud<\/strong>, F. Maci\u00e0. Delocalization of quasimodes on the disk, <em>Comptes Rendus Acad. Sc.<\/em>, 354, no.3, 257&#8211;263, 2016. <\/li><li> <strong>N. Anantharaman, M. L\u00e9autaud,<\/strong> F. Maci\u00e0.  Wigner measures and observability for the Schr\u00f6dinger equation on the disk, <em>Invent. Math.<\/em>, 206(2):485&#8211;599, 2016. <\/li><li> <strong>N. Anantharaman, M. L\u00e9autaud, S. Nonnenmacher.<\/strong> Decay rates for the damped wave equation on the torus,&nbsp;<em>Analysis &#038; PDE<\/em>, 7, no.1, 159&#8211;214, 2014. <\/li><li> <strong>N. Anantharaman, <\/strong>M. Sabri. Recent results of quantum ergodicity on graphs and further investigation, <em>Ann. Facult\u00e9 des Sciences Toulouse<\/em>, \u00e0 para\u00eetre, 2017. <\/li><li> <strong>N. Anantharaman,<\/strong> M. Sabri. Quantum ergodicity for the Anderson model on regular graphs, <em>Journal of Mathematical Physics<\/em>, 58, 2017 <\/li><li> <strong>N. Anantharaman, <\/strong>M. Sabri. Poisson kernel expansions for Schr\u00f6dinger operators on trees, <em>Journal of Spectral Theory, <\/em>\u00e0 para\u00eetre, 2017. <\/li><li> <strong>N. Anantharaman<\/strong>. Quantum ergodicity on regular graphs, <em>Comm. Math. Phys.<\/em> 353, (2), 633\u2014690, 2017. <\/li><li> <strong>N. Anantharaman,<\/strong> E. Le Masson. Quantum ergodicity on large regular graphs, <em>Duke Math. J.<\/em>, 164(4), 723\u2014765, 2015. <\/li><li> <strong>N. Anantharaman,<\/strong> C. Fermanian-Kammerer, F. Maci\u00e0. Semiclassical Completely Integrable Systems : Long-Time Dynamics And Observability Via Two-Microlocal Wigner Measures,  <em>Am. J. Math.<\/em>, 137(3), 577&#8211;638, 2015. <\/li><li> O. Bandtlow, <strong>F. Naud.<\/strong>  Lower bounds for the Ruelle spectrum of analytic circle maps, <em>Erg. Th. and Dyn. Sys.<\/em>, 39(2), 289&#8211;310, 2019. <\/li><li> D. Barseghyan, <strong>F. Truc.<\/strong> A Lieb-Thirring-type inequality for magnetic <br> Schrodinger operators with a radial symmetry. <em>Operator Theory: Advances and Applications.&nbsp;Boris Pavlov\u2019s memorial volume, Birkh\u00e4user,<\/em> \u00e0 para\u00eetre, 2018.  <\/li><li> M. Bonnefont, <strong>S. Gol\u00e9nia.<\/strong> Essential spectrum and Weyl asymptotics for discrete Laplacians, <em>Annales de la facult\u00e9 des sciences de Toulouse<\/em>, 24(3), 563&#8211;624, 2015. <\/li><li> D. Borthwick, <strong>C. Guillarmou.<\/strong> Upper bounds on the number of resonances on geometrically finite hyberbolic manifolds. <em>Journal of E.M.S<\/em>., 18(5), 997&#8211;1041, 2016. <\/li><li> <strong>J.M. Bouclet. <\/strong>Strichartz inequalities on surfaces with cusps.  <em>Int. Math. Res. Not.<\/em>, 24, 13437-13492, 2015.  <\/li><li> <strong>J.M. Bouclet, <\/strong>J. Royer. Sharp low frequency estimates on asymptotically flat manifolds, Comm. Math. Phys., 335(2)&nbsp;:809&#8211;850, 2015.  <\/li><li> <strong>J.-M. Bouclet<\/strong>, H. Mizutani.  Uniform resolvent and Strichartz estimates for Schr\u00f6dinger equations with critical singularities, <em>Trans. Am. Math. Soc.<\/em>, \u00e0 para\u00eetre, 2018. <\/li><li> Y. Canzani, J. Galkowski, <strong>J. A. Toth.<\/strong> Averages of eigenfunctions over hypersurfaces, <em>Comm. Math. Phys.<\/em>, \u00e0 para\u00eetre, 2018. <\/li><li> Y. Canzani, <strong>J. A. Toth.<\/strong> Intersection bounds for nodal sets of Laplace eigenfunctions. <em>Springer Conference Proceedings on Algebraic and Analytic Microlocal Analysis, M. Hitrik, D. Tamarkin, B. Tsygan, and S. Zelditch, eds.<\/em>, Springer Verlag, \u00e0 para\u00eetre, 2016. <\/li><li> Y. Canzani, <strong>J. A. Toth. <\/strong>Nodal sets of Schr\u00f6dinger eigenfunctions in forbidden regions, Annales Henri Poincar\u00e9, \u00e0 para\u00eetre, 2016. <\/li><li> Y. Colin de Verdi\u00e8re, <strong>L. Hillairet,<\/strong> E. Tr\u00e9lat. Spectral asymptotics for sub-Riemannian Laplacians, I: Quantum ergodicity and quantum limits in the 3-dimensional contact case, <em>Duke Math. J.<\/em>, 167(1), 109&#8211;174, 2018. <\/li><li> Y. Colin de Verdi\u00e8re, <strong>F. Truc.<\/strong> Topological resonances on quantum graphs,  <em>Annales Henri Poincar\u00e9,<\/em> 19(5)&nbsp;:1419&#8211;1438, 2018 <\/li><li> N.V. Dang, <strong>G. Rivi\u00e8re.<\/strong> Equidistribution of the conormal cycle of random nodal sets, <em>J. Eur. Math. Soc.<\/em>, \u00e0 para\u00eetre, 2018. <\/li><li> N.V. Dang, <strong>G. Rivi\u00e8re. <\/strong>Spectral analysis of Morse-Smale gradient flows, <em>Ann. Sci. ENS<\/em>, \u00e0 para\u00eetre, 2018. <\/li><li> N.V. Dang, <strong>G. Rivi\u00e8re. <\/strong>Spectral analysis of Morse-Smale flows I: construction of the anisotropoc Sobolev spaces,  J. Inst. Math. Jussieu, \u00e0 para\u00eetre, 2018. <\/li><li> N.V. Dang, <strong>G. Rivi\u00e8re. <\/strong>Spectral analysis of Morse-Smale flows II&nbsp;: resonances and resonant states, Amer. Journ. Math., \u00e0 para\u00eetre, 2018. <\/li><li> <strong>Alix Deleporte.<\/strong> Low-energy spectrum of Toeplitz operators&nbsp;: the case of wells, Journ. Spec. Th., \u00e0 para\u00eetre, 2018. <\/li><li> S. Dyatlov, <strong>C. Guillarmou.<\/strong> Pollicott-Ruelle resonances for open systems,<br> <em>Annales IHP<\/em>, 17(11), 3089&#8211;3146, 2016. <\/li><li> S. Dyatlov, <strong>F. Faure, C. Guillarmou. <\/strong>Power spectrum of the geodesic flow on hyperbolic manifolds, <em>Analysis and PDE<\/em>, 8, 923&#8211;1000, 2015. <\/li><li> S. Eswarathasan, <strong>S. Nonnenmacher.<\/strong> Strong Scarring of Logarithmic Quasimodes, <em>Annales de l&#8217;Institut Fourier<\/em>, 67(6)&nbsp;:2307&#8211;2347, 2017. <\/li><li> S. Eswarathasan, <strong>I. Polterovich, J. Toth. <\/strong>Smooth billiards with a large Weyl remainder, <em>Int. Math. Res. Not.<\/em>,12&nbsp;:3639&#8211;3677, 2016. <\/li><li> S. Eswarathasan, <strong>G. Rivi\u00e8re.<\/strong> Perturbation of the semiclassical Schr\u00f6dinger equation on negatively curved surfaces, <em>J. Inst. Math. Jussieu<\/em>, 16 (4)&nbsp;:787&#8211;835, 2017. <\/li><li> <strong>F. Faure,<\/strong> T. Weich. Asymptotic spectral gap for open partially expanding maps, <em>Comm. Math. Phys.<\/em>, 356(3), 755\u2014822, 2017. <\/li><li> <strong>F. Faure,<\/strong> <strong>C. Guillarmou.<\/strong> Horocyclic invariance of Ruelle resonant states for contact Anosov flows in dimension 3, <em>Math. Res. Lett.<\/em>, accept\u00e9, 2017. <\/li><li> G. A. Ford, A. Hassell, <strong>L. Hillairet.<\/strong> Wave propagation on Euclidean surfaces with conical singularities. I: Geometric diffraction, <em>J. Spectr. Theory, <\/em>8(2), 605&#8211;667, 2018. <\/li><li> J. Galkowski, <strong>J. Toth.<\/strong> Pointwise bounds for Steklov eigenfunctions, <em>Jour. Geom. Anal.<\/em>, \u00e0 para\u00eetre, 2018. <\/li><li> J. Galkowski, <strong>J. Toth.  <\/strong>Eigenfunction scarring and improvements in L<sup>\u221e<\/sup> bounds, <em>Anal. and PDE<\/em>, 11(3)&nbsp;: 801&#8211;812, 2018. <\/li><li> J. Gell-Redman, <strong>M. Ingremeau.<\/strong>  Equidistribution of phase shifts in obstacle scattering, <em>Comm. PDE<\/em>, \u00e0 para\u00eetre, 2018. <\/li><li> <strong>C. Guillarmou.<\/strong> Lens rigidity for manifolds with hyperbolic trapped set,<br> <em>J. Amer. Math. Soc.<\/em> 30, 561&#8211;599, 2017. <\/li><li> <strong>C. Guillarmou.<\/strong> Invariant Distributions and X-ray transform for Anosov flows,<br> <em>Journal of Differential Geometry<\/em>, 105, 177&#8211;208, 2017. <\/li><li> <strong>C. Guillarmou,<\/strong> A. Hassell, Uniform Sobolev estimates for non-trapping metrics, <br> <em>Journal of Inst. Math. Jussieu<\/em>, 13(3), 599\u2014632, 2014. <\/li><li> <strong>C. Guillarmou,<\/strong> J. Hilgert, T. Weich. Classical and quantum resonances for hyperbolic surfaces, <em>Math. Annalen<\/em> 370(3-4),1231&#8211;1275, 2018. <\/li><li> <strong>C. Guillarmou,<\/strong> M. Mazzucchelli. Marked boundary rigidity for surfaces,<br> <em>Erg. Th. and Dyn. Sys.<\/em>, 38(4), 1459&#8211;1478, 2018. <\/li><li> <strong>C. Guillarmou,<\/strong> F. Monard. Reconstruction formulas for X-ray transforms in negative curvature, <em>Annales Institut Fourier<\/em>, 67(4), 1353&#8211;1392, 2017. <\/li><li> <strong>C. Guillarmou,<\/strong> S. Moroianu, <strong>F. Rochon.<\/strong> Renormalized volume on the Teichmuller space of puntured surfaces, <em>Ann. Scuola Normale Pisa<\/em>, 5(17), 323&#8211;384, 2017. <\/li><li> <strong>C. Guillarmou,<\/strong> G. Paternain, M. Salo, G. Uhlmann. The X-ray transform for connections in negative curvature, <em>Comm. Math. Phys.<\/em>, 343(1), 83&#8211;127, 2016. <\/li><li> <strong>S. Gol\u00e9nia, <\/strong>M-A, Mandich. Propagation estimates for one commutator regularity, <em>Integral Equations Operator Theory<\/em>, 90(4), 2018. <\/li><li> <strong>S. Gol\u00e9nia, F. Truc.<\/strong> The magnetic Laplacian acting on discrete cusps, <em>Documenta Mathematica<\/em>, 22, 1709&#8211;1727, 2017. <\/li><li> B. G\u00fcneysu, O. Milatovic, <strong>F. Truc<\/strong>. Generalized Schr\u00f6dinger semigroups on infinite graphs, <em>Potential Analysis<\/em>, 41(2), 517&#8211;541, 2014. <\/li><li> H. Hezari, <strong>G. Rivi\u00e8re.<\/strong> Lp norms, nodal sets and quantum ergodicity, <em>Adv. Math.<\/em>, 290&nbsp;:938&#8211;966, 2016. <\/li><li> H. Hezari, <strong>G. Rivi\u00e8re. <\/strong>Quantitative equidistribution properties of toral eigenfunctions, <em>J. Spectral Theory<\/em>, 7&nbsp;:471&#8211;485, 2017. <\/li><li> <strong>L. Hillairet,<\/strong> C. Judge. Hyperbolic triangles without embedded eigenvalues, <em>Ann. of Math. (2),<\/em> 187(2), 301&#8211;377, 2018. <\/li><li> <strong>L. Hillairet,<\/strong> V. Kalvin, <strong>A. Kokotov.<\/strong> Moduli spaces of meromorphic functions and determinant of the Laplacian, <em>Trans. Amer. Math. Soc.<\/em>, 370(7), 4559&#8211;4599, 2018. <\/li><li> <strong>L. Hillairet, A. Kokotov.<\/strong> Isospectrality, comparison formulas for determinants of Laplacian and flat metrics with non-trivial holonomy, <em>Proc. Amer. Math. Soc.<\/em>, 145(9), 3915&#8211;3928, 2017. <\/li><li> <strong>L. Hillairet,<\/strong> V. Kalvin, <strong>A. Kokotov.<\/strong> Spectral determinants on Mandelstam diagrams, <em>Comm. Math. Phys.<\/em>, 343(2), 563&#8211;600, 2016. <\/li><li> <strong>M. Ingremeau.<\/strong> Distorted plane waves in chaotic scattering, <em>Analysis and PDE<\/em>, 10(4)&nbsp;:765&#8211;816, 2017. <\/li><li> <strong>M. Ingremeau.<\/strong> Distorted plane waves on manifolds of nonpositive curvature, <em>Comm. Math. Phys.<\/em>, 350(2)&nbsp;:845&#8211;891, 2017. <\/li><li> <strong>M. Ingremeau.<\/strong> Sharp resolvent bounds and resonance-free regions, <em>Comm. in PDE<\/em>, 43(2)&nbsp;:286&#8211;291, 2018. <\/li><li> <strong>M. Ingremeau.<\/strong> Equidistribution of phase shifts in trapped scattering, <em>Journ. Spec. Th.<\/em>, \u00e0 para\u00eetre, 2018. <\/li><li> <strong>D. Jakobson, F. Naud.<\/strong> Resonances and convex co-compact congruence subgroups of PSL(2,Z), <em>Israel Jour. of Math.<\/em>, 213, 443&#8211;473, 2016.&nbsp; <\/li><li> <strong>D. Jakobson, F. Naud.  <\/strong>On the nodal lines of Eisenstein series on Schottky surfaces, Comm. Math. Phys., 351, 493&#8211;523, 2017. <\/li><li> V. Kalvin, <strong>A. Kokotov.<\/strong> Determinant of the Laplacian on tori of constant positive curvature with one conical point, <em>Canadian Mathematical Bulletin<\/em>, \u00e0 para\u00eetre,2018. <\/li><li>\nV. Kalvin, <strong>A. Kokotov.<\/strong>\n\tMetrics of Constant Positive Curvature with Conical\n\tSingularities, Hurwitz Spaces, and Determinants of Laplacians,\n\t<em>Int<\/em><em>.\n\tMath. Res. Not.<\/em>, \u00e0 para\u00eetre, 2018.\n\t<\/li><li>\n<strong>G. Klein.<\/strong> Best\n\texponential decay rate of energy for the vectorial damped wave\n\tequation, <em>SIAM Journ.\n\tCont. Opt.<\/em>, \u00e0 para\u00eetre, 2018.\n\t<\/li><li>\nC. Laurent, <strong>M. L\u00e9autaud.<\/strong>\n\t Uniform observability estimates for linear waves, <em>ESAIM:\n\tCOCV<\/em>, 22(4):1097&#8211;1136, 2016.\n\t<\/li><li>\nC. Laurent, <strong>M. L\u00e9autaud.<\/strong>\n\t Quantitative unique continuation for operators with partially\n\tanalytic coefficients. Application to approximate control for waves,\n\t<em>Journ. Eur. Math. Soc.<\/em>, \u00e0 para\u00eetre, 2018.\n\t<\/li><li>\n<strong>M. L\u00e9autaud,<\/strong> N.\n\tLerner. Energy Decay for a locally undamped wave equation,\n\t<em>Ann. Fac. Sci. Toulouse,<\/em> 26(1):157-205, 2017.\n\t<\/li><li>\nO. Milatovic, <strong>F. Truc.<\/strong>\n\tSelf-adjoint extensions of differential operators on Riemannian\n\tmanifolds, <em>Annals of Global Analysis and Geometry<\/em>,\n\t49(1)&nbsp;:87-103, 2016.\n\t<\/li><li>\nF. Maci\u00e0, <strong>G. Rivi\u00e8re.<\/strong>\n\tConcentration and non concentration for the Schr\u00f6dinger\n\tevolution on Zoll manifolds, <em>Comm. Math. Phys.<\/em>,\n\t345(3)&nbsp;:1019\u20141054,2016.\n\t<\/li><li>\nF. Maci\u00e0, <strong>G. Rivi\u00e8re.\n\t<\/strong>Two-microlocal regularity\n\tof quasimodes on the torus,\n\t<em>Analysis and PDE<\/em>,\n\t11(8)&nbsp;:2111&#8211;2136, 2018.\n\t<\/li><li>\n<strong>F. Naud.<\/strong> S\u00e9minaire\n\tBourbaki, nov. 2015&nbsp;: Bornes de Weyl fractales et r\u00e9sonances,\n\t<em>Ast\u00e9risque<\/em>,\n\t390, Exp. 1107, 77&#8211;100, 2017.\n\t<\/li><li>\n<strong>F. Naud.<\/strong> On the\n\trate of mixing of circle extensions of Anosov maps, <em>Journ.\n\tSpec. Th.<\/em>, \u00e0 para\u00eetre, 2017.\n\t<\/li><li> <strong>I. Polterovich,<\/strong> D. Sher, <strong>J. Toth.<\/strong> Nodal length of Steklov eigenfunctions on real-analytic Riemannian surfaces, <em>J. Reine Angew. Math.<\/em>, \u00e0 para\u00eetre, 2017. <\/li><li>\n<strong>G. Rivi\u00e8re.<\/strong> Long-time\n\tdynamics of the perturbed Schr\u00f6dinger equation on negatively curved\n\tsurfaces, <em>Ann. H. Poincar\u00e9<\/em>,17 (8)&nbsp;:1955&#8211;1999,\n\t2016.\n\t<\/li><li>\n<strong>G. Rivi\u00e8re.<\/strong> Dynamique\n\tde l&#8217;\u00e9quation de Schr\u00f6dinger sur le disque [D&#8217;apr\u00e8s N.\n\tAnantharaman, M. L\u00e9autaud et F. Maci\u00e0], <em>Ast\u00e9risque\n\tS\u00e9minaire Bourbaki<\/em> (70\u00e8me ann\u00e9e, Exp. 1145, 2017\u20142018).\n\t<\/li><li>\n<strong>E. Schenck.<\/strong> \n\tResonances near the real axis for manifolds with hyperbolic\n\ttrapped sets, <em>Amer. Journ. Math.<\/em>, \u00e0 para\u00eetre, 2018.\n\t<\/li><li>\nJ. Sj\u00f6strand, <strong>M. Vogel.<\/strong>\n\tLarge Bi-Diagonal matrices and random perturbations, <em>Jour.\n\tSpec. Th.<\/em>,6(4)&nbsp;:977&#8211;1020, 2016.\n\t<\/li><li>\nJ. Sj\u00f6strand, <strong>M. Vogel.<\/strong>\n\tInterior eigenvalue density of Jordan matrices with random\n\tperturbations, Analysis Meets Geometry: A Tribute to Mikael\n\tPassare, <em>Trends in Mathematics<\/em>, 439&#8211;466, 2017.\n\t<\/li><li>\n<strong>M. Vogel.<\/strong> Spectral\n\tStatistics of non-selfadjoint operators subject to small random\n\tperturbations, <em>S\u00e9minaire Laurent Schwartz<\/em>, Exp. No. 19,\n\t2016-2017.\n\t<\/li><li>\n<strong>M. Vogel.<\/strong> Microlocal\n\tanalysis and singular perturbation theory, 201-227, RIMS K\u00f4ky\u00fbroku\n\tBessatsu, B61, <em>Res. Inst. Math. Sci. (RIMS)<\/em>, Kyoto, 2017.\n\t<\/li><li>\n<strong>M. Vogel.<\/strong> Two Point\n\tEigenvalue Correlation for a Class of Non-Selfadjoint Operators\n\tUnder Random Perturbations, <em>Comm. Math. Phys.<\/em>,\n\t350(1)&nbsp;:31&#8211;78, 2017.\n\t<\/li><li>\n<strong>M. Vogel.<\/strong> The\n\tprecise shape of the eigenvalue intensity for a class of\n\tnon-selfadjoint operators under random perturbations, <em>Ann.\n\tHenri Poincar\u00e9, <\/em>18(2)&nbsp;:435&#8211;517, 2017.\n\t<\/li><li>\nM. Zworski, L.\n\tJin (Appendices by <strong>F.Naud<\/strong>). A local trace formula for\n\tAnosov flows, <em>Ann. Henri Poincar\u00e9<\/em>, 18(1)&nbsp;:1&#8211;35,\n\t2017.\n<\/li><\/ol>\n\n\n\n<h3 class=\"wp-block-heading\">Pr\u00e9publications<\/h3>\n\n\n\n<ol class=\"wp-block-list\"><li>\n<strong>N.\n\tAnantharaman,<\/strong> M. Sabri. Quantum\n\tErgodicity on Graphs : from Spectral to Spatial Delocalization,\n\t2017. \n\t\n\t<\/li><li>\n<strong>N.\n\tAnantharaman.<\/strong> Some relations between the spectra of simple\n\tand non-backtracking random walks, 2017.\n\t<\/li><li>\nH. Baloudi, <strong>S.\n\tGol\u00e9nia,<\/strong> A. Jeribi. The adjacency matrix and the discrete\n\tLaplacian acting on forms, 2015.\n\t<\/li><li>\nM. Bonnefont, <strong>S.\n\tGol\u00e9nia,<\/strong> M. Keller, S. Liu, F. M\u00fcnch. Magnetic sparseness\n\tand Schr\u00f6dinger operators on graphs, 2017.\n<\/li><li>\n<strong>J.-M.\n\tBouclet,<\/strong> N. Burq. Sharp resolvent and time decay estimates\n\tfor dispersive equations on asymptotically Euclidean backgrounds,\n\t2018.\n\t<\/li><li>\n<strong>J.-M.\n\tBouclet,<\/strong> H. Mizutani.  Global in time Strichartz inequalities\n\ton asymptotically flat manifolds with temperate trapping, 2016.\n\t<\/li><li>\n<strong>Alix\n\tDeleporte&nbsp;<\/strong>:\n\tLow-energy spectrum of Toeplitz operators with a miniwell, 2016.\n\t<\/li><li>\n<strong>F. Faure,<\/strong>\n\tM. Tsujii. Fractal Weyl law for the Ruelle spectrum of Anosov\n\tflows, 2017.\n\t<\/li><li>\n<strong>F. Faure,<\/strong>\n\tS. Gou\u00ebzel, E. Lanneau, Ruelle spectrum of linear pseudo-Anosov\n\tmaps, 2018.\n\t<\/li><li>\nJ. Galkowski, <strong>M.\n\tL\u00e9autaud.<\/strong> Control from an interior hypersurface, 2017.\n\t<\/li><li>\n<strong>C.\n\tGuillarmou,<\/strong> R. Rhodes, V. Vargas.&nbsp; Polyakov&#8217;s\n\tformulation of 2d bosonic string theory,\n\t2016.\n\t<\/li><li>\n<strong>L.\n\tHillairet,<\/strong> J. Wunsch.\n\tOn resonances generated by conic diffraction,\n\t2017.\n\t<\/li><li>\n<strong>M.\n\tIngremeau.<\/strong> Lower\n\tbounds for the number of nodal domains for sums of two distorted\n\tplane waves in non-positive curvature,\n\t2016.\n\t<\/li><li>\n<strong>M.\n\tIngremeau.<\/strong>  The\n\tsemiclassical scattering matrix from the point of view of Gaussian\n\tstates, 2016.\n\t<\/li><li>\n<strong>M.\n\tIngremeau.<\/strong> \n\tSemiclassical limits of distorted plane waves in chaotic\n\tscattering without a pressure condition,\n\t2016.\n\t<\/li><li>\n<strong>M.\n\tIngremeau.<\/strong>  Local\n\tWeak Limits of Laplace Eigenfunctions,\n\t2017.\n\t<\/li><li>\n<strong>M.\n\tIngremeau,<\/strong> A. Rivera.\n\t A lower bound for the Bogomolny-Schmit constant for\n\trandom monochromatic plane waves,\n\t2018.\n\t<\/li><li>\n<strong>M.\n\tIngremeau, <\/strong>M.\n\tSabri, B. Winn. \n\tQuantum ergodicity for large equilateral quantum graphs,\n\t2018.\n\t<\/li><li>\n<strong>D.\n\tJakobson, F. Naud<\/strong>, L.\n\tSoares. Large covers and sharp resonances of hyperbolic\n\tsurfaces, 2017.\n\t<\/li><li>\nC.\n\tLaurent, <strong>M. L\u00e9autaud.<\/strong>\n\tObservability of the heat equation, geometric constants in\n\tcontrol theory, and a conjecture of Luc Miller,\n\t2018.\n\t<\/li><li>\nC.\n\tLaurent, <strong>M. L\u00e9autaud.<\/strong>\n\tTunneling estimates and approximate controllability for\n\thypoelliptic equations,\n\t2018.\n\t<\/li><li>\n<strong>S.\n\tNonnenmacher, M. Vogel.<\/strong>\n\tLocal eigenvalue statistics of one-dimensional random\n\tnon-selfadjoint pseudodifferential operators,\n\t2017\n\t<\/li><li>\n<strong>S.\n\tNonnenmacher.<\/strong>\n\tResonances in hyperbolic dynamics,\n\t<em>Proc. of the ICM 2018,\n\tRio de Janeiro<\/em>, 2018.\n\t<\/li><li>\nM.\n\tLevitin, L. Parnovski, <strong>I.\n\tPolterovich, <\/strong>D. Sher.\n\tSloshing, Steklov and corners: Asymptotics of sloshing\n\teigenvalues, 2017.\n\t<\/li><li>\n<strong>E.\n\tSchenk.<\/strong>  Exponential\n\tgaps in the length spectrum,\n\t2018.\n<\/li><\/ol>\n","protected":false},"excerpt":{"rendered":"<p>L. Abatangelo, V. Felli, L. Hillairet, C. L\u00e9na.Spectral stability under removal of small capacity sets and applications to Aharonov\u2013Bohm operators,&nbsp;J. &hellip; <a href=\"https:\/\/www.idpoisson.fr\/hillairet\/en\/publis-gerasic\/\" class=\"more-link\">More <span class=\"screen-reader-text\">publis-Gerasic<\/span> <span class=\"meta-nav\">&rarr;<\/span><\/a><\/p>\n","protected":false},"author":40,"featured_media":0,"parent":0,"menu_order":0,"comment_status":"closed","ping_status":"closed","template":"","meta":{"footnotes":""},"folder":[],"class_list":["post-101","page","type-page","status-publish","hentry"],"_links":{"self":[{"href":"https:\/\/www.idpoisson.fr\/hillairet\/en\/wp-json\/wp\/v2\/pages\/101","targetHints":{"allow":["GET"]}}],"collection":[{"href":"https:\/\/www.idpoisson.fr\/hillairet\/en\/wp-json\/wp\/v2\/pages"}],"about":[{"href":"https:\/\/www.idpoisson.fr\/hillairet\/en\/wp-json\/wp\/v2\/types\/page"}],"author":[{"embeddable":true,"href":"https:\/\/www.idpoisson.fr\/hillairet\/en\/wp-json\/wp\/v2\/users\/40"}],"replies":[{"embeddable":true,"href":"https:\/\/www.idpoisson.fr\/hillairet\/en\/wp-json\/wp\/v2\/comments?post=101"}],"version-history":[{"count":5,"href":"https:\/\/www.idpoisson.fr\/hillairet\/en\/wp-json\/wp\/v2\/pages\/101\/revisions"}],"predecessor-version":[{"id":106,"href":"https:\/\/www.idpoisson.fr\/hillairet\/en\/wp-json\/wp\/v2\/pages\/101\/revisions\/106"}],"wp:attachment":[{"href":"https:\/\/www.idpoisson.fr\/hillairet\/en\/wp-json\/wp\/v2\/media?parent=101"}],"wp:term":[{"taxonomy":"folder","embeddable":true,"href":"https:\/\/www.idpoisson.fr\/hillairet\/en\/wp-json\/wp\/v2\/folder?post=101"}],"curies":[{"name":"wp","href":"https:\/\/api.w.org\/{rel}","templated":true}]}}