{"id":130,"date":"2020-04-04T15:51:59","date_gmt":"2020-04-04T13:51:59","guid":{"rendered":"https:\/\/www.idpoisson.fr\/hillairet\/?page_id=130"},"modified":"2020-04-06T13:16:31","modified_gmt":"2020-04-06T11:16:31","slug":"l3-calcul-differentiel","status":"publish","type":"page","link":"https:\/\/www.idpoisson.fr\/hillairet\/l3-calcul-differentiel\/","title":{"rendered":"L3 Calcul diff\u00e9rentiel"},"content":{"rendered":"<h3 id=\"cours\">Notes de cours<\/h3>\n<ul>\n<li>Probl\u00e8me d&rsquo;extremums :\u00a0<a href=\"https:\/\/www.idpoisson.fr\/hillairet\/wp-content\/uploads\/sites\/32\/2020\/04\/L3_Cdiff_extrem_2020.pdf\">PDF<\/a><\/li>\n<li>Chapitre 5, Th\u00e9or\u00e8me des fonctions implicites : <a href=\"https:\/\/www.idpoisson.fr\/hillairet\/wp-content\/uploads\/sites\/32\/2020\/04\/L3_Cdiff_ch5_2020.pdf\">PDF<\/a><\/li>\n<li>Chapitre 6, Th\u00e9or\u00e8me d&rsquo;inversion locale : <a href=\"https:\/\/www.idpoisson.fr\/hillairet\/wp-content\/uploads\/sites\/32\/2020\/04\/L3_Cdiff_ch6_2020.pdf\">PDF<\/a><\/li>\n<li>Chapitre 7, Preuve inversion locale : <a href=\"https:\/\/www.idpoisson.fr\/hillairet\/wp-content\/uploads\/sites\/32\/2020\/04\/L3_Cdiff_ch7_2020.pdf\">PDF<\/a><\/li>\n<\/ul>\n<h3>Feuilles de TD*<\/h3>\n<ul>\n<li><a href=\"https:\/\/www.idpoisson.fr\/hillairet\/wp-content\/uploads\/sites\/32\/2020\/04\/feuille1.pdf\">TD1<\/a><\/li>\n<li><a href=\"https:\/\/www.idpoisson.fr\/hillairet\/wp-content\/uploads\/sites\/32\/2020\/04\/feuille2.pdf\">TD2<\/a><\/li>\n<li><a href=\"https:\/\/www.idpoisson.fr\/hillairet\/wp-content\/uploads\/sites\/32\/2020\/04\/feuille3.pdf\">TD3<\/a><\/li>\n<li><a href=\"https:\/\/www.idpoisson.fr\/hillairet\/wp-content\/uploads\/sites\/32\/2020\/04\/feuille4bis.pdf\">TD4<\/a><\/li>\n<li><a href=\"https:\/\/www.idpoisson.fr\/hillairet\/wp-content\/uploads\/sites\/32\/2020\/04\/feuille5.pdf\">TD5<\/a><\/li>\n<li><a href=\"https:\/\/www.idpoisson.fr\/hillairet\/wp-content\/uploads\/sites\/32\/2020\/04\/feuille6.pdf\">TD6<\/a><\/li>\n<\/ul>\n<p>* \u00e9crites par\u00a0 <a href=\"https:\/\/www.idpoisson.fr\/astorg\/indexfr.html\">Matthieu Astorg<\/a> et <a href=\"https:\/\/www.idpoisson.fr\/phung\/\">Kim-Dang Phung<\/a><\/p>\n<h3 id=\"archives\">Archives<\/h3>\n<ul>\n<li>2eme session 2019 : <a href=\"https:\/\/www.idpoisson.fr\/hillairet\/wp-content\/uploads\/sites\/32\/2020\/04\/L3_Cdiff_2session_2019_v2.pdf\">PDF<\/a><\/li>\n<li>Examen 2019 : <a href=\"https:\/\/www.idpoisson.fr\/hillairet\/wp-content\/uploads\/sites\/32\/2020\/04\/L3_Cdiff_exam_2019_vf.pdf\">PDF<\/a><\/li>\n<li>2eme session 2018 : <a href=\"https:\/\/www.idpoisson.fr\/hillairet\/wp-content\/uploads\/sites\/32\/2020\/04\/L3_Cdiff_2session_2018_vf.pdf\">PDF<\/a><\/li>\n<li>Examen 2018 : <a href=\"https:\/\/www.idpoisson.fr\/hillairet\/wp-content\/uploads\/sites\/32\/2020\/04\/L3_Cdiff_exam_2018_vf.pdf\">PDF<\/a><\/li>\n<li>2eme session 2017 : <a href=\"https:\/\/www.idpoisson.fr\/hillairet\/wp-content\/uploads\/sites\/32\/2020\/04\/examen_0617.pdf\">PDF<\/a>*<\/li>\n<li>Examen 2017 : <a href=\"https:\/\/www.idpoisson.fr\/hillairet\/wp-content\/uploads\/sites\/32\/2020\/04\/examen_0417.pdf\">PDF<\/a> *<\/li>\n<li>Examen 2016 : <a href=\"https:\/\/www.idpoisson.fr\/hillairet\/wp-content\/uploads\/sites\/32\/2020\/04\/L3Cdiff_exam2016_vf.pdf\">PDF<\/a><\/li>\n<li>Examen 2015 : <a href=\"https:\/\/www.idpoisson.fr\/hillairet\/wp-content\/uploads\/sites\/32\/2020\/04\/Exam_2015_v2.pdf\">PDF<\/a><\/li>\n<li>Examen 2014 : <a href=\"https:\/\/www.idpoisson.fr\/hillairet\/wp-content\/uploads\/sites\/32\/2020\/04\/Exam_2014_vf.pdf\">PDF<\/a><\/li>\n<li>Examen 2013 : <a href=\"https:\/\/www.idpoisson.fr\/hillairet\/wp-content\/uploads\/sites\/32\/2020\/04\/Exam_2013_vf.pdf\">PDF<\/a><\/li>\n<li>Partiel 2017 : <a href=\"https:\/\/www.idpoisson.fr\/hillairet\/wp-content\/uploads\/sites\/32\/2020\/04\/partiel_0317.pdf\">PDF<\/a>*<\/li>\n<li>Partiel 2016 : <a href=\"https:\/\/www.idpoisson.fr\/hillairet\/wp-content\/uploads\/sites\/32\/2020\/04\/cc_2016_vf.pdf\">PDF<\/a><\/li>\n<li>Partiel 2015 : <a href=\"https:\/\/www.idpoisson.fr\/hillairet\/wp-content\/uploads\/sites\/32\/2020\/04\/CC_2015_v1.pdf\">PDF<\/a><\/li>\n<li>Partiel 2014 : <a href=\"https:\/\/www.idpoisson.fr\/hillairet\/wp-content\/uploads\/sites\/32\/2020\/04\/CC_2014_v1.pdf\">PDF<\/a><\/li>\n<li>Partiel 2013 : <a href=\"https:\/\/www.idpoisson.fr\/hillairet\/wp-content\/uploads\/sites\/32\/2020\/04\/CC_2013_v2.pdf\">PDF<\/a><\/li>\n<\/ul>\n<p>* \u00e9crits par <a href=\"https:\/\/www.idpoisson.fr\/ribot\/\">Magali Ribot<\/a><\/p>\n<p><!--more--><\/p>\n","protected":false},"excerpt":{"rendered":"<p>Notes de cours Probl\u00e8me d&rsquo;extremums :\u00a0PDF Chapitre 5, Th\u00e9or\u00e8me des fonctions implicites : PDF Chapitre 6, Th\u00e9or\u00e8me d&rsquo;inversion locale : &hellip; <a href=\"https:\/\/www.idpoisson.fr\/hillairet\/l3-calcul-differentiel\/\" class=\"more-link\">Plus <span class=\"screen-reader-text\">L3 Calcul diff\u00e9rentiel<\/span> <span class=\"meta-nav\">&rarr;<\/span><\/a><\/p>\n","protected":false},"author":40,"featured_media":0,"parent":0,"menu_order":0,"comment_status":"closed","ping_status":"closed","template":"","meta":{"footnotes":""},"folder":[],"class_list":["post-130","page","type-page","status-publish","hentry"],"_links":{"self":[{"href":"https:\/\/www.idpoisson.fr\/hillairet\/wp-json\/wp\/v2\/pages\/130","targetHints":{"allow":["GET"]}}],"collection":[{"href":"https:\/\/www.idpoisson.fr\/hillairet\/wp-json\/wp\/v2\/pages"}],"about":[{"href":"https:\/\/www.idpoisson.fr\/hillairet\/wp-json\/wp\/v2\/types\/page"}],"author":[{"embeddable":true,"href":"https:\/\/www.idpoisson.fr\/hillairet\/wp-json\/wp\/v2\/users\/40"}],"replies":[{"embeddable":true,"href":"https:\/\/www.idpoisson.fr\/hillairet\/wp-json\/wp\/v2\/comments?post=130"}],"version-history":[{"count":5,"href":"https:\/\/www.idpoisson.fr\/hillairet\/wp-json\/wp\/v2\/pages\/130\/revisions"}],"predecessor-version":[{"id":161,"href":"https:\/\/www.idpoisson.fr\/hillairet\/wp-json\/wp\/v2\/pages\/130\/revisions\/161"}],"wp:attachment":[{"href":"https:\/\/www.idpoisson.fr\/hillairet\/wp-json\/wp\/v2\/media?parent=130"}],"wp:term":[{"taxonomy":"folder","embeddable":true,"href":"https:\/\/www.idpoisson.fr\/hillairet\/wp-json\/wp\/v2\/folder?post=130"}],"curies":[{"name":"wp","href":"https:\/\/api.w.org\/{rel}","templated":true}]}}