{"id":2,"date":"2018-02-08T16:06:15","date_gmt":"2018-02-08T15:06:15","guid":{"rendered":"https:\/\/www.idpoisson.fr\/hillairet\/?page_id=2"},"modified":"2020-04-04T16:11:35","modified_gmt":"2020-04-04T14:11:35","slug":"accueil","status":"publish","type":"page","link":"https:\/\/www.idpoisson.fr\/hillairet","title":{"rendered":"Accueil"},"content":{"rendered":"<hr>\n<p style=\"text-align: center\">[<a href=\"#recherche\">Recherche<\/a> | <a href=\"#ens\">Enseignement<\/a>]<\/p>\n<hr>\n<p>Professeur en math\u00e9matiques<br \/>\n<a href=\"https:\/\/www.idpoisson.fr\">Institut Denis Poisson<\/a> CNRS UMR 7013<br \/>\nD\u00e9partement de math\u00e9matiques de l&rsquo;<a href=\"http:\/\/www.univ-orleans.fr\">Universit\u00e9 d&rsquo;Orl\u00e9ans<\/a><br \/>\n\u00c9quipe de recherche :&nbsp;<a href=\"https:\/\/www.idpoisson.fr\/equipe-danalyse-et-geometrie\/\"><img decoding=\"async\" src=\"\/wp-content\/uploads\/2017\/12\/ang.png\" width=\"40px\"><\/a><\/p>\n<p><strong>Contact<\/strong><br \/>\nBureau :<br \/>\nT\u00e9l\u00e9phone : (33) 238 41 72 37<br \/>\nEmail : Luc.Hillairet@univ-orleans.fr<br \/>\n<strong>Adresse postale<br \/>\n<\/strong>Universit\u00e9 d\u2019Orl\u00e9ans<br \/>\nCollegium Sciences et Techniques<br \/>\nB\u00e2timent de math\u00e9matiques<br \/>\nRue de Chartres B.P. 6759<br \/>\n45067 Orl\u00e9ans cedex 2 FRANCE<\/p>\n<hr>\n<h3 id=\"recherche\">Recherche<\/h3>\n<ul>\n<li>Publications<\/li>\n<li>Projet ANR <a href=\"https:\/\/www.idpoisson.fr\/hillairet\/accueil\/gerasic\/\">GERASIC<\/a>.<\/li>\n<\/ul>\n<hr>\n<h3 id=\"ens\">Enseignements<\/h3>\n<ul>\n<li> <a href=\"https:\/\/www.idpoisson.fr\/hillairet\/l3-calcul-differentiel\/\"> L3 Calcul diff\u00e9rentiel <\/a><\/li>\n<\/ul>\n","protected":false},"excerpt":{"rendered":"<p>[Recherche | Enseignement] Professeur en math\u00e9matiques Institut Denis Poisson CNRS UMR 7013 D\u00e9partement de math\u00e9matiques de l&rsquo;Universit\u00e9 d&rsquo;Orl\u00e9ans \u00c9quipe de &hellip; <a href=\"https:\/\/www.idpoisson.fr\/hillairet\/\" class=\"more-link\">Plus <span class=\"screen-reader-text\">Accueil<\/span> <span class=\"meta-nav\">&rarr;<\/span><\/a><\/p>\n","protected":false},"author":3,"featured_media":0,"parent":0,"menu_order":0,"comment_status":"closed","ping_status":"open","template":"","meta":{"footnotes":""},"folder":[],"class_list":["post-2","page","type-page","status-publish","hentry"],"_links":{"self":[{"href":"https:\/\/www.idpoisson.fr\/hillairet\/wp-json\/wp\/v2\/pages\/2","targetHints":{"allow":["GET"]}}],"collection":[{"href":"https:\/\/www.idpoisson.fr\/hillairet\/wp-json\/wp\/v2\/pages"}],"about":[{"href":"https:\/\/www.idpoisson.fr\/hillairet\/wp-json\/wp\/v2\/types\/page"}],"author":[{"embeddable":true,"href":"https:\/\/www.idpoisson.fr\/hillairet\/wp-json\/wp\/v2\/users\/3"}],"replies":[{"embeddable":true,"href":"https:\/\/www.idpoisson.fr\/hillairet\/wp-json\/wp\/v2\/comments?post=2"}],"version-history":[{"count":5,"href":"https:\/\/www.idpoisson.fr\/hillairet\/wp-json\/wp\/v2\/pages\/2\/revisions"}],"predecessor-version":[{"id":139,"href":"https:\/\/www.idpoisson.fr\/hillairet\/wp-json\/wp\/v2\/pages\/2\/revisions\/139"}],"wp:attachment":[{"href":"https:\/\/www.idpoisson.fr\/hillairet\/wp-json\/wp\/v2\/media?parent=2"}],"wp:term":[{"taxonomy":"folder","embeddable":true,"href":"https:\/\/www.idpoisson.fr\/hillairet\/wp-json\/wp\/v2\/folder?post=2"}],"curies":[{"name":"wp","href":"https:\/\/api.w.org\/{rel}","templated":true}]}}