{"id":96,"date":"2019-02-13T10:30:16","date_gmt":"2019-02-13T09:30:16","guid":{"rendered":"https:\/\/www.idpoisson.fr\/hillairet\/?page_id=96"},"modified":"2019-02-13T10:36:42","modified_gmt":"2019-02-13T09:36:42","slug":"gerasic","status":"publish","type":"page","link":"https:\/\/www.idpoisson.fr\/hillairet\/accueil\/gerasic\/","title":{"rendered":"GERASIC"},"content":{"rendered":"\n<h2 class=\"wp-block-heading\">GERASIC<\/h2>\n\n\n\n<h3 class=\"wp-block-heading\">Projet-ANR-13-BS01-0007<\/h3>\n\n\n\n<p>Le projet GERASIC s&rsquo;est d\u00e9roul\u00e9 du 1er janvier 2014 au 31 d\u00e9cembre 2018. Il se proposait d&rsquo;explorer les nouveaux champs d&rsquo;applications de l&rsquo;analyse semiclassique en particulier \u00e0 la g\u00e9om\u00e9trie spectrale, \u00e0 l&rsquo;\u00e9tude des graphes et aux syst\u00e8mes dynamiques classiques. <\/p>\n\n\n\n<p>Ce projet \u00e9tait financ\u00e9 par l&rsquo;<a href=\"http:\/\/www.agence-nationale-recherche.fr\">Agence Nationale de la recherche.<\/a><\/p>\n\n\n\n<figure class=\"wp-block-image\"><img loading=\"lazy\" decoding=\"async\" width=\"80\" height=\"35\" src=\"https:\/\/www.idpoisson.fr\/hillairet\/wp-content\/uploads\/sites\/32\/2019\/02\/logoANR.gif\" alt=\"\" class=\"wp-image-89\" \/><\/figure>\n\n\n\n<h4 class=\"wp-block-heading\">Membres du projet   <\/h4>\n\n\n\n<ul class=\"wp-block-list\"><li>Nalini Anantharaman<\/li><li>Jean-Marc Bouclet<\/li><li>Fr\u00e9d\u00e9ric Faure<\/li><li>Colin Guillarmou<\/li><li>Sylvain Gol\u00e9nia<\/li><li>Luc Hillairet<\/li><li>Dmitry Jakobson<\/li><li>Alexey Kokotov<\/li><li>Matthieu L\u00e9autaud<\/li><li>Fr\u00e9d\u00e9ric Naud<\/li><li>St\u00e9phane Nonnenmacher<\/li><li>Iosif Polterovich<\/li><li>Gabriel Rivi\u00e8re<\/li><li>Fr\u00e9d\u00e9ric Rochon<\/li><li>Emmanuel Schenck<\/li><li>John Toth<\/li><li>Fran\u00e7oise Truc<\/li><\/ul>\n\n\n\n<h4 class=\"wp-block-heading\">Autres chercheurs associ\u00e9s <\/h4>\n\n\n\n<ul class=\"wp-block-list\"><li>Yannick Bonthonneau-Guedes<\/li><li>Alix Deleporte<\/li><li>Maxime Ingremeau<\/li><li>Guillaume Klein<\/li><li>Etienne Le Masson<\/li><li>Mostafa Sabri<\/li><li>Martin Vogel<\/li><\/ul>\n\n\n\n<h4 class=\"wp-block-heading\">Conf\u00e9rences Organis\u00e9es<\/h4>\n\n\n\n<ol class=\"wp-block-list\"><li> Spectral Theory and its applications, Bordeaux, 8-10 octobre 2014. <a href=\"https:\/\/www.math.u-bordeaux.fr\/~sgolenia\/staa2014\/\">https:\/\/www.math.u-bordeaux.fr\/~sgolenia\/staa2014\/<\/a> <\/li><li> New trends in semiclassical analysis, Chal\u00e8s, 2016. <a href=\"https:\/\/www.idpoisson.fr\/hillairet\/Chales\/\">https:\/\/www.idpoisson.fr\/hillairet\/Chales\/<\/a> <\/li><li> Spectral geometry, graphs and semiclassical analysis, Aussois, d\u00e9cembre 2017.  <a href=\"http:\/\/www.mathconf.org\/sgsa2017\">http:\/\/www.mathconf.org\/sgsa201<\/a><\/li><\/ol>\n\n\n\n<ul class=\"wp-block-list\"><li>\nColloques\n\tPeyresq,\n<\/li><\/ul>\n\n\n\n<ol class=\"wp-block-list\"><li>\n<a href=\"https:\/\/www-fourier.ujf-grenoble.fr\/~faure\/ANR_Luc\/workshop%20Peyresq%202015.html\">2015<\/a>\n\t<\/li><li>\n<a href=\"https:\/\/www-fourier.ujf-grenoble.fr\/~faure\/ANR_Luc\/workshop%20Peyresq%202016.html\">2016<\/a>\n\t<\/li><li>\n<a href=\"https:\/\/www-fourier.ujf-grenoble.fr\/~faure\/ANR_Luc\/workshop%20Peyresq%202017.html\">2017<\/a>\n<\/li><\/ol>\n\n\n\n<h4 class=\"wp-block-heading\"><a href=\"https:\/\/www.idpoisson.fr\/hillairet\/publis-gerasic\/\">Publications<\/a><\/h4>\n\n\n\n<p><\/p>\n","protected":false},"excerpt":{"rendered":"<p>GERASIC Projet-ANR-13-BS01-0007 Le projet GERASIC s&rsquo;est d\u00e9roul\u00e9 du 1er janvier 2014 au 31 d\u00e9cembre 2018. Il se proposait d&rsquo;explorer les &hellip; <a href=\"https:\/\/www.idpoisson.fr\/hillairet\/accueil\/gerasic\/\" class=\"more-link\">Plus <span class=\"screen-reader-text\">GERASIC<\/span> <span class=\"meta-nav\">&rarr;<\/span><\/a><\/p>\n","protected":false},"author":40,"featured_media":0,"parent":2,"menu_order":0,"comment_status":"closed","ping_status":"closed","template":"","meta":{"footnotes":""},"folder":[],"class_list":["post-96","page","type-page","status-publish","hentry"],"_links":{"self":[{"href":"https:\/\/www.idpoisson.fr\/hillairet\/wp-json\/wp\/v2\/pages\/96","targetHints":{"allow":["GET"]}}],"collection":[{"href":"https:\/\/www.idpoisson.fr\/hillairet\/wp-json\/wp\/v2\/pages"}],"about":[{"href":"https:\/\/www.idpoisson.fr\/hillairet\/wp-json\/wp\/v2\/types\/page"}],"author":[{"embeddable":true,"href":"https:\/\/www.idpoisson.fr\/hillairet\/wp-json\/wp\/v2\/users\/40"}],"replies":[{"embeddable":true,"href":"https:\/\/www.idpoisson.fr\/hillairet\/wp-json\/wp\/v2\/comments?post=96"}],"version-history":[{"count":7,"href":"https:\/\/www.idpoisson.fr\/hillairet\/wp-json\/wp\/v2\/pages\/96\/revisions"}],"predecessor-version":[{"id":111,"href":"https:\/\/www.idpoisson.fr\/hillairet\/wp-json\/wp\/v2\/pages\/96\/revisions\/111"}],"up":[{"embeddable":true,"href":"https:\/\/www.idpoisson.fr\/hillairet\/wp-json\/wp\/v2\/pages\/2"}],"wp:attachment":[{"href":"https:\/\/www.idpoisson.fr\/hillairet\/wp-json\/wp\/v2\/media?parent=96"}],"wp:term":[{"taxonomy":"folder","embeddable":true,"href":"https:\/\/www.idpoisson.fr\/hillairet\/wp-json\/wp\/v2\/folder?post=96"}],"curies":[{"name":"wp","href":"https:\/\/api.w.org\/{rel}","templated":true}]}}