{"id":2,"date":"2018-02-08T16:06:15","date_gmt":"2018-02-08T15:06:15","guid":{"rendered":"https:\/\/www.idpoisson.fr\/jacquet\/?page_id=2"},"modified":"2025-09-23T15:02:22","modified_gmt":"2025-09-23T13:02:22","slug":"accueil","status":"publish","type":"page","link":"https:\/\/www.idpoisson.fr\/jacquet","title":{"rendered":"Accueil"},"content":{"rendered":"<hr \/>\n<p style=\"text-align: center\">[<a href=\"#recherche\">Recherche<\/a> | <a href=\"#ens\">Enseignement<\/a>]<\/p>\n<hr \/>\n<p>Je suis maintenant en postdoc \u00e0 T\u00e9l\u00e9com Paris, encadr\u00e9 par Laurent Decreusefond. Ma nouvelle page est disponible <a href=\"https:\/\/sites.google.com\/view\/antoninjacquet\/accueil\">ici<\/a>.<\/p>\n<p>Auparavant, j&rsquo;ai \u00e9t\u00e9 postdoc dans le cadre de l&rsquo;<a href=\"https:\/\/mistic.math.cnrs.fr\/\">ANR Mistic<\/a> depuis le 01\/04\/24, encadr\u00e9 par <a href=\"https:\/\/idpoisson.fr\/bierme\/\">Hermine Bierm\u00e9<\/a>.<\/p>\n<p><a href=\"https:\/\/www.idpoisson.fr\">Institut Denis Poisson<\/a> CNRS UMR 7013<br \/>\n<a href=\"http:\/\/www.math.univ-tours.fr\/\">D\u00e9partement de math\u00e9matiques<\/a> de l&rsquo;<a href=\"http:\/\/www.univ-tours.fr\">Universit\u00e9 de Tours<\/a><br \/>\n\u00c9quipe de recherche : <a href=\"\/\/www.idpoisson.fr\/equipe-probabilite-algebre-combinatoire-theorie-ergodique-statistique\/\">SPACE<\/a><\/p>\n<p><strong>Contact<br \/>\n<\/strong>antonin.jacquet@univ-tours.fr<br \/>\n<strong>Adresse postale<\/strong><br \/>\nB\u00e2timent E2, bureau 1350<br \/>\nInstitut Denis Poisson<br \/>\nUniversit\u00e9 de Tours<br \/>\nParc de Grandmont<br \/>\n37200 Tours, France<\/p>\n<hr \/>\n<h3 id=\"recherche\">Recherche<\/h3>\n<p>J&rsquo;ai soutenu ma th\u00e8se le 21 d\u00e9cembre 2023, intitul\u00e9e \u00ab\u00a0\u00e9tude des propri\u00e9t\u00e9s des g\u00e9od\u00e9siques en percolation de premier passage\u00a0\u00bb, sous la direction\u00a0d&rsquo;<a href=\"https:\/\/www.idpoisson.fr\/durieu\/\">Olivier Durieu<\/a> et <a href=\"https:\/\/www.idpoisson.fr\/gouere\/index.html\">Jean-Baptiste Gou\u00e9r\u00e9<\/a>. Le manuscrit est disponible <a href=\"https:\/\/theses.hal.science\/tel-04525142\">ici<\/a>.<\/p>\n<p><strong>Th\u00e8mes de recherche :\u00a0<\/strong>probabilit\u00e9s, percolation de premier passage, percolation de premier passage sur les ensembles d&rsquo;excursion de champs gaussiens.<\/p>\n<p><strong>Publications :<br \/>\n<\/strong><\/p>\n<ul>\n<li><strong style=\"font-size: 1rem\">Geodesics in first-passage percolation cross any pattern. <\/strong><i>Electron. J. Probab. 28 : 1 \u2013 64, 2023.<\/i><strong style=\"font-size: 1rem\"><br \/>\n<\/strong>[ <a href=\"https:\/\/arxiv.org\/abs\/2204.02021\">arXiv<\/a> &#8211; <a href=\"https:\/\/hal.archives-ouvertes.fr\/hal-03630139\">HAL<\/a> ]<\/li>\n<li><strong>Geodesics cross any pattern in first-passage percolation without any moment assumption and with possibly infinite passage times.\u00a0 <\/strong><em>Stoch. Proc. Appl. 179:104496, 2025.\u00a0<\/em><strong><br \/>\n<\/strong>[ <a href=\"https:\/\/arxiv.org\/abs\/2310.04091\">arXiv<\/a> &#8211;\u00a0<a href=\"https:\/\/hal.science\/hal-04228899\">HAL<\/a> ]<\/li>\n<\/ul>\n<p><strong>Pr\u00e9-publications :<\/strong><\/p>\n<ul>\n<li><strong>Disjoint finite geodesics in first-passage percolation. <\/strong>En collaboration avec Olivier Durieu et Jean-Baptiste Gou\u00e9r\u00e9.<br \/>\n[ <a href=\"https:\/\/arxiv.org\/abs\/2407.17855\">arXiv<\/a> &#8211; <a href=\"https:\/\/hal.science\/hal-04661565\/\">HAL<\/a> ]<\/li>\n<li>\n<p class=\"title mathjax\"><strong>Strict inequality between the time constants of first-passage percolation and directed first-passage percolation.<br \/>\n<\/strong>[\u00a0<a href=\"https:\/\/arxiv.org\/abs\/2412.20779\">arXiv<\/a> &#8211; <a href=\"https:\/\/hal.science\/hal-04858044\">HAL ]<\/a><\/p>\n<\/li>\n<\/ul>\n<hr \/>\n<h3 id=\"ens\">Enseignement<\/h3>\n<p><strong>2020-2023 :\u00a0<\/strong>192 heures en tout sur 3 ans en TD de Raisonnement en L1 Math\u00e9matiques et en TD de G\u00e9om\u00e9trie, de Probabilit\u00e9s, en Rem\u00e9diation et en TP Python\/Mod\u00e9lisation en L2 Math\u00e9matiques.<\/p>\n<p><strong>2023-2024 :\u00a0<\/strong>136 heures en tant qu&rsquo;ATER \u00e0 l&rsquo;Universit\u00e9 de Tours.<\/p>\n<p><strong>2024-2025 :\u00a0<\/strong>12 heures en L1 PASS en tant que postdoc \u00e0 l&rsquo;Universit\u00e9 de Tours.<\/p>\n","protected":false},"excerpt":{"rendered":"<p>[Recherche | Enseignement] Je suis maintenant en postdoc \u00e0 T\u00e9l\u00e9com Paris, encadr\u00e9 par Laurent Decreusefond. Ma nouvelle page est disponible &hellip; <a href=\"https:\/\/www.idpoisson.fr\/jacquet\/\" class=\"more-link\">Plus <span class=\"screen-reader-text\">Accueil<\/span> <span class=\"meta-nav\">&rarr;<\/span><\/a><\/p>\n","protected":false},"author":3,"featured_media":0,"parent":0,"menu_order":0,"comment_status":"closed","ping_status":"open","template":"","meta":{"footnotes":""},"folder":[],"class_list":["post-2","page","type-page","status-publish","hentry"],"_links":{"self":[{"href":"https:\/\/www.idpoisson.fr\/jacquet\/wp-json\/wp\/v2\/pages\/2","targetHints":{"allow":["GET"]}}],"collection":[{"href":"https:\/\/www.idpoisson.fr\/jacquet\/wp-json\/wp\/v2\/pages"}],"about":[{"href":"https:\/\/www.idpoisson.fr\/jacquet\/wp-json\/wp\/v2\/types\/page"}],"author":[{"embeddable":true,"href":"https:\/\/www.idpoisson.fr\/jacquet\/wp-json\/wp\/v2\/users\/3"}],"replies":[{"embeddable":true,"href":"https:\/\/www.idpoisson.fr\/jacquet\/wp-json\/wp\/v2\/comments?post=2"}],"version-history":[{"count":18,"href":"https:\/\/www.idpoisson.fr\/jacquet\/wp-json\/wp\/v2\/pages\/2\/revisions"}],"predecessor-version":[{"id":68,"href":"https:\/\/www.idpoisson.fr\/jacquet\/wp-json\/wp\/v2\/pages\/2\/revisions\/68"}],"wp:attachment":[{"href":"https:\/\/www.idpoisson.fr\/jacquet\/wp-json\/wp\/v2\/media?parent=2"}],"wp:term":[{"taxonomy":"folder","embeddable":true,"href":"https:\/\/www.idpoisson.fr\/jacquet\/wp-json\/wp\/v2\/folder?post=2"}],"curies":[{"name":"wp","href":"https:\/\/api.w.org\/{rel}","templated":true}]}}