{"id":2,"date":"2018-01-31T10:03:55","date_gmt":"2018-01-31T09:03:55","guid":{"rendered":"https:\/\/www.idpoisson.fr\/james\/?page_id=2"},"modified":"2019-03-19T19:17:18","modified_gmt":"2019-03-19T18:17:18","slug":"page-d-exemple","status":"publish","type":"page","link":"https:\/\/www.idpoisson.fr\/james","title":{"rendered":"Accueil"},"content":{"rendered":"<p><!-- --><\/p>\n<div id=\"Content\">\n<h1 style=\"text-align: left\"><span style=\"color: red;font-size: medium\">Th\u00e8mes de recherche<\/span><\/h1>\n<ul>\n<li>syst\u00e8mes hyperboliques de lois de conservation<\/li>\n<li>mod\u00e8les math\u00e9matiques en chromatographie<\/li>\n<li>probl\u00e8me inverse, identification de param\u00e8tres, applications \u00e0 la chromatographie et la s\u00e9dimentation<\/li>\n<li>\u00e9quations de conservation et de transport lin\u00e9aires \u00e0 coefficients discontinus<\/li>\n<li>lin\u00e9arisation de lois de conservation non lin\u00e9aires<\/li>\n<li>mod\u00e8les de ruissellement, \u00e9quations de Saint-Venant<\/li>\n<li>volcanologie, g\u00e9ophysique<\/li>\n<\/ul>\n<\/div>\n","protected":false},"excerpt":{"rendered":"<p>Th\u00e8mes de recherche syst\u00e8mes hyperboliques de lois de conservation mod\u00e8les math\u00e9matiques en chromatographie probl\u00e8me inverse, identification de param\u00e8tres, applications \u00e0 &hellip; <a href=\"https:\/\/www.idpoisson.fr\/james\/\" class=\"more-link\">Plus <span class=\"screen-reader-text\">Accueil<\/span> <span class=\"meta-nav\">&rarr;<\/span><\/a><\/p>\n","protected":false},"author":21,"featured_media":0,"parent":0,"menu_order":0,"comment_status":"closed","ping_status":"closed","template":"page-templates\/no-sidebar-full-width.php","meta":{"footnotes":""},"folder":[],"class_list":["post-2","page","type-page","status-publish","hentry"],"_links":{"self":[{"href":"https:\/\/www.idpoisson.fr\/james\/wp-json\/wp\/v2\/pages\/2","targetHints":{"allow":["GET"]}}],"collection":[{"href":"https:\/\/www.idpoisson.fr\/james\/wp-json\/wp\/v2\/pages"}],"about":[{"href":"https:\/\/www.idpoisson.fr\/james\/wp-json\/wp\/v2\/types\/page"}],"author":[{"embeddable":true,"href":"https:\/\/www.idpoisson.fr\/james\/wp-json\/wp\/v2\/users\/21"}],"replies":[{"embeddable":true,"href":"https:\/\/www.idpoisson.fr\/james\/wp-json\/wp\/v2\/comments?post=2"}],"version-history":[{"count":7,"href":"https:\/\/www.idpoisson.fr\/james\/wp-json\/wp\/v2\/pages\/2\/revisions"}],"predecessor-version":[{"id":129,"href":"https:\/\/www.idpoisson.fr\/james\/wp-json\/wp\/v2\/pages\/2\/revisions\/129"}],"wp:attachment":[{"href":"https:\/\/www.idpoisson.fr\/james\/wp-json\/wp\/v2\/media?parent=2"}],"wp:term":[{"taxonomy":"folder","embeddable":true,"href":"https:\/\/www.idpoisson.fr\/james\/wp-json\/wp\/v2\/folder?post=2"}],"curies":[{"name":"wp","href":"https:\/\/api.w.org\/{rel}","templated":true}]}}