{"id":122,"date":"2021-12-20T10:10:56","date_gmt":"2021-12-20T09:10:56","guid":{"rendered":"https:\/\/www.idpoisson.fr\/lecouvey\/?page_id=122"},"modified":"2025-06-25T08:15:54","modified_gmt":"2025-06-25T06:15:54","slug":"cortipom","status":"publish","type":"page","link":"https:\/\/www.idpoisson.fr\/lecouvey\/en\/cortipom\/","title":{"rendered":"CORTIPOM"},"content":{"rendered":"\n<h2 class=\"wp-block-heading\"><strong>Page du projet ANR PRC CORTIPOM<\/strong><\/h2>\n\n\n\n<p>Ce projet \u00e0 l&#8217;interface de l&#8217;alg\u00e8bre, la combinatoire, les probabilit\u00e9s et la physique th\u00e9orique regroupe une douzaine de chercheurs r\u00e9partis sur sept sites. Il s&#8217;articule autour de deux partenaires principaux : le premier est l&#8217;Institut Denis Poisson (Tours) et le deuxi\u00e8me est le Laboratoire de Probabilit\u00e9s, Statistiques &#038; Mod\u00e9lisation  (Paris). La dur\u00e9e pr\u00e9vue pour le projet est de quatre ann\u00e9es (f\u00e9vrier 2022-Janvier 2026). <\/p>\n\n\n\n<figure class=\"wp-block-image size-full is-resized\"><img loading=\"lazy\" decoding=\"async\" width=\"402\" height=\"399\" src=\"https:\/\/www.idpoisson.fr\/lecouvey\/wp-content\/uploads\/sites\/18\/2021\/12\/marches_alcoves.png\" alt=\"\" class=\"wp-image-131\" style=\"width:402px;height:399px\" srcset=\"https:\/\/www.idpoisson.fr\/lecouvey\/wp-content\/uploads\/sites\/18\/2021\/12\/marches_alcoves.png 402w, https:\/\/www.idpoisson.fr\/lecouvey\/wp-content\/uploads\/sites\/18\/2021\/12\/marches_alcoves-300x298.png 300w, https:\/\/www.idpoisson.fr\/lecouvey\/wp-content\/uploads\/sites\/18\/2021\/12\/marches_alcoves-150x150.png 150w\" sizes=\"auto, (max-width: 402px) 100vw, 402px\" \/><\/figure>\n\n\n\n<p>Th\u00e9orie des repr\u00e9sentations combinatoire et interactions avec des mod\u00e8les probabilistes<\/p>\n\n\n\n<p>Combinatorial representation theory and interactions with probabilistic models<\/p>\n\n\n\n<p><strong>R\u00e9sum\u00e9 du projet  :<\/strong><\/p>\n\n\n\n<p>Ce projet vise \u00e0 approfondir et \u00e0 d\u00e9velopper l&#8217;\u00e9tude des objets combinatoires apparaissant en th\u00e9orie des repr\u00e9sentations des groupes de Coxeter et des alg\u00e8bres de Lie ainsi que de leurs g\u00e9n\u00e9ralisations (groupes de r\u00e9flexions complexes, alg\u00e8bres de Kac-Moody) et, conjointement, \u00e0 les utiliser pour comprendre le comportement de mod\u00e8les probabilistes discrets, eux-m\u00eames souvent li\u00e9s \u00e0 des probl\u00e8mes de physique th\u00e9orique.<br>Il existe en effet de nombreuses interactions de ce type bas\u00e9es sur la combinatoire des partitions (marches conditionn\u00e9es, probl\u00e8mes de percolation, TASEP, battage de cartes, ph\u00e9nom\u00e8nes de &#8220;cut-off&#8221; etc.) qu&#8217;il s&#8217;agit ici d&#8217;\u00e9tendre par l&#8217;utilisation de techniques ou d&#8217;objets apparus plus r\u00e9cemment en th\u00e9orie des repr\u00e9sentations (graphes cristallins, fonctions de Schur d\u00e9cal\u00e9es, polyn\u00f4mes de Hall-Littlewood et Macdonald, ensembles basiques, g\u00e9n\u00e9ralisations de l&#8217;algorithme RSK etc.).<\/p>\n\n\n\n<p><\/p>\n\n\n\n<p><strong>Abstract :<\/strong><\/p>\n\n\n\n<p>This project aims to study and further develop combinatorial objects appearing in the representation theory of Coxeter groups, Lie algebras or their generalizations (complex reflections groups, Kac-Moody algebras), and simultaneously, to use them for investigating discrete probabilistic models and their connections with problems in mathematical physics. There are numerous interactions between models of these types based on the combinatorics of partitions (conditioning random walks, percolation problems, Tasep, card shuffling, cut-off phenomenon). The aim this project is to develop these interactions by using new results and objects that were introduced recently in representation theory (crystal graphs, shifted Schur functions, Hall-Littlewood and Macdonald polynomials, basic sets, generalizations of the RSK-procedure etc.). One of the original features of this project is to propose a unified approach to these different themes.<\/p>\n\n\n\n<h2 class=\"wp-block-heading\">Membres du projet CORTIPOM<\/h2>\n\n\n\n<ul class=\"wp-block-list\">\n<li>Guillaume Barraquand (ENS Paris) : <a href=\"https:\/\/www.phys.ens.fr\/~barraquand\/\">https:\/\/www.phys.ens.fr\/~barraquand\/<\/a><\/li>\n\n\n\n<li>Anna Ben-Hamou (LPSM) : <a href=\"https:\/\/www.lpsm.paris\/dw\/doku.php?id=users:benhamou:index\">https:\/\/www.lpsm.paris\/dw\/doku.php?id=users:benhamou:index<\/a><\/li>\n\n\n\n<li>Olivier Brunat (IMJ) : <a href=\"https:\/\/webusers.imj-prg.fr\/~olivier.brunat\/\">https:\/\/webusers.imj-prg.fr\/~olivier.brunat\/<\/a><\/li>\n\n\n\n<li>Nathan Chapelier-Laget (Bochum) : <a href=\"https:\/\/www.nathanchapelier.fr\/\">https:\/\/www.nathanchapelier.fr\/<\/a><\/li>\n\n\n\n<li>Nicolas Cramp\u00e9 (IDP) : <a href=\"https:\/\/www.researchgate.net\/profile\/Nicolas-Crampe\">https:\/\/www.researchgate.net\/profile\/Nicolas-Crampe<\/a><\/li>\n\n\n\n<li>Manon Defosseux (MAP5 Paris-Descartes) <a href=\"https:\/\/helios2.mi.parisdescartes.fr\/~mdefosse\/\">https:\/\/<\/a><a href=\"https:\/\/helios2.mi.parisdescartes.fr\/~mdefosse\/\" target=\"_blank\" rel=\"noreferrer noopener\">helios2<\/a><a href=\"https:\/\/helios2.mi.parisdescartes.fr\/~mdefosse\/\">.mi.parisdescartes.fr\/~mdefosse\/<\/a><\/li>\n\n\n\n<li>Valentin Feray (IECL) : <a href=\"https:\/\/vferay.perso.math.cnrs.fr\/\">https:\/\/vferay.perso.math.cnrs.fr\/<\/a><\/li>\n\n\n\n<li>Thomas Gerber (EPFL) : <a href=\"https:\/\/people.epfl.ch\/thomas.gerber\/\">https:\/\/people.epfl.ch\/thomas.gerber\/<\/a><\/li>\n\n\n\n<li>Thomas Gobet (IDP)  : <a href=\"http:\/\/www.lmpt.univ-tours.fr\/~gobet\/index\">http:\/\/www.lmpt.univ-tours.fr\/~gobet\/index<\/a><\/li>\n\n\n\n<li>J\u00e9r\u00e9mie Guilhot (IDP) : <a href=\"http:\/\/www.lmpt.univ-tours.fr\/~guilhot\/\">http:\/\/www.lmpt.univ-tours.fr\/~guilhot\/<\/a><\/li>\n\n\n\n<li>Nicolas Jacon (LMR) : <a href=\"https:\/\/njacon.perso.math.cnrs.fr\/\">https:\/\/njacon.perso.math.cnrs.fr\/<\/a><\/li>\n\n\n\n<li>C\u00e9dric Lecouvey (IDP) :  <a href=\"https:\/\/www.idpoisson.fr\/lecouvey\/\">https:\/\/www.idpoisson.fr\/lecouvey\/<\/a><\/li>\n\n\n\n<li>Salim Rostam (ENS Rennes) : <a href=\"https:\/\/perso.ens-rennes.fr\/math\/people\/salim.rostam\/\">https:\/\/perso.ens-rennes.fr\/math\/people\/salim.rostam\/<\/a><\/li>\n\n\n\n<li>Pierre Tarrago (LPSM) : <a href=\"https:\/\/www.lpsm.paris\/laboratoire\/annuaire\/ptarrago\/\">https:\/\/www.lpsm.paris\/laboratoire\/annuaire\/ptarrago\/<\/a><\/li>\n<\/ul>\n\n\n\n<p>Le porteur du projet et responsable du p\u00f4le Tourangeau est C\u00e9dric Lecouvey. Le responsable du p\u00f4le Parisien est Pierre Tarrago. <\/p>\n\n\n\n<p><\/p>\n\n\n\n<h2 class=\"wp-block-heading\">Manifestations li\u00e9es au projet<\/h2>\n\n\n\n<ul class=\"wp-block-list\">\n<li class=\"has-large-font-size\"><strong>Du 6 au 7 janvier 2022, r\u00e9union de pr\u00e9-d\u00e9marrage du projet \u00e0 Tours<\/strong><\/li>\n<\/ul>\n\n\n\n<p>Expos\u00e9s:<\/p>\n\n\n\n<p><strong>Guillaume Barranquand<\/strong> <strong>:<\/strong> &#8220;Correspondance RSK, fonctions de Schur, et percolation de dernier passage&#8221;. R\u00e9sum\u00e9 : La correspondance de Robinson-Schensted-Knuth (RSK) est une bijection entre matrices d&#8217;entiers et paires de tableaux de Young. Les fonctions de Schur sont des polyn\u00f4mes sym\u00e9triques en plusieurs variables, qui forment une base orthonormale, et poss\u00e8dent de nombreuses propri\u00e9t\u00e9s remarquables. L&#8217;une de ces propri\u00e9t\u00e9s est la formule sommatoire de Cauchy, qui peut \u00eatre comprise comme une mani\u00e8re de calculer de deux fa\u00e7ons diff\u00e9rentes la fonction g\u00e9n\u00e9ratrice associ\u00e9e aux matrices d&#8217;entiers, en utilisant la correspondance RSK. Le but de l&#8217;expos\u00e9 est d&#8217;expliquer une cons\u00e9quence probabiliste importante de ces propri\u00e9t\u00e9s combinatoires, en particulier leur application au mod\u00e8le de percolation de dernier passage (d&#8217;apr\u00e8s Johansson, 2000). J&#8217;essaierai aussi d&#8217;expliquer pourquoi ce mod\u00e8le est important et de faire un bref survol des directions dans lesquelles ces r\u00e9sultats peuvent \u00eatre g\u00e9n\u00e9ralis\u00e9s.<\/p>\n\n\n\n<div data-wp-interactive=\"core\/file\" class=\"wp-block-file\"><object data-wp-bind--hidden=\"!state.hasPdfPreview\" hidden class=\"wp-block-file__embed\" data=\"https:\/\/www.idpoisson.fr\/lecouvey\/wp-content\/uploads\/sites\/18\/2022\/06\/2022-01-24notesRSK-Schur-LPP.pdf\" type=\"application\/pdf\" style=\"width:100%;height:600px\" aria-label=\"Embed of 2022-01-24notesRSK-Schur-LPP.\"><\/object><a id=\"wp-block-file--media-a0a393d6-13d9-4ae5-a31b-574435324e1c\" href=\"https:\/\/www.idpoisson.fr\/lecouvey\/wp-content\/uploads\/sites\/18\/2022\/06\/2022-01-24notesRSK-Schur-LPP.pdf\">2022-01-24notesRSK-Schur-LPP<\/a><a href=\"https:\/\/www.idpoisson.fr\/lecouvey\/wp-content\/uploads\/sites\/18\/2022\/06\/2022-01-24notesRSK-Schur-LPP.pdf\" class=\"wp-block-file__button wp-element-button\" download aria-describedby=\"wp-block-file--media-a0a393d6-13d9-4ae5-a31b-574435324e1c\">T\u00e9l\u00e9charger<\/a><\/div>\n\n\n\n<p><\/p>\n\n\n\n<p><\/p>\n\n\n\n<p><strong>Olivier Brunat :<\/strong>  &#8220;Ensembles basiques et unitriangularit\u00e9&#8221;.  R\u00e9sum\u00e9  : Dans cet expos\u00e9, j&#8217;introduirai la notion d&#8217;ensemble basique unitriangulaire et essayerai de motiver leur utilit\u00e9 en th\u00e9orie des repr\u00e9sentations modulaires des groupes finis.<\/p>\n\n\n\n<p>\/<\/p>\n\n\n\n<p><strong>Thomas Gerber :<\/strong>  &#8220;Correspondance RSK&nbsp;et cristaux&#8221;.  R\u00e9sum\u00e9 : La correspondance de&nbsp;Robinson-Schensted-Knuth (RSK) est une bijection combinatoire qui appara\u00eet naturellement dans des contextes divers :&nbsp;en&nbsp;th\u00e9orie des repr\u00e9sentations,&nbsp;des fonctions sym\u00e9triques, en g\u00e9om\u00e9trie, ou encore dans l&#8217;\u00e9tude de certaines marches al\u00e9atoires.&nbsp;En particulier, elle poss\u00e8de une interpr\u00e9tation \u00e9l\u00e9gante&nbsp;en termes de cristaux (au sens de Kashiwara\/Lusztig).  De plus, cette construction&nbsp;poss\u00e8de&nbsp;une remarquable propri\u00e9t\u00e9 de sym\u00e9trie. Ce ph\u00e9nom\u00e8ne met en jeu une certaine&nbsp;dualit\u00e9, particuli\u00e8rement simple \u00e0 d\u00e9finir, et qui&nbsp;entrem\u00eale plusieurs constructions combinatoires classiques reli\u00e9es aux cristaux.<\/p>\n\n\n\n<p><\/p>\n\n\n\n<p><strong>Nicolas Jacon :<\/strong> &#8220;Repr\u00e9sentations modulaires du groupe sym\u00e9trique&#8221;. R\u00e9sum\u00e9 : Cet expos\u00e9 introductif reprend les notions centrales de th\u00e9orie des repr\u00e9sentations du groupe sym\u00e9trique en caract\u00e9ristique 0 puis en caract\u00e9ristique p, les notions de matrices de d\u00e9composition,  de blocs, et d&#8217;involution de Mullineux.<\/p>\n\n\n\n<div data-wp-interactive=\"core\/file\" class=\"wp-block-file\"><object data-wp-bind--hidden=\"!state.hasPdfPreview\" hidden class=\"wp-block-file__embed\" data=\"https:\/\/www.idpoisson.fr\/lecouvey\/wp-content\/uploads\/sites\/18\/2022\/06\/NoteJACON_2022-01-06_10-14-28.pdf\" type=\"application\/pdf\" style=\"width:100%;height:600px\" aria-label=\"Embed of NoteJACON_2022-01-06_10-14-28.\"><\/object><a id=\"wp-block-file--media-5c238116-702f-408d-b033-51f7a0e8ae11\" href=\"https:\/\/www.idpoisson.fr\/lecouvey\/wp-content\/uploads\/sites\/18\/2022\/06\/NoteJACON_2022-01-06_10-14-28.pdf\">NoteJACON_2022-01-06_10-14-28<\/a><a href=\"https:\/\/www.idpoisson.fr\/lecouvey\/wp-content\/uploads\/sites\/18\/2022\/06\/NoteJACON_2022-01-06_10-14-28.pdf\" class=\"wp-block-file__button wp-element-button\" download aria-describedby=\"wp-block-file--media-5c238116-702f-408d-b033-51f7a0e8ae11\">T\u00e9l\u00e9charger<\/a><\/div>\n\n\n\n<p><\/p>\n\n\n\n<p><strong>Pierre Tarrago :<\/strong> &#8220;Aspects probabilistes de la cohomologie quantique des Grassmanniennes&#8221;. R\u00e9sum\u00e9 : La cohomologie quantique des Grassmanniennes est l&#8217;exemple le plus simple d&#8217;alg\u00e8bre finie engendr\u00e9e par un graphe de type Cayley d&#8217;un groupe de Weyl. Dans cet expos\u00e9, j&#8217;introduirai toutes ces notions et expliquerai comment l&#8217;\u00e9tude de cette cohomologie quantique permet d&#8217;obtenir un th\u00e9or\u00e8me central limite pour plusieurs syst\u00e8mes probabilistes de grande taille.<\/p>\n\n\n\n<p><\/p>\n\n\n\n<p class=\"has-large-font-size\">Du  31 mai au 2 juin 2022 : rencontre \u00e0 Jussieu Paris<\/p>\n\n\n\n<p>Les d\u00e9tails (titres et r\u00e9sum\u00e9s) des expos\u00e9s sont disponibles ici : <a href=\"http:\/\/tarrago.perso.math.cnrs.fr\/deuxieme_rencontre_ANR_Cortipom.html\">http:\/\/tarrago.perso.math.cnrs.fr\/deuxieme_rencontre_ANR_Cortipom.html<\/a><\/p>\n\n\n\n<p><strong>Valentin F\u00e9ray :<\/strong> fonctions de Schur d\u00e9cal\u00e9es<\/p>\n\n\n\n<p>http:\/\/vferay.perso.math.cnrs.fr\/Slides\/2206_Feray_ShiftedSchur_Cortipom.pdf<\/p>\n\n\n\n<p><strong>David Garcia Zeleda :<\/strong> Spectral radius of non-Hermitian random matrices<\/p>\n\n\n\n<div data-wp-interactive=\"core\/file\" class=\"wp-block-file\"><object data-wp-bind--hidden=\"!state.hasPdfPreview\" hidden class=\"wp-block-file__embed\" data=\"https:\/\/www.idpoisson.fr\/lecouvey\/wp-content\/uploads\/sites\/18\/2022\/06\/Notes_G-Z.pdf\" type=\"application\/pdf\" style=\"width:100%;height:600px\" aria-label=\"Embed of Notes_G-Z.\"><\/object><a id=\"wp-block-file--media-cb27ddc3-302c-4626-a495-8275cd4f9155\" href=\"https:\/\/www.idpoisson.fr\/lecouvey\/wp-content\/uploads\/sites\/18\/2022\/06\/Notes_G-Z.pdf\">Notes_G-Z<\/a><a href=\"https:\/\/www.idpoisson.fr\/lecouvey\/wp-content\/uploads\/sites\/18\/2022\/06\/Notes_G-Z.pdf\" class=\"wp-block-file__button wp-element-button\" download aria-describedby=\"wp-block-file--media-cb27ddc3-302c-4626-a495-8275cd4f9155\">T\u00e9l\u00e9charger<\/a><\/div>\n\n\n\n<p><\/p>\n\n\n\n<p><strong>Guillaume Barranquand<\/strong> <strong>:<\/strong><\/p>\n\n\n\n<p><\/p>\n\n\n\n<div data-wp-interactive=\"core\/file\" class=\"wp-block-file\"><object data-wp-bind--hidden=\"!state.hasPdfPreview\" hidden class=\"wp-block-file__embed\" data=\"https:\/\/www.idpoisson.fr\/lecouvey\/wp-content\/uploads\/sites\/18\/2022\/06\/2022-06-07IntroMacdonaldMeasures.pdf\" type=\"application\/pdf\" style=\"width:100%;height:600px\" aria-label=\"Embed of 2022-06-07IntroMacdonaldMeasures.\"><\/object><a id=\"wp-block-file--media-2f951f44-5704-4b76-bab0-c269aaab4abf\" href=\"https:\/\/www.idpoisson.fr\/lecouvey\/wp-content\/uploads\/sites\/18\/2022\/06\/2022-06-07IntroMacdonaldMeasures.pdf\">2022-06-07IntroMacdonaldMeasures<\/a><a href=\"https:\/\/www.idpoisson.fr\/lecouvey\/wp-content\/uploads\/sites\/18\/2022\/06\/2022-06-07IntroMacdonaldMeasures.pdf\" class=\"wp-block-file__button wp-element-button\" download aria-describedby=\"wp-block-file--media-2f951f44-5704-4b76-bab0-c269aaab4abf\">T\u00e9l\u00e9charger<\/a><\/div>\n\n\n\n<p><\/p>\n\n\n\n<p><strong>C\u00e9dric Lecouvey :<\/strong> Graphes positivement multiplicatifs<\/p>\n\n\n\n<p><\/p>\n\n\n\n<div data-wp-interactive=\"core\/file\" class=\"wp-block-file\"><object data-wp-bind--hidden=\"!state.hasPdfPreview\" hidden class=\"wp-block-file__embed\" data=\"https:\/\/www.idpoisson.fr\/lecouvey\/wp-content\/uploads\/sites\/18\/2022\/06\/Paris22.pdf\" type=\"application\/pdf\" style=\"width:100%;height:600px\" aria-label=\"Embed of Paris22.\"><\/object><a id=\"wp-block-file--media-2604c6e4-b932-4909-a99c-d2842b12982c\" href=\"https:\/\/www.idpoisson.fr\/lecouvey\/wp-content\/uploads\/sites\/18\/2022\/06\/Paris22.pdf\">Paris22<\/a><a href=\"https:\/\/www.idpoisson.fr\/lecouvey\/wp-content\/uploads\/sites\/18\/2022\/06\/Paris22.pdf\" class=\"wp-block-file__button wp-element-button\" download aria-describedby=\"wp-block-file--media-2604c6e4-b932-4909-a99c-d2842b12982c\">T\u00e9l\u00e9charger<\/a><\/div>\n\n\n\n<p><\/p>\n\n\n\n<p class=\"has-large-font-size\">Les 19 et 20 Janvier 2023, rencontre de l&#8217;ANR CORTIPOM \u00e0 Nancy<\/p>\n\n\n\n<p>Les d\u00e9tails (titres et r\u00e9sum\u00e9s) des expos\u00e9s sont disponibles ici : <a href=\"https:\/\/vdubach.pages.math.cnrs.fr\/personal-website\/events.html\">https:\/\/vdubach.pages.math.cnrs.fr\/personal-website\/events.html<\/a><\/p>\n\n\n\n<p><\/p>\n\n\n\n<p class=\"has-large-font-size\">Du 10 au 14 Juillet 2023, atelier de l&#8217;ANR CORTIPOM au CIRM<\/p>\n\n\n\n<p>Les d\u00e9tails (titres et r\u00e9sum\u00e9s) des expos\u00e9s sont disponibles ici : <a href=\"https:\/\/conferences.cirm-math.fr\/2932.html\">site de l&#8217;atelier<\/a><\/p>\n\n\n\n<p><\/p>\n\n\n\n<h2 class=\"wp-block-heading\"><\/h2>\n\n\n\n<p class=\"has-large-font-size\">Du 18 au 19 janvier 2024, rencontre de l&#8217;ANR CORTIPOM au LPSM<\/p>\n\n\n\n<p>Les d\u00e9tails (titres et r\u00e9sum\u00e9s) des expos\u00e9s sont disponibles ici : <a href=\"https:\/\/tarrago.perso.math.cnrs.fr\/Quatrieme_rencontre_ANR_Cortipom.html\">site de la rencontre<\/a><\/p>\n\n\n\n<p class=\"has-large-font-size\"><\/p>\n\n\n\n<h2 class=\"wp-block-heading\"><\/h2>\n\n\n\n<p class=\"has-large-font-size\">Du 30 septembre au 2 octobre 2024, rencontre de l&#8217;ANR CORTIPOM \u00e0 l&#8217;IDP-Tours<\/p>\n\n\n\n<p><\/p>\n\n\n\n<p><a href=\"https:\/\/idpoisson.fr\/rostam\/post\/cortipom_automne_24\">https:\/\/idpoisson.fr\/rostam\/post\/cortipom_automne_24<\/a><\/p>\n\n\n\n<p><\/p>\n\n\n\n<p><\/p>\n\n\n\n<p class=\"has-large-font-size\">Du 9 au 13 juin 2024, Conf\u00e9rence de l&#8217;ANR CORTIPOM au Croisic<\/p>\n\n\n\n<p><a href=\"https:\/\/cortipom25.sciencesconf.org\/\">Conf\u00e9rence au Croisic<\/a><\/p>\n\n\n\n<p><\/p>\n\n\n\n<p><\/p>\n\n\n\n<p class=\"has-large-font-size\">Publications li\u00e9es au projet<\/p>\n\n\n\n<p><\/p>\n\n\n\n<p><\/p>\n\n\n\n<ul class=\"wp-block-list\">\n<li>Consultables sur Hal \u00e0 l&#8217;adresse :  <a href=\"https:\/\/hal-anr.archives-ouvertes.fr\/search\/index\/?qa[anrProjectReference_t][]=%22ANR-21-CE40-0019%22&#038;sort=producedDate_tdate+desc\">Liste des publications li\u00e9es au projet CORTIPOM<\/a><\/li>\n<\/ul>\n\n\n\n<p><\/p>\n","protected":false},"excerpt":{"rendered":"<p>Page du projet ANR PRC CORTIPOM Ce projet \u00e0 l&#8217;interface de l&#8217;alg\u00e8bre, la combinatoire, les probabilit\u00e9s et la physique th\u00e9orique &hellip; <a href=\"https:\/\/www.idpoisson.fr\/lecouvey\/en\/cortipom\/\" class=\"more-link\">More <span class=\"screen-reader-text\">CORTIPOM<\/span> <span class=\"meta-nav\">&rarr;<\/span><\/a><\/p>\n","protected":false},"author":29,"featured_media":0,"parent":0,"menu_order":0,"comment_status":"closed","ping_status":"closed","template":"page-templates\/no-sidebar-full-width.php","meta":{"footnotes":""},"folder":[],"class_list":["post-122","page","type-page","status-publish","hentry"],"_links":{"self":[{"href":"https:\/\/www.idpoisson.fr\/lecouvey\/en\/wp-json\/wp\/v2\/pages\/122","targetHints":{"allow":["GET"]}}],"collection":[{"href":"https:\/\/www.idpoisson.fr\/lecouvey\/en\/wp-json\/wp\/v2\/pages"}],"about":[{"href":"https:\/\/www.idpoisson.fr\/lecouvey\/en\/wp-json\/wp\/v2\/types\/page"}],"author":[{"embeddable":true,"href":"https:\/\/www.idpoisson.fr\/lecouvey\/en\/wp-json\/wp\/v2\/users\/29"}],"replies":[{"embeddable":true,"href":"https:\/\/www.idpoisson.fr\/lecouvey\/en\/wp-json\/wp\/v2\/comments?post=122"}],"version-history":[{"count":18,"href":"https:\/\/www.idpoisson.fr\/lecouvey\/en\/wp-json\/wp\/v2\/pages\/122\/revisions"}],"predecessor-version":[{"id":200,"href":"https:\/\/www.idpoisson.fr\/lecouvey\/en\/wp-json\/wp\/v2\/pages\/122\/revisions\/200"}],"wp:attachment":[{"href":"https:\/\/www.idpoisson.fr\/lecouvey\/en\/wp-json\/wp\/v2\/media?parent=122"}],"wp:term":[{"taxonomy":"folder","embeddable":true,"href":"https:\/\/www.idpoisson.fr\/lecouvey\/en\/wp-json\/wp\/v2\/folder?post=122"}],"curies":[{"name":"wp","href":"https:\/\/api.w.org\/{rel}","templated":true}]}}