{"id":2,"date":"2018-02-08T16:06:15","date_gmt":"2018-02-08T15:06:15","guid":{"rendered":"https:\/\/www.idpoisson.fr\/lecouvey\/?page_id=2"},"modified":"2025-02-04T18:16:25","modified_gmt":"2025-02-04T17:16:25","slug":"accueil","status":"publish","type":"page","link":"https:\/\/www.idpoisson.fr\/lecouvey","title":{"rendered":"Accueil"},"content":{"rendered":"<hr \/>\n<p style=\"text-align: center\">[<a href=\"#publis\">Publications<\/a> | <a href=\"#ens\">Enseignement<\/a> |<\/p>\n<hr \/>\n<p>Professeur de math\u00e9matiques<\/p>\n<p>Directeur de l&rsquo;<a href=\"https:\/\/www.idpoisson.fr\">Institut Denis Poisson<\/a> CNRS UMR 7013<br \/><a href=\"http:\/\/www.math.univ-tours.fr\/\">D\u00e9partement de math\u00e9matiques<\/a> de l&rsquo;<a href=\"http:\/\/www.univ-tours.fr\">Universit\u00e9 de Tours<\/a><br \/>\u00c9quipe de recherche : <a href=\"\/\/www.idpoisson.fr\/equipe-probabilite-algebre-combinatoire-theorie-ergodique-statistique\/\">SPACE<\/a><\/p>\n<p><strong>Contact<\/strong><img loading=\"lazy\" decoding=\"async\" class=\"wp-image-82 alignright\" src=\"https:\/\/www.idpoisson.fr\/lecouvey\/wp-content\/uploads\/sites\/18\/2019\/07\/moi-300x225.jpg\" alt=\"\" width=\"294\" height=\"221\" srcset=\"https:\/\/www.idpoisson.fr\/lecouvey\/wp-content\/uploads\/sites\/18\/2019\/07\/moi-300x225.jpg 300w, https:\/\/www.idpoisson.fr\/lecouvey\/wp-content\/uploads\/sites\/18\/2019\/07\/moi-768x576.jpg 768w, https:\/\/www.idpoisson.fr\/lecouvey\/wp-content\/uploads\/sites\/18\/2019\/07\/moi-1024x768.jpg 1024w\" sizes=\"auto, (max-width: 294px) 100vw, 294px\" \/><br \/>Bureau : <em>B\u00e2timent E2, bureau 3130<\/em><br \/>T\u00e9l\u00e9phone : <em> (33) 2 47 36 72 59<\/em><br \/>Email : cedric.lecouvey@univ-tours.fr<br \/><strong>Adresse postale<\/strong><br \/>Institut Denis Poisson<br \/>Universit\u00e9 de Tours<br \/>Parc de Grandmont<br \/>37200 Tours, France<\/p>\n<h1>Recherche<\/h1>\n<h2>Th\u00e8mes de recherche :<\/h2>\n<p>Ma th\u00e9matique g\u00e9n\u00e9rale de recherche est centr\u00e9e sur la combinatoire alg\u00e9brique. Elle se d\u00e9cline en trois axes principaux :<br \/><b>1: Th\u00e9orie des repr\u00e9sentations<\/b> il s&rsquo;agit d&rsquo;\u00e9tudier les aspects combinatoires et alg\u00e9briques de la th\u00e9orie des repr\u00e9sentations des groupes de Coxeter, des groupes et alg\u00e8bres de Lie ainsi que de leurs d\u00e9formations comme les groupes quantiques et les alg\u00e8bres de Hecke. Si le cas o\u00f9 le corps de base est de caract\u00e9ristique nulle est d\u00e9sormais bien compris, de nombreux aspects fondamentaux de la la th\u00e9orie des repr\u00e9sentations modulaires restent encore largement \u00e9nigmatiques. Par ailleurs, la th\u00e9orie des groupes quantiques initi\u00e9e au d\u00e9but des ann\u00e9es 90 a fait appara\u00eetre \u00e9norm\u00e9ment de nouveaux objets (cristaux de Kashiwara, base canoniques de Kashiwara-Lusztig, modules de kirillov-reshetikhin etc.) dont l&rsquo;\u00e9tude est tr\u00e8s active. Noter que via le th\u00e9or\u00e8me d&rsquo;Ariki, il existe un lien \u00e9troit entre les bases canoniques en type A affine et la th\u00e9orie des repr\u00e9sentations modulaires du groupe sym\u00e9trique.<\/p>\n<p><b>2 : Interactions entre la th\u00e9orie des repr\u00e9sentations et la th\u00e9orie des probabilit\u00e9s<\/b> Il s&rsquo;agit par exemple de d\u00e9terminer la loi de certaines marches al\u00e9atoires dont les pas sont les poids d&rsquo;une repr\u00e9sentation, conditionn\u00e9es \u00e0 rester dans un c\u00f4ne particulier (chambre de Weyl). Ces probl\u00e8mes sont reli\u00e9s \u00e0 la d\u00e9termination de fonctions harmoniques sur des graphes dont les sommets sont index\u00e9s par des poids dominants dans l&rsquo;esprit des travaux de Kerov et Vershik sur les fonctions harmoniques du graphe de Young. Noter que les m\u00e9thodes probabilistes permettent, dans le sens inverse, d&rsquo;obtenir en th\u00e9orie des repr\u00e9sentations des comportements asymptotiques de multiplicit\u00e9s tensorielles qui semblent difficiles \u00e0 atteindre par des m\u00e9thodes purement alg\u00e9briques. Elles font \u00e9galement appara\u00eetre des ph\u00e9nom\u00e8nes de stabilit\u00e9 sur les chemins de Littelmann.<\/p>\n<p><b>3 : Th\u00e9orie additive des nombres et g\u00e9n\u00e9ralisations<\/b> Le dernier axe de mes recherches concerne l&rsquo;extension de r\u00e9sultats de th\u00e9orie additive des nombres \u00e0 des groupes ou des structures alg\u00e9briques plus g\u00e9n\u00e9rales que l&rsquo;anneau des entiers. Il peut s&rsquo;agir de groupes non n\u00e9cessairement ab\u00e9liens, de corps ou d&rsquo;alg\u00e8bres. Dans le cas d&rsquo;un groupe multiplicatif G, on cherche \u00e0 obtenir des estimations pour le cardinal d&rsquo;un ensemble produit AB o\u00f9 A et B sont deux parties de G (par exemple en utilisant les th\u00e9or\u00e8mes de Kneser, Kemperman ou Ruzsa). Pour les corps ou les alg\u00e8bres, c&rsquo;est la dimension de l&rsquo;espace vect(AB) engendr\u00e9 par les produits de AB que l&rsquo;on cherche \u00e0 estimer en fonction de celles de vect(A) et vect(B). Noter que les deux probl\u00e8mes sont reli\u00e9s via la notion d&rsquo;alg\u00e8bre de groupe et que, tr\u00e8s souvent, l&rsquo;\u00e9tude du cas lin\u00e9aire permet de retrouver les r\u00e9sultats sur les groupes. Les travaux que j&rsquo;ai effectu\u00e9s dans cette direction ont permis d&rsquo;\u00e9tablir des analogues lin\u00e9aires de th\u00e9or\u00e8mes dus \u00e0 Kneser, Kemperman et Ruzsa \u00e9tablis dans le contexte des groupes.<\/p>\n<h3 id=\"publis\">Pr\u00e9publications et Publications r\u00e9centes<\/h3>\n<p><b>1 : Th\u00e9orie des repr\u00e9sentations<\/b><\/p>\n<ul>\n<li><span class=\"title\">Macdonald identities, Weyl-Kac denominator formulas and affine Grassmannians <\/span><br \/><span class=\"author\">C\u00e9dric Lecouvey et David Wahiche<\/span><br \/><span class=\"links\">[ <a href=\"https:\/\/arxiv.org\/abs\/2404.10532\">Arxiv<\/a>] <\/span><\/li>\n<li>Crystal isomorphisms and Mullineux involution II <br \/><span class=\"author\">Nicolas Jacon et C\u00e9dric Lecouvey <span class=\"links\">[ <a href=\"https:\/\/arxiv.org\/abs\/2307.01065\">Arxiv<\/a>] <\/span><\/span> (\u00e0 para\u00eetre dans Electronic Journal of Combinatorics)<\/li>\n<\/ul>\n<p><b>2 : Interactions entre la th\u00e9orie des repr\u00e9sentations et la th\u00e9orie des probabilit\u00e9s<\/b><\/p>\n<ul>\n<li>Non symmetric Cauchy kernel, crystals and last passage percolation <br \/><span class=\"author\">Olga, Azenhas, Thomas Gobet et C\u00e9dric Lecouvey<\/span><span class=\"author\"> (\u00e0 para\u00eetre au Tunisian Journal of Math).<br \/><!-- <\/span> <span class=\"journal\">A para\u00eetre aux Transactions de l'AMS.<\/span> --><\/span><span class=\"author\"><span class=\"links\">[ <a href=\"https:\/\/arxiv.org\/abs\/2212.06587\">ArXiv<\/a>] <\/span><\/span><\/li>\n<\/ul>\n<ul>\n<li>Quantum cohomology of Grassmannian and unitary Dyson Brownian motion <br \/><span class=\"author\">J\u00e9r\u00e9mie Guilhot, C\u00e9dric Lecouvey et Pierre Tarrago. <\/span><br \/><span class=\"links\">[ <a href=\"https:\/\/arxiv.org\/abs\/2211.12836\">ArXiv<\/a>] <\/span><\/li>\n<\/ul>\n<ul>\n<li>Basics on positively multiplicative graphs and algebras <br \/><span class=\"author\">J\u00e9r\u00e9mie Guilhot, C\u00e9dric Lecouvey et Pierre Tarrago. <\/span><br \/><span class=\"links\">[ <a href=\"https:\/\/arxiv.org\/abs\/2205.08889\">ArXiv<\/a>] <\/span><\/li>\n<\/ul>\n<p><b>3 : Th\u00e9orie additive des nombres et g\u00e9n\u00e9ralisations<\/b><\/p>\n<ul>\n<li>Submodular functions in additive combinatorics problems for group actions and representations <br \/><span class=\"author\">Vicent Beck et C\u00e9dric Lecouvey. <\/span><br \/><span class=\"links\">[ <a href=\"https:\/\/arxiv.org\/abs\/2210.08845\">ArXiv<\/a>] <\/span><\/li>\n<\/ul>\n<p><a href=\"https:\/\/arxiv.org\/search\/math?searchtype=author&#038;query=Lecouvey%2C+C\"> Versions de mes publications disponibles sur Hal\/arXiv<\/a><\/p>\n<p>Voir \u00e9galement le site de Mathscinet pour des r\u00e9f\u00e9rences compl\u00e8tes<\/p>\n<p><a href=\"http:\/\/ams.u-strasbg.fr\/mathscinet\"> Mathscinet <\/a><\/p>\n<h2><b>Etudiants en th\u00e8se :<\/b><\/h2>\n<p><b> Thomas Gerber <\/b> a soutenu sa th\u00e8se en juillet 2014 \u00ab\u00a0<i>Ensembles basiques g\u00e9n\u00e9ralis\u00e9s pour les groupes de r\u00e9flexions complexes<\/i> \u00e0 Tours (en co-direction avec Nicolas Jacon). Il est d\u00e9sormais ma\u00eetre de conf\u00e9rence \u00e0 Lyon et sa page personnelle est \u00a0<a href=\"https:\/\/math.univ-lyon1.fr\/~gerber\/\"> ici <\/a>.\u00a0<\/p>\n<p><b> Adam Sch\u00fcltze <\/b> a d\u00e9marr\u00e9 sa th\u00e8se en 2018 (en co-direction avec C. Lenart, University of Albany \u00e9tat de New York). La th\u00e8se a \u00e9t\u00e9 soutenue au mois de mai 2021. Il est d\u00e9sormais assitant professor \u00e0 Lewis University et son site est \u00a0<a href=\"https:\/\/www.cs.lewisu.edu\/~aschultze\/\"> ici <\/a>.<\/p>\n<p><b>Igor Haladjian <\/b> a d\u00e9marr\u00e9 sa th\u00e8se en septembre 2022 (en co-direction avec T. Gobet, Universit\u00e9 de Tours IDP ).<\/p>\n<p><strong>Jad Abou-Yassin<\/strong> a demarr\u00e9 sa th\u00e8se en septembre 2023 (en co-direction avec I. Gobet, Universit\u00e9 de Tours IDP).<\/p>\n<h2>Projet ANR :<\/h2>\n<p>Je suis le porteur du projet ANR PRC CORTIPOM \u00ab\u00a0Th\u00e9orie des repr\u00e9sentations combinatoire et interactions avec des mod\u00e8les probabilistes\u00a0\u00bb financ\u00e9 entre 2021 et 2026. Pour davantage d&rsquo;informations, consulter la page<\/p>\n<p><a href=\"http:\/\/Page du projet CORTIPOM\" data-wplink-url-error=\"true\">https:\/\/www.idpoisson.fr\/lecouvey\/cortipom\/<\/a><\/p>\n<div class=\"rubrique\">\n<h1>Quelques Liens vers les pages de math\u00e9maticiens co-auteurs<\/h1>\n<p><a href=\"http:\/\/www.math.sci.osaka-u.ac.jp\/~ariki\/\">S. Ariki: University of Osaka, <\/a><\/p>\n<p><a href=\"https:\/\/www.mat.uc.pt\/~oazenhas\/\">O. Azenhas: Universit\u00e9 de Coimbra<\/a> <br \/><a href=\"http:\/\/www.univ-orleans.fr\/mapmo\/membres\/beck\/\">V. Beck: Universit\u00e9 d&rsquo;Orl\u00e9ans, <\/a><br \/><a href=\"http:\/\/www-lmpa.univ-littoral.fr\/labo\/annuaire.html\">S. Eliahou: ULCO Calais, <\/a><\/p>\n<p><a href=\"http:\/\/www.lmpt.univ-tours.fr\/~gobet\/index\">T. Gobet : IDP Universit\u00e9 de Tours<\/a><br \/><a href=\"http:\/\/www.lmpt.univ-tours.fr\/~guilhot\/\">J. Guilhot: Universit\u00e9 de Tours, <\/a><br \/><a href=\"http:\/\/njacon.perso.math.cnrs.fr\/\">N. Jacon: Universit\u00e9 de Reims, <\/a><br \/><a href=\"http:\/\/www.math.unicaen.fr\/~juteau\/\">D. Juteau: Universit\u00e9 de Caen, <\/a><br \/><a href=\"http:\/\/www.albany.edu\/~lenart\/\">C. L\u00e9nart: Suny University, Albany<\/a><br \/><a href=\"http:\/\/www.lmpt.univ-tours.fr\/?q=membres\">E. Lesigne: LMPT Tours, <\/a><br \/><a href=\"http:\/\/www.sigmath.es.osaka-u.ac.jp\/~okado\/index-e.html\">M. Okado: University of Osaka, <\/a><br \/><a href=\"http:\/\/www.lmpt.univ-tours.fr\/~peigne\/\">M. Peign\u00e9: LMPT Tours, <\/a><br \/><a href=\"http:\/\/www.lmpt.univ-tours.fr\/~raschel\/\">K. Rashel: LMPT Tours, <\/a><br \/><a href=\"http:\/\/www.math.vt.edu\/people\/mshimo\/\">M. Shimozono: Virginia Tech.<\/a><br \/><a href=\"http:\/\/www.lamfa.u-picardie.fr\/sorlin\/\">K. Sorlin: Universit\u00e9 d&rsquo;Amiens.<\/a><br \/><a href=\"https:\/\/www.lpsm.paris\/laboratoire\/annuaire\/ptarrago\/\">P. Tarrago: Universit\u00e9 Paris Sorbonne.<\/a><\/p>\n<p><a href=\"https:\/\/www.idpoisson.fr\/wahiche\/\">D. Wahiche Universit\u00e9 de Tours<\/a><\/p>\n<p><!--more--><\/p>\n<\/div>\n<p><!--more--><\/p>\n<div class=\"rubrique\">\n<h1>Quelques responsabilit\u00e9s<\/h1>\n<p>Directeur de l&rsquo;Institut Denis Poisson depuis janvier 2024.<\/p>\n<p>Membre \u00e9lu de la commission recherche de l&rsquo;universit\u00e9 de Tours 2017-2020.<\/p>\n<p>Directeur de la F\u00e9d\u00e9ration Denis Poisson 2016-2018.<\/p>\n<p>Membre \u00e9lu du CNU 25 de 2011 \u00e0 2014.<\/p>\n<\/div>\n<div class=\"rubrique\">\n<h1>Enseignement<\/h1>\n<h2>M2 et Pr\u00e9paration \u00e0 l&rsquo;agr\u00e9gation :<\/h2>\n<p>Consulter la page ci-dessous pour plus d&rsquo;information sur les pr\u00e9parations dispens\u00e9es \u00e0 Tours et Orl\u00e9ans.<\/p>\n<p><a href=\"http:\/\/www.lmpt.univ-tours.fr\/~georgeli\/indexagreg.php\/\">Page de la pr\u00e9paration \u00e0 l&rsquo;agr\u00e9gation<\/a><\/p>\n<p><span class=\"title\"> Quelques cours de niveau M1 ou M2 <\/span><\/p>\n<p><span class=\"links\">[ M1 Arithmetique ] [ <a href=\"Arithm2017.pdf\">pdf<\/a> ]<\/span><br \/><span class=\"links\">[ Examen juin 2016 ] [ <a href=\"Examenjuin16.pdf\">pdf<\/a> ]<\/span><br \/><span class=\"links\">[ Examen janvier 2017 ] [ <a href=\"Examenjanvier17.pdf\">pdf<\/a> ]<\/span><br \/><span class=\"links\">[ Examen janvier 2015 ] [ <a href=\"Examenjanvier15.pdf\">pdf<\/a> ]<\/span><\/p>\n<p><span class=\"links\">[ M1 Alg\u00e8bre Commutative ] [ <a href=\"AlgebreApp11.pdf\">pdf<\/a> ]<\/span><br \/><span class=\"links\">[ M2 Th\u00e9orie des Repr\u00e9sentations ] [ <a href=\"ThRep3.pdf\">pdf<\/a> ]<\/span><br \/><span class=\"links\">[ M2 Compl\u00e8ments d&rsquo;Alg\u00e8bre Lin\u00e9aire ] [ <a href=\"Jordan.pdf\">pdf<\/a> ]<\/span><\/p>\n<p><span class=\"title\"> Un cours de niveau doctorat \u00e0 l&rsquo;interaction entre th\u00e9orie des repr\u00e9sentations et probabilit\u00e9s <\/span><br \/><span class=\"links\">[ Marches al\u00e9atoires conditionn\u00e9es ] [ <a href=\"EcolReims2014.pdf\">pdf<\/a> ]<\/span><\/p>\n<p><span class=\"links\">Autres [ T ] [ <a href=\"http:\/\/these.pdf\">pdf<\/a> ]<\/span><\/p>\n<h2>Licence :<\/h2>\n<p>L1 Tronc commun<\/p>\n<p>L2 Analyse<\/p>\n<p>L3 Alg\u00e8bre<\/p>\n<ul>\n<li><span class=\"title\"> Sujets d&rsquo;examens et contr\u00f4les. <\/span><br \/><span class=\"links\">[ D\u00e9cembre 2013 ] [ <a href=\"examen13.pdf\">pdf<\/a> ]<\/span><br \/><span class=\"links\">[ juin 2014 ] [ <a href=\"examenJuin14.pdf\">pdf<\/a> ]<\/span><br \/><span class=\"links\">[ contr\u00f4le 2014 ] [ <a href=\"Interro1.pdf\">pdf<\/a> ]<\/span><br \/><span class=\"links\">[ contr\u00f4le 2015 ] [ <a href=\"Interro12015.pdf\">pdf<\/a> ]<\/span><br \/><span class=\"links\">[ contr\u00f4le 2015 ] [ <a href=\"Interro22015.pdf\">pdf<\/a> ]<\/span><\/li>\n<\/ul>\n<\/div>\n<div class=\"rubrique\">\n<h1>Quelques Liens non math\u00e9matiques indispensables<\/h1>\n<p><a href=\"http:\/\/www.lahague-tourisme.com\/\">Office du tourisme de la Hague<\/a><\/p>\n<p><a href=\"http:\/\/www.champsaur-valgaudemar.com\/\">Le site du Champsaur-Valgaudemar<\/a><\/p>\n<p><a href=\"http:\/\/www.pnr-queyras.fr\/\">Le site du Queyras<\/a><\/p>\n<p><a href=\"http:\/\/www.touraineloirevalley.com\/\">La Touraine<\/a><\/p>\n<h1>\u00a0<\/h1>\n<p><!-- COPYRIGHT --><\/p>\n<p class=\"copyright\">Copyright &#8211; \u00a9 Universit\u00e9 de TOURS &#8211; C\u00e9dric Lecouvey &#8211;<\/p>\n<\/div>\n<p><!-- FIN --><\/p>\n<hr \/>\n\n\n<p><\/p>\n","protected":false},"excerpt":{"rendered":"<p>[Publications | Enseignement | Professeur de math\u00e9matiques Directeur de l&rsquo;Institut Denis Poisson CNRS UMR 7013D\u00e9partement de math\u00e9matiques de l&rsquo;Universit\u00e9 de &hellip; <a href=\"https:\/\/www.idpoisson.fr\/lecouvey\/\" class=\"more-link\">Plus <span class=\"screen-reader-text\">Accueil<\/span> <span class=\"meta-nav\">&rarr;<\/span><\/a><\/p>\n","protected":false},"author":29,"featured_media":0,"parent":0,"menu_order":0,"comment_status":"closed","ping_status":"closed","template":"","meta":{"footnotes":""},"folder":[],"class_list":["post-2","page","type-page","status-publish","hentry"],"_links":{"self":[{"href":"https:\/\/www.idpoisson.fr\/lecouvey\/wp-json\/wp\/v2\/pages\/2","targetHints":{"allow":["GET"]}}],"collection":[{"href":"https:\/\/www.idpoisson.fr\/lecouvey\/wp-json\/wp\/v2\/pages"}],"about":[{"href":"https:\/\/www.idpoisson.fr\/lecouvey\/wp-json\/wp\/v2\/types\/page"}],"author":[{"embeddable":true,"href":"https:\/\/www.idpoisson.fr\/lecouvey\/wp-json\/wp\/v2\/users\/29"}],"replies":[{"embeddable":true,"href":"https:\/\/www.idpoisson.fr\/lecouvey\/wp-json\/wp\/v2\/comments?post=2"}],"version-history":[{"count":15,"href":"https:\/\/www.idpoisson.fr\/lecouvey\/wp-json\/wp\/v2\/pages\/2\/revisions"}],"predecessor-version":[{"id":196,"href":"https:\/\/www.idpoisson.fr\/lecouvey\/wp-json\/wp\/v2\/pages\/2\/revisions\/196"}],"wp:attachment":[{"href":"https:\/\/www.idpoisson.fr\/lecouvey\/wp-json\/wp\/v2\/media?parent=2"}],"wp:term":[{"taxonomy":"folder","embeddable":true,"href":"https:\/\/www.idpoisson.fr\/lecouvey\/wp-json\/wp\/v2\/folder?post=2"}],"curies":[{"name":"wp","href":"https:\/\/api.w.org\/{rel}","templated":true}]}}