{"id":2,"date":"2018-02-08T16:06:15","date_gmt":"2018-02-08T15:06:15","guid":{"rendered":"https:\/\/www.idpoisson.fr\/louchet\/?page_id=2"},"modified":"2021-01-29T17:29:19","modified_gmt":"2021-01-29T16:29:19","slug":"accueil","status":"publish","type":"page","link":"https:\/\/www.idpoisson.fr\/louchet","title":{"rendered":"Accueil"},"content":{"rendered":"<hr \/>\n<p style=\"text-align: center\">[<a href=\"#publis\">Publications<\/a> | <a href=\"#ens\">Enseignement<\/a> | <a href=\"#projets\">Projets<\/a>]<\/p>\n<hr \/>\n<p>Ma\u00eetre de conf\u00e9rences<img loading=\"lazy\" decoding=\"async\" class=\"alignright size-medium wp-image-43\" src=\"https:\/\/www.idpoisson.fr\/louchet\/wp-content\/uploads\/sites\/35\/2019\/01\/cecile_maillon-199x300.jpg\" alt=\"\" width=\"199\" height=\"300\" srcset=\"https:\/\/www.idpoisson.fr\/louchet\/wp-content\/uploads\/sites\/35\/2019\/01\/cecile_maillon-199x300.jpg 199w, https:\/\/www.idpoisson.fr\/louchet\/wp-content\/uploads\/sites\/35\/2019\/01\/cecile_maillon.jpg 212w\" sizes=\"auto, (max-width: 199px) 100vw, 199px\" \/><br \/>\n<a href=\"https:\/\/www.idpoisson.fr\">Institut Denis Poisson<\/a> CNRS UMR 7013<br \/>\n<a href=\"https:\/\/www.univ-orleans.fr\/sciences-techniques\/maths\">P\u00f4le math\u00e9matiques<\/a> de l&rsquo;<a href=\"http:\/\/www.univ-orleans.fr\">Universit\u00e9 d&rsquo;Orl\u00e9ans<\/a><br \/>\n\u00c9quipes de recherche : EMS \/ <a href=\"\/\/www.idpoisson.fr\/equipe-probabilite-algebre-combinatoire-theorie-ergodique-statistique\/\">SPACE<\/a><\/p>\n<p>Axe de recherche : Analyse et traitement d&rsquo;image<\/p>\n<p><strong>Contact<\/strong><br \/>\nBureau : E2<br \/>\nT\u00e9l\u00e9phone : (+33)2 38 49 27 57<br \/>\nEmail : cecile.louchet@univ-orleans.fr<br \/>\n<strong>Adresse postale<\/strong><br \/>\nInstitut Denis Poisson<br \/>\nUniversit\u00e9 d&rsquo;Orl\u00e9ans<br \/>\nCollegium Sciences et Techniques<br \/>\nB\u00e2timent de math\u00e9matiques<br \/>\nRue de Chartres B.P. 6759<br \/>\n45067 Orl\u00e9ans cedex 2 FRANCE<\/p>\n<h3><b><span style=\"color: #aa0000;font-family: Helvetica\">Research areas <\/span><\/b><\/h3>\n<ul>\n<li>image analysis, modelling, and processing<\/li>\n<li>image denoising, restoration and segmentation<\/li>\n<li>patch-based methods (Non-Local means), Total Variation based methods<\/li>\n<li>applied probabilities, statistical inference, Monte-Carlo Markov Chains, applied functional statistics<\/li>\n<li>variational models, applied convex analysis<\/li>\n<\/ul>\n<hr \/>\n<h3 id=\"publis\">Publications<\/h3>\n<h3><b><span style=\"color: #aa0000;font-family: Helvetica\">Journal articles<\/span><\/b><\/h3>\n<ul>\n<li><b>Posterior Expectation of the Total Variation model: Properties and Experiments<\/b>, C. L., Lionel Moisan, SIAM Journal on Imaging Sciences, Vol. 6, Issue 4, pp. 2640-2684, 2013. <a href=\"http:\/\/hal.archives-ouvertes.fr\/hal-00764175\">(PDF) (1935 KB)<\/a>.<\/li>\n<li><b>Total Variation as a local filter<\/b>, C. L., Lionel Moisan, SIAM Journal on Imaging Sciences, Volume 4, Issue 2, pp. 651-694, June 2011. <a href=\"http:\/\/hal.archives-ouvertes.fr\/docs\/00\/45\/77\/63\/PDF\/2010-11.pdf\">(PDF preprint)<\/a>. <a href=\"http:\/\/www.math-info.univ-paris5.fr\/~moisan\/tvmeans\/\">Web page with examples<\/a>.<\/li>\n<\/ul>\n<h3><b><span style=\"color: #aa0000;font-family: Helvetica\">Peer-reviewed conference papers<\/span><\/b><\/h3>\n<ul>\n<li><b>Total Variation Restoration of Images Corrupted by Poisson Noise with Iterated Conditional Expectations<\/b>, R\u00e9my Abergel, C. L., Lionel Moisan, Tieyong Zeng, proceedings of Scale Space and Variational Methods in Computer Vision, 2015 <a href=\"https:\/\/hal.archives-ouvertes.fr\/hal-01275813v1\">(PDF)<\/a>.<\/li>\n<li><b>Total Variation denoising using iterated conditional expectation<\/b>, C. L., Lionel Moisan, proceedings of the European Signal Processing Conference (Eusipco), 2014 <a href=\"https:\/\/hal.archives-ouvertes.fr\/hal-01214735v1\">(PDF)<\/a>.<\/li>\n<li><b>Segmentation of hyperspectral images from functional kernel density estimation<\/b>, Laurent Delsol, C. L., IWFOS Stresa 2014 <a href=\"http:\/\/hal.archives-ouvertes.fr\/hal-01032419\">(PDF)<\/a>.<\/li>\n<li><b>Total Variation denoising using posterior expectation<\/b>, C. L., Lionel Moisan, Proceedings of EUropean Signal and Image Processing COnference EUSIPCO 2008 (electronic) (best student paper award) <a href=\"http:\/\/hal.archives-ouvertes.fr\/hal-00258849\/en\/\">(PDF)<\/a>.<\/li>\n<\/ul>\n<h3><b><span style=\"color: #aa0000;font-family: Helvetica\">Other short papers<\/span><\/b><\/h3>\n<ul>\n<li><b>Sub-pixel mapping of abundance maps by contour minimization; application to hyperspectral imaging and to binary image interpolation<\/b>, C. L., 2016 <a href=\"http:\/\/www.univ-orleans.fr\/mapmo\/membres\/louchet\/research\/louchet_subpixelmapping.pdf\">(PDF)<\/a>.<\/li>\n<li><b>Segmentation d&rsquo;images hyperspectrales \u00e0 partir d&rsquo;estimation \u00e0 noyau fonctionnel de la densit\u00e9<\/b>, Laurent Delsol, C. L., 45\u00e8mes journ\u00e9es de Statistique de la SFDS, Toulouse 2013 (<a href=\"http:\/\/papersjds13.sfds.asso.fr\/submission_226.pdf\">long abstract in PDF<\/a>, <a href=\"http:\/\/jds2013.sfds.asso.fr\/program\/showabstract.php?id=226\">short abstract in PDF<\/a>).<\/li>\n<li><b>D\u00e9bruitage bay\u00e9sien par variation totale<\/b>, C. L., Lionel Moisan, actes du colloque \u00ab\u00a0M\u00e9thodes math\u00e9matiques pour l&rsquo;Image\u00a0\u00bb, Presses Universitaires d&rsquo;Orl\u00e9ans, pp. 83-102, 2009.<\/li>\n<\/ul>\n<h3><b><span style=\"color: #aa0000;font-family: Helvetica\">PhD thesis<\/span><\/b><\/h3>\n<ul>\n<li><b>Variational and Bayesian models for image denoising: from total variation towards non-local means<\/b>, C\u00e9cile Louchet, PhD Thesis, Universit\u00e9 Paris Descartes <a href=\"http:\/\/www.univ-orleans.fr\/mapmo\/membres\/louchet\/research\/main.pdf\">PDF<\/a> <a href=\"http:\/\/www.univ-orleans.fr\/mapmo\/membres\/louchet\/research\/main.ps\">PS<\/a> (you can also ask for a paper version of it).<\/li>\n<\/ul>\n<h3><b><span style=\"color: #aa0000;font-family: Helvetica\">Work in progress<\/span><\/b><\/h3>\n<ul>\n<li>Paper on the algorithm computing Total variation denoising using posterior expectation, with Lionel Moisan.<\/li>\n<li>Paper on mouse cerebellum segmentation with functional statistics tools, with Laurent Delsol and Etienne Le Nechet.<\/li>\n<li>Long paper on Total Variation denoising using iterated conditional expectation, with Lionel Moisan.<\/li>\n<li>Short paper on VITAMINES project with Laurent Delsol and Nicolas Debarsy.<\/li>\n<\/ul>\n<hr \/>\n<h3 id=\"ens\">Enseignements<\/h3>\n<ul>\n<li>2020-2021 :\n<ul>\n<li>Semestre 2 :\n<ul>\n<li>Licence 1 : TD Alg\u00e8bre (avec L\u00e9o Meyer)<\/li>\n<li>Licence 2 d&rsquo;informatique : TD de Probabilit\u00e9s<\/li>\n<li>Master 1 : Apprentissage pour l&rsquo;image (avec Bruno Galerne). <a href=\"https:\/\/celene.univ-orleans.fr\/course\/view.php?id=4282\">Cours sur Celene<\/a>. <a href=\"https:\/\/www.idpoisson.fr\/louchet\/cours-apprentissage-pour-limage\/\">Images<\/a>.<\/li>\n<\/ul>\n<\/li>\n<\/ul>\n<\/li>\n<li>2019 &#8211; 2020 :\n<ul>\n<li>Semestre 1 :\n<ul>\n<li>Licence 2 : TD d&rsquo;Alg\u00e8bre lin\u00e9aire<\/li>\n<li>Master 1 : Signal<\/li>\n<\/ul>\n<\/li>\n<li>Semestre 2 :\n<ul>\n<li>Licence 1 : TD Alg\u00e8bre<\/li>\n<li>Master 1 : Statistiques pour l&rsquo;image (30 HETD)<\/li>\n<\/ul>\n<\/li>\n<\/ul>\n<\/li>\n<li><span style=\"color: #aa0000;font-family: Helvetica\">2015 &#8211; 2016 :<\/span>\n<ul>\n<li>Semestre 1 :\n<ul>\n<li>Parcours Synergie (licence prop\u00e9deutique) 1e ann\u00e9e : TP de recherche et exp\u00e9rimentation \u00ab\u00a0introduction au traitement d&rsquo;image\u00a0\u00bb (TD, 4 HETD)<\/li>\n<li>IUT informatique 2e ann\u00e9e : Mod\u00e9lisation math\u00e9matique (TD+TP, 26,5 HETD)<\/li>\n<li>Licence 3 : Mesure et int\u00e9gration (TD, 30 HETD)<\/li>\n<li>Master 1 : Signal (cours, TD, 32 HETD)<\/li>\n<li>Master 2 : Statistiques et Image (18 HETD)<\/li>\n<\/ul>\n<\/li>\n<li>Semestre 2 :\n<ul>\n<li>Licence 2 informatique : Probabilit\u00e9s discr\u00e8tes (CM, 27 HETD)<\/li>\n<li>Licence 3 : Outils num\u00e9riques (CM, 8 HETD)<\/li>\n<li>Master 1 : Image 2<\/li>\n<li>Master 2 : Image 4 (36 HETD)<\/li>\n<\/ul>\n<\/li>\n<li>Autres :\n<ul>\n<li>Participation \u00e0 l&rsquo;\u00e9laboration de la lettre et du site web <a href=\"http:\/\/smai.emath.fr\/spip.php?article460\">MaddMaths<\/a><\/li>\n<li>Interventions au <a href=\"http:\/\/www.centre-galois.fr\/\">Centre Galois<\/a><\/li>\n<\/ul>\n<\/li>\n<\/ul>\n<\/li>\n<li><span style=\"color: #aa0000;font-family: Helvetica\">2014 &#8211; 2015 :<\/span>\n<ul>\n<li>Semestre 1 :\n<ul>\n<li>IUT informatique 2e ann\u00e9e : Mod\u00e9lisation math\u00e9matique (TD+TP, 43 HETD)<\/li>\n<li>Master 1 : Signal (cours, TD, 32 HETD)<\/li>\n<li>Master 2 : Statistiques et Image (18 HETD)<\/li>\n<li>5e ann\u00e9e Polytech Orl\u00e9ans : Imagerie op\u00e9rationnelle (7.5 HETD)<\/li>\n<\/ul>\n<\/li>\n<li>Semestre 2 :\n<ul>\n<li>Licence 3 : Outils num\u00e9riques (cours, 8 HETD)<\/li>\n<li>Licence 3 : Projet sur les textures gaussiennes<\/li>\n<li>Master 1 : Signal et image (30 HETD)<\/li>\n<li>Master 2 : Image (22,5 HETD)<\/li>\n<\/ul>\n<\/li>\n<li>Autres :\n<ul>\n<li>Participation \u00e0 l&rsquo;\u00e9laboration de la lettre <a href=\"http:\/\/smai.emath.fr\/spip.php?article460\">MaddMaths<\/a><\/li>\n<li>Interventions au <a href=\"http:\/\/www.centre-galois.fr\/\">Centre Galois<\/a><\/li>\n<\/ul>\n<\/li>\n<\/ul>\n<\/li>\n<li><span style=\"color: #aa0000;font-family: Helvetica\">2013 &#8211; 2014 : (un semestre de d\u00e9l\u00e9gation au CNRS)<\/span>\n<ul>\n<li>Semestre 1 :\n<ul>\n<li>Master 2 : Statistiques et Image (avec Laurent Delsol) (cours, TD, TP, 18 HETD en tout me concernant).<\/li>\n<\/ul>\n<\/li>\n<li>Semestre 2 :\n<ul>\n<li>Licence 3 : Outils num\u00e9riques (cours, 8 HETD en tout)<\/li>\n<li>Master 1 : Signal et image (avec Ma\u00eftine Bergounioux) (30 HETD me concernant)<\/li>\n<li>Master 2 : Image (avec Ma\u00eftine Bergounioux) (20 HETD me concernant)<\/li>\n<\/ul>\n<\/li>\n<li>Autres :\n<ul>\n<li>Participation \u00e0 l&rsquo;\u00e9laboration de la lettre <a href=\"http:\/\/smai.emath.fr\/spip.php?article460\">MaddMaths<\/a><\/li>\n<li>Interventions au <a href=\"http:\/\/www.centre-galois.fr\/\">Centre Galois<\/a><\/li>\n<li>Formation en traitement d&rsquo;image \u00e0 des professeurs de classes pr\u00e9paratoires dans le cadre de l&rsquo;IREM suite au nouveau programme.<\/li>\n<\/ul>\n<\/li>\n<\/ul>\n<\/li>\n<li><span style=\"color: #aa0000;font-family: Helvetica\">2012 &#8211; 2013 :<\/span>\n<ul>\n<li>Semestre 1 :\n<ul>\n<li>Licence 1 : <a href=\"http:\/\/celene.univ-orleans.fr\/course\/view.php?id=1607\">Introduction au raisonnement math\u00e9matique 1 &#8211; alg\u00e8bre<\/a> (mise \u00e0 niveau de pr\u00e9rentr\u00e9e, cours, TD, soutien, 8+75 HETD)<\/li>\n<li>Master 2 : Statistiques et Image (avec Laurent Delsol) (cours, TD, TP, 18 HETD en tout me concernant).<\/li>\n<\/ul>\n<\/li>\n<li>Semestre 2 :\n<ul>\n<li>Licence 3 : Outils num\u00e9riques (cours, TD, TP, 42 HETD en tout)<\/li>\n<li>Master 1 : <a href=\"http:\/\/www.univ-orleans.fr\/mapmo\/membres\/louchet\/teaching\/M1\/index.html\">Introduction au traitement d&rsquo;image<\/a> (avec Ma\u00eftine Bergounioux) (<a href=\"http:\/\/web.mac.com\/maitine.bergounioux\/PagePro\/ImageM2.html\">cours d&rsquo;image c\u00f4t\u00e9 M. Bergounioux<\/a>) (30 HETD me concernant)<\/li>\n<li>Master 2 : <a href=\"http:\/\/www.univ-orleans.fr\/mapmo\/membres\/louchet\/teaching\/M2\/index.html\">Image<\/a> (avec Ma\u00eftine Bergounioux) (<a href=\"http:\/\/web.mac.com\/maitine.bergounioux\/PagePro\/ImageM2.html\">cours d&rsquo;image c\u00f4t\u00e9 M. Bergounioux<\/a>) (20 HETD me concernant)<\/li>\n<\/ul>\n<\/li>\n<\/ul>\n<\/li>\n<li><span style=\"color: #aa0000;font-family: Helvetica\">2011 &#8211; 2012 :<\/span>\n<ul>\n<li>Semestre 1 :\n<ul>\n<li>Licence 1 : <a href=\"http:\/\/moodle-uo.univ-pucvl.fr\/course\/view.php?id=1607\">Introduction au raisonnement math\u00e9matique 1 &#8211; alg\u00e8bre<\/a> (cours, TD, COPS, soutien)<\/li>\n<li>Master 2 : Statistiques et Image (avec Laurent Delsol) (cours, TD, TP).<\/li>\n<\/ul>\n<\/li>\n<li>Semestre 2 :\n<ul>\n<li>Licence 2 : Calcul scientifique (cours, TP)<\/li>\n<li>Master 1 : <a href=\"http:\/\/www.univ-orleans.fr\/mapmo\/membres\/louchet\/teaching\/M1\/index.html\">Introduction au traitement d&rsquo;image<\/a> (avec Ma\u00eftine Bergounioux) (<a href=\"http:\/\/web.mac.com\/maitine.bergounioux\/PagePro\/ImageM2.html\">cours d&rsquo;image c\u00f4t\u00e9 M. Bergounioux<\/a>)<\/li>\n<li>Master 2 : <a href=\"http:\/\/www.univ-orleans.fr\/mapmo\/membres\/louchet\/teaching\/M2\/index.html\">Image<\/a> (avec Ma\u00eftine Bergounioux) (<a href=\"http:\/\/web.mac.com\/maitine.bergounioux\/PagePro\/ImageM2.html\">cours d&rsquo;image c\u00f4t\u00e9 M. Bergounioux<\/a>)<\/li>\n<\/ul>\n<\/li>\n<\/ul>\n<\/li>\n<li><span style=\"color: #aa0000;font-family: Helvetica\">2010 &#8211; 2011 :<\/span>\n<ul>\n<li>Semestre 1 :\n<ul>\n<li>Licence 1 : <a href=\"http:\/\/moodle-uo.univ-pucvl.fr\/course\/view.php?id=1607\">Introduction au raisonnement math\u00e9matique 1 &#8211; alg\u00e8bre<\/a><\/li>\n<li>Licence 3 : Analyse num\u00e9rique matricielle (avec Carine Lucas) (cours, TD, TP)<\/li>\n<\/ul>\n<\/li>\n<li>Semestre 2 :\n<ul>\n<li>Licence 2 : Calcul scientifique (avec Olivier Vitry) (cours &#8211; TP)<\/li>\n<li>Master 1 : <a href=\"http:\/\/www.univ-orleans.fr\/mapmo\/membres\/louchet\/teaching\/M1\/index.html\">Introduction au traitement d&rsquo;image<\/a> (avec Ma\u00eftine Bergounioux) (<a href=\"http:\/\/web.mac.com\/maitine.bergounioux\/PagePro\/ImageM2.html\">cours d&rsquo;image c\u00f4t\u00e9 M. Bergounioux<\/a>)<\/li>\n<li>Master 2 : <a href=\"http:\/\/www.univ-orleans.fr\/mapmo\/membres\/louchet\/teaching\/M2\/index.html\">Image<\/a> (avec Ma\u00eftine Bergounioux) (<a href=\"http:\/\/web.mac.com\/maitine.bergounioux\/PagePro\/ImageM2.html\">cours d&rsquo;image c\u00f4t\u00e9 M. Bergounioux<\/a>)<\/li>\n<\/ul>\n<\/li>\n<\/ul>\n<\/li>\n<li><span style=\"color: #aa0000;font-family: Helvetica\">2009 &#8211; 2010 :<\/span>\n<ul>\n<li>Semestre 1 :\n<ul>\n<li>Licence 1 : <a href=\"http:\/\/www.univ-orleans.fr\/mapmo\/membres\/anker\/enseignement\/L1.html\">Introduction au raisonnement math\u00e9matique 1 &#8211; alg\u00e8bre<\/a> (avec S\u00e9bastien Falgui\u00e8res)<\/li>\n<li>Licence 3 : Analyse num\u00e9rique matricielle (avec Carine Lucas) (cours, TD, TP)<\/li>\n<\/ul>\n<\/li>\n<li>Semestre 2 :\n<ul>\n<li>Master 1 : Introduction au traitement d&rsquo;image (avec Ma\u00eftine Bergounioux).<\/li>\n<li>Master 2 : Image (<a href=\"http:\/\/www.univ-orleans.fr\/mapmo\/membres\/louchet\/teaching\/M2\/TP1.pdf\">TP1<\/a>, <a href=\"http:\/\/www.univ-orleans.fr\/mapmo\/membres\/louchet\/teaching\/M2\/TP2.pdf\">TP2<\/a>, <a href=\"http:\/\/www.univ-orleans.fr\/mapmo\/membres\/louchet\/teaching\/M2\/TP3.pdf\">TP3<\/a>, <a href=\"http:\/\/www.univ-orleans.fr\/mapmo\/membres\/louchet\/teaching\/M2\/TP4.pdf\">TP4<\/a>, <a href=\"http:\/\/www.univ-orleans.fr\/mapmo\/membres\/louchet\/teaching\/M2\/TP5.pdf\">TP5<\/a>) (avec Ma\u00eftine Bergounioux) (<a href=\"http:\/\/web.mac.com\/maitine.bergounioux\/PagePro\/ImageM2.html\">cours d&rsquo;image c\u00f4t\u00e9 M. Bergounioux<\/a>)<\/li>\n<\/ul>\n<\/li>\n<\/ul>\n<\/li>\n<\/ul>\n<p>Le Traitement d&rsquo;Images vu par les \u00e9tudiants de Master d&rsquo;Orl\u00e9ans : <a href=\"http:\/\/www.univ-orleans.fr\/mapmo\/membres\/louchet\/teaching\/timo\/\">TIMO !<\/a><\/p>\n<hr \/>\n<h3>Projets<\/h3>\n<h4><b><span style=\"font-family: Helvetica\">Projets scientifiques :<\/span><\/b><\/h4>\n<ul>\n<li>Projet <a href=\"http:\/\/www.cnrs.fr\/mi\/IMG\/pdf\/humainvague_2_2013web.pdf\">PEPS Humain \u00ab\u00a0VITAMINES\u00a0\u00bb<\/a> (Validation et \u00e9tudes des Interactions, Techniques statistiques et Analyse de Mod\u00e8les appliqu\u00e9s aux Images Naturelles et \u00e0 l&rsquo;Econom\u00e9trie Spatiale) accept\u00e9 pour une deuxi\u00e8me ann\u00e9e, avec Nicolas Debarsy (LEO, Orl\u00e9ans), porteur, et Laurent Delsol (MAPMO, Orl\u00e9ans), 2013 puis 2014.<\/li>\n<li>Participation active au projet R\u00e9gion <a href=\"http:\/\/maitinebergounioux.net\/Groupe_Image\/IMPACT.html\">IMPACT<\/a> port\u00e9 par Romain Abraham et Maitine Bergounioux, \u00e0 travers une collaboration avec Laurent Delsol (MAPMO, Orl\u00e9ans) et Etienne Le Nechet (MAPMO, Orl\u00e9ans).<\/li>\n<li>Participation partielle \u00e0 l&rsquo;<a href=\"http:\/\/perso.math.univ-toulouse.fr\/motimo\/\">ANR MOTIMO<\/a>, port\u00e9 par Pierre Degond (Imperial College, UK).<\/li>\n<\/ul>\n<h4><b><span style=\"font-family: Helvetica\">Participation \u00e0 l&rsquo;organisation d\u2019\u00e9v\u00e9nements :<\/span><\/b><\/h4>\n<ul>\n<li>D\u00e9couvrez le <a href=\"https:\/\/www.florilege-maths.fr\/\">Floril\u00e8ge math\u00e9matique<\/a> !<\/li>\n<li>D\u00e9couvrez la lettre <a href=\"http:\/\/smai.emath.fr\/spip.php?article460\">MaddMaths<\/a> en direction du grand public et notamment des lyc\u00e9en(ne)s !<\/li>\n<li>Le <a href=\"http:\/\/www.centre-galois.fr\/\">Centre Galois<\/a>, 2 \u00e9ditions par an depuis 2011<\/li>\n<li><a href=\"http:\/\/seme2014.univ-orleans.fr\/\">Semaine d&rsquo;Etudes Maths-Entreprises<\/a> &#8211; 20-24 janvier 2014 \u00e0 Orl\u00e9ans<\/li>\n<li><a href=\"http:\/\/www.univ-orleans.fr\/MAPMO\/MIO12\/Accueil.html\">Conf\u00e9rence Math\u00e9matiques pour l&rsquo;Image<\/a> &#8211; 11-14 juin 2012 \u00e0 Orl\u00e9ans<\/li>\n<li><a href=\"http:\/\/smai.emath.fr\/smai2011\/\">Conf\u00e9rence biennale SMAI 2011<\/a>, 23-27 mai 2011 \u00e0 Guidel.<\/li>\n<li><a href=\"http:\/\/maitinebergounioux.net\/Colloque_2010\/Accueil.html\">Conf\u00e9rence Math\u00e9matiques pour l&rsquo;Image<\/a> &#8211; 29 mars-1er avril 2010 \u00e0 Orl\u00e9ans<\/li>\n<\/ul>\n","protected":false},"excerpt":{"rendered":"<p>[Publications | Enseignement | Projets] Ma\u00eetre de conf\u00e9rences Institut Denis Poisson CNRS UMR 7013 P\u00f4le math\u00e9matiques de l&rsquo;Universit\u00e9 d&rsquo;Orl\u00e9ans \u00c9quipes &hellip; <a href=\"https:\/\/www.idpoisson.fr\/louchet\/\" class=\"more-link\">Plus <span class=\"screen-reader-text\">Accueil<\/span> <span class=\"meta-nav\">&rarr;<\/span><\/a><\/p>\n","protected":false},"author":65,"featured_media":0,"parent":0,"menu_order":0,"comment_status":"closed","ping_status":"open","template":"","meta":{"footnotes":""},"folder":[],"class_list":["post-2","page","type-page","status-publish","hentry"],"_links":{"self":[{"href":"https:\/\/www.idpoisson.fr\/louchet\/wp-json\/wp\/v2\/pages\/2","targetHints":{"allow":["GET"]}}],"collection":[{"href":"https:\/\/www.idpoisson.fr\/louchet\/wp-json\/wp\/v2\/pages"}],"about":[{"href":"https:\/\/www.idpoisson.fr\/louchet\/wp-json\/wp\/v2\/types\/page"}],"author":[{"embeddable":true,"href":"https:\/\/www.idpoisson.fr\/louchet\/wp-json\/wp\/v2\/users\/65"}],"replies":[{"embeddable":true,"href":"https:\/\/www.idpoisson.fr\/louchet\/wp-json\/wp\/v2\/comments?post=2"}],"version-history":[{"count":5,"href":"https:\/\/www.idpoisson.fr\/louchet\/wp-json\/wp\/v2\/pages\/2\/revisions"}],"predecessor-version":[{"id":89,"href":"https:\/\/www.idpoisson.fr\/louchet\/wp-json\/wp\/v2\/pages\/2\/revisions\/89"}],"wp:attachment":[{"href":"https:\/\/www.idpoisson.fr\/louchet\/wp-json\/wp\/v2\/media?parent=2"}],"wp:term":[{"taxonomy":"folder","embeddable":true,"href":"https:\/\/www.idpoisson.fr\/louchet\/wp-json\/wp\/v2\/folder?post=2"}],"curies":[{"name":"wp","href":"https:\/\/api.w.org\/{rel}","templated":true}]}}