{"id":52,"date":"2018-12-26T23:18:40","date_gmt":"2018-12-26T22:18:40","guid":{"rendered":"https:\/\/www.idpoisson.fr\/lucas\/?page_id=52"},"modified":"2025-06-25T14:59:47","modified_gmt":"2025-06-25T12:59:47","slug":"recherche","status":"publish","type":"page","link":"https:\/\/www.idpoisson.fr\/lucas\/en\/recherche\/","title":{"rendered":"Recherche"},"content":{"rendered":"<h1>Recherche<\/h1>\n<div class=\"page\" title=\"Page 8\">\n<div class=\"layoutArea\">\n<div class=\"column\">\n<p><img decoding=\"async\" class=\"aligncenter\" src=\"https:\/\/www.idpoisson.fr\/lucas\/wp-content\/uploads\/sites\/33\/2025\/06\/Visuel-Recherche-Carine_Lucas-vF-scaled.jpg\" alt=\"Recherche\" align=\"center\" \/><\/p>\n<p>Je travaille sur des re\u0301sultats mathe\u0301matiques et nume\u0301riques pour des e\u0301quations de la me\u0301canique des fluides et plus particulie\u0300rement a\u0300 l\u2019interface entre les mathe\u0301matiques et les sciences du sol.<\/p>\n<\/div>\n<\/div>\n<\/div>\n<hr \/>\n<h5><span style=\"color: #7281d5\"><i>\u00c9tude du ruissellement et de l&#8217;\u00e9rosion<\/i><\/span><\/h5>\n<div>\n<div class=\"page\" title=\"Page 8\">\n<div class=\"layoutArea\">\n<div class=\"column\">\n<p>Suite au projet ANR Methode (2008-2011) qui portait sur les e\u0301coulements minces sur des surfaces agricoles et a\u0300 la the\u0300se d\u2019Olivier Delestre (2010), nous avons de\u0301veloppe\u0301 le logiciel FullSWOF, qui permet de re\u0301soudre les e\u0301quations de Saint-Venant en une ou deux dimensions d\u2019espace. Des approches pointues, pour le bon traitement des transitions sec-mouille\u0301, par exemple y sont imple\u0301mente\u0301es.<br \/>Apre\u0300s m\u2019e\u0302tre inte\u0301resse\u0301e aux e\u0301quations de Saint-Venant, je me suis tourne\u0301e vers les mode\u0300les d\u2019e\u0301rosion. Les approches souvent utilise\u0301es par les mathe\u0301maticiens (comme l\u2019e\u0301quation d\u2019Exner, qui traduit la conservation de la masse de se\u0301diments) sont loin d\u2019e\u0302tre satisfaisantes du point de vue physique. C\u2019est ainsi que nous avons re\u0301cemment e\u0301crit un mode\u0300le de transfert, couple\u0301 aux e\u0301quations de Saint-Venant, qui peut repre\u0301senter des phe\u0301nome\u0300nes d\u2019e\u0301rosion-se\u0301dimentation de particules, mais aussi du transport de polluants. Nous avons ajoute\u0301 ce mode\u0300le au logiciel FullSWOF et nous l\u2019avons teste\u0301 sur des expe\u0301riences re\u0301alise\u0301es en laboratoire.<\/p>\n<\/div>\n<\/div>\n<\/div>\n<p>Maintenance et int\u00e9gration de nouveaux d\u00e9veloppements dans les logiciels :<\/p>\n<p><img loading=\"lazy\" decoding=\"async\" class=\"alignleft\" src=\"https:\/\/www.idpoisson.fr\/lucas\/wp-content\/uploads\/sites\/33\/2018\/12\/323.gif\" alt=\"code\" width=\"104\" height=\"104\" align=\"left\" \/><\/p>\n<ul>\n<li><a href=\"https:\/\/sourcesup.renater.fr\/projects\/fullswof-1d\/\">FullSWOF_1D<\/a> (Full Shallow-Water equations for Overland Flow en 1D, voir <a href=\"https:\/\/www.idpoisson.fr\/fullswof\/\">la page web<\/a> et r\u00e9f. <sup><a href=\"#tp_cite_28\">[1]<\/a><\/sup> <sup><a href=\"#tp_cite_8\">[2]<\/a><\/sup> <sup><a href=\"#tp_cite_19\">[3]<\/a><\/sup> <sup><a href=\"#tp_cite_26\">[4]<\/a><\/sup> <sup><a href=\"#tp_cite_25\">[5]<\/a><\/sup>)<\/li>\n<li><a href=\"https:\/\/sourcesup.renater.fr\/projects\/swashes\/\">SWASHES<\/a> (Shallow-Water Analytic Solutions for Hydraulic and Environmental Studies, voir <a href=\"https:\/\/www.idpoisson.fr\/swashes\/\">la page web<\/a> et r\u00e9f. <sup><a href=\"#tp_cite_9\">[6]<\/a><\/sup> <sup><a href=\"#tp_cite_27\">[7]<\/a><\/sup>).<\/li>\n<\/ul>\n<p>Contributions ponctuelles au logiciel <a href=\"https:\/\/sourcesup.renater.fr\/projects\/fullswof-2d\/\">FullSWOF_2D<\/a> ainsi qu&#8217;aux interfaces graphiques <a href=\"https:\/\/sourcesup.renater.fr\/projects\/fullswof-ui\/\">FullSWOF_UI et FullSWOF-transfer_UI<\/a>.<\/p>\n<p>Porteuse du projet INSU-INSMI TelluS Transfert multi-particulaire par ruissellement (2016), voir ref. <sup><a href=\"#tp_cite_23\">[8]<\/a><\/sup>.<\/p>\n<p><i>Encadrement de la th\u00e8se de <a href=\"https:\/\/www.idpoisson.fr\/gaveau\/\">No\u00e9mie Gaveau<\/a> (2018-2022)<\/i> <br \/>\u00a0\u00a0\u00a0r\u00e9f. <a href=\"https:\/\/www.idpoisson.fr\/lucas\/recherche\/#tp_cite_19\"><sup>[3]<\/sup><\/a> <a href=\"https:\/\/www.idpoisson.fr\/lucas\/recherche\/#tp_cite_25\"><sup>[5]<\/sup><\/a>, <a href=\"https:\/\/hal.science\/tel-04049741\">manuscrit de th\u00e8se<\/a>.<br \/><i>Co-encadrement de la th\u00e8se de <a href=\"https:\/\/www6.val-de-loire.inra.fr\/ur-sols\/Personnes\/NOUHOU-BAKO-Amina\">Amina Nouhou Bako<\/a> (2014-2016) <\/i><br \/>\u00a0\u00a0\u00a0avec F. Darboux (INRA UR Sols, Orl\u00e9ans) (directeur de th\u00e8se : F. James, MAPMO)<br \/>\u00a0\u00a0\u00a0r\u00e9f. <sup><a href=\"#tp_cite_18\">[9]<\/a><\/sup> <sup><a href=\"#tp_cite_2\">[10]<\/a><\/sup> <sup><a href=\"#tp_cite_4\">[11]<\/a><\/sup> <a href=\"https:\/\/www.idpoisson.fr\/lucas\/recherche\/#tp_cite_19\"><sup>[3]<\/sup><\/a> <a href=\"https:\/\/www.idpoisson.fr\/lucas\/recherche\/#tp_cite_23\"><sup>[8]<\/sup><\/a>, <a href=\"https:\/\/hal.science\/tel-01477869\">manuscrit de th\u00e8se<\/a>. <br \/><i>Participation \u00e0 l&#8217;encadrement de la th\u00e8se de Minh Le (2009-2012)<\/i> <br \/>\u00a0\u00a0\u00a0(directeurs de th\u00e8se : St\u00e9phane Cordier, MAPMO et Olivier Cerdan, BRGM)<br \/>\u00a0\u00a0\u00a0r\u00e9f. <sup><a href=\"#tp_cite_11\">[12]<\/a><\/sup>, <a href=\"https:\/\/hal.science\/tel-00780648\">manuscrit de th\u00e8se<\/a>.<\/p>\n<p><i>Collaborations : <\/i><br \/>St\u00e9phane Cordier, Fran\u00e7ois James et Christian Laguerre (IDP\/MAPMO), Fr\u00e9d\u00e9ric Darboux (INRA UR Sols, Orl\u00e9ans &#8211; INRAE, IGE, Univ. Grenoble Alpes), Olivier Delestre (Univ. de Nice Sophia Antipolis), Ulrich Razafison (Univ. de Franche-Comt\u00e9).<\/p>\n<p><i>Stages et collaborations ponctuelles : <br \/>\u00a0 &#8211; <\/i>Maxime Rougier, 2022, 3e ann\u00e9e INSA Rennes, <i><br \/><\/i>\u00a0 &#8211; No\u00e9mie Gaveau, 2015, L3-Magist\u00e8re Rennes,<br \/>\u00a0 &#8211; Pierre-Antoine Ksinant, 2010-2011, M2 Nantes puis CDD MAPMO, <br \/>\u00a0 &#8211; \u00e9tudiants de L3 informatique (Orl\u00e9ans).<\/p>\n<\/div>\n<hr \/>\n<h5><span style=\"color: #7281d5\"><i>Effet cosinus<\/i><\/span><\/h5>\n<p>Ajout des termes non traditionnels de la force de Coriolis, en cosinus, dans les \u00e9quations utilis\u00e9es en oc\u00e9anographie (\u00e9quations de Saint-Venant, \u00e9quations primitives, \u00e9quations quasi-g\u00e9ostrophiques) et r\u00e9sultats d&#8217;existence de solutions pour ces nouveaux mod\u00e8les, r\u00e9f. <sup><a href=\"#tp_cite_16\">[13]<\/a><\/sup> <sup><a href=\"#tp_cite_12\">[14]<\/a><\/sup> <sup><a href=\"#tp_cite_17\">[15]<\/a><\/sup> <sup><a href=\"#tp_cite_15\">[16]<\/a><\/sup> <sup><a href=\"#tp_cite_14\">[17]<\/a><\/sup> <sup><a href=\"#tp_cite_13\">[18]<\/a><\/sup>.<\/p>\n<p><i>Collaborations : <br \/><\/i>Antoine Rousseau (INRIA, Montpellier), Madalina Petcu (univ. de Poitiers).<\/p>\n<hr \/>\n<h5><span style=\"color: #7281d5\"><i>Analyses multi-\u00e9chelles<\/i><\/span><\/h5>\n<p>\u00c9tudes math\u00e9matique et num\u00e9rique de mod\u00e8les comportant plusieurs \u00e9chelles.<br \/>Exploration de plusieurs re\u0301gimes obtenus comme limites asymptotiques des e\u0301quations de Saint-Venant avec des topographies multi-e\u0301chelles. En fonction des longueurs et temps caracte\u0301ristiques conside\u0301re\u0301s, de la hauteur d\u2019eau et de la taille de la topographie, nous obtenons une varie\u0301te\u0301 de mode\u0300les asymptotiques limites, qui peuvent e\u0302tre assez diffe\u0301rents, voir r\u00e9f. <sup><a href=\"#tp_cite_5\">[19]<\/a><\/sup>.<\/p>\n<p><i>Collaborations : <\/i><br \/>Didier Bresch (Chamb\u00e9ry), Rupert Klein (Berlin) ; Christine Kazantsev (Grenoble).<\/p>\n<hr \/>\n<h5><i><span style=\"color: #7281d5\">Projet ANR <\/span><span style=\"color: #7281d5\"> Aventures<\/span><\/i><\/h5>\n<p>Analyse Variationnelle EN Tomographies photoacoustique, thermoacoustique et UltrasonoRES.<br \/>\u00c9<span class=\"HwtZe\" lang=\"fr\"><span class=\"jCAhz ChMk0b\"><span class=\"ryNqvb\">tude d&#8217;un mod\u00e8le de tomographie photoacoustique, o\u00f9 l&#8217;on consid\u00e8re la solution de l&#8217;\u00e9quation d&#8217;onde acoustique avec un terme source s&#8217;\u00e9crivant comme une fonction \u00e0 variables s\u00e9par\u00e9es en temps et espace, dont la composante temporelle est proche de la d\u00e9riv\u00e9e de la distribution de Dirac<\/span><\/span><span class=\"jCAhz ChMk0b\"><span class=\"ryNqvb\"> \u00e0 t = 0. Ceci mod\u00e9lise une illumination laser \u00e0 onde continue effectu\u00e9e pendant un court intervalle de temps<\/span><\/span><\/span>, voir r\u00e9f. <sup><a href=\"#tp_cite_6\">[20]<\/a><\/sup>.<\/p>\n<p><i>Collaborations : <\/i><br \/>Maitine Bergounioux, \u00c9lie Bretin (INSA Lyon), Yannick Privat (univ. de Strasbourg).<\/p>\n<hr \/>\n<h5><span style=\"color: #7281d5\"><i>Th\u00e8se de Doctorat en Math\u00e9matiques Appliqu\u00e9es<br \/><\/i><\/span><\/h5>\n<p>Pr\u00e9par\u00e9e au laboratoire Jean Kuntzmann (<a href=\"https:\/\/www.idpoisson.fr\/lucas\/wp-content\/uploads\/sites\/33\/2018\/12\/These_Lucas.pdf\">t\u00e9l\u00e9charger le fichier pdf<\/a>).<br \/><span style=\"color: #ff9900\"><i>Effets de petites \u00e9chelles, du tenseur des contraintes, des conditions au fond et \u00e0 la surface sur les \u00e9quations de Saint-Venant<\/i>,<\/span> sous la direction de Didier Bresch et Christine Kazantsev, soutenue le 30 novembre 2007 \u00e0 Grenoble.<\/p>\n<p><i>Mots-cl\u00e9s :<br \/><\/i>\u00c9quations aux d\u00e9riv\u00e9es partielles, \u00c9quations de Saint-Venant, Mod\u00e9lisation de fluides tournants, D\u00e9veloppements asymptotiques, Analyse multi-\u00e9chelles, Estimations a priori, Stabilit\u00e9 de solutions approch\u00e9es, \u00c9tudes num\u00e9riques.<\/p>\n<h5><span style=\"color: #7281d5\"><i>Habilitation \u00e0 diriger des recherches<\/i><\/span><\/h5>\n<p><span style=\"color: #ff9900\"><i>Mod\u00e9lisation de probl\u00e8mes de m\u00e9canique des fluides : approches th\u00e9oriques et num\u00e9riques,<\/i><\/span> soutenue le 7 d\u00e9cembre 2016, \u00e0 Orl\u00e9ans (<a href=\"https:\/\/www.idpoisson.fr\/lucas\/wp-content\/uploads\/sites\/33\/2018\/12\/HDR_Lucas.pdf\">t\u00e9l\u00e9charger le fichier pdf<\/a>).<\/p>\n<p><i>Mots-cle\u0301s :<br \/><\/i>\u00c9quations aux de\u0301rive\u0301es partielles, mode\u0301lisation, me\u0301canique des fluides, re\u0301solutions nume\u0301riques.<\/p>\n<h3 class=\"teachpress_ref_headline\">References<\/h3><ol><li id=\"tp_cite_28\" class=\"tp_cite_entry\"><span class=\"tp_single_author\">Olivier Delestre and Fr\u00e9d\u00e9ric Darboux and Fran\u00e7ois James and Carine Lucas and Christian Laguerre and St\u00e9phane Cordier<\/span><span class=\"tp_single_year\"> (2014)<\/span>: <span class=\"tp_single_title\">FullSWOF: A free software package for the simulation of shallow water flows<\/span>. <span class=\"tp_single_additional\">http:\/\/hal.archives-ouvertes.fr\/hal-00932234, 2014, (Research report).<\/span><\/li><li id=\"tp_cite_8\" class=\"tp_cite_entry\"><span class=\"tp_single_author\">Olivier Delestre and Fr\u00e9d\u00e9ric Darboux and Fran\u00e7ois James and Carine Lucas and Christian Laguerre and St\u00e9phane Cordier<\/span><span class=\"tp_single_year\"> (2017)<\/span>: <span class=\"tp_single_title\">FullSWOF: Full Shallow-Water equations for Overland Flow<\/span>. <span class=\"tp_single_additional\">In: The Journal of Open Source Software, vol. 2, no. 20, pp. 448, 2017.<\/span><\/li><li id=\"tp_cite_19\" class=\"tp_cite_entry\"><span class=\"tp_single_author\">Amina Nouhou Bako and Carine Lucas and Fr\u00e9d\u00e9ric Darboux and Fran\u00e7ois James and No\u00e9mie Gaveau<\/span><span class=\"tp_single_year\"> (2021)<\/span>: <span class=\"tp_single_title\">A unifying model framework for soil erosion, river bedload and chemical transport<\/span>. <span class=\"tp_single_additional\">In: Journal of Hydrology X, vol. 12, pp. 100082, 2021.<\/span><\/li><li id=\"tp_cite_26\" class=\"tp_cite_entry\"><span class=\"tp_single_author\">Olivier Delestre and St\u00e9phane Cordier and Fr\u00e9d\u00e9ric Darboux and Mingxuan Du and Fran\u00e7ois James and Christian Laguerre and Carine Lucas and Olivier Planchon<\/span><span class=\"tp_single_year\"> (2014)<\/span>: <span class=\"tp_single_title\">FullSWOF: A Software for Overland Flow Simulation<\/span>. <span class=\"tp_single_additional\">Advances in Hydroinformatics, Springer Hydrogeology Springer Singapore Gourbesville, Philippe and Cunge, Jean and Caignaert, Guy, 2014, ISBN: 978-981-4451-41-3.<\/span><\/li><li id=\"tp_cite_25\" class=\"tp_cite_entry\"><span class=\"tp_single_author\">No\u00e9mie Gaveau and Carine Lucas and Fr\u00e9d\u00e9ric Darboux<\/span><span class=\"tp_single_year\"> (2022)<\/span>: <span class=\"tp_single_title\">Validation of a general-purpose erosion-sedimentation model on a laboratory experiment<\/span>. <span class=\"tp_single_additional\">Advances in Hydroinformatics \u2013 SimHydro 2021 \u2013 Models for complex and global water issues: Practices and expectations, 2022, ISBN: 978-981-19-1600-7.<\/span><\/li><li id=\"tp_cite_9\" class=\"tp_cite_entry\"><span class=\"tp_single_author\">Olivier Delestre and Carine Lucas and Pierre-Antoine Ksinant and Fr\u00e9d\u00e9ric Darboux and Christian Laguerre and T. -N. -Tuoi Vo and Fran\u00e7ois James and St\u00e9phane Cordier<\/span><span class=\"tp_single_year\"> (2013)<\/span>: <span class=\"tp_single_title\">SWASHES: a compilation of shallow water analytic solutions for hydraulic and environmental studies<\/span>. <span class=\"tp_single_additional\">In: International Journal for Numerical Methods in Fluids, vol. 72, no. 3, pp. 269\u2013300, 2013, ISSN: 1097-0363, (Erratum http:\/\/dx.doi.org\/10.1002\/fld.3865, 74:3, 229-230, 2014).<\/span><\/li><li id=\"tp_cite_27\" class=\"tp_cite_entry\"><span class=\"tp_single_author\">Olivier Delestre and Carine Lucas and Pierre-Antoine Ksinant and Fr\u00e9d\u00e9ric Darboux and Christian Laguerre and Fran\u00e7ois James and St\u00e9phane Cordier<\/span><span class=\"tp_single_year\"> (2014)<\/span>: <span class=\"tp_single_title\">SWASHES: A Library for Benchmarking in Hydraulics<\/span>. <span class=\"tp_single_additional\">Advances in Hydroinformatics, Springer Hydrogeology Springer Singapore Gourbesville, Philippe and Cunge, Jean and Caignaert, Guy, 2014, ISBN: 978-981-4451-41-3.<\/span><\/li><li id=\"tp_cite_23\" class=\"tp_cite_entry\"><span class=\"tp_single_author\">Amina Nouhou Bako and Lionel Cottenot and Pierre Courtemanche and Carine Lucas and Fran\u00e7ois James and Fr\u00e9d\u00e9ric Darboux<\/span><span class=\"tp_single_year\"> (2022)<\/span>: <span class=\"tp_single_title\">Impacts of raindrops increase particle sedimentation in a sheet flow<\/span>. <span class=\"tp_single_additional\">In: Earth Surface Processes and Landforms, vol. 47, iss. 5, pp. 1322-1332, 2022.<\/span><\/li><li id=\"tp_cite_18\" class=\"tp_cite_entry\"><span class=\"tp_single_author\">Amina Nouhou Bako and Fr\u00e9d\u00e9ric Darboux and Fran\u00e7ois James and Christophe Josserand and Carine Lucas<\/span><span class=\"tp_single_year\"> (2016)<\/span>: <span class=\"tp_single_title\">Pressure and shear stress caused by raindrop impact at the soil surface: Scaling laws depending on the water depth<\/span>. <span class=\"tp_single_additional\">In: Earth Surface Processes and Landforms, vol. 41, no. 9, pp. 1199\u20131210, 2016.<\/span><\/li><li id=\"tp_cite_2\" class=\"tp_cite_entry\"><span class=\"tp_single_author\"> Amina Nouhou Bako and Fr\u00e9d\u00e9ric Darboux and Fran\u00e7ois James and Carine Lucas<\/span><span class=\"tp_single_year\"> (2017)<\/span>: <span class=\"tp_single_title\">Raindrop Interaction in Interrill Erosion: a Probabilistic Approach<\/span>. <span class=\"tp_single_additional\">In: Water Resources Research, vol. 53, no. 5, pp. 4361\u20134375, 2017.<\/span><\/li><li id=\"tp_cite_4\" class=\"tp_cite_entry\"><span class=\"tp_single_author\"> Amina Nouhou Bako and Fr\u00e9d\u00e9ric Darboux and Fran\u00e7ois James and Carine Lucas<\/span><span class=\"tp_single_year\"> (2019)<\/span>: <span class=\"tp_single_title\">Rainfall erosivity in interrill areas: insights about the choice of an erosive factor<\/span>. <span class=\"tp_single_additional\">In: CATENA, vol. 180, pp. 24\u201331, 2019.<\/span><\/li><li id=\"tp_cite_11\" class=\"tp_cite_entry\"><span class=\"tp_single_author\">Minh-Hoang Le and St\u00e9phane Cordier and Carine Lucas and Olivier Cerdan<\/span><span class=\"tp_single_year\"> (2015)<\/span>: <span class=\"tp_single_title\">A faster numerical scheme for a coupled system modelling soil erosion and sediment transport<\/span>. <span class=\"tp_single_additional\">In: Water Resources Research, vol. 51, no. 2, pp. 987\u20131005, 2015.<\/span><\/li><li id=\"tp_cite_16\" class=\"tp_cite_entry\"><span class=\"tp_single_author\">Carine Lucas and Antoine Rousseau<\/span><span class=\"tp_single_year\"> (2008)<\/span>: <span class=\"tp_single_title\">New Developments and Cosine Effect in the Viscous Shallow Water and Quasi-Geostrophic Equations<\/span>. <span class=\"tp_single_additional\">In: Multiscale Modeling and Simulation, vol. 7, no. 2, pp. 796\u2013813, 2008.<\/span><\/li><li id=\"tp_cite_12\" class=\"tp_cite_entry\"><span class=\"tp_single_author\">Carine Lucas<\/span><span class=\"tp_single_year\"> (2009)<\/span>: <span class=\"tp_single_title\">Cosine Effect on Shallow Water Equations and Mathematical Properties<\/span>. <span class=\"tp_single_additional\">In: Quarterly of Applied Mathematics, vol. 67, iss. 2, pp. 283\u2013310, 2009.<\/span><\/li><li id=\"tp_cite_17\" class=\"tp_cite_entry\"><span class=\"tp_single_author\">Carine Lucas and Antoine Rousseau<\/span><span class=\"tp_single_year\"> (2010)<\/span>: <span class=\"tp_single_title\">Cosine Effect in Ocean Models<\/span>. <span class=\"tp_single_additional\">In: Discrete and Continuous Dynamical Systems Series B, vol. 13, no. 4, pp. 841\u2013857, 2010.<\/span><\/li><li id=\"tp_cite_15\" class=\"tp_cite_entry\"><span class=\"tp_single_author\">Carine Lucas and Madalina Petcu and Antoine Rousseau<\/span><span class=\"tp_single_year\"> (2010)<\/span>: <span class=\"tp_single_title\">Quasi-hydrostatic primitive equations for ocean global circulation models<\/span>. <span class=\"tp_single_additional\">In: Chinese Annals of Mathematics, Series B, vol. 31, no. 6, pp. 939\u2013952, 2010.<\/span><\/li><li id=\"tp_cite_14\" class=\"tp_cite_entry\"><span class=\"tp_single_author\">Carine Lucas and James C. McWilliams and Antoine Rousseau<\/span><span class=\"tp_single_year\"> (2017)<\/span>: <span class=\"tp_single_title\">On nontraditional quasi-geostrophic equations<\/span>. <span class=\"tp_single_additional\">In: ESAIM: Mathematical Modelling and Numerical Analysis, vol. 51, no. 2, pp. 427\u2013442, 2017.<\/span><\/li><li id=\"tp_cite_13\" class=\"tp_cite_entry\"><span class=\"tp_single_author\">Carine Lucas and James C. McWilliams and Antoine Rousseau<\/span><span class=\"tp_single_year\"> (2017)<\/span>: <span class=\"tp_single_title\">Large scale ocean models beyond the traditional approximation<\/span>. <span class=\"tp_single_additional\">In: Annales de la Facult\u00e9 des Sciences de Toulouse. S\u00e9rie 6, vol. XXVI, no. 4, pp. 1029\u20131049, 2017.<\/span><\/li><li id=\"tp_cite_5\" class=\"tp_cite_entry\"><span class=\"tp_single_author\">Didier Bresch and Rupert Klein and Carine Lucas<\/span><span class=\"tp_single_year\"> (2011)<\/span>: <span class=\"tp_single_title\">Multiscale analyses for the Shallow Water equations<\/span>. <span class=\"tp_single_additional\">Computational Science and High Performance Computing IV, vol. 115, Notes on Numerical Fluid Mechanics and Multidisciplinary Design 2011.<\/span><\/li><li id=\"tp_cite_6\" class=\"tp_cite_entry\"><span class=\"tp_single_author\">\u00c9lie Bretin and Carine Lucas and Yannick Privat<\/span><span class=\"tp_single_year\"> (2018)<\/span>: <span class=\"tp_single_title\">A time reversal algorithm in acoustic media with Dirac measure approximations<\/span>. <span class=\"tp_single_additional\">In: Inverse Problems, vol. 34, no. 4, pp. 045004, 2018.<\/span><\/li><\/ol>\n\n\n<p><\/p>\n","protected":false},"excerpt":{"rendered":"<p>Recherche Je travaille sur des re\u0301sultats mathe\u0301matiques et nume\u0301riques pour des e\u0301quations de la me\u0301canique des fluides et plus particulie\u0300rement &hellip; <a href=\"https:\/\/www.idpoisson.fr\/lucas\/en\/recherche\/\" class=\"more-link\">More <span class=\"screen-reader-text\">Recherche<\/span> <span class=\"meta-nav\">&rarr;<\/span><\/a><\/p>\n","protected":false},"author":9,"featured_media":0,"parent":0,"menu_order":0,"comment_status":"closed","ping_status":"closed","template":"","meta":{"footnotes":""},"folder":[6],"class_list":["post-52","page","type-page","status-publish","hentry"],"_links":{"self":[{"href":"https:\/\/www.idpoisson.fr\/lucas\/en\/wp-json\/wp\/v2\/pages\/52","targetHints":{"allow":["GET"]}}],"collection":[{"href":"https:\/\/www.idpoisson.fr\/lucas\/en\/wp-json\/wp\/v2\/pages"}],"about":[{"href":"https:\/\/www.idpoisson.fr\/lucas\/en\/wp-json\/wp\/v2\/types\/page"}],"author":[{"embeddable":true,"href":"https:\/\/www.idpoisson.fr\/lucas\/en\/wp-json\/wp\/v2\/users\/9"}],"replies":[{"embeddable":true,"href":"https:\/\/www.idpoisson.fr\/lucas\/en\/wp-json\/wp\/v2\/comments?post=52"}],"version-history":[{"count":52,"href":"https:\/\/www.idpoisson.fr\/lucas\/en\/wp-json\/wp\/v2\/pages\/52\/revisions"}],"predecessor-version":[{"id":1011,"href":"https:\/\/www.idpoisson.fr\/lucas\/en\/wp-json\/wp\/v2\/pages\/52\/revisions\/1011"}],"wp:attachment":[{"href":"https:\/\/www.idpoisson.fr\/lucas\/en\/wp-json\/wp\/v2\/media?parent=52"}],"wp:term":[{"taxonomy":"folder","embeddable":true,"href":"https:\/\/www.idpoisson.fr\/lucas\/en\/wp-json\/wp\/v2\/folder?post=52"}],"curies":[{"name":"wp","href":"https:\/\/api.w.org\/{rel}","templated":true}]}}