{"id":56,"date":"2018-12-26T23:19:05","date_gmt":"2018-12-26T22:19:05","guid":{"rendered":"https:\/\/www.idpoisson.fr\/lucas\/?page_id=56"},"modified":"2023-05-09T20:20:29","modified_gmt":"2023-05-09T18:20:29","slug":"communications","status":"publish","type":"page","link":"https:\/\/www.idpoisson.fr\/lucas\/en\/communications\/","title":{"rendered":"Communications"},"content":{"rendered":"<h1>Communications<\/h1>\n<hr \/>\n<h5><span style=\"color: #7281d5\"><i>Groupes de travail internationaux<\/i><\/span><\/h5>\n<p><span style=\"color: #683e3e\"><span style=\"color: #ff9900\">6 nov. 2015 :<\/span> <\/span>Workshop : Low Velocity Flows &#8211; Application to Low Mach and Low Froude regimes, Paris.<br \/><i>\u00a0\u00a0\u00a0 Asymptotic limits of the Shallow Water equations.<br \/><\/i><span style=\"color: #ff9900\">3 septembre 2007 :<\/span> Groupe de travail sur les \u00e9quations de Saint-Venant, Freie Universit\u00e4t &#8211; Berlin<br \/><i>\u00a0\u00a0\u00a0 Cosine effect in Shallow Water equations.<br \/><\/i><span style=\"color: #ff9900\">20 novembre 2006 :<\/span> Workshop on Shallow-Water Equations, Department of Mathematics, Instituto Superior T\u00e9cnico &#8211; Lisbonne<br \/><i>\u00a0\u00a0\u00a0 Shallow-Water type models derivations: boundary conditions and stress tensor effects.<\/i><\/p>\n<hr \/>\n<h5><span style=\"color: #7281d5\"><i>Congr\u00e8s nationaux<\/i>\u00a0<\/span><\/h5>\n<p><span style=\"color: #ff9900\">29 mai &#8211; 2 juin 2017 :<\/span> 5e \u00e9cole EGRIN, Carg\u00e8se <br \/><i>\u00a0\u00a0\u00a0 Transfert multi-particulaire par ruissellement.<br \/><\/i><span style=\"color: #ff9900\">8-10 novembre 2016 :<\/span> Rencontre du GdR &#8220;Transport Solide Naturel&#8221;, Roscoff <br \/><i>\u00a0\u00a0\u00a0 Mod\u00e9lisation de l&#8217;\u00e9rosion.<br \/><\/i><span style=\"color: #ff9900\">15-16 septembre 2016 :<\/span> Workshop : Mod\u00e9lisation de l&#8217;hydrodynamique littorale et du transport s\u00e9dimentaire associ\u00e9, Vannes<br \/><i>\u00a0\u00a0\u00a0 Quelques mod\u00e8les d&#8217;\u00e9rosion.<br \/><\/i><span style=\"color: #ff9900\">13 mai 2016 :<\/span> Congr\u00e8s CANUM, Obernai<br \/><i>\u00a0\u00a0\u00a0 Mod\u00e8les non-traditionnels : prise en compte de la totalit\u00e9 de la force de Coriolis.<br \/><\/i><span style=\"color: #ff9900\">12 juin 2013 :<\/span> Workshop : Ecoulements complexes et analyse asymptotique, Clermont-Ferrand<br \/><i>\u00a0\u00a0\u00a0 De l&#8217;\u00e9rosion dans les \u00e9quations de Saint-Venant.<br \/><\/i><span style=\"color: #ff9900\">31 mai 2013 :<\/span> Congr\u00e8s SMAI, Seignosse<br \/><i>\u00a0\u00a0\u00a0 Nouvelles approches math\u00e9matiques dans la mod\u00e9lisation de l\u2019\u00e9rosion.<br \/><\/i><span style=\"color: #ff9900\">28 mai 2009 :<\/span> Congr\u00e8s SMAI, La Colle sur Loup<br \/><i>\u00a0\u00a0\u00a0 Effet cosinus en oc\u00e9anographie.<br \/><\/i><span style=\"color: #ff9900\">28 ao\u00fbt 2007 :<\/span> GdR M.O.A.D. &#8211; session d&#8217;automne (Albi), Conf\u00e9rencier invit\u00e9<br \/><i>\u00a0\u00a0\u00a0 Effet d&#8217;un terme d&#8217;ordre 0 en g\u00e9ophysique.<\/i><\/p>\n<hr \/>\n<h5><span style=\"color: #7281d5\"><i>S\u00e9minaires nationaux<\/i><\/span><\/h5>\n<p><span style=\"color: #ff9900\">8 avril 2021 :<\/span> S\u00e9minaire d&#8217;Analyse Num\u00e9rique &#8211; \u00c9quations aux D\u00e9riv\u00e9es Partielles,\u00a0 Laboratoire Paul Painlev\u00e9, Lille<br \/>\u00a0\u00a0\u00a0\u00a0 <em>Quelques mod\u00e8les d&#8217;\u00e9rosion.<\/em><br \/><span style=\"color: #ff9900\">20 f\u00e9vrier 2020 :<\/span> S\u00e9minaire d\u2019analyse num\u00e9rique, IRMAR, Rennes<br \/><em><i>\u00a0\u00a0\u00a0\u00a0 <\/i>Quelques approches pour mod\u00e9liser l\u2019\u00e9rosion.<\/em><br \/><span style=\"color: #ff9900\">31 janvier 2020 :<\/span> S\u00e9minaire de Mod\u00e9lisation et Calcul Scientifique, LAGA, Paris<br \/><em><i>\u00a0\u00a0\u00a0\u00a0 <\/i>Quelques approches pour mod\u00e9liser l\u2019\u00e9rosion.<\/em><br \/><span style=\"color: #ff9900\">27 mai 2016 :<\/span> Journ\u00e9e <b>Mo<\/b>d\u00e9lisation et <b>Ca<\/b>lcul, Observatoire des Sciences de l&#8217;Univers en r\u00e9gion Centre, Orl\u00e9ans <br \/><i>\u00a0\u00a0\u00a0\u00a0 Diff\u00e9rentes approches pour la mod\u00e9lisation de l&#8217;\u00e9rosion.<br \/><\/i><span style=\"color: #ff9900\">5 octobre 2015 :<\/span> Groupe de travail Mathoc\u00e9an, Bordeaux<br \/><i>\u00a0\u00a0\u00a0\u00a0 Mod\u00e9lisation de l&#8217;\u00e9rosion.<br \/><\/i><span style=\"color: #ff9900\">26 juin 2015 :<\/span> S\u00e9minaire MATHEO, Montpellier<br \/>\u00a0\u00a0\u00a0\u00a0 <i>Du ruissellement \u00e0 l&#8217;\u00e9rosion, avec A. Nouhou Bako.<br \/><\/i><span style=\"color: #ff9900\">26 mai 2014 :<\/span> Journ\u00e9e <b>Mo<\/b>d\u00e9lisation et <b>Ca<\/b>lcul, Observatoire des Sciences de l&#8217;Univers en r\u00e9gion Centre, Orl\u00e9ans<br \/><i>\u00a0\u00a0\u00a0\u00a0 Mod\u00e9lisation du ruissellement.<br \/><\/i><span style=\"color: #ff9900\">3 septembre 2012 :<\/span> INRA Orl\u00e9ans, UR Sols<br \/><i>\u00a0\u00a0\u00a0\u00a0 D&#8217;un mod\u00e8le de ruissellement \u00e0 un mod\u00e8le d&#8217;\u00e9rosion.<br \/><\/i><span style=\"color: #ff9900\">8 novembre 2011 :<\/span> Universit\u00e9 Paris Sud (groupe de travail num\u00e9rique)<br \/><i>\u00a0\u00a0\u00a0\u00a0 Autour du transport de s\u00e9diments.<br \/><\/i><span style=\"color: #ff9900\">15 d\u00e9cembre 2010 :<\/span> ENS Cachan (groupe de travail &#8220;Applications des Math\u00e9matiques&#8221;), Rennes <br \/><i>\u00a0\u00a0\u00a0\u00a0 La force de Coriolis dans les oc\u00e9ans.<br \/><\/i><span style=\"color: #ff9900\">septembre 2008 :<\/span> Groupe de travail Methode, laboratoire MAPMO, Orl\u00e9ans<br \/><i>\u00a0\u00a0\u00a0\u00a0 De Navier-Stokes \u00e0 Saint-Venant.<br \/><\/i><span style=\"color: #ff9900\">12 juin 2008 :<\/span> Cemagref de Grenoble <br \/><i>\u00a0\u00a0\u00a0\u00a0 Quelques mod\u00e8les de type Saint-Venant.<br \/><\/i><span style=\"color: #ff9900\">19 f\u00e9vrier 2008 :<\/span> Institut de Math\u00e9matiques et de Mod\u00e9lisation de Montpellier (s\u00e9minaire ACSIOM) <br \/><i>\u00a0\u00a0\u00a0\u00a0 Mod\u00e9lisation du transport de s\u00e9diments.<br \/><\/i><span style=\"color: #ff9900\">5 f\u00e9vrier 2008 :<\/span> Institut de Recherche de Math\u00e9matique Avanc\u00e9e (s\u00e9minaire \u00e9quations aux d\u00e9riv\u00e9es partielles), Strasbourg <br \/><i>\u00a0\u00a0\u00a0\u00a0 Effets de la viscosit\u00e9 et des petites \u00e9chelles en g\u00e9ophysique.<br \/><\/i><span style=\"color: #ff9900\">31 janvier 2008 :<\/span> Laboratoire de Math\u00e9matiques Jean Leray, Nantes <br \/><i>\u00a0\u00a0\u00a0\u00a0 Autour des \u00e9quations de Saint-Venant : effets de la viscosit\u00e9 et des petites \u00e9chelles.<br \/><\/i><span style=\"color: #ff9900\">13 juin 2007 :<\/span> Groupe de travail MOISE, laboratoire Jean Kuntzmann, Grenoble <br \/><i>\u00a0\u00a0\u00a0\u00a0 Effet cosinus : r\u00e9sultats num\u00e9riques.<br \/><\/i><span style=\"color: #ff9900\">9 f\u00e9vrier 2007 :<\/span> Laboratoire de Math\u00e9matiques de l&#8217;Universit\u00e9 de Savoie <br \/><i>\u00a0\u00a0\u00a0 Effet cosinus dans les \u00e9quations de Saint-Venant, QG, et \u00e9quations des lacs : mod\u00e8les et propri\u00e9t\u00e9s math\u00e9matiques.<br \/><\/i><span style=\"color: #ff9900\">12 d\u00e9cembre 2006 :<\/span> Groupe de travail MOISE, laboratoire de Mod\u00e9lisation et Calcul, Grenoble <br \/><i>\u00a0\u00a0\u00a0 Effet cosinus dans les \u00e9quations de Saint-Venant, QG, et \u00e9quations des lacs.<\/i><\/p>\n<hr \/>\n<h5><span style=\"color: #7281d5\"><i>Vulgarisation<\/i><\/span><\/h5>\n<p><span style=\"color: #ff9900\">31 mars 2023 : <\/span>Participation a\u0300 la table ronde du congre\u0300s MATh.en.JEANS Grand Ouest, a\u0300 Orle\u0301ans.<br \/><span style=\"color: #ff9900\">21 nov. 2015 : <\/span>Rencontre autour du film <em>La Glace et le Ciel<\/em>, de Luc Jacquet.<br \/><span style=\"color: #ff9900\">18 mai 2011 :<\/span> Journ\u00e9e des Maths, Bourges<br \/><i>\u00a0\u00a0\u00a0 Les math\u00e9matiques \u00e0 la rescousse des hydrologues.<br \/><\/i> <span style=\"color: #ff9900\">15 mars 2011 :<\/span> Mardis de la Science, Mus\u00e9um, Orl\u00e9ans<br \/><i>\u00a0\u00a0\u00a0 Math\u00e9matiques, les pieds dans l&#8217;eau (avec Fr\u00e9d\u00e9ric Darboux, INRA Orl\u00e9ans).<br \/><\/i> <span style=\"color: #ff9900\">7 mai 2010 :<\/span> Lyc\u00e9e A. Daudet, N\u00eemes<br \/>\u00a0\u00a0\u00a0 <i>Math\u00e9matiques, les pieds dans l&#8217;eau (avec Fr\u00e9d\u00e9ric Darboux, INRA Orl\u00e9ans).<\/i><\/p>\n\n\n<p><\/p>\n","protected":false},"excerpt":{"rendered":"<p>Communications Groupes de travail internationaux 6 nov. 2015 : Workshop : Low Velocity Flows &#8211; Application to Low Mach and &hellip; <a href=\"https:\/\/www.idpoisson.fr\/lucas\/en\/communications\/\" class=\"more-link\">More <span class=\"screen-reader-text\">Communications<\/span> <span class=\"meta-nav\">&rarr;<\/span><\/a><\/p>\n","protected":false},"author":9,"featured_media":0,"parent":0,"menu_order":0,"comment_status":"closed","ping_status":"closed","template":"","meta":{"footnotes":""},"folder":[6],"class_list":["post-56","page","type-page","status-publish","hentry"],"_links":{"self":[{"href":"https:\/\/www.idpoisson.fr\/lucas\/en\/wp-json\/wp\/v2\/pages\/56","targetHints":{"allow":["GET"]}}],"collection":[{"href":"https:\/\/www.idpoisson.fr\/lucas\/en\/wp-json\/wp\/v2\/pages"}],"about":[{"href":"https:\/\/www.idpoisson.fr\/lucas\/en\/wp-json\/wp\/v2\/types\/page"}],"author":[{"embeddable":true,"href":"https:\/\/www.idpoisson.fr\/lucas\/en\/wp-json\/wp\/v2\/users\/9"}],"replies":[{"embeddable":true,"href":"https:\/\/www.idpoisson.fr\/lucas\/en\/wp-json\/wp\/v2\/comments?post=56"}],"version-history":[{"count":6,"href":"https:\/\/www.idpoisson.fr\/lucas\/en\/wp-json\/wp\/v2\/pages\/56\/revisions"}],"predecessor-version":[{"id":776,"href":"https:\/\/www.idpoisson.fr\/lucas\/en\/wp-json\/wp\/v2\/pages\/56\/revisions\/776"}],"wp:attachment":[{"href":"https:\/\/www.idpoisson.fr\/lucas\/en\/wp-json\/wp\/v2\/media?parent=56"}],"wp:term":[{"taxonomy":"folder","embeddable":true,"href":"https:\/\/www.idpoisson.fr\/lucas\/en\/wp-json\/wp\/v2\/folder?post=56"}],"curies":[{"name":"wp","href":"https:\/\/api.w.org\/{rel}","templated":true}]}}