{"id":58,"date":"2018-12-26T23:19:22","date_gmt":"2018-12-26T22:19:22","guid":{"rendered":"https:\/\/www.idpoisson.fr\/lucas\/?page_id=58"},"modified":"2024-05-22T11:51:26","modified_gmt":"2024-05-22T09:51:26","slug":"enseignements","status":"publish","type":"page","link":"https:\/\/www.idpoisson.fr\/lucas\/en\/enseignements\/","title":{"rendered":"Enseignements"},"content":{"rendered":"<h1>Enseignements<\/h1>\n<p>Directrice des \u00e9tudes du semestre 3 de la deuxi\u00e8me ann\u00e9e de licence de math\u00e9matiques (2019 &#8211; 5\/2024).<\/p>\n<hr \/>\n<h5><span style=\"color: #7281d5\"><em>Licence, premi\u00e8re ann\u00e9e<\/em><\/span><\/h5>\n<p>Alg\u00e8bre (TD) <span style=\"color: #ff9900\">(2018-2019)<\/span><\/p>\n<hr \/>\n<h5><span style=\"color: #7281d5\"><i>Licence, deuxi\u00e8me ann\u00e9e <\/i><\/span><\/h5>\n<div>Calcul formel (TP avec <a href=\"http:\/\/www.sagemath.org\/fr\/\">Sage<\/a>)<span style=\"color: #ff9900\"> (2018-19 \u00e0 2023-24)<\/span><\/div>\n<div>Calcul formel en licence d&#8217;informatique (cours &#8211; TP avec <a href=\"http:\/\/www.sagemath.org\/fr\/\">Sage<\/a>) <span style=\"color: #ff9900\">(2018-19 \u00e0 2023-24)<\/span><br \/>\nSuites et s\u00e9ries de fonctions (TD) <span style=\"color: #ff9900\">(2016-17 \u00e0 2019-20)<\/span><br \/>\nMath\u00e9matiques num\u00e9riques (cours &#8211; TD en <a href=\"http:\/\/www.scilab.org\/fr\">Scilab<\/a>) <span style=\"color: #ff9900\">(2012-13 \u00e0 2014-15, 2016-17 et 2017-18)<\/span><br \/>\nCalculus et calcul formel (cours &#8211; TD avec <a href=\"http:\/\/www.sagemath.org\/fr\/\">Sage<\/a>) <span style=\"color: #ff9900\">(2012-13 \u00e0 2014-15)<\/span><br \/>\nCalcul scientifique (cours &#8211; TD en <a href=\"http:\/\/www.scilab.org\/fr\">Scilab<\/a>)<span style=\"color: #ff9900\"> (2008-09 \u00e0 2011-12)<\/span><br \/>\nMath\u00e9matiques pour les sciences physiques (cours) <span style=\"color: #ff9900\"><span style=\"color: #ff9900\">(2008-09 \u00e0 2010-11)<\/span><\/span><\/div>\n<hr \/>\n<h5><i><span style=\"color: #7281d5\">Licence, troisi\u00e8me ann\u00e9e<\/span> <\/i><\/h5>\n<div>Analyse num\u00e9rique matricielle (cours et TD) <span style=\"color: #ff9900\">(2009-10 \u00e0 2017-18)<\/span><br \/>\nOutils num\u00e9riques (TD) <span style=\"color: #ff9900\">(2016-17 et 2017-18)<\/span><br \/>\nEquations diff\u00e9rentielles ordinaires (TD) <span style=\"color: #ff9900\"><span style=\"color: #ff9900\">(2016-17 et 2017-18)<\/span><\/span><\/div>\n<hr \/>\n<h5><i><span style=\"color: #7281d5\">Master, premi\u00e8re ann\u00e9e<\/span> <\/i><\/h5>\n<p>Remise \u00e0 niveau Scilab (TD)<span style=\"color: #ff9900\"> (2015-16 \u00e0 2019-20)<br \/>\n<\/span>EDP (cours et TD)<span style=\"color: #ff9900\"> (2012-13 \u00e0 2014-15)<\/span><br \/>\nEDP, Mod\u00e9lisation, Analyse et simulations num\u00e9riques (TD) <span style=\"color: #ff9900\">(2012-13)<\/span><br \/>\nMod\u00e9lisation physique, simulations, m\u00e9thodes variationnelles (TD) <span style=\"color: #ff9900\">(2008-09 \u00e0 2010-11)<\/span><br \/>\nPrise en main de Python (TD) <span style=\"color: #ff9900\">(2020-21 \u00e0 2023-24)<br \/>\n<\/span><\/p>\n<hr \/>\n<h5><i><span style=\"color: #7281d5\">Master, deuxi\u00e8me ann\u00e9e<\/span> <\/i><\/h5>\n<div>Calcul scientifique outils num\u00e9riques (cours et TD) <span style=\"color: #ff9900\">(2018-19 \u00e0 2023-24)<\/span><br \/>\nMod\u00e9lisation, Calcul scientifique, outils num\u00e9riques (cours et TD) <span style=\"color: #ff9900\"><span style=\"color: #ff9900\">(2014-15 \u00e0 2017-18)<\/span><\/span><\/div>\n<hr \/>\n<h5><span style=\"color: #7281d5\"><i>Cours d&#8217;\u00e9cole doctorale <\/i><\/span><\/h5>\n<div>Mod\u00e9lisation <span style=\"color: #ff9900\"><span style=\"color: #ff9900\"><span style=\"color: #ff9900\">(2013-14 \u00e0 2019-20)<\/span><\/span><\/span><\/p>\n<hr \/>\n<\/div>\n<h5><a href=\"https:\/\/www.univ-orleans.fr\/icon\/graduate-school-orl%C3%A9ans-num%C3%A9rique-gson\"><em><span style=\"color: #7281d5\">Graduate School Orl\u00e9ans num\u00e9rique <\/span><\/em><\/a><\/h5>\n<p>Exp\u00e9rimentations num\u00e9riques <span style=\"color: #ff9900\">(2017-18 et 2019-20)<br \/>\n<\/span>Python pour le calcul scientifique <span style=\"color: #ff9900\">(2018-19 \u00e0 2023-24)<\/span><\/p>\n<hr \/>\n<h5><span style=\"color: #7281d5\"><i>IUT d&#8217;informatique, premi\u00e8re ann\u00e9e <\/i><\/span><\/h5>\n<div>Analyse et m\u00e9thodes num\u00e9riques, (TP en Python) <span style=\"color: #ff9900\">(2013-14)<\/span><\/p>\n<hr \/>\n<h5><span style=\"color: #7281d5\"><i>Polytech Orl\u00e9ans, DIU IoT <\/i><\/span><\/h5>\n<div>Math\u00e9matiques, (cours et TP en Python) <span style=\"color: #ff9900\">(2022-23 et 2023-24)<\/span><\/div>\n<\/div>\n","protected":false},"excerpt":{"rendered":"<p>Enseignements Directrice des \u00e9tudes du semestre 3 de la deuxi\u00e8me ann\u00e9e de licence de math\u00e9matiques (2019 &#8211; 5\/2024). Licence, premi\u00e8re &hellip; <a href=\"https:\/\/www.idpoisson.fr\/lucas\/en\/enseignements\/\" class=\"more-link\">More <span class=\"screen-reader-text\">Enseignements<\/span> <span class=\"meta-nav\">&rarr;<\/span><\/a><\/p>\n","protected":false},"author":9,"featured_media":0,"parent":0,"menu_order":0,"comment_status":"closed","ping_status":"closed","template":"","meta":{"footnotes":""},"folder":[6],"class_list":["post-58","page","type-page","status-publish","hentry"],"_links":{"self":[{"href":"https:\/\/www.idpoisson.fr\/lucas\/en\/wp-json\/wp\/v2\/pages\/58","targetHints":{"allow":["GET"]}}],"collection":[{"href":"https:\/\/www.idpoisson.fr\/lucas\/en\/wp-json\/wp\/v2\/pages"}],"about":[{"href":"https:\/\/www.idpoisson.fr\/lucas\/en\/wp-json\/wp\/v2\/types\/page"}],"author":[{"embeddable":true,"href":"https:\/\/www.idpoisson.fr\/lucas\/en\/wp-json\/wp\/v2\/users\/9"}],"replies":[{"embeddable":true,"href":"https:\/\/www.idpoisson.fr\/lucas\/en\/wp-json\/wp\/v2\/comments?post=58"}],"version-history":[{"count":12,"href":"https:\/\/www.idpoisson.fr\/lucas\/en\/wp-json\/wp\/v2\/pages\/58\/revisions"}],"predecessor-version":[{"id":919,"href":"https:\/\/www.idpoisson.fr\/lucas\/en\/wp-json\/wp\/v2\/pages\/58\/revisions\/919"}],"wp:attachment":[{"href":"https:\/\/www.idpoisson.fr\/lucas\/en\/wp-json\/wp\/v2\/media?parent=58"}],"wp:term":[{"taxonomy":"folder","embeddable":true,"href":"https:\/\/www.idpoisson.fr\/lucas\/en\/wp-json\/wp\/v2\/folder?post=58"}],"curies":[{"name":"wp","href":"https:\/\/api.w.org\/{rel}","templated":true}]}}