{"id":54,"date":"2018-12-26T23:19:14","date_gmt":"2018-12-26T22:19:14","guid":{"rendered":"https:\/\/www.idpoisson.fr\/lucas\/?page_id=54"},"modified":"2023-05-09T20:46:55","modified_gmt":"2023-05-09T18:46:55","slug":"cv","status":"publish","type":"page","link":"https:\/\/www.idpoisson.fr\/lucas\/cv\/","title":{"rendered":"CV"},"content":{"rendered":"<h1>Curriculum vitae<\/h1>\n<p style=\"text-align: right\"><a href=\"https:\/\/www.idpoisson.fr\/lucas\/wp-content\/uploads\/sites\/33\/2018\/12\/CV_C_Lucas.pdf\">version pdf<\/a><\/p>\n<hr \/>\n<h5><span style=\"color: #7281d5\"><i>Depuis septembre 2008<\/i><\/span><\/h5>\n<div><strong><span style=\"color: #ff9900\">Ma\u00eetre de conf\u00e9rences<\/span><\/strong> en Math\u00e9matiques Appliqu\u00e9es \u00e0 l&rsquo;<a href=\"http:\/\/www.univ-orleans.fr\/\">universit\u00e9 d&rsquo;Orl\u00e9ans<\/a>, \u00e0 <a href=\"https:\/\/www.idpoisson.fr\/\">l&rsquo;Institut Denis Poisson<\/a>.<br \/>\nHDR soutenue le 7 d\u00e9cembre 2016.<\/div>\n<blockquote>\n<h5><span style=\"color: #7281d5\">F\u00e9vrier-juillet 2016<\/span><\/h5>\n<div><em>D\u00e9l\u00e9gation CNRS au <a href=\"http:\/\/www.univ-orleans.fr\/mapmo\/\">MAPMO<\/a> .<\/em><\/div>\n<h5><span style=\"color: #7281d5\">F\u00e9vrier-juillet 2015<\/span><\/h5>\n<div><em>Invitation \u00e0 l&rsquo;<a href=\"https:\/\/team.inria.fr\/lemon\/\">INRIA Equipe Projet LEMON<\/a>.<\/em><\/div>\n<h5><span style=\"color: #7281d5\">Janvier-juillet 2012<\/span><\/h5>\n<div><em>D\u00e9l\u00e9gation \u00e0 l&rsquo;<a href=\"http:\/\/www.orleans.inra.fr\/\">INRA d&rsquo;Orl\u00e9ans<\/a> <a href=\"http:\/\/www.val-de-loire.inra.fr\/ur-sols\/\">UR Science du Sol<\/a>.<\/em><\/div>\n<\/blockquote>\n<h5><span style=\"color: #7281d5\"><i>2007-2008<\/i><\/span><\/h5>\n<div><span style=\"color: #ff9900\"><b>A.T.E.R.<\/b><\/span> (mi-temps) en Math\u00e9matiques Appliqu\u00e9es \u00e0 l&rsquo;INPG (Institut National Polytechnique de Grenoble), rattach\u00e9e \u00e0 l&rsquo;<a href=\"http:\/\/ensimag.grenoble-inp.fr\/\">Ensimag<\/a>.<\/div>\n<h5><span style=\"color: #7281d5\"><i>2004-2007<\/i><\/span><\/h5>\n<div><span style=\"color: #ff9900\"><b>Th\u00e8se en Math\u00e9matiques Appliqu\u00e9es<\/b><\/span> (soutenue le 30 novembre 2007).<\/p>\n<p>Allocataire de recherche en Math\u00e9matiques Appliqu\u00e9es \u00e0 l&rsquo;Universit\u00e9 Joseph Fourier de Grenoble,<br \/>\nau <a href=\"http:\/\/www-ljk.imag.fr\/\">Laboratoire Jean Kuntzmann<\/a> (anciennement Laboratoire de Mod\u00e9lisation et Calcul),<br \/>\ndans l&rsquo;\u00e9quipe-projet MOISE du d\u00e9partement Mod\u00e8les et Algorithmes D\u00e9terministes.<\/p>\n<p>Monitrice du CIES de Grenoble \u00e0 l&rsquo;INPG (Institut National Polytechnique de Grenoble), rattach\u00e9e \u00e0 l&rsquo;<a href=\"http:\/\/ensimag.grenoble-inp.fr\/\">Ensimag<\/a>.<\/p>\n<\/div>\n<h5><span style=\"color: #7281d5\"><i>2003-2004<\/i><\/span><\/h5>\n<div>Master Recherche de Math\u00e9matiques Appliqu\u00e9es de l&rsquo;UJF.<\/div>\n<h5><span style=\"color: #7281d5\"><i>2001-2004<\/i><\/span><\/h5>\n<div>Magist\u00e8re de Math\u00e9matiques et Applications \u00e0 l&rsquo;UJF.<\/div>\n","protected":false},"excerpt":{"rendered":"<p>Curriculum vitae version pdf Depuis septembre 2008 Ma\u00eetre de conf\u00e9rences en Math\u00e9matiques Appliqu\u00e9es \u00e0 l&rsquo;universit\u00e9 d&rsquo;Orl\u00e9ans, \u00e0 l&rsquo;Institut Denis Poisson. &hellip; <a href=\"https:\/\/www.idpoisson.fr\/lucas\/cv\/\" class=\"more-link\">Plus <span class=\"screen-reader-text\">CV<\/span> <span class=\"meta-nav\">&rarr;<\/span><\/a><\/p>\n","protected":false},"author":9,"featured_media":0,"parent":0,"menu_order":0,"comment_status":"closed","ping_status":"closed","template":"","meta":{"footnotes":""},"folder":[6],"class_list":["post-54","page","type-page","status-publish","hentry"],"_links":{"self":[{"href":"https:\/\/www.idpoisson.fr\/lucas\/wp-json\/wp\/v2\/pages\/54","targetHints":{"allow":["GET"]}}],"collection":[{"href":"https:\/\/www.idpoisson.fr\/lucas\/wp-json\/wp\/v2\/pages"}],"about":[{"href":"https:\/\/www.idpoisson.fr\/lucas\/wp-json\/wp\/v2\/types\/page"}],"author":[{"embeddable":true,"href":"https:\/\/www.idpoisson.fr\/lucas\/wp-json\/wp\/v2\/users\/9"}],"replies":[{"embeddable":true,"href":"https:\/\/www.idpoisson.fr\/lucas\/wp-json\/wp\/v2\/comments?post=54"}],"version-history":[{"count":8,"href":"https:\/\/www.idpoisson.fr\/lucas\/wp-json\/wp\/v2\/pages\/54\/revisions"}],"predecessor-version":[{"id":784,"href":"https:\/\/www.idpoisson.fr\/lucas\/wp-json\/wp\/v2\/pages\/54\/revisions\/784"}],"wp:attachment":[{"href":"https:\/\/www.idpoisson.fr\/lucas\/wp-json\/wp\/v2\/media?parent=54"}],"wp:term":[{"taxonomy":"folder","embeddable":true,"href":"https:\/\/www.idpoisson.fr\/lucas\/wp-json\/wp\/v2\/folder?post=54"}],"curies":[{"name":"wp","href":"https:\/\/api.w.org\/{rel}","templated":true}]}}