{"id":861,"date":"2023-11-25T14:02:00","date_gmt":"2023-11-25T13:02:00","guid":{"rendered":"https:\/\/www.idpoisson.fr\/lucas\/?page_id=861"},"modified":"2024-02-23T17:56:38","modified_gmt":"2024-02-23T16:56:38","slug":"logiciels","status":"publish","type":"page","link":"https:\/\/www.idpoisson.fr\/lucas\/logiciels\/","title":{"rendered":"Logiciels"},"content":{"rendered":"\n<h1 class=\"wp-block-heading\"><strong>Logiciels<\/strong><\/h1>\n\n\n\n<hr \/>\n<h4>Solutions analytiques<\/h4>\n\n<h5><span style=\"color: #7281d5\"><i>Equations de Saint-Venant<\/i><\/span><\/h5>\nLes \u00e9quations de Saint-Venant permettent de mod\u00e9liser un \u00e9coulement d&rsquo;eau de faible profondeur. <br>\nNous avons regroup\u00e9 dans le logiciel SWASHES (Shallow Water Analytic Solutions for Hydraulic and Environmental Studies) des solutions analytiques de ces \u00e9quations, qui donnent le r\u00e9sultat exact pour un certain choix de param\u00e8tres. <br>\nPlus d&rsquo;informations sur <a href='https:\/\/www.idpoisson.fr\/swashes-fr\/'>https:\/\/www.idpoisson.fr\/swashes-fr\/<\/a>. \n\n<h5><span style=\"color: #7281d5\"><i>G\u00e9n\u00e9ralisation \u00e0 toutes les \u00e9quations<\/i><\/span><\/h5>\nLe logiciel IAVlib (<i>In Analytico Veritas<\/i> library) a pour but d&rsquo;\u00e9largir SWASHES \u00e0 toutes les \u00e9quations. L&rsquo;\u00e9quipe regroup\u00e9e autour du logiciel s&rsquo;est agrandie et nous travaillons \u00e0 l&rsquo;\u00e9laboration d&rsquo;une premi\u00e8re version. <br><br>\n<hr \/>\n<h4>R\u00e9solution num\u00e9rique des \u00e9quations de Saint-Venant<\/h4> \nLe logiciel FullSWOF (Full Shallow Water equations for Overland Flow) permet la r\u00e9solution des \u00e9quations de Saint-Venant de mani\u00e8re approch\u00e9e. <br>\nPlus d&rsquo;informations sur <a href='https:\/\/www.idpoisson.fr\/fullswof\/'>https:\/\/www.idpoisson.fr\/fullswof\/<\/a>.\n","protected":false},"excerpt":{"rendered":"<p>Logiciels Solutions analytiques Equations de Saint-Venant Les \u00e9quations de Saint-Venant permettent de mod\u00e9liser un \u00e9coulement d&rsquo;eau de faible profondeur. Nous &hellip; <a href=\"https:\/\/www.idpoisson.fr\/lucas\/logiciels\/\" class=\"more-link\">Plus <span class=\"screen-reader-text\">Logiciels<\/span> <span class=\"meta-nav\">&rarr;<\/span><\/a><\/p>\n","protected":false},"author":9,"featured_media":0,"parent":0,"menu_order":0,"comment_status":"closed","ping_status":"closed","template":"","meta":{"footnotes":""},"folder":[6],"class_list":["post-861","page","type-page","status-publish","hentry"],"_links":{"self":[{"href":"https:\/\/www.idpoisson.fr\/lucas\/wp-json\/wp\/v2\/pages\/861","targetHints":{"allow":["GET"]}}],"collection":[{"href":"https:\/\/www.idpoisson.fr\/lucas\/wp-json\/wp\/v2\/pages"}],"about":[{"href":"https:\/\/www.idpoisson.fr\/lucas\/wp-json\/wp\/v2\/types\/page"}],"author":[{"embeddable":true,"href":"https:\/\/www.idpoisson.fr\/lucas\/wp-json\/wp\/v2\/users\/9"}],"replies":[{"embeddable":true,"href":"https:\/\/www.idpoisson.fr\/lucas\/wp-json\/wp\/v2\/comments?post=861"}],"version-history":[{"count":8,"href":"https:\/\/www.idpoisson.fr\/lucas\/wp-json\/wp\/v2\/pages\/861\/revisions"}],"predecessor-version":[{"id":893,"href":"https:\/\/www.idpoisson.fr\/lucas\/wp-json\/wp\/v2\/pages\/861\/revisions\/893"}],"wp:attachment":[{"href":"https:\/\/www.idpoisson.fr\/lucas\/wp-json\/wp\/v2\/media?parent=861"}],"wp:term":[{"taxonomy":"folder","embeddable":true,"href":"https:\/\/www.idpoisson.fr\/lucas\/wp-json\/wp\/v2\/folder?post=861"}],"curies":[{"name":"wp","href":"https:\/\/api.w.org\/{rel}","templated":true}]}}