{"id":180,"date":"2018-01-31T16:44:32","date_gmt":"2018-01-31T15:44:32","guid":{"rendered":"https:\/\/www.idpoisson.fr\/malrieu\/?page_id=180"},"modified":"2019-06-13T22:57:06","modified_gmt":"2019-06-13T20:57:06","slug":"enseignement","status":"publish","type":"page","link":"https:\/\/www.idpoisson.fr\/malrieu\/en\/enseignement\/","title":{"rendered":"Enseignement"},"content":{"rendered":"<h2>Pr\u00e9paration \u00e0 l&#8217;agr\u00e9gation<\/h2>\n<ul>\n<li>Le support de cours de mod\u00e9lisation est <a href=\"https:\/\/www.idpoisson.fr\/malrieu\/wp-content\/uploads\/sites\/3\/2018\/01\/agreg_ps.pdf\">ici<\/a><\/li>\n<li>De nombreuses ressources (compl\u00e9ments de cour, TP, exemples de textes) sont disponibles <a href=\"https:\/\/perso.univ-rennes1.fr\/jean-christophe.breton\/agreg\/agreg-PS.html\">ici<\/a><\/li>\n<\/ul>\n<h2>Laboratoires de maths dans le secondaire<\/h2>\n<ul>\n<li>La pr\u00e9sentation est <a href=\"https:\/\/www.idpoisson.fr\/malrieu\/wp-content\/uploads\/sites\/3\/2019\/06\/labomath-probas.pdf\">ici<\/a>.<\/li>\n<li>Le texte d&#8217;accompagnement est <a href=\"https:\/\/www.idpoisson.fr\/malrieu\/wp-content\/uploads\/sites\/3\/2019\/06\/modale.pdf\">ici<\/a>.<\/li>\n<\/ul>\n\n\n<p><\/p>\n","protected":false},"excerpt":{"rendered":"<p>Pr\u00e9paration \u00e0 l&#8217;agr\u00e9gation Le support de cours de mod\u00e9lisation est ici De nombreuses ressources (compl\u00e9ments de cour, TP, exemples de &hellip; <a href=\"https:\/\/www.idpoisson.fr\/malrieu\/en\/enseignement\/\" class=\"more-link\">More <span class=\"screen-reader-text\">Enseignement<\/span> <span class=\"meta-nav\">&rarr;<\/span><\/a><\/p>\n","protected":false},"author":3,"featured_media":0,"parent":0,"menu_order":0,"comment_status":"closed","ping_status":"closed","template":"page-templates\/no-sidebar-full-width.php","meta":{"footnotes":""},"folder":[],"class_list":["post-180","page","type-page","status-publish","hentry"],"_links":{"self":[{"href":"https:\/\/www.idpoisson.fr\/malrieu\/en\/wp-json\/wp\/v2\/pages\/180","targetHints":{"allow":["GET"]}}],"collection":[{"href":"https:\/\/www.idpoisson.fr\/malrieu\/en\/wp-json\/wp\/v2\/pages"}],"about":[{"href":"https:\/\/www.idpoisson.fr\/malrieu\/en\/wp-json\/wp\/v2\/types\/page"}],"author":[{"embeddable":true,"href":"https:\/\/www.idpoisson.fr\/malrieu\/en\/wp-json\/wp\/v2\/users\/3"}],"replies":[{"embeddable":true,"href":"https:\/\/www.idpoisson.fr\/malrieu\/en\/wp-json\/wp\/v2\/comments?post=180"}],"version-history":[{"count":19,"href":"https:\/\/www.idpoisson.fr\/malrieu\/en\/wp-json\/wp\/v2\/pages\/180\/revisions"}],"predecessor-version":[{"id":290,"href":"https:\/\/www.idpoisson.fr\/malrieu\/en\/wp-json\/wp\/v2\/pages\/180\/revisions\/290"}],"wp:attachment":[{"href":"https:\/\/www.idpoisson.fr\/malrieu\/en\/wp-json\/wp\/v2\/media?parent=180"}],"wp:term":[{"taxonomy":"folder","embeddable":true,"href":"https:\/\/www.idpoisson.fr\/malrieu\/en\/wp-json\/wp\/v2\/folder?post=180"}],"curies":[{"name":"wp","href":"https:\/\/api.w.org\/{rel}","templated":true}]}}