{"id":35,"date":"2018-01-12T17:36:20","date_gmt":"2018-01-12T16:36:20","guid":{"rendered":"https:\/\/www.idpoisson.fr\/malrieu\/?page_id=35"},"modified":"2022-08-22T14:29:12","modified_gmt":"2022-08-22T12:29:12","slug":"publications","status":"publish","type":"page","link":"https:\/\/www.idpoisson.fr\/malrieu\/en\/publications\/","title":{"rendered":"Publications"},"content":{"rendered":"<hr \/>\n<p style=\"text-align: center\">[<a href=\"#preprint\">Preprints<\/a> | <a href=\"#publis\">Published papers<\/a> | <a href=\"#livres\">Books<\/a> | <a href=\"#autres\">Others<\/a>]<\/p>\n<hr \/>\n<div class=\"rubrique\">\n<h3 id=\"preprint\">Preprints<\/h3>\n<ul type=\"circle\">\n<li><strong>Lotka-Volterra with randomly fluctuating environments: a full description<\/strong><br \/>\nIn collaboration with Tran Hoa Phu<br \/>\nSubmitted<br \/>\n[<a href=\"https:\/\/hal.archives-ouvertes.fr\/hal-01345626v1\">HAL<\/a> \u00b7 <a href=\"http:\/\/arxiv.org\/abs\/1607.04395\">arXiv<\/a>]<\/li>\n<\/ul>\n<\/div>\n<div class=\"rubrique\">\n<h3 id=\"publis\">Published papers<\/h3>\n<ul type=\"circle\">\n<li><strong>Functional inequalities for Gaussian convolutions of compactly supported measures: explicit bounds and dimension dependence<\/strong><br \/>\nIn collaboration with <a href=\"http:\/\/jbbardet.perso.math.cnrs.fr\/\">Jean-Baptiste Bardet<\/a> &#038; <a href=\"http:\/\/perso-math.univ-mlv.fr\/users\/gozlan.nathael\/\">Natha\u00ebl Gozlan<\/a> &#038; <a href=\"http:\/\/zitt.perso.math.cnrs.fr\/\">Pierre-Andr\u00e9 Zitt<\/a><br \/>\n<a href=\"http:\/\/www.bernoulli-society.org\/index.php\/publications\/bernoulli-journal\">Bernoulli<\/a> (2018) Vol. 24, No. 1, 333-353<br \/>\n[<a href=\"https:\/\/hal.archives-ouvertes.fr\/hal-01172549v1\">HAL<\/a> \u00b7 <a href=\"http:\/\/arxiv.org\/abs\/1507.02389\">arXiv<\/a> \u00b7 <a href=\"http:\/\/dx.doi.org\/10.3150\/16-BEJ879\">DOI<\/a>]<\/li>\n<li><strong>Probabilistic and Piecewise Deterministic models in Biology<\/strong><br \/>\nIn collaboration with <a href=\"https:\/\/sites.google.com\/view\/bertrandcloez\">Betrand Cloez<\/a>, <a href=\"https:\/\/team.inria.fr\/rap\/members\/dessalles\/\">Renaud Dessalles<\/a>, <a href=\"https:\/\/www.math.u-bordeaux.fr\/~agenadot\/\">Alexandre Genadot<\/a>, <a href=\"http:\/\/www.cmapx.polytechnique.fr\/~marguet\/\">Aline Marguet<\/a> et <a href=\"http:\/\/yvinec.perso.math.cnrs.fr\/home_fr.html\">Romain Yvinec<\/a><br \/>\nEsaim: Procs (2017) Vol. 60, 225-245<br \/>\n[<a href=\"https:\/\/hal.archives-ouvertes.fr\/hal-01549687\">HAL<\/a> \u00b7 <a href=\"https:\/\/arxiv.org\/abs\/1706.09163\">arXiv<\/a> \u00b7 <a href=\"https:\/\/doi.org\/10.1051\/proc\/201760225\">DOI<\/a>]<\/li>\n<li><strong>On the persistence regime for Lotka-Volterra in randomly fluctuating environments<\/strong><br \/>\nIn collaboration with <a href=\"http:\/\/zitt.perso.math.cnrs.fr\/\">Pierre-Andr\u00e9 Zitt<\/a><br \/>\n<a href=\"http:\/\/alea.impa.br\/english\/index_v14.htm\">ALEA<\/a> (2017) Vol. 14, No. 2, 733-749<br \/>\n[<a href=\"https:\/\/hal.archives-ouvertes.fr\/hal-01264637v1\">HAL<\/a> \u00b7 <a href=\"http:\/\/arxiv.org\/abs\/1601.08151\">arXiv<\/a>]<\/li>\n<li><strong>Long time behavior of telegraph processes under convex potentials<\/strong><br \/>\nIn collaboration with <a href=\"http:\/\/www.cmm.uchile.cl\/index.php? option=miembros&#038;parent=miembros&#038;lang=en&#038;t=1&#038;m=181\">Joaquin Fontbona<\/a> &#038; <a href=\"http:\/\/perso.univ-rennes1.fr\/helene.guerin\/\">H\u00e9l\u00e8ne Gu\u00e9rin<\/a><br \/>\n<a href=\"http:\/\/www.sciencedirect.com\/science\/journal\/03044149\">Stochastic Processes and their Applications<\/a> (2016) Vol. 126, no. 10, 3077-3101<br \/>\n[<a href=\"http:\/\/hal.archives-ouvertes.fr\/hal-01176036\">HAL<\/a> \u00b7 <a href=\"http:\/\/arxiv.org\/abs\/1507.03503\">arXiv<\/a> \u00b7 <a href=\"http:\/\/dx.doi.org\/10.1016\/j.spa.2016.04.002\">DOI<\/a>]<\/li>\n<li><strong>Effect of complex life cycles on genetic diversity: cyclical parthenogenesis<\/strong><br \/>\nIn collaboration with R. Rouger, K. Reichel, J.-P. Masson\u00a0&#038; S. Stoeckel<br \/>\n<a href=\"http:\/\/www.nature.com\/hdy\/\">Heredity<\/a> (2016)<br \/>\n[<a href=\"http:\/\/dx.doi.org\/10.1038\/hdy.2016.52\">DOI<\/a>]<\/li>\n<li><strong>Rare sex or out of reach equilibrium? The dynamics of FIS in partially clonal organisms<\/strong><br \/>\nIn collaboration with K. Reichel, J.-P. Masson, S. Arnaud-Haond\u00a0&#038; S. Stoeckel<br \/>\n<a href=\"http:\/\/bmcgenet.biomedcentral.com\/\">BMC Genet.<\/a> (2016) Vol. 17 (1)<br \/>\n[<a href=\"http:\/\/dx.doi.org\/10.1186\/s12863-016-0388-z\">DOI<\/a>]<\/li>\n<li><strong>Some simple but challenging Markov processes<\/strong><br \/>\n<a href=\"http:\/\/afst.cedram.org\/\">Annales de la Facult\u00e9 de Sciences de Toulouse<\/a> (2015) Vol. 24, no. 4, 857-883<br \/>\n[<a href=\"https:\/\/hal.archives-ouvertes.fr\/hal-01097576\">HAL<\/a> \u00b7 <a href=\"http:\/\/arxiv.org\/abs\/1412.7516\">arXiv<\/a> \u00b7 <a href=\"http:\/\/dx.doi.org\/10.5802\/afst.1468\">DOI<\/a>]<\/li>\n<li><strong>Long time behavior of Markov processes and beyond<\/strong><br \/>\nIn collaboration with <a href=\"http:\/\/florian.bouguet.free.fr\/\">Florian Bouguet<\/a> &#038; <a href=\"http:\/\/blog.univ-angers.fr\/panloup\/\">Fabien Panloup<\/a> &#038; <a href=\"http:\/\/www.mat.uniroma2.it\/~poquet\/french.html\">Christophe Poquet<\/a> &#038; <a href=\"http:\/\/perso.ens-lyon.fr\/julien.reygner\/\">Julien Reygner<\/a><br \/>\n<a href=\"http:\/\/www.esaim-proc.org\/\">Esaim: Proceedings and Surveys<\/a> (2015) Vol. 51, 193-211<br \/>\n[<a href=\"https:\/\/hal.archives-ouvertes.fr\/hal-01178861\">HAL<\/a> \u00b7 <a href=\"http:\/\/arxiv.org\/abs\/1507.05801\">arXiv<\/a> \u00b7 <a href=\"http:\/\/dx.doi.org\/10.1051\/proc\/201551011\">DOI<\/a>]<\/li>\n<li><strong>Qualitative properties of certain piecewise deterministic Markov processes<\/strong><br \/>\nIn collaboration with <a href=\"http:\/\/members.unine.ch\/michel.benaim\/perso\/benaim.html\">Michel Bena\u00efm<\/a> &#038; <a href=\"http:\/\/perso.univ-rennes1.fr\/stephane.leborgne\/\">St\u00e9phane Le Borgne<\/a> &#038; <a href=\"http:\/\/zitt.perso.math.cnrs.fr\/\">Pierre-Andr\u00e9 Zitt<\/a><br \/>\n<a href=\"http:\/\/imstat.org\/aihp\/\">Annales de l&#8217;Institut Henri Poincar\u00e9 (B) Probabilit\u00e9s et Statistiques<\/a> (2015) Vol. 51, no. 3, 1040-1075<br \/>\n[<a href=\"http:\/\/hal.archives-ouvertes.fr\/hal-00688920\">HAL<\/a> \u00b7 <a href=\"http:\/\/arxiv.org\/abs\/1204.4143\">arXiv<\/a> \u00b7 <a href=\"http:\/\/dx.doi.org\/doi:10.1214\/14-AIHP619\">DOI<\/a>]<\/li>\n<li><strong>On the stability of planar randomly switched systems<\/strong><br \/>\nIn collaboration with <a href=\"http:\/\/members.unine.ch\/michel.benaim\/perso\/benaim.html\">Michel Bena\u00efm<\/a> &#038; <a href=\"http:\/\/perso.univ-rennes1.fr\/stephane.leborgne\/\">St\u00e9phane Le Borgne<\/a> &#038; <a href=\"http:\/\/zitt.perso.math.cnrs.fr\/\">Pierre-Andr\u00e9 Zitt<\/a><br \/>\n<a href=\"http:\/\/imstat.org\/aap\/\">Annals of Applied Probability<\/a> (2014) Vol. 24, no. 1, 292-311<br \/>\n[<a href=\"http:\/\/hal.archives-ouvertes.fr\/hal-00686271\">HAL<\/a> \u00b7 <a href=\"http:\/\/arxiv.org\/abs\/1204.1921\">arXiv<\/a> \u00b7 <a href=\"http:\/\/dx.doi.org\/10.1214\/13-AAP924\">DOI<\/a>]<\/li>\n<li><strong>On the length of one-dimensional reactive paths<\/strong><br \/>\nIn collaboration with <a href=\"http:\/\/www.irisa.fr\/aspi\/fcerou\/\">Fr\u00e9d\u00e9ric Cerou<\/a> &#038; <a href=\"http:\/\/www.lsta.upmc.fr\/guyader\/index.html\">Arnaud Guyader<\/a> &#038; <a href=\"http:\/\/cermics.enpc.fr\/~lelievre\/\">Tony Leli\u00e8vre<\/a><br \/>\n<a href=\"http:\/\/alea.impa.br\/english\/index_v10.htm\">ALEA<\/a> Latin American Journal of Probability and Mathematical Statistics (2013) Vol. 10 (2), 359-389<br \/>\n[<a href=\"http:\/\/hal.archives-ouvertes.fr\/hal-00704704\">HAL<\/a> \u00b7 <a href=\"http:\/\/arxiv.org\/abs\/1206.0949\">arXiv<\/a>]<\/li>\n<li><strong>Total variation estimates for the TCP process<\/strong><br \/>\nIn collaboration with <a href=\"http:\/\/jbbardet.perso.math.cnrs.fr\/\">Jean-Baptiste Bardet<\/a> &#038; <a>Alejandra Christen<\/a> &#038; <a href=\"http:\/\/math.univ-bpclermont.fr\/~guillin\/\">Arnaud Guillin<\/a> &#038; <a href=\"http:\/\/zitt.perso.math.cnrs.fr\/\">Pierre-Andr\u00e9 Zitt<\/a><br \/>\n<a href=\"http:\/\/ejp.ejpecp.org\/\">Electronic Journal of Probability<\/a> (2013) Vol. 18, no 10, 1-21<br \/>\n[<a href=\"http:\/\/hal.archives-ouvertes.fr\/hal-00655462\/fr\/\">HAL<\/a> \u00b7 <a href=\"http:\/\/arxiv.org\/abs\/1112.6298\">arXiv<\/a> \u00b7 <a href=\"http:\/\/dx.doi.org\/10.1214\/EJP.v18-1720\">DOI<\/a>]<\/li>\n<li><strong>Quantitative ergodicity for some switched dynamical systems<\/strong><br \/>\nIn collaboration with <a href=\"http:\/\/members.unine.ch\/michel.benaim\/perso\/benaim.html\">Michel Bena\u00efm<\/a> &#038; <a href=\"http:\/\/perso.univ-rennes1.fr\/stephane.leborgne\/\">St\u00e9phane Le Borgne\u00a0<\/a>&#038; <a href=\"http:\/\/zitt.perso.math.cnrs.fr\/\">Pierre-Andr\u00e9 Zitt<\/a><br \/>\n<a href=\"http:\/\/ecp.ejpecp.org\/\">Electronic Communications in Probability<\/a> (2012) Vol. 17, no. 56, 1-14<br \/>\n[<a href=\"http:\/\/hal.archives-ouvertes.fr\/hal-00686272\">HAL<\/a> \u00b7 <a href=\"http:\/\/arxiv.org\/abs\/1204.1922\">arXiv<\/a> \u00b7 <a href=\"http:\/\/dx.doi.org\/10.1214\/ECP.v17-1932\">DOI<\/a>]<\/li>\n<li><strong>Quantitative estimates for the long time behavior of an ergodic variant of the telegraph process<\/strong><br \/>\nIn collaboration with <a href=\"http:\/\/www.cmm.uchile.cl\/index.php?option=miembros&#038;parent=miembros&#038;lang=en&#038;t=1&#038;m=181\">Joaquin Fontbona<\/a> &#038; <a href=\"http:\/\/perso.univ-rennes1.fr\/helene.guerin\/\">H\u00e9l\u00e8ne Gu\u00e9rin<\/a><br \/>\n<a href=\"http:\/\/projecteuclid.org\/DPubS?service=UI&#038;version=1.0&#038;verb=Display&#038;handle=euclid.aap\">Advances in Applied Probability<\/a> (2012) Vol. 44, no. 4, 977-994<br \/>\n[<a href=\"http:\/\/hal.archives-ouvertes.fr\/hal-00490883\">HAL<\/a> \u00b7 <a href=\"http:\/\/arxiv.org\/abs\/1006.0982\">arXiv<\/a> \u00b7 <a href=\"http:\/\/dx.doi.org\/10.1239\/aap\/1354716586\">DOI<\/a>]<\/li>\n<li><strong>Trend to equilibrium and particle approximation for a weakly selfconsistent Vlasov-Fokker-Planck Equation<\/strong><br \/>\nIn collaboration with <a href=\"http:\/\/www.proba.jussieu.fr\/pageperso\/bolley\/\">Fran\u00e7ois Bolley<\/a> &#038; <a href=\"http:\/\/math.univ-bpclermont.fr\/~guillin\/\">Arnaud Guillin<\/a><br \/>\n<a href=\"http:\/\/www.esaim-m2an.org\/\">ESAIM Mathematical Modelling and Numerical Analysis<\/a> (2010) Vol. 44, no. 5, 867-884<br \/>\n[<a href=\"http:\/\/hal.archives-ouvertes.fr\/hal-00392397\/\">HAL<\/a> \u00b7 <a href=\"http:\/\/arxiv.org\/abs\/0906.1417\">arXiv<\/a> \u00b7 <a href=\"http:\/\/dx.doi.org\/10.1051\/m2an\/2010045\">DOI<\/a>]<\/li>\n<li><strong>Long time behavior of diffusions with Markov switching<\/strong><br \/>\nIn collaboration with <a href=\"http:\/\/jbbardet.perso.math.cnrs.fr\/\">Jean-Baptiste Bardet<\/a> &#038; <a href=\"http:\/\/perso.univ-rennes1.fr\/helene.guerin\/\">H\u00e9l\u00e8ne Gu\u00e9rin<\/a><br \/>\n<a href=\"http:\/\/alea.impa.br\/english\/index_v7.htm\">ALEA<\/a> Latin American Journal of Probability and Mathematical Statistics (2010) Vol. 7, 151-170<br \/>\n[<a href=\"http:\/\/hal.archives-ouvertes.fr\/hal-00441645\/fr\/\">HAL<\/a> \u00b7 <a href=\"http:\/\/fr.arxiv.org\/abs\/0912.3231\">arXiv<\/a>]<\/li>\n<li><strong>On the long time behavior of the TCP window size process<\/strong><br \/>\nIn collaboration with <a href=\"http:\/\/djalil.chafai.net\/\">Djalil Chafa\u00ef<\/a> &#038; <a href=\"http:\/\/pagesperso-orange.fr\/katy.paroux\/\">Katy Paroux<\/a><br \/>\n<a href=\"http:\/\/www.elsevier.com\/wps\/find\/journaldescription.cws_home\/505572\/description#description\">Stochastic Processes and their Applications<\/a> (2010) Vol. 120, no. 8, 1518-1534<br \/>\n[<a href=\"http:\/\/hal.archives-ouvertes.fr\/hal-00338640\/\">HAL<\/a> \u00b7 <a href=\"http:\/\/arxiv.org\/abs\/0811.2180\">arXiv<\/a> \u00b7 <a href=\"http:\/\/dx.doi.org\/10.1016\/j.spa.2010.03.019\">DOI<\/a>]<\/li>\n<li><strong>On fine properties of mixtures with respect to concentration of measure and Sobolev type inequalities<\/strong><br \/>\nIn collaboration with <a href=\"http:\/\/djalil.chafai.net\/\">Djalil Chafa\u00ef<\/a><br \/>\n<a href=\"http:\/\/www.imstat.org\/aihp\/\">Annales de l&#8217;Institut Henri Poincar\u00e9 (B) Probabilit\u00e9s et Statistiques<\/a> (2010) Vol. 46, no. 1, 72-96<br \/>\n[<a href=\"http:\/\/hal.archives-ouvertes.fr\/hal-00277936\/\">HAL<\/a> \u00b7 <a href=\"http:\/\/arxiv.org\/abs\/0805.0987\">arXiv<\/a> \u00b7 <a href=\"http:\/\/dx.doi.org\/10.1214\/08-AIHP309\">DOI<\/a>]<\/li>\n<li><strong>Propagation of chaos and Poincar\u00e9 inequalities for a system of particles interacting through their cdf<\/strong><br \/>\nIn collaboration with <a href=\"http:\/\/cermics.enpc.fr\/~jourdain\/home.html\">Benjamin Jourdain<\/a><br \/>\n<a href=\"http:\/\/imstat.org\/aap\/\">Annals of Applied Probability<\/a> (2008) Vol. 18, no. 5, 1706-1736<br \/>\n[<a href=\"http:\/\/hal.archives-ouvertes.fr\/hal-00127988\">HAL<\/a> \u00b7 <a href=\"http:\/\/fr.arxiv.org\/abs\/math.PR\/0701879\">arXiv<\/a> \u00b7 <a href=\"http:\/\/dx.doi.org\/10.1214\/07-AAP513\">DOI<\/a>]<\/li>\n<li><strong>Logarithmic Sobolev Inequalities for Inhomogeneous Semigroups<\/strong><br \/>\nIn collaboration with Jean-Fran\u00e7ois Collet<br \/>\n<a href=\"http:\/\/www.esaim-ps.org\/\">ESAIM Probability and Statistics<\/a> (2008) Vol. 12, 492-504<br \/>\n[<a href=\"http:\/\/hal.ccsd.cnrs.fr\/ccsd-00019623\">HAL<\/a> \u00b7 <a href=\"http:\/\/fr.arxiv.org\/abs\/math.PR\/0602548\">arXiv<\/a> \u00b7 <a href=\"http:\/\/dx.doi.org\/10.1051\/ps:2007042\">DOI<\/a>]<\/li>\n<li><strong>Probabilistic approach for granular media equations in the non uniformly convex case<\/strong><br \/>\nIn collaboration with <a href=\"http:\/\/perso.math.univ-toulouse.fr\/cattiaux\/\">Patrick Cattiaux<\/a> &#038; <a href=\"http:\/\/math.univ-bpclermont.fr\/~guillin\/\">Arnaud Guillin<\/a><br \/>\n<a href=\"http:\/\/www.springerlink.com\/content\/1432-2064\/\">Probability Theory and Related Fields<\/a> (2008) Vol. 140, no.1-2, 19-40<br \/>\n[<a href=\"http:\/\/hal.ccsd.cnrs.fr\/ccsd-00021591\">HAL<\/a> \u00b7 <a href=\"http:\/\/fr.arxiv.org\/abs\/math.PR\/0603541\">ArXiv<\/a> \u00b7 <a href=\"http:\/\/dx.doi.org\/10.1007\/s00440-007-0056-3\">DOI<\/a>]<\/li>\n<li><strong> Concentration inequalities for Euler schemes<\/strong><br \/>\nIn collaboration with <a href=\"http:\/\/www-sop.inria.fr\/members\/Denis.Talay\/moi.html\">Denis Talay<\/a><br \/>\nMonte Carlo and Quasi-Monte Carlo Methods 2004, H. Niederreiter and D. Talay (Eds.), Springer-Verlag (2006) 355-371<br \/>\n[<a href=\"https:\/\/www.idpoisson.fr\/malrieu\/wp-content\/uploads\/sites\/3\/2018\/01\/malrieu-talay.pdf\">pdf<\/a>]<\/li>\n<li><strong> Convergence to equilibrium for granular media equations and their Euler schemes<\/strong><br \/>\n<a href=\"http:\/\/www.maths.lth.se\/annappr\/\">Annals of Applied Probability<\/a><br \/>\n(2003) Vol. 13, no. 2, 540-560<br \/>\n[<a href=\"https:\/\/www.idpoisson.fr\/malrieu\/wp-content\/uploads\/sites\/3\/2018\/01\/malrieu-projection.pdf\">pdf<\/a> \u00b7 <a href=\"http:\/\/dx.doi.org\/10.1214\/aoap\/1050689593\">DOI<\/a>]<\/li>\n<li><strong>\u00c9quations de Hamilton-Jacobi et in\u00e9galit\u00e9s entropiques g\u00e9n\u00e9ralis\u00e9es<\/strong><br \/>\nIn collaboration with <a href=\"http:\/\/math.univ-lyon1.fr\/~gentil\/\">Ivan Gentil<\/a><br \/>\n<a href=\"http:\/\/www.elsevier.com\/inca\/publications\/store\/6\/0\/0\/3\/0\/1\/\">Comptes Rendus de l&#8217;Acad\u00e9mie des Sciences Paris S\u00e9r. I Math<\/a> (2002) Vol. 335, no. 5, 437-440<br \/>\n[<a href=\"https:\/\/www.idpoisson.fr\/malrieu\/wp-content\/uploads\/sites\/3\/2018\/01\/gentil-malrieu.pdf\">pdf<\/a> \u00b7 <a href=\"http:\/\/dx.doi.org\/10.1016\/S1631-073X(02)02513-X\">DOI<\/a>]<\/li>\n<li><strong> Logarithmic Sobolev Inequalities for some nonlinear PDE&#8217;s<\/strong> <a href=\"http:\/\/www.elsevier.com\/inca\/publications\/store\/5\/0\/5\/5\/7\/2\/\"><br \/>\nStochastic Processes and their Applications\u00a0<\/a>(2001) Vol. 95, no. 1, 109-132<br \/>\n[<a href=\"https:\/\/www.idpoisson.fr\/malrieu\/wp-content\/uploads\/sites\/3\/2018\/01\/malrieu-spa2001.pdf\">pdf<\/a> \u00b7 <a href=\"http:\/\/dx.doi.org\/10.1016\/S0304-4149(01)00095-3\">DOI<\/a>]<\/li>\n<li><strong>In\u00e9galit\u00e9s de Sobolev logarithmiques pour deux EDP non lin\u00e9aires <\/strong><a href=\"http:\/\/www.elsevier.com\/inca\/publications\/store\/6\/0\/0\/3\/0\/1\/\"><br \/>\nComptes Rendus de l&#8217;Acad\u00e9mie des Sciences Paris S\u00e9r. I Math<\/a> (2000) Vol. 331, no. 10, 819-822<br \/>\n[<a href=\"http:\/\/dx.doi.org\/10.1016\/S0764-4442(00)01712-2\">DOI<\/a>]<\/li>\n<\/ul>\n<h3 id=\"livres\">Books<\/h3>\n<ul type=\"circle\">\n<li><strong>Sur les in\u00e9galit\u00e9s de Sobolev logarithmiques<\/strong><br \/>\nIn collaboration with C\u00e9cile An\u00e9, S\u00e9bastien Blach\u00e8re, Djalil Chafa\u00ef, Pierre Foug\u00e8res, Ivan Gentil, Cyril Roberto, Gr\u00e9gory Scheffer<a href=\"http:\/\/smf.emath.fr\/Publications\/#PanoramasSyntheses\"><br \/>\nPanoramas et Synth\u00e8ses<\/a> no. 10, <a href=\"http:\/\/smf.emath.fr\/\">SMF<\/a>, Paris, xvi+217p (2000)<\/li>\n<li><strong>Recueil de mod\u00e8les al\u00e9atoires<\/strong><br \/>\nIn collaboration with Djalil Chafa\u00ef<br \/>\nMath\u00e9matiques &#038; Applications, Vol. 78 (2016), Springer<br \/>\n[<a href=\"https:\/\/hal.archives-ouvertes.fr\/hal-01897577v1\">HAL<\/a> \u00b7 <a href=\"http:\/\/dx.doi.org\/10.1007\/978-3-662-49768-5\">DOI<\/a>]<\/li>\n<\/ul>\n<h3 id=\"autres\">Others<\/h3>\n<ul>\n<li><strong>Habilitation \u00e0 diriger des recherches<\/strong> <a href=\"https:\/\/www.idpoisson.fr\/malrieu\/wp-content\/uploads\/sites\/3\/2018\/01\/hdr.pdf\">pdf<\/a><\/li>\n<li><strong>PhD Thesis <\/strong><a href=\"https:\/\/www.idpoisson.fr\/malrieu\/wp-content\/uploads\/sites\/3\/2018\/01\/these_Malrieu.pdf\">pdf<\/a><\/li>\n<\/ul>\n<\/div>\n<p style=\"text-align: right\"><a href=\"#preprint\">Retour en haut de page.<\/a><\/p>\n","protected":false},"excerpt":{"rendered":"<p>[Preprints | Published papers | Books | Others] Preprints Lotka-Volterra with randomly fluctuating environments: a full description In collaboration with &hellip; <a href=\"https:\/\/www.idpoisson.fr\/malrieu\/en\/publications\/\" class=\"more-link\">More <span class=\"screen-reader-text\">Publications<\/span> <span class=\"meta-nav\">&rarr;<\/span><\/a><\/p>\n","protected":false},"author":3,"featured_media":0,"parent":0,"menu_order":0,"comment_status":"closed","ping_status":"closed","template":"page-templates\/no-sidebar-full-width.php","meta":{"footnotes":""},"folder":[],"class_list":["post-35","page","type-page","status-publish","hentry"],"_links":{"self":[{"href":"https:\/\/www.idpoisson.fr\/malrieu\/en\/wp-json\/wp\/v2\/pages\/35","targetHints":{"allow":["GET"]}}],"collection":[{"href":"https:\/\/www.idpoisson.fr\/malrieu\/en\/wp-json\/wp\/v2\/pages"}],"about":[{"href":"https:\/\/www.idpoisson.fr\/malrieu\/en\/wp-json\/wp\/v2\/types\/page"}],"author":[{"embeddable":true,"href":"https:\/\/www.idpoisson.fr\/malrieu\/en\/wp-json\/wp\/v2\/users\/3"}],"replies":[{"embeddable":true,"href":"https:\/\/www.idpoisson.fr\/malrieu\/en\/wp-json\/wp\/v2\/comments?post=35"}],"version-history":[{"count":9,"href":"https:\/\/www.idpoisson.fr\/malrieu\/en\/wp-json\/wp\/v2\/pages\/35\/revisions"}],"predecessor-version":[{"id":317,"href":"https:\/\/www.idpoisson.fr\/malrieu\/en\/wp-json\/wp\/v2\/pages\/35\/revisions\/317"}],"wp:attachment":[{"href":"https:\/\/www.idpoisson.fr\/malrieu\/en\/wp-json\/wp\/v2\/media?parent=35"}],"wp:term":[{"taxonomy":"folder","embeddable":true,"href":"https:\/\/www.idpoisson.fr\/malrieu\/en\/wp-json\/wp\/v2\/folder?post=35"}],"curies":[{"name":"wp","href":"https:\/\/api.w.org\/{rel}","templated":true}]}}