{"id":68,"date":"2018-01-13T09:17:34","date_gmt":"2018-01-13T08:17:34","guid":{"rendered":"https:\/\/www.idpoisson.fr\/malrieu\/?page_id=68"},"modified":"2019-10-24T16:43:03","modified_gmt":"2019-10-24T14:43:03","slug":"recherche","status":"publish","type":"page","link":"https:\/\/www.idpoisson.fr\/malrieu\/en\/recherche\/","title":{"rendered":"Research"},"content":{"rendered":"<p><a href=\"https:\/\/www.idpoisson.fr\/equipe-probabilite-algebre-combinatoire-theorie-ergodique-statistique\/\"><img loading=\"lazy\" decoding=\"async\" class=\"alignleft wp-image-52\" src=\"https:\/\/www.idpoisson.fr\/malrieu\/wp-content\/uploads\/sites\/3\/2018\/01\/spa-300x300.png\" alt=\"\" width=\"42\" height=\"42\" \/><\/a>I am a member of the research team <a href=\"https:\/\/www.idpoisson.fr\/equipe-probabilite-algebre-combinatoire-theorie-ergodique-statistique\/\">SPACE<\/a> (Statistics, Probability, Algebra, Combinatorics, Ergodic Theory) of the <a href=\"https:\/\/www.idpoisson.fr\/en\/\">Institut Denis Poisson<\/a>.<\/p>\n<h3>Research areas<\/h3>\n<ul class=\"dashed\">\n<li>Piecewise deterministic Markov processes<\/li>\n<li>Functional inequalites and applications<\/li>\n<li>Mean field interacting particle systems<\/li>\n<li>Nonlinear partial differential equations<\/li>\n<li>Euler schemes for diffusion processes<\/li>\n<\/ul>\n<h3>PhD students<\/h3>\n<ul class=\"dashed\">\n<li>Adrien Prodhomme (co-advisor <a href=\"http:\/\/www.cmap.polytechnique.fr\/~bansaye\/\">Vincent Bansaye<\/a>) since 09\/2018.<\/li>\n<li>Ninon F\u00e9tique (co-advisor <a href=\"http:\/\/perso.univ-rennes1.fr\/helene.guerin\/\">H\u00e9l\u00e8ne Gu\u00e9rin<\/a>) defended her PhD in 06\/2019. She teaches maths in France.<\/li>\n<li><a href=\"https:\/\/lucie-bernard.com\/\">Lucie Bernard<\/a> (co-advisor <a href=\"http:\/\/www.lsta.upmc.fr\/guyader\/index.html\">Arnaud Guyader<\/a>) defended her PhD in 06\/2019.<\/li>\n<li>Gabriel Lagasquie (co-advisor <a href=\"http:\/\/www.lmpt.univ-tours.fr\/~madec\/\">Sten Madec<\/a>) defended his PhD in 07\/2018. He teaches maths in Shangai (China).<\/li>\n<li><a href=\"http:\/\/florian.bouguet.free.fr\/index_en.html\">Florian Bouguet<\/a> (co-advisor <a href=\"http:\/\/perso.univ-rennes1.fr\/jean-christophe.breton\/\">Jean-Christophe Breton<\/a>) defended his PhD in 06\/2016. He teaches maths in Orl\u00e9ans (France).<\/li>\n<\/ul>\n","protected":false},"excerpt":{"rendered":"<p>I am a member of the research team SPACE (Statistics, Probability, Algebra, Combinatorics, Ergodic Theory) of the Institut Denis Poisson. &hellip; <a href=\"https:\/\/www.idpoisson.fr\/malrieu\/en\/recherche\/\" class=\"more-link\">More <span class=\"screen-reader-text\">Research<\/span> <span class=\"meta-nav\">&rarr;<\/span><\/a><\/p>\n","protected":false},"author":3,"featured_media":0,"parent":0,"menu_order":0,"comment_status":"closed","ping_status":"closed","template":"page-templates\/no-sidebar-full-width.php","meta":{"footnotes":""},"folder":[],"class_list":["post-68","page","type-page","status-publish","hentry"],"_links":{"self":[{"href":"https:\/\/www.idpoisson.fr\/malrieu\/en\/wp-json\/wp\/v2\/pages\/68","targetHints":{"allow":["GET"]}}],"collection":[{"href":"https:\/\/www.idpoisson.fr\/malrieu\/en\/wp-json\/wp\/v2\/pages"}],"about":[{"href":"https:\/\/www.idpoisson.fr\/malrieu\/en\/wp-json\/wp\/v2\/types\/page"}],"author":[{"embeddable":true,"href":"https:\/\/www.idpoisson.fr\/malrieu\/en\/wp-json\/wp\/v2\/users\/3"}],"replies":[{"embeddable":true,"href":"https:\/\/www.idpoisson.fr\/malrieu\/en\/wp-json\/wp\/v2\/comments?post=68"}],"version-history":[{"count":55,"href":"https:\/\/www.idpoisson.fr\/malrieu\/en\/wp-json\/wp\/v2\/pages\/68\/revisions"}],"predecessor-version":[{"id":297,"href":"https:\/\/www.idpoisson.fr\/malrieu\/en\/wp-json\/wp\/v2\/pages\/68\/revisions\/297"}],"wp:attachment":[{"href":"https:\/\/www.idpoisson.fr\/malrieu\/en\/wp-json\/wp\/v2\/media?parent=68"}],"wp:term":[{"taxonomy":"folder","embeddable":true,"href":"https:\/\/www.idpoisson.fr\/malrieu\/en\/wp-json\/wp\/v2\/folder?post=68"}],"curies":[{"name":"wp","href":"https:\/\/api.w.org\/{rel}","templated":true}]}}