{"id":2,"date":"2018-01-11T19:11:38","date_gmt":"2018-01-11T18:11:38","guid":{"rendered":"https:\/\/www.idpoisson.fr\/malrieu\/?page_id=2"},"modified":"2025-02-03T09:08:59","modified_gmt":"2025-02-03T08:08:59","slug":"index","status":"publish","type":"page","link":"https:\/\/www.idpoisson.fr\/malrieu","title":{"rendered":"Accueil"},"content":{"rendered":"<p>Professeur des universit\u00e9s en math\u00e9matiques<br \/>\n<a href=\"https:\/\/www.idpoisson.fr\">Institut Denis Poisson<\/a> CNRS UMR 7013<br \/>\n<a href=\"http:\/\/www.math.univ-tours.fr\/\">D\u00e9partement de math\u00e9matiques<\/a> de l&rsquo;<a href=\"http:\/\/www.univ-tours.fr\">Universit\u00e9 de Tours<\/a><br \/>\n\u00c9quipe de recherche : <a href=\"\/\/www.idpoisson.fr\/equipe-probabilite-algebre-combinatoire-theorie-ergodique-statistique\/\">SPACE<\/a><\/p>\n<p><strong>Contact<\/strong><img loading=\"lazy\" decoding=\"async\" class=\"size-medium wp-image-255 alignright\" src=\"https:\/\/www.idpoisson.fr\/malrieu\/wp-content\/uploads\/sites\/3\/2018\/08\/Florent-300x255.png\" alt=\"\" width=\"300\" height=\"255\" srcset=\"https:\/\/www.idpoisson.fr\/malrieu\/wp-content\/uploads\/sites\/3\/2018\/08\/Florent-300x255.png 300w, https:\/\/www.idpoisson.fr\/malrieu\/wp-content\/uploads\/sites\/3\/2018\/08\/Florent.png 587w\" sizes=\"auto, (max-width: 300px) 100vw, 300px\" \/><br \/>\nBureau : E2-3050<br \/>\nT\u00e9l\u00e9phone : (33)2 47 36 73 00<br \/>\nEmail : florent.malrieu@univ-tours.fr<br \/>\n<strong>Adresse postale<\/strong><br \/>\nInstitut Denis Poisson<br \/>\nUniversit\u00e9 de Tours<br \/>\nParc de Grandmont<br \/>\n37200 Tours, France<\/p>\n\n\n<p><\/p>\n","protected":false},"excerpt":{"rendered":"<p>Professeur des universit\u00e9s en math\u00e9matiques Institut Denis Poisson CNRS UMR 7013 D\u00e9partement de math\u00e9matiques de l&rsquo;Universit\u00e9 de Tours \u00c9quipe de &hellip; <a href=\"https:\/\/www.idpoisson.fr\/malrieu\/\" class=\"more-link\">Plus <span class=\"screen-reader-text\">Accueil<\/span> <span class=\"meta-nav\">&rarr;<\/span><\/a><\/p>\n","protected":false},"author":3,"featured_media":0,"parent":0,"menu_order":0,"comment_status":"closed","ping_status":"open","template":"","meta":{"footnotes":""},"folder":[],"class_list":["post-2","page","type-page","status-publish","hentry"],"_links":{"self":[{"href":"https:\/\/www.idpoisson.fr\/malrieu\/wp-json\/wp\/v2\/pages\/2","targetHints":{"allow":["GET"]}}],"collection":[{"href":"https:\/\/www.idpoisson.fr\/malrieu\/wp-json\/wp\/v2\/pages"}],"about":[{"href":"https:\/\/www.idpoisson.fr\/malrieu\/wp-json\/wp\/v2\/types\/page"}],"author":[{"embeddable":true,"href":"https:\/\/www.idpoisson.fr\/malrieu\/wp-json\/wp\/v2\/users\/3"}],"replies":[{"embeddable":true,"href":"https:\/\/www.idpoisson.fr\/malrieu\/wp-json\/wp\/v2\/comments?post=2"}],"version-history":[{"count":85,"href":"https:\/\/www.idpoisson.fr\/malrieu\/wp-json\/wp\/v2\/pages\/2\/revisions"}],"predecessor-version":[{"id":320,"href":"https:\/\/www.idpoisson.fr\/malrieu\/wp-json\/wp\/v2\/pages\/2\/revisions\/320"}],"wp:attachment":[{"href":"https:\/\/www.idpoisson.fr\/malrieu\/wp-json\/wp\/v2\/media?parent=2"}],"wp:term":[{"taxonomy":"folder","embeddable":true,"href":"https:\/\/www.idpoisson.fr\/malrieu\/wp-json\/wp\/v2\/folder?post=2"}],"curies":[{"name":"wp","href":"https:\/\/api.w.org\/{rel}","templated":true}]}}