{"id":68,"date":"2018-01-13T09:17:34","date_gmt":"2018-01-13T08:17:34","guid":{"rendered":"https:\/\/www.idpoisson.fr\/malrieu\/?page_id=68"},"modified":"2019-10-24T16:43:03","modified_gmt":"2019-10-24T14:43:03","slug":"recherche","status":"publish","type":"page","link":"https:\/\/www.idpoisson.fr\/malrieu\/recherche\/","title":{"rendered":"Recherche"},"content":{"rendered":"<p><a href=\"https:\/\/www.idpoisson.fr\/equipe-probabilite-algebre-combinatoire-theorie-ergodique-statistique\/\"><img loading=\"lazy\" decoding=\"async\" class=\"alignleft wp-image-52\" src=\"https:\/\/www.idpoisson.fr\/malrieu\/wp-content\/uploads\/sites\/3\/2018\/01\/spa-300x300.png\" alt=\"\" width=\"42\" height=\"42\" \/><\/a>Je suis membre de l&rsquo;\u00e9quipe <a href=\"https:\/\/www.idpoisson.fr\/equipe-probabilite-algebre-combinatoire-theorie-ergodique-statistique\/\">SPACE<\/a> (Statistique, Probabilit\u00e9s, Alg\u00e8bre, Combinatoire, Th\u00e9orie Ergodique) de l&rsquo;<a href=\"https:\/\/www.idpoisson.fr\/\">Institut Denis Poisson<\/a>.<\/p>\n<h3>Th\u00e9matiques de recherche<\/h3>\n<ul class=\"dashed\">\n<li>Processus de Markov d\u00e9terministes par morceaux<\/li>\n<li>In\u00e9galit\u00e9s de Sobolev logarithmiques et leurs applications<\/li>\n<li>Syst\u00e8mes de particules en interaction de type champ moyen<\/li>\n<li>\u00c9quations aux d\u00e9riv\u00e9es partielles non lin\u00e9aires<\/li>\n<li>Sch\u00e9mas d&rsquo;Euler associ\u00e9s \u00e0 des processus de diffusion<\/li>\n<\/ul>\n<h3>Doctorants (actuels et pass\u00e9s)<\/h3>\n<ul class=\"dashed\">\n<li>Adrien Prodhomme en co-direction avec <a href=\"http:\/\/www.cmap.polytechnique.fr\/~bansaye\/\">Vincent Bansaye<\/a> depuis septembre 2018.<\/li>\n<li>Ninon Fetique en co-encadrement avec <a href=\"http:\/\/perso.univ-rennes1.fr\/helene.guerin\/\">H\u00e9l\u00e8ne Gu\u00e9rin<\/a> a soutenu sa th\u00e8se en juin 2019.<\/li>\n<li><a href=\"https:\/\/lucie-bernard.com\/\">Lucie Bernard<\/a> en co-direction avec <a href=\"http:\/\/www.lsta.upmc.fr\/guyader\/index.html\">Arnaud Guyader<\/a> (encadrant industriel Leduc \u00e0 ST Microeletronics) a soutenu sa th\u00e8se en juin 2019.<\/li>\n<li>Gabriel Lagasquie, en co-encadrement avec <a href=\"http:\/\/www.lmpt.univ-tours.fr\/~madec\/\">Sten Madec<\/a>, a soutenu sa th\u00e8se en juillet 2018. Il est actuellement enseignant \u00e0 Shanghai.<\/li>\n<li><a href=\"http:\/\/florian.bouguet.free.fr\/index_en.html\">Florian Bouguet<\/a>, en co-direction avec <a href=\"http:\/\/perso.univ-rennes1.fr\/jean-christophe.breton\/\">Jean-Christophe Breton<\/a>, a soutenu sa th\u00e8se en juin 2016. Il est actuellement enseignant en classes pr\u00e9paratoires \u00e0 Orl\u00e9ans.<\/li>\n<\/ul>\n","protected":false},"excerpt":{"rendered":"<p>Je suis membre de l&rsquo;\u00e9quipe SPACE (Statistique, Probabilit\u00e9s, Alg\u00e8bre, Combinatoire, Th\u00e9orie Ergodique) de l&rsquo;Institut Denis Poisson. Th\u00e9matiques de recherche Processus &hellip; <a href=\"https:\/\/www.idpoisson.fr\/malrieu\/recherche\/\" class=\"more-link\">Plus <span class=\"screen-reader-text\">Recherche<\/span> <span class=\"meta-nav\">&rarr;<\/span><\/a><\/p>\n","protected":false},"author":3,"featured_media":0,"parent":0,"menu_order":0,"comment_status":"closed","ping_status":"closed","template":"page-templates\/no-sidebar-full-width.php","meta":{"footnotes":""},"folder":[],"class_list":["post-68","page","type-page","status-publish","hentry"],"_links":{"self":[{"href":"https:\/\/www.idpoisson.fr\/malrieu\/wp-json\/wp\/v2\/pages\/68","targetHints":{"allow":["GET"]}}],"collection":[{"href":"https:\/\/www.idpoisson.fr\/malrieu\/wp-json\/wp\/v2\/pages"}],"about":[{"href":"https:\/\/www.idpoisson.fr\/malrieu\/wp-json\/wp\/v2\/types\/page"}],"author":[{"embeddable":true,"href":"https:\/\/www.idpoisson.fr\/malrieu\/wp-json\/wp\/v2\/users\/3"}],"replies":[{"embeddable":true,"href":"https:\/\/www.idpoisson.fr\/malrieu\/wp-json\/wp\/v2\/comments?post=68"}],"version-history":[{"count":55,"href":"https:\/\/www.idpoisson.fr\/malrieu\/wp-json\/wp\/v2\/pages\/68\/revisions"}],"predecessor-version":[{"id":297,"href":"https:\/\/www.idpoisson.fr\/malrieu\/wp-json\/wp\/v2\/pages\/68\/revisions\/297"}],"wp:attachment":[{"href":"https:\/\/www.idpoisson.fr\/malrieu\/wp-json\/wp\/v2\/media?parent=68"}],"wp:term":[{"taxonomy":"folder","embeddable":true,"href":"https:\/\/www.idpoisson.fr\/malrieu\/wp-json\/wp\/v2\/folder?post=68"}],"curies":[{"name":"wp","href":"https:\/\/api.w.org\/{rel}","templated":true}]}}