{"id":42,"date":"2019-02-13T09:43:03","date_gmt":"2019-02-13T08:43:03","guid":{"rendered":"https:\/\/www.idpoisson.fr\/mgrillot\/?page_id=42"},"modified":"2019-02-27T08:16:38","modified_gmt":"2019-02-27T07:16:38","slug":"recherche-et-vulgarisation","status":"publish","type":"page","link":"https:\/\/www.idpoisson.fr\/mgrillot\/en\/recherche-et-vulgarisation\/","title":{"rendered":"Recherche et vulgarisation"},"content":{"rendered":"\n<p><\/p>\n\n\n\n<p class=\"has-text-color has-background has-medium-font-size has-vivid-cyan-blue-color has-very-light-gray-background-color\">Th\u00e8mes : <\/p>\n\n\n\n<p>Mon travail s&#8217;inscrit dans l&#8217;\u00e9tude de l&#8217;existence, l&#8217;unicit\u00e9 et le comportement asymptotique de solutions d&#8217;\u00e9quations aux d\u00e9riv\u00e9es partielles elliptiques et paraboliques, semi-lin\u00e9aires et quasi-lin\u00e9aires. <\/p>\n\n\n\n<p>Je m&#8217;int\u00e9resse actuellement \u00e0 des probl\u00e8mes relevant des math-bio, un des th\u00e8mes dominants dans l&#8217;\u00e9quipe EMS de l&#8217;Institut D. Poisson et pour lequel un groupe de travail s&#8217;est constitu\u00e9.<\/p>\n\n\n\n<p class=\"has-text-color has-background has-medium-font-size has-vivid-cyan-blue-color has-very-light-gray-background-color\">Publications<\/p>\n\n\n\n<ul class=\"wp-block-list\"><li>&nbsp;L. Desvilettes, M. Grillot, P. Grillot and S. Mancini : Study of a degenerate reaction-diffusion system arising in particle dynamics with aggregation effects, Discrete and Continuous Dynamical Systems Vol 38 (9), 4675-4692 (2018).<\/li><li>M. Grillot and P. Grillot : Comportement asymptotique des solutions d&#8217;une \u00e9quation quasilin\u00e9aire avec une condition de Robin sur le bord, Actes du colloque : Mod\u00e9lisation : Atomes, Mol\u00e9cules, Plasmas et syst\u00e8mes Dynamiques, Presses universitaires d&#8217;Orl\u00e9ans (2013).<\/li><li>&nbsp;M. Grillot and P. Grillot : Asymptotic behavior of solutions of quasilinear parabolic equations with Robin boundary condition, Advances in Diff. Eq. Vol. 17, 5-6, 401-419 (2012).<\/li><li>&nbsp;M. Grillot and P. Grillot : The influence of domain geometry in the boundary behavior of large solutions of degenerate elliptic problems, Port. Math. J. 64, 143-153 (2007).<\/li><li>&nbsp;M. Grillot and A. Simon : Blow-up for semi-linear parabolic problems with non-constant coefficients, Di. Integ. Eq. 17, 227-240&nbsp; (2004).<\/li><li>&nbsp;M. Grillot and P. Grillot : Asymptotical behavior of solutions of nonlinear elliptic equations in R^N, J. Anal. Appl. 20, 915-928 (2001).<\/li><li>&nbsp;M. Grillot and L. Veron : Boundary trace of the solutions of the prescribed Gaussian curvature equation, Proceed. Roy. Soc. Edinburgh 130A, 527-560 (2000)<\/li><li>M. Grillot : Prescribed singular submanifolds of some quasilinear elliptic equations, Nonlin. Anal. Theory, Meth. Appl. 34, 839-856 (1998).<\/li><li>&nbsp;M. Grillot : Solutions of some nonlinear elliptic problems, which are singular on a submanifold, J. Math. Pures Appl. 76, 757-776 (1997).<\/li><li>&nbsp;M. Grillot : Solutions singuli\u00e8res sur une sous-vari\u00e9t\u00e9, d&#8217;\u00e9quations elliptiques non lin\u00e9aires, C.R.A.S. Paris 322, 49-54 (1996).<\/li><\/ul>\n\n\n\n<p><\/p>\n\n\n\n<ul class=\"wp-block-list\"><li>Manuel scolaire de la classe de sixi\u00e8me : collection Maths et clic, sous la direction d&#8217;A. Gramain, Bordas (2000).<\/li><\/ul>\n\n\n\n<p class=\"has-text-color has-background has-medium-font-size has-vivid-cyan-blue-color has-very-light-gray-background-color\">Encadrements :<\/p>\n\n\n\n<p> 2008-2012 : co-encadrement  de la th\u00e8se de Phuoc Tai Nguyen, avec Laurent Veron, soutenue le 2 f\u00e9vrier 2012, actuellement professeur assitant \u00e0 l&#8217;Universite de Masaryk (Republique Tcheque).<br>  2008 : encadrement du m\u00e9moire de Master 2 de Phuoc Tai Nguyen sur un probl\u00e8me de trace \u00e0 l&#8217;infini de solutions de l&#8217;\u00e9quation de la chaleur, initi\u00e9 par H. Brezis et S. Kamin.<br>  2007 : dans le cadre de la coop\u00e9ration franco-tchadienne de l&#8217;Universit\u00e9 d&#8217;Orl\u00e9ans, encadrement de Ngarkodge Ngarasta en post-doc de trois mois.<\/p>\n\n\n\n<p class=\"has-text-color has-background has-medium-font-size has-vivid-cyan-blue-color has-very-light-gray-background-color\">Vulgarisation<\/p>\n\n\n\n<p>2016- : &#8220;coordinatrice chercheurs&#8221; pour l&#8217;association <a href=\"https:\/\/www.mathenjeans.fr\/\">MATh.en.JEANS<\/a> de l&#8217;acad\u00e9mie d&#8217;Orl\u00e9ans-Tours<\/p>\n\n\n\n<p>2010- : participation aux stages du <a href=\"http:\/\/www.centre-galois.fr\/\">Centre Galois<\/a> : il s&#8217;agit d&#8217;un centre destin2 \u00e0 la popularisation des math\u00e9matiques pour des \u00e9l\u00e8ves de classe de seconde : http:\/\/centre-galois.fr\/<\/p>\n\n\n\n<p>2010- : conf\u00e9rences pour l&#8217;accueil de classes de coll\u00e8ges et lyc\u00e9es et des stagiaires de troisi\u00e8me et dans les coll\u00e8ges et lyc\u00e9es de l&#8217;acad\u00e9mie, notamment au moment de la semaine des math\u00e9matiques ces derni\u00e8res ann\u00e9es<\/p>\n\n\n\n<p>2007- : participation a la f\u00eate de la science<\/p>\n\n\n\n<p>2007- : membre du jury de &#8220;Rencontres Jeunes Chercheurs&#8221; de l&#8217;acad\u00e9mie d&#8217;Orl\u00e9ans-Tours ou du Concours acad\u00e9mique Cg\u00e9nial ou du d\u00e9fi : Ingenieur en herbe<\/p>\n\n\n\n<p>2017 : intervenante dans le film &#8220;Sciences, on tourne&#8221; de <a href=\"http:\/\/www.centre-sciences.org\/\">Centre-sciences<\/a> (CCSTI de la r\u00e9gion Centre-Val de Loire)<\/p>\n\n\n\n<p>2017 : conf\u00e9rence de vulgarisation (avec S. Mancini) devant les professeurs de math\u00e9matiques de l&#8217;acad\u00e9mie pendant la semaine des math\u00e9matiques;<\/p>\n\n\n\n<p>2012- 2015 : participation \u00e0 la r\u00e9daction de la lettre <a href=\"http:\/\/maddmaths.smai.emath.fr\/\">Madd-math<\/a> de la <a href=\"http:\/\/smai.emath.fr\/\">SMAI<\/a><\/p>\n\n\n\n<p class=\"has-text-color has-background has-medium-font-size has-vivid-cyan-blue-color has-very-light-gray-background-color\">Organisation de journ\u00e9es\/colloques<\/p>\n\n\n\n<p>2016 : participation \u00e0 l&#8217;organisation du congr\u00e8s de la <a href=\"https:\/\/smf.emath.fr\/\">SMF<\/a> \u00e0 Tours<\/p>\n\n\n\n<p>2012 : organisation des &#8220;Premi\u00e8res journ\u00e9es de popularisation des math\u00e9matiques&#8221; avec <a href=\"https:\/\/www.animath.fr\/\">Animath<\/a> \u00e0 Orl\u00e9ans<\/p>\n\n\n\n<p>1998- : participation puis organisation de la Journ\u00e9e acad\u00e9mique des math\u00e9matiques (une<br> journ\u00e9e de rencontre secondaire\/sup\u00e9rieure avec des conf\u00e9rences, expos\u00e9s et ateliers en parall\u00e8lle)<\/p>\n","protected":false},"excerpt":{"rendered":"<p>Th\u00e8mes : Mon travail s&#8217;inscrit dans l&#8217;\u00e9tude de l&#8217;existence, l&#8217;unicit\u00e9 et le comportement asymptotique de solutions d&#8217;\u00e9quations aux d\u00e9riv\u00e9es partielles &hellip; <a href=\"https:\/\/www.idpoisson.fr\/mgrillot\/en\/recherche-et-vulgarisation\/\" class=\"more-link\">More <span class=\"screen-reader-text\">Recherche et vulgarisation<\/span> <span class=\"meta-nav\">&rarr;<\/span><\/a><\/p>\n","protected":false},"author":30,"featured_media":0,"parent":0,"menu_order":0,"comment_status":"closed","ping_status":"closed","template":"","meta":{"footnotes":""},"folder":[],"class_list":["post-42","page","type-page","status-publish","hentry"],"_links":{"self":[{"href":"https:\/\/www.idpoisson.fr\/mgrillot\/en\/wp-json\/wp\/v2\/pages\/42","targetHints":{"allow":["GET"]}}],"collection":[{"href":"https:\/\/www.idpoisson.fr\/mgrillot\/en\/wp-json\/wp\/v2\/pages"}],"about":[{"href":"https:\/\/www.idpoisson.fr\/mgrillot\/en\/wp-json\/wp\/v2\/types\/page"}],"author":[{"embeddable":true,"href":"https:\/\/www.idpoisson.fr\/mgrillot\/en\/wp-json\/wp\/v2\/users\/30"}],"replies":[{"embeddable":true,"href":"https:\/\/www.idpoisson.fr\/mgrillot\/en\/wp-json\/wp\/v2\/comments?post=42"}],"version-history":[{"count":8,"href":"https:\/\/www.idpoisson.fr\/mgrillot\/en\/wp-json\/wp\/v2\/pages\/42\/revisions"}],"predecessor-version":[{"id":113,"href":"https:\/\/www.idpoisson.fr\/mgrillot\/en\/wp-json\/wp\/v2\/pages\/42\/revisions\/113"}],"wp:attachment":[{"href":"https:\/\/www.idpoisson.fr\/mgrillot\/en\/wp-json\/wp\/v2\/media?parent=42"}],"wp:term":[{"taxonomy":"folder","embeddable":true,"href":"https:\/\/www.idpoisson.fr\/mgrillot\/en\/wp-json\/wp\/v2\/folder?post=42"}],"curies":[{"name":"wp","href":"https:\/\/api.w.org\/{rel}","templated":true}]}}