{"id":45,"date":"2019-02-13T10:17:27","date_gmt":"2019-02-13T09:17:27","guid":{"rendered":"https:\/\/www.idpoisson.fr\/mgrillot\/?page_id=45"},"modified":"2019-02-13T10:17:27","modified_gmt":"2019-02-13T09:17:27","slug":"enseignement","status":"publish","type":"page","link":"https:\/\/www.idpoisson.fr\/mgrillot\/enseignement\/","title":{"rendered":"Enseignement"},"content":{"rendered":"\n<figure class=\"wp-block-image\"><img loading=\"lazy\" decoding=\"async\" width=\"1024\" height=\"777\" src=\"https:\/\/www.idpoisson.fr\/mgrillot\/wp-content\/uploads\/sites\/19\/2019\/02\/Capture-d\u2019e\u0301cran-2019-02-13-a\u0300-09.53.19-1024x777.png\" alt=\"\" class=\"wp-image-46\" srcset=\"https:\/\/www.idpoisson.fr\/mgrillot\/wp-content\/uploads\/sites\/19\/2019\/02\/Capture-d\u2019e\u0301cran-2019-02-13-a\u0300-09.53.19-1024x777.png 1024w, https:\/\/www.idpoisson.fr\/mgrillot\/wp-content\/uploads\/sites\/19\/2019\/02\/Capture-d\u2019e\u0301cran-2019-02-13-a\u0300-09.53.19-300x228.png 300w, https:\/\/www.idpoisson.fr\/mgrillot\/wp-content\/uploads\/sites\/19\/2019\/02\/Capture-d\u2019e\u0301cran-2019-02-13-a\u0300-09.53.19-768x583.png 768w, https:\/\/www.idpoisson.fr\/mgrillot\/wp-content\/uploads\/sites\/19\/2019\/02\/Capture-d\u2019e\u0301cran-2019-02-13-a\u0300-09.53.19.png 1836w\" sizes=\"auto, (max-width: 1024px) 100vw, 1024px\" \/><figcaption>Une partie des enseignements que j&rsquo;ai assur\u00e9s au cours de ma carri\u00e8re.<\/figcaption><\/figure>\n\n\n\n<p class=\"has-text-color has-background has-medium-font-size has-vivid-cyan-blue-color has-very-light-gray-background-color\">Activit\u00e9s autour de l&rsquo;enseignement :<\/p>\n\n\n\n<ul class=\"wp-block-list\"><li>2018- : contribution \u00e0 la mise en place \u00e0 la rentr\u00e9e 2019 d&rsquo;un Cursus Master Ingenierie en Statistiques des donn\u00e9es et Mod\u00e9lisation. Il s&rsquo;agit d&rsquo;un projet, coordonn\u00e9 localement par Marguerite Zani, relevant d&rsquo;un IDEFI port\u00e9 par le r\u00e9seau FIGURE, et visant \u00e0 une formation d&rsquo;excellence \u00e0 des m\u00e9tiers d&rsquo;ing\u00e9nieurs, cette formation \u00e9tant :<\/li><\/ul>\n\n\n\n<ol class=\"wp-block-list\"><li>adoss\u00e9e sur les licence de mathematiques et master de statistiques existants;<\/li><li>enrichie par des unit\u00e9s d&rsquo;informatique et des \u00ab\u00a0OSEC\u00a0\u00bb (unit\u00e9s d&rsquo;ouverture soci\u00e9tale et culturelle);<\/li><li>compl\u00e9t\u00e9e par un encadrement \u00e9troit et des stages s&rsquo;appuyant sur les atouts de l&rsquo;Institut D. Poisson et du tissu industriel local<\/li><\/ol>\n\n\n\n<ul class=\"wp-block-list\"><li>2016-2018 : organisation (en tant que responsable de p\u00f4le) de la mise en place de la nouvelle offre de formation 2018-2023, en particulier mise en place d&rsquo;un portail sciences avec environ<br> 1100 \u00e9tudiants en L1 qui choisissent trois disciplines parmi math\u00e9matiques, physique, chimie, informatique, biologie, g\u00e9ologie, \u00e9conomie (15 combinaisons propos\u00e9es)<\/li><li>2018- : cr\u00e9ation de vid\u00e9os nourissant un cours \u00e0 distance propos\u00e9 \u00e0 des \u00e9tudiants de PACES qui souhaitent integrer la deuxieme ann\u00e9e de Polytech dans le cadre du projet IDEFI : AVOSTTI<br> http:\/\/www.agence-nationale-recherche.fr\/ProjetIA-11-IDFI-0009 , en collaboration avec Michel Mudry<\/li><li>2010-2015 et 2017-2018 : animation et montage de formations (contenu mathematique de stages d&rsquo;une demi-journ\u00e9e, d&rsquo;une journ\u00e9e ou de deux jours) de professeurs de coll\u00e8ges et de lyc\u00e9es dans le cadre de l&rsquo;IREM d&rsquo;Orl\u00e9ans-Tours et de professeurs des \u00e9coles et de coll\u00e8ges dans le cadre de la Maison pour la science Centre-Val de Loire<\/li><li>2013-2014 : montage de formations au langage Python \u00e0 destination des enseignants de classes pr\u00e9paratoires de l&rsquo;acad\u00e9mie d&rsquo;Orl\u00e9ans-Tours<\/li><li>2009-2011 : responsable de l&rsquo;\u00e9preuve sur dossier et des stages en \u00e9tablissements secondaires des \u00e9tudiants de master MEEF Math<\/li><li>2008-2010 : responsable de la pr\u00e9paration \u00e0 l&rsquo;agr\u00e9gation interne de math\u00e9matiques<\/li><li>2003-2007 : responsable des enseignements de math\u00e9matiques de premi\u00e8re annee d&rsquo;IUFM pr\u00e9parant le concours de professeur des \u00e9coles (cours magistral et organisation des groupes de TD)<\/li><li>1998-2002 : responsable de la preparation au CAPLP2 math-sciences.<\/li><\/ul>\n","protected":false},"excerpt":{"rendered":"<p>Activit\u00e9s autour de l&rsquo;enseignement : 2018- : contribution \u00e0 la mise en place \u00e0 la rentr\u00e9e 2019 d&rsquo;un Cursus Master &hellip; <a href=\"https:\/\/www.idpoisson.fr\/mgrillot\/enseignement\/\" class=\"more-link\">Plus <span class=\"screen-reader-text\">Enseignement<\/span> <span class=\"meta-nav\">&rarr;<\/span><\/a><\/p>\n","protected":false},"author":30,"featured_media":0,"parent":0,"menu_order":0,"comment_status":"closed","ping_status":"closed","template":"","meta":{"footnotes":""},"folder":[],"class_list":["post-45","page","type-page","status-publish","hentry"],"_links":{"self":[{"href":"https:\/\/www.idpoisson.fr\/mgrillot\/wp-json\/wp\/v2\/pages\/45","targetHints":{"allow":["GET"]}}],"collection":[{"href":"https:\/\/www.idpoisson.fr\/mgrillot\/wp-json\/wp\/v2\/pages"}],"about":[{"href":"https:\/\/www.idpoisson.fr\/mgrillot\/wp-json\/wp\/v2\/types\/page"}],"author":[{"embeddable":true,"href":"https:\/\/www.idpoisson.fr\/mgrillot\/wp-json\/wp\/v2\/users\/30"}],"replies":[{"embeddable":true,"href":"https:\/\/www.idpoisson.fr\/mgrillot\/wp-json\/wp\/v2\/comments?post=45"}],"version-history":[{"count":1,"href":"https:\/\/www.idpoisson.fr\/mgrillot\/wp-json\/wp\/v2\/pages\/45\/revisions"}],"predecessor-version":[{"id":47,"href":"https:\/\/www.idpoisson.fr\/mgrillot\/wp-json\/wp\/v2\/pages\/45\/revisions\/47"}],"wp:attachment":[{"href":"https:\/\/www.idpoisson.fr\/mgrillot\/wp-json\/wp\/v2\/media?parent=45"}],"wp:term":[{"taxonomy":"folder","embeddable":true,"href":"https:\/\/www.idpoisson.fr\/mgrillot\/wp-json\/wp\/v2\/folder?post=45"}],"curies":[{"name":"wp","href":"https:\/\/api.w.org\/{rel}","templated":true}]}}