{"id":66,"date":"2019-02-26T12:57:03","date_gmt":"2019-02-26T11:57:03","guid":{"rendered":"https:\/\/www.idpoisson.fr\/mgrillot\/?page_id=66"},"modified":"2019-02-27T11:24:24","modified_gmt":"2019-02-27T10:24:24","slug":"maison-pour-la-science-centre-val-de-loire","status":"publish","type":"page","link":"https:\/\/www.idpoisson.fr\/mgrillot\/maison-pour-la-science-centre-val-de-loire\/","title":{"rendered":"Maison pour la science Centre-Val de Loire"},"content":{"rendered":"\n<div class=\"wp-block-image\"><figure class=\"aligncenter is-resized\"><img loading=\"lazy\" decoding=\"async\" src=\"https:\/\/www.idpoisson.fr\/mgrillot\/wp-content\/uploads\/sites\/19\/2019\/02\/CSC_0064-1024x683.jpg\" alt=\"\" class=\"wp-image-75\" width=\"341\" height=\"227\" srcset=\"https:\/\/www.idpoisson.fr\/mgrillot\/wp-content\/uploads\/sites\/19\/2019\/02\/CSC_0064-1024x683.jpg 1024w, https:\/\/www.idpoisson.fr\/mgrillot\/wp-content\/uploads\/sites\/19\/2019\/02\/CSC_0064-300x200.jpg 300w, https:\/\/www.idpoisson.fr\/mgrillot\/wp-content\/uploads\/sites\/19\/2019\/02\/CSC_0064-768x512.jpg 768w\" sizes=\"auto, (max-width: 341px) 100vw, 341px\" \/><figcaption>Conseil de direction 2014-2015<\/figcaption><\/figure><\/div>\n\n\n\n<p>La direction de cette <a href=\"http:\/\/www.maisons-pour-la-science.org\/fr\/centre-val-de-loire\">\u00ab\u00a0Maison\u00a0\u00bb<\/a> repr\u00e9sente une exp\u00e9rience, dont je me r\u00e9jouis, qui m&rsquo;a demand\u00e9 un fort investissement mais qui a \u00e9t\u00e9 tr\u00e8s enrichissante car elle a impliqu\u00e9 de d\u00e9couvrir des milieux qui m&rsquo;\u00e9taient inconnus et travailler de concert avec une fondation (<a href=\"https:\/\/www.fondation-lamap.org\/\">Fondation La main \u00e0 la p\u00e2te<\/a>), des membres de l&rsquo;Acad\u00e9mie des Sciences, les deux Pr\u00e9sidents des Universit\u00e9s de Tours et d&rsquo;Orl\u00e9ans, la Rectrice de l&rsquo;Acad\u00e9mie d&rsquo;Orl\u00e9ans-Tours, les Directeurs acad\u00e9miques des six d\u00e9partements de la r\u00e9gion Centre, les directeurs des laboratoires des \u00e9tablissements de la r\u00e9gion Centre (BRGM, CEA, CNRS, INRA, Universit\u00e9s) et donc de nombreux chercheurs dans des sections tr\u00e8s diverses, et enfin des industriels.<\/p>\n\n\n\n<p><a href=\"https:\/\/www.idpoisson.fr\/mgrillot\/wp-content\/uploads\/sites\/19\/2019\/02\/MPLS_catalogue2014.CVDL_.web_.pdf\">Le catalogue 2014-2015<\/a><\/p>\n\n\n\n<p><a href=\"https:\/\/www.idpoisson.fr\/mgrillot\/wp-content\/uploads\/sites\/19\/2019\/02\/Rapport-d\u2019activite\u0301-2014-15-et-perspectives.pdf\">Le rapport d&rsquo;activit\u00e9 2014-2015<\/a><\/p>\n\n\n\n<p><a href=\"https:\/\/www.idpoisson.fr\/mgrillot\/wp-content\/uploads\/sites\/19\/2019\/02\/web_vf_MPLS_catalogue2015.Centre.val_.de_.loire_modif.pdf\">Le catalogue 2015-2016<\/a><\/p>\n","protected":false},"excerpt":{"rendered":"<p>La direction de cette \u00ab\u00a0Maison\u00a0\u00bb repr\u00e9sente une exp\u00e9rience, dont je me r\u00e9jouis, qui m&rsquo;a demand\u00e9 un fort investissement mais qui &hellip; <a href=\"https:\/\/www.idpoisson.fr\/mgrillot\/maison-pour-la-science-centre-val-de-loire\/\" class=\"more-link\">Plus <span class=\"screen-reader-text\">Maison pour la science Centre-Val de Loire<\/span> <span class=\"meta-nav\">&rarr;<\/span><\/a><\/p>\n","protected":false},"author":30,"featured_media":0,"parent":0,"menu_order":0,"comment_status":"closed","ping_status":"closed","template":"","meta":{"footnotes":""},"folder":[],"class_list":["post-66","page","type-page","status-publish","hentry"],"_links":{"self":[{"href":"https:\/\/www.idpoisson.fr\/mgrillot\/wp-json\/wp\/v2\/pages\/66","targetHints":{"allow":["GET"]}}],"collection":[{"href":"https:\/\/www.idpoisson.fr\/mgrillot\/wp-json\/wp\/v2\/pages"}],"about":[{"href":"https:\/\/www.idpoisson.fr\/mgrillot\/wp-json\/wp\/v2\/types\/page"}],"author":[{"embeddable":true,"href":"https:\/\/www.idpoisson.fr\/mgrillot\/wp-json\/wp\/v2\/users\/30"}],"replies":[{"embeddable":true,"href":"https:\/\/www.idpoisson.fr\/mgrillot\/wp-json\/wp\/v2\/comments?post=66"}],"version-history":[{"count":11,"href":"https:\/\/www.idpoisson.fr\/mgrillot\/wp-json\/wp\/v2\/pages\/66\/revisions"}],"predecessor-version":[{"id":120,"href":"https:\/\/www.idpoisson.fr\/mgrillot\/wp-json\/wp\/v2\/pages\/66\/revisions\/120"}],"wp:attachment":[{"href":"https:\/\/www.idpoisson.fr\/mgrillot\/wp-json\/wp\/v2\/media?parent=66"}],"wp:term":[{"taxonomy":"folder","embeddable":true,"href":"https:\/\/www.idpoisson.fr\/mgrillot\/wp-json\/wp\/v2\/folder?post=66"}],"curies":[{"name":"wp","href":"https:\/\/api.w.org\/{rel}","templated":true}]}}