{"id":170,"date":"2019-11-16T23:16:33","date_gmt":"2019-11-16T22:16:33","guid":{"rendered":"https:\/\/www.idpoisson.fr\/nicolis\/?page_id=170"},"modified":"2019-11-16T23:18:32","modified_gmt":"2019-11-16T22:18:32","slug":"science-et-societe","status":"publish","type":"page","link":"https:\/\/www.idpoisson.fr\/nicolis\/en\/science-et-societe\/","title":{"rendered":"Science et soci\u00e9t\u00e9"},"content":{"rendered":"\n\n\n<ul class=\"wp-block-list\"><li><a href=\"http:\/\/sfpnet.fr\/\">La Soci\u00e9t\u00e9 Fran\u00e7aise de Physique<\/a><\/li><li><a href=\"http:\/\/www.cnrs.fr\/\">Le CNRS<\/a><\/li><li><a href=\"https:\/\/home.cern\/\">CERN<\/a><\/li><\/ul>\n","protected":false},"excerpt":{"rendered":"<p>La Soci\u00e9t\u00e9 Fran\u00e7aise de Physique Le CNRS CERN<\/p>\n","protected":false},"author":20,"featured_media":0,"parent":0,"menu_order":0,"comment_status":"closed","ping_status":"closed","template":"","meta":{"footnotes":""},"folder":[],"class_list":["post-170","page","type-page","status-publish","hentry"],"_links":{"self":[{"href":"https:\/\/www.idpoisson.fr\/nicolis\/en\/wp-json\/wp\/v2\/pages\/170","targetHints":{"allow":["GET"]}}],"collection":[{"href":"https:\/\/www.idpoisson.fr\/nicolis\/en\/wp-json\/wp\/v2\/pages"}],"about":[{"href":"https:\/\/www.idpoisson.fr\/nicolis\/en\/wp-json\/wp\/v2\/types\/page"}],"author":[{"embeddable":true,"href":"https:\/\/www.idpoisson.fr\/nicolis\/en\/wp-json\/wp\/v2\/users\/20"}],"replies":[{"embeddable":true,"href":"https:\/\/www.idpoisson.fr\/nicolis\/en\/wp-json\/wp\/v2\/comments?post=170"}],"version-history":[{"count":3,"href":"https:\/\/www.idpoisson.fr\/nicolis\/en\/wp-json\/wp\/v2\/pages\/170\/revisions"}],"predecessor-version":[{"id":174,"href":"https:\/\/www.idpoisson.fr\/nicolis\/en\/wp-json\/wp\/v2\/pages\/170\/revisions\/174"}],"wp:attachment":[{"href":"https:\/\/www.idpoisson.fr\/nicolis\/en\/wp-json\/wp\/v2\/media?parent=170"}],"wp:term":[{"taxonomy":"folder","embeddable":true,"href":"https:\/\/www.idpoisson.fr\/nicolis\/en\/wp-json\/wp\/v2\/folder?post=170"}],"curies":[{"name":"wp","href":"https:\/\/api.w.org\/{rel}","templated":true}]}}