{"id":160,"date":"2019-11-16T22:54:01","date_gmt":"2019-11-16T21:54:01","guid":{"rendered":"https:\/\/www.idpoisson.fr\/nicolis\/?page_id=160"},"modified":"2024-11-29T13:19:25","modified_gmt":"2024-11-29T12:19:25","slug":"recherche","status":"publish","type":"page","link":"https:\/\/www.idpoisson.fr\/nicolis\/recherche\/","title":{"rendered":"Recherche"},"content":{"rendered":"\n<p>Des nanoaimants aux trous noirs: Les enjeux du traitement quantique de l&rsquo;information.<\/p>\n\n\n\n<p><\/p>\n\n\n\n<p>Je travaille sur la description des propri\u00e9t\u00e9s de la mati\u00e8re, en pr\u00e9sence de fluctuations-de l&rsquo;\u00e9chelle des nanoaimants, lorsque les fluctuations quantiques deviennent comparables aux fluctuations dues au d\u00e9sordre, \u00e0 l&rsquo;\u00e9chelle des trous noirs, lorsque la mati\u00e8re, qui sonde l&rsquo;espace-temps d&rsquo;un trou noir, poss\u00e8de des propri\u00e9t\u00e9s quantiques.  <\/p>\n\n\n\n<p>Dans le premier cas il s&rsquo;agit de d\u00e9crire les fluctuations de fa\u00e7on quantitative-elles sont non-locales par rapport aux degr\u00e9s de libert\u00e9 magn\u00e9tiques. Alors se pose le probl\u00e8me des sym\u00e9tries qui relient les degr\u00e9s de libert\u00e9 qui peuvent d\u00e9crire les fluctuations, \u00e0 ceux magn\u00e9tiques habituels. Une telle sym\u00e9trie s&rsquo;av\u00e8re \u00eatre la supersym\u00e9trie: Les degr\u00e9s de libert\u00e9, qui r\u00e9solvent le bain des fluctuations, sont les superpartenaires des degr\u00e9s de libert\u00e9 qui d\u00e9crivent la dynamique en absence des fluctuations. Cette identification fut propos\u00e9e par G. Parisi et N. Sourlas en 1982 et un des buts de mes recherches est comment la rendre concr\u00e8te. <\/p>\n\n\n\n<p>Dans le deuxi\u00e8me cas,  la mati\u00e8re devient sensible aux micro\u00e9tats du trou noir. Un des mes projets est la mise au point de mod\u00e8les pour la description de cette interaction.  Ils font appel aux id\u00e9es du chaos d\u00e9terministe, pour la dynamique et \u00e0 la th\u00e9orie de nombres pour compter les \u00e9tats de mani\u00e8re appropri\u00e9e. <\/p>\n\n\n\n<p>Dans les deux cas, ce qui est en jeu est comment d\u00e9crire le traitement de l&rsquo;information au niveau quantique. <\/p>\n","protected":false},"excerpt":{"rendered":"<p>Des nanoaimants aux trous noirs: Les enjeux du traitement quantique de l&rsquo;information. Je travaille sur la description des propri\u00e9t\u00e9s de &hellip; <a href=\"https:\/\/www.idpoisson.fr\/nicolis\/recherche\/\" class=\"more-link\">Plus <span class=\"screen-reader-text\">Recherche<\/span> <span class=\"meta-nav\">&rarr;<\/span><\/a><\/p>\n","protected":false},"author":20,"featured_media":0,"parent":0,"menu_order":0,"comment_status":"closed","ping_status":"closed","template":"","meta":{"footnotes":""},"folder":[],"class_list":["post-160","page","type-page","status-publish","hentry"],"_links":{"self":[{"href":"https:\/\/www.idpoisson.fr\/nicolis\/wp-json\/wp\/v2\/pages\/160","targetHints":{"allow":["GET"]}}],"collection":[{"href":"https:\/\/www.idpoisson.fr\/nicolis\/wp-json\/wp\/v2\/pages"}],"about":[{"href":"https:\/\/www.idpoisson.fr\/nicolis\/wp-json\/wp\/v2\/types\/page"}],"author":[{"embeddable":true,"href":"https:\/\/www.idpoisson.fr\/nicolis\/wp-json\/wp\/v2\/users\/20"}],"replies":[{"embeddable":true,"href":"https:\/\/www.idpoisson.fr\/nicolis\/wp-json\/wp\/v2\/comments?post=160"}],"version-history":[{"count":10,"href":"https:\/\/www.idpoisson.fr\/nicolis\/wp-json\/wp\/v2\/pages\/160\/revisions"}],"predecessor-version":[{"id":240,"href":"https:\/\/www.idpoisson.fr\/nicolis\/wp-json\/wp\/v2\/pages\/160\/revisions\/240"}],"wp:attachment":[{"href":"https:\/\/www.idpoisson.fr\/nicolis\/wp-json\/wp\/v2\/media?parent=160"}],"wp:term":[{"taxonomy":"folder","embeddable":true,"href":"https:\/\/www.idpoisson.fr\/nicolis\/wp-json\/wp\/v2\/folder?post=160"}],"curies":[{"name":"wp","href":"https:\/\/api.w.org\/{rel}","templated":true}]}}