{"id":2,"date":"2020-03-25T18:30:00","date_gmt":"2020-03-25T17:30:00","guid":{"rendered":"https:\/\/www.idpoisson.fr\/sciauveau\/?page_id=2"},"modified":"2020-03-25T18:31:59","modified_gmt":"2020-03-25T17:31:59","slug":"accueil","status":"publish","type":"page","link":"https:\/\/www.idpoisson.fr\/sciauveau","title":{"rendered":"Accueil"},"content":{"rendered":"<hr \/>\n<p style=\"text-align: center\">[<a href=\"#pres\">Pr\u00e9sentation <\/a>| <a href=\"#ens\">Enseignement<\/a> | <a href=\"#publis\">Publications<\/a> | <a href=\"#these\">Th\u00e8se<\/a> | <a href=\"#cv\">CV<\/a>]<\/p>\n<hr \/>\n<p><strong>Professeure agr\u00e9g\u00e9e de Math\u00e9matiques<\/strong><br \/>\n<a href=\"https:\/\/www.idpoisson.fr\">Institut Denis Poisson<\/a> CNRS UMR 7013<br \/>\n<a href=\"http:\/\/www.math.univ-tours.fr\/\">D\u00e9partement de math\u00e9matiques<\/a> de l&rsquo;<a href=\"http:\/\/www.univ-tours.fr\">Universit\u00e9 de Tours<\/a><br \/>\n\u00c9quipe de recherche : <a href=\"\/\/www.idpoisson.fr\/equipe-probabilite-algebre-combinatoire-theorie-ergodique-statistique\/\">SPACE<\/a><\/p>\n<p><strong>Contact<\/strong><br \/>\nBureau : E2-2160<br \/>\nT\u00e9l\u00e9phone : (33)-2-47-36-71-11<br \/>\nEmail : marion.sciauveau@univ-tours.fr<\/p>\n<p><strong>Adresse postale<\/strong><br \/>\nInstitut Denis Poisson<br \/>\nUniversit\u00e9 de Tours<br \/>\nParc de Grandmont<br \/>\n37200 Tours, France<\/p>\n<hr \/>\n<h3 id=\"pres\">Pr\u00e9sentation<\/h3>\n<p>Depuis septembre 2018, je suis affect\u00e9e en tant que professeure agr\u00e9g\u00e9e dans le <a href=\"http:\/\/www.math.univ-tours.fr\/\" target=\"blank\" rel=\"noopener noreferrer\"> d\u00e9partement de Math\u00e9matiques de l&rsquo;universit\u00e9 de Tours<\/a>.<\/p>\n<p>J&rsquo;ai soutenu ma th\u00e8se en Probabilit\u00e9s, pr\u00e9par\u00e9e au <a href=\"http:\/\/cermics.enpc.fr\/\" target=\"blank\" rel=\"noopener noreferrer\"> CERMICS<\/a>, \u00e0 l&rsquo;Ecole des Ponts ParisTech, sous la direction de <a href=\"http:\/\/cermics.enpc.fr\/~delmas\/\" target=\"blank\" rel=\"noopener noreferrer\">Jean-Fran\u00e7ois Delmas<\/a> (CERMICS) et <a href=\"http:\/\/www.math.univ-paris13.fr\/~dhersin\/\" target=\"blank\" rel=\"noopener noreferrer\">Jean-St\u00e9phane Dhersin<\/a> (LAGA, Universit\u00e9 Paris 13), le 14 novembre 2018.<\/p>\n<p>Durant ma th\u00e8se, je me suis int\u00e9ress\u00e9e aux asymptotiques de fonctionnelles sur les grands arbres al\u00e9atoires et les graphes denses al\u00e9atoires.<\/p>\n<hr \/>\n<h3 id=\"ens\">Enseignements<\/h3>\n<ul>\n<li><strong>RMLQA<\/strong> (r\u00e9ussir ma licence en quatre ans): math\u00e9matiques<\/li>\n<li><strong>L1 OUISI Informatique<\/strong>: maths 1 &#8211; calculus<\/li>\n<li><strong>L1 Math\u00e9matiques<\/strong>: maths 1 &#8211; calculus<\/li>\n<li><strong>L1 Biologie<\/strong>: statistiques descriptives<\/li>\n<li><strong>L1 Math\u00e9matiques<\/strong>: alg\u00e8bre 2 &#8211; structures de base et alg\u00e8bre lin\u00e9aire<\/li>\n<li><strong>L2 Biologie<\/strong>: statistiques<\/li>\n<li><strong>L2 Math\u00e9matiques<\/strong>: alg\u00e8bre 3 &#8211; r\u00e9duction des endomorphismes<\/li>\n<li><strong>L2 Math\u00e9matiques<\/strong>: probabilit\u00e9s discr\u00e8tes<\/li>\n<li><strong>L3 Math\u00e9matiques<\/strong>: probabilit\u00e9s et statistiques<\/li>\n<\/ul>\n<hr \/>\n<h3 id=\"publis\">Publications<\/h3>\n<ul>\n<li>Cost functionals for large (uniform and simply generated) random trees (with J.-F. Delmas and J.-S. Dhersin)<br \/>\n<a href=\"https:\/\/doi.org\/10.1214\/18-EJP213\" target=\"blank\" rel=\"noopener noreferrer\">(pdf)<\/a>, Elect. Journ. of Probab. 2018, Vol. 23, paper no. 87, 1-36.<\/li>\n<li>Asymptotic for the cumulative distribution function of the degrees and homomorphism densities for random graphs sampled from a graphon (with J.-F. Delmas and J.-S. Dhersin) <a href=\"https:\/\/cermics.enpc.fr\/~sciauvem\/Graphon_ArXiv.pdf\" target=\"blank\" rel=\"noopener noreferrer\">(pdf)<\/a>.<\/li>\n<\/ul>\n<hr \/>\n<h3 id=\"these\">Th\u00e8se<\/h3>\n<p><b>Asymptotiques de fonctionnelles d&rsquo;arbres al\u00e9atoires et de graphes denses al\u00e9atoires <\/b><\/p>\n<p>sous la direction de <a href=\"http:\/\/cermics.enpc.fr\/~delmas\/\" target=\"blank\" rel=\"noopener noreferrer\">Jean-Fran\u00e7ois Delmas<\/a> (CERMICS) et <a href=\"http:\/\/www.math.univ-paris13.fr\/~dhersin\/\" target=\"blank\" rel=\"noopener noreferrer\">Jean-St\u00e9phane Dhersin<\/a> (LAGA, Universit\u00e9 Paris 13), soutenue le 14 novembre 2018 \u00e0 l&rsquo;Ecole des Ponts ParisTech.<\/p>\n<ul>\n<li><b>Manuscrit de th\u00e8se<\/b> <a href=\"https:\/\/hal.archives-ouvertes.fr\/tel-02084023v1\" target=\"blank\" rel=\"noopener noreferrer\">(pdf)<\/a><\/li>\n<li><b>Soutenance<\/b> <a href=\"https:\/\/cermics.enpc.fr\/~sciauvem\/Soutenance_beamer.pdf\" target=\"blank\" rel=\"noopener noreferrer\">(slides)<\/a><\/li>\n<\/ul>\n<hr \/>\n<h3 id=\"cv\">\u00c9tudes et Dipl\u00f4mes<\/h3>\n<ul>\n<li><b> 2015-2018<\/b>: Doctorat de Math\u00e9matiques, sous la direction de J.-F. Delmas et J.-S. Dhersin, CERMICS, ENPC, Univ. Paris Est, soutenu le 14 novembre 2018,<br \/>\n<b>Sujet<\/b> : Asymptotiques de fonctionnelles d&rsquo;arbres al\u00e9atoires et de graphes denses al\u00e9atoires;<br \/>\n<b>Rapporteurs<\/b> : Christina Goldschmidt et Jean-Fran\u00e7ois Marckert;<br \/>\n<b>Jury<\/b> : Pierre Calka, Philippe Chassaing, Brigitte Chauvin, Jean-Fran\u00e7ois Delmas, Jean-St\u00e9phane Dhersin et Jean-Fran\u00e7ois Marckert.<\/li>\n<li><b>2014-2015<\/b>: Pr\u00e9paration \u00e0 l\u2019agr\u00e9gation de Math\u00e9matiques, Universit\u00e9 de Rouen.<br \/>\nAgr\u00e9gation externe de Math\u00e9matiques, option A.<\/li>\n<li><b>2012-2014<\/b>: Master Math\u00e9matiques Fondamentales et Appliqu\u00e9es, Sp\u00e9cialit\u00e9 Probabilit\u00e9s et Statistique, Universit\u00e9 de Rouen (mention tr\u00e8s bien).<br \/>\nCapes externe de Math\u00e9matiques (re\u00e7ue 62i\u00e8me).<\/li>\n<li><b>2010-2012<\/b>: Licence de Math\u00e9matiques, Universit\u00e9 de Rouen (mention tr\u00e8s bien).<\/li>\n<li><b>2009-2010<\/b>: Pr\u00e9pa aux grandes \u00e9coles en Math\u00e9matiques, Physiques et sciences de l\u2019ing\u00e9nieur (MPSI), lyc\u00e9e Pierre Corneille, Rouen.<\/li>\n<\/ul>\n","protected":false},"excerpt":{"rendered":"<p>[Pr\u00e9sentation | Enseignement | Publications | Th\u00e8se | CV] Professeure agr\u00e9g\u00e9e de Math\u00e9matiques Institut Denis Poisson CNRS UMR 7013 D\u00e9partement &hellip; <a href=\"https:\/\/www.idpoisson.fr\/sciauveau\/\" class=\"more-link\">Plus <span class=\"screen-reader-text\">Accueil<\/span> <span class=\"meta-nav\">&rarr;<\/span><\/a><\/p>\n","protected":false},"author":3,"featured_media":0,"parent":0,"menu_order":0,"comment_status":"closed","ping_status":"open","template":"","meta":{"footnotes":""},"folder":[],"class_list":["post-2","page","type-page","status-publish","hentry"],"_links":{"self":[{"href":"https:\/\/www.idpoisson.fr\/sciauveau\/wp-json\/wp\/v2\/pages\/2","targetHints":{"allow":["GET"]}}],"collection":[{"href":"https:\/\/www.idpoisson.fr\/sciauveau\/wp-json\/wp\/v2\/pages"}],"about":[{"href":"https:\/\/www.idpoisson.fr\/sciauveau\/wp-json\/wp\/v2\/types\/page"}],"author":[{"embeddable":true,"href":"https:\/\/www.idpoisson.fr\/sciauveau\/wp-json\/wp\/v2\/users\/3"}],"replies":[{"embeddable":true,"href":"https:\/\/www.idpoisson.fr\/sciauveau\/wp-json\/wp\/v2\/comments?post=2"}],"version-history":[{"count":4,"href":"https:\/\/www.idpoisson.fr\/sciauveau\/wp-json\/wp\/v2\/pages\/2\/revisions"}],"predecessor-version":[{"id":52,"href":"https:\/\/www.idpoisson.fr\/sciauveau\/wp-json\/wp\/v2\/pages\/2\/revisions\/52"}],"wp:attachment":[{"href":"https:\/\/www.idpoisson.fr\/sciauveau\/wp-json\/wp\/v2\/media?parent=2"}],"wp:term":[{"taxonomy":"folder","embeddable":true,"href":"https:\/\/www.idpoisson.fr\/sciauveau\/wp-json\/wp\/v2\/folder?post=2"}],"curies":[{"name":"wp","href":"https:\/\/api.w.org\/{rel}","templated":true}]}}