{"id":2,"date":"2025-04-15T22:46:55","date_gmt":"2025-04-15T20:46:55","guid":{"rendered":"https:\/\/www.idpoisson.fr\/verges\/?page_id=2"},"modified":"2025-05-16T01:21:56","modified_gmt":"2025-05-15T23:21:56","slug":"julien-verges","status":"publish","type":"page","link":"https:\/\/www.idpoisson.fr\/verges","title":{"rendered":"Julien Verges"},"content":{"rendered":"\n<figure class=\"wp-block-image size-full is-resized\"><img loading=\"lazy\" decoding=\"async\" width=\"574\" height=\"568\" src=\"https:\/\/www.idpoisson.fr\/verges\/wp-content\/uploads\/sites\/60\/2024\/06\/DSCF5486_zoom.jpg\" alt=\"\" class=\"wp-image-37\" style=\"width:291px;height:auto\" srcset=\"https:\/\/www.idpoisson.fr\/verges\/wp-content\/uploads\/sites\/60\/2024\/06\/DSCF5486_zoom.jpg 574w, https:\/\/www.idpoisson.fr\/verges\/wp-content\/uploads\/sites\/60\/2024\/06\/DSCF5486_zoom-300x297.jpg 300w\" sizes=\"auto, (max-width: 574px) 100vw, 574px\" \/><\/figure>\n\n\n<hr \/><hr \/>\n<p>PhD student in mathematics under the supervision of<a href=\"https:\/\/www.idpoisson.fr\/gouere\/index.html\"> Jean-Baptiste Gou\u00e9r\u00e9<\/a> (IDP) and <a href=\"https:\/\/marietheret.perso.math.cnrs.fr\/\">Marie Th\u00e9ret<\/a> (Modal&rsquo;X)<br \/><a href=\"https:\/\/www.idpoisson.fr\">Institut Denis Poisson<\/a> CNRS UMR 7013<br \/><a href=\"http:\/\/www.math.univ-tours.fr\/\">D\u00e9partement de math\u00e9matiques<\/a> de l&rsquo;<a href=\"http:\/\/www.univ-tours.fr\">Universit\u00e9 de Tours<\/a><br \/>Research team : <a href=\"\/\/www.idpoisson.fr\/equipe-probabilite-algebre-combinatoire-theorie-ergodique-statistique\/\">SPACE<\/a><br \/>Here is a <a href=\"https:\/\/www.idpoisson.fr\/verges\/wp-content\/uploads\/sites\/60\/2025\/04\/CV_EN.pdf\">CV<\/a>.<\/p>\n<p><strong>Contact<\/strong><br \/>Office: E2-2280<br \/>Email : julien.verges@univ-tours.fr<br \/><strong>Postal adress<\/strong><br \/>Institut Denis Poisson<br \/>Universit\u00e9 de Tours<br \/>Parc de Grandmont<br \/>37200 Tours, France<\/p>\n<p>I study first-passage percolation and greedy animals\/paths. More precisely, I am interested in proving large deviations principles for these models.<\/p>\n<hr \/>\n<h2 id=\"publis\">Prepublications<\/h2>\n<p><strong>Concentration inequalities and large deviations for continuous greedy animals and paths (preprint, march 2025)<\/strong><a href=\"https:\/\/hal.science\/hal-04973217\">https:\/\/hal.science\/hal-04973217<\/a><strong><br \/><\/strong><\/p>\n<p><strong>Large deviation principle at speed <span id=\"MathJax-Element-1-Frame\" class=\"MathJax\"><span id=\"MathJax-Span-1\" class=\"math\"><span id=\"MathJax-Span-2\" class=\"mrow\"><span id=\"MathJax-Span-3\" class=\"msubsup\"><span id=\"MathJax-Span-4\" class=\"mi\">n <\/span><\/span><\/span><\/span><\/span>for the random metric in first-passage percolation (preprint, december 2024)\u00a0<\/strong><a href=\"https:\/\/arxiv.org\/abs\/2412.03320\"> https:\/\/arxiv.org\/abs\/2412.03320<\/a><\/p>\n<p><strong>Law of large numbers for greedy animals and paths in an ergodic environment<\/strong> <strong>(preprint, september 2024) <\/strong><a href=\"https:\/\/arxiv.org\/abs\/2409.14773\">https:\/\/arxiv.org\/abs\/2409.14773<\/a><\/p>\n<p><strong>Large deviation principle at speed <span id=\"MathJax-Element-1-Frame\" class=\"MathJax\"><span id=\"MathJax-Span-1\" class=\"math\"><span id=\"MathJax-Span-2\" class=\"mrow\"><span id=\"MathJax-Span-3\" class=\"msubsup\"><span id=\"MathJax-Span-4\" class=\"mi\">n^<\/span><span id=\"MathJax-Span-5\" class=\"mi\">d<\/span><\/span><\/span><\/span><\/span> for the random metric in first-passage percolation (preprint, avril 2024)<\/strong> <a href=\"https:\/\/arxiv.org\/abs\/2404.09589\">https:\/\/arxiv.org\/abs\/2404.09589<\/a><\/p>\n\n\n<h2 class=\"wp-block-heading\">Publications<\/h2>\n\n\n\n<p><strong>Law of large numbers for greedy animals and paths in a Poissonian environment<\/strong> &#8211; Published in ALEA (Latin&nbsp;American&nbsp;Journal&nbsp;of&nbsp;Probability&nbsp;and&nbsp;Mathematical&nbsp;Statistics ) <strong>(2025)<\/strong> <a href=\"https:\/\/doi.org\/10.30757\/ALEA.v22-27\">https:\/\/doi.org\/10.30757\/ALEA.v22-27<\/a><\/p>\n\n\n\n<p><\/p>\n\n\n\n<p><\/p>\n","protected":false},"excerpt":{"rendered":"<p>PhD student in mathematics under the supervision of Jean-Baptiste Gou\u00e9r\u00e9 (IDP) and Marie Th\u00e9ret (Modal&rsquo;X)Institut Denis Poisson CNRS UMR 7013D\u00e9partement &hellip; <a href=\"https:\/\/www.idpoisson.fr\/verges\/\" class=\"more-link\">Plus <span class=\"screen-reader-text\">Julien Verges<\/span> <span class=\"meta-nav\">&rarr;<\/span><\/a><\/p>\n","protected":false},"author":142,"featured_media":0,"parent":0,"menu_order":0,"comment_status":"closed","ping_status":"closed","template":"","meta":{"footnotes":""},"folder":[],"class_list":["post-2","page","type-page","status-publish","hentry"],"_links":{"self":[{"href":"https:\/\/www.idpoisson.fr\/verges\/wp-json\/wp\/v2\/pages\/2","targetHints":{"allow":["GET"]}}],"collection":[{"href":"https:\/\/www.idpoisson.fr\/verges\/wp-json\/wp\/v2\/pages"}],"about":[{"href":"https:\/\/www.idpoisson.fr\/verges\/wp-json\/wp\/v2\/types\/page"}],"author":[{"embeddable":true,"href":"https:\/\/www.idpoisson.fr\/verges\/wp-json\/wp\/v2\/users\/142"}],"replies":[{"embeddable":true,"href":"https:\/\/www.idpoisson.fr\/verges\/wp-json\/wp\/v2\/comments?post=2"}],"version-history":[{"count":52,"href":"https:\/\/www.idpoisson.fr\/verges\/wp-json\/wp\/v2\/pages\/2\/revisions"}],"predecessor-version":[{"id":106,"href":"https:\/\/www.idpoisson.fr\/verges\/wp-json\/wp\/v2\/pages\/2\/revisions\/106"}],"wp:attachment":[{"href":"https:\/\/www.idpoisson.fr\/verges\/wp-json\/wp\/v2\/media?parent=2"}],"wp:term":[{"taxonomy":"folder","embeddable":true,"href":"https:\/\/www.idpoisson.fr\/verges\/wp-json\/wp\/v2\/folder?post=2"}],"curies":[{"name":"wp","href":"https:\/\/api.w.org\/{rel}","templated":true}]}}